{"id":9065,"date":"2022-10-10T13:17:39","date_gmt":"2022-10-10T04:17:39","guid":{"rendered":"https:\/\/gogonihon.com\/var-borde-du-studera-japanska-i-japan\/"},"modified":"2025-08-01T14:51:42","modified_gmt":"2025-08-01T05:51:42","slug":"var-borde-du-studera-japanska-i-japan","status":"publish","type":"page","link":"https:\/\/gogonihon.com\/sv\/var-borde-du-studera-japanska-i-japan\/","title":{"rendered":"Var borde du studera japanska i Japan?"},"content":{"rendered":"\t\t<div data-elementor-type=\"wp-page\" data-elementor-id=\"9065\" class=\"elementor elementor-9065 elementor-6589\" data-elementor-post-type=\"page\">\n\t\t\t\t<div class=\"elementor-element elementor-element-cae35f6 e-flex e-con-boxed e-con e-parent\" data-id=\"cae35f6\" data-element_type=\"container\" data-e-type=\"container\" data-settings=\"{&quot;_ob_glider_is_slider&quot;:&quot;no&quot;}\">\n\t\t\t\t\t<div class=\"e-con-inner\">\n\t\t\t\t<div class=\"elementor-element elementor-element-fc0baf9 elementor-widget__width-initial elementor-widget-mobile__width-inherit elementor-widget elementor-widget-shortcode\" data-id=\"fc0baf9\" data-element_type=\"widget\" data-e-type=\"widget\" data-widget_type=\"shortcode.default\">\n\t\t\t\t<div class=\"elementor-widget-container\">\n\t\t\t\t\t\t\t<div class=\"elementor-shortcode\">\n\t\t<div id=\"interact-604ad619eace8e00179b7e6fc69ddb761ce2d0c158fb0b106afdb070\" style=\"\"><\/div>\n\t\t<script type=\"text\/javascript\">\n\t\t\t(function(){\t\t\t\t\n\t\t\t\twindow.addEventListener(\"load\", function(){\n\t\t\t\t\tvar app_id = \"604ad619eace8e00179b7e6f\";\n\t\t\t\t\tvar ref = \"604ad619eace8e00179b7e6fc69ddb761ce2d0c158fb0b106afdb070\";\n\t\t\t\t\tvar w = \"1100\";\n\t\t\t\t\tvar h = \"800\";\n\t\t\t\t\tvar host = \"quiz.tryinteract.com\";\n\t\t\t\t\tvar no_cover = false;\n\t\t\t\t\tvar mobile = false;\n\t\t\t\t\tvar redirect = \"false\";\n\t\t\t\t\tvar params = { \"ref\": ref, \"appId\": app_id, \"width\": w, \"height\": h, \"async\": true, \"host\": host, \"auto_resize\": true, \"mobile\":  mobile, \"no_cover\": no_cover };\n\t\t\t\t\tif(redirect === \"host\") { \n\t\t\t\t\t\tparams.redirect_host = true;\n\t\t\t\t\t}\n\t\t\t\t\twindow[ref] = new InteractApp(); \n\t\t\t\t\twindow[ref].initialize(params); \n\t\t\t\t\twindow[ref].display(); \n\t\t\t\t});\n\t\t\t})(window);\n\t\t<\/script>\n\t\n<\/div>\n\t\t\t\t\t\t<\/div>\n\t\t\t\t<\/div>\n\t\t\t\t\t<\/div>\n\t\t\t\t<\/div>\n\t\t\t\t<section class=\"elementor-section elementor-top-section elementor-element elementor-element-6251239 elementor-section-boxed elementor-section-height-default elementor-section-height-default\" data-id=\"6251239\" data-element_type=\"section\" data-e-type=\"section\" data-settings=\"{&quot;background_background&quot;:&quot;classic&quot;,&quot;_ob_glider_is_slider&quot;:&quot;no&quot;}\">\n\t\t\t\t\t\t<div class=\"elementor-container elementor-column-gap-no\">\n\t\t\t\t\t<div class=\"elementor-column elementor-col-100 elementor-top-column elementor-element elementor-element-05fa46d\" data-id=\"05fa46d\" data-element_type=\"column\" data-e-type=\"column\">\n\t\t\t<div class=\"elementor-widget-wrap elementor-element-populated\">\n\t\t\t\t\t\t<div class=\"elementor-element elementor-element-ee85492 elementor-widget elementor-widget-heading\" data-id=\"ee85492\" data-element_type=\"widget\" data-e-type=\"widget\" data-widget_type=\"heading.default\">\n\t\t\t\t<div class=\"elementor-widget-container\">\n\t\t\t\t\t<h2 class=\"elementor-heading-title elementor-size-default\">Go! Go! Nihon<\/h2>\t\t\t\t<\/div>\n\t\t\t\t<\/div>\n\t\t\t\t<div class=\"elementor-element elementor-element-6ee62fe elementor-widget elementor-widget-heading\" data-id=\"6ee62fe\" data-element_type=\"widget\" data-e-type=\"widget\" data-widget_type=\"heading.default\">\n\t\t\t\t<div class=\"elementor-widget-container\">\n\t\t\t\t\t<h2 class=\"elementor-heading-title elementor-size-default\">Vill du veta mer om at bo och studera i Japan?<\/h2>\t\t\t\t<\/div>\n\t\t\t\t<\/div>\n\t\t\t\t<div class=\"elementor-element elementor-element-a69c3cb elementor-widget elementor-widget-text-editor\" data-id=\"a69c3cb\" data-element_type=\"widget\" data-e-type=\"widget\" data-widget_type=\"text-editor.default\">\n\t\t\t\t<div class=\"elementor-widget-container\">\n\t\t\t\t\t\t\t\t\t<p>Sedan 2009 har Go! Go! Nihon hj\u00e4lpt \u00f6ver 8000 studenter att komma till Japan. Vi erbjuder gratis support f\u00f6r studentvisum, ans\u00f6kan till spr\u00e5kskola och hj\u00e4lp att hitta boende. V\u00e5rt internationella team kan ge dig de b\u00e4sta r\u00e5den d\u00e5 vi alla har f\u00f6rstahandserfarenhet av att bo och studera i Japan!<\/p>\n\t\t\t\t\t\t\t\t<\/div>\n\t\t\t\t<\/div>\n\t\t\t\t<section class=\"elementor-section elementor-inner-section elementor-element elementor-element-c7861c8 elementor-section-boxed elementor-section-height-default elementor-section-height-default\" data-id=\"c7861c8\" data-element_type=\"section\" data-e-type=\"section\" data-settings=\"{&quot;_ob_glider_is_slider&quot;:&quot;no&quot;}\">\n\t\t\t\t\t\t<div class=\"elementor-container elementor-column-gap-default\">\n\t\t\t\t\t<div class=\"elementor-column elementor-col-33 elementor-inner-column elementor-element elementor-element-6eaca48 webinar-card clickable\" data-id=\"6eaca48\" data-element_type=\"column\" data-e-type=\"column\" data-settings=\"{&quot;background_background&quot;:&quot;classic&quot;}\">\n\t\t\t<div class=\"elementor-widget-wrap elementor-element-populated\">\n\t\t\t\t\t\t<div class=\"elementor-element elementor-element-1b620e3 elementor-view-default elementor-widget elementor-widget-icon\" data-id=\"1b620e3\" data-element_type=\"widget\" data-e-type=\"widget\" data-widget_type=\"icon.default\">\n\t\t\t\t<div class=\"elementor-widget-container\">\n\t\t\t\t\t\t\t<div class=\"elementor-icon-wrapper\">\n\t\t\t<div class=\"elementor-icon\">\n\t\t\t<i aria-hidden=\"true\" class=\"fas fa-info\"><\/i>\t\t\t<\/div>\n\t\t<\/div>\n\t\t\t\t\t\t<\/div>\n\t\t\t\t<\/div>\n\t\t\t\t<div class=\"elementor-element elementor-element-c256725 webinar-title elementor-widget elementor-widget-heading\" data-id=\"c256725\" data-element_type=\"widget\" data-e-type=\"widget\" data-widget_type=\"heading.default\">\n\t\t\t\t<div class=\"elementor-widget-container\">\n\t\t\t\t\t<h5 class=\"elementor-heading-title elementor-size-default\">Senaste informationen<\/h5>\t\t\t\t<\/div>\n\t\t\t\t<\/div>\n\t\t\t\t<div class=\"elementor-element elementor-element-c6e66b0 elementor-widget elementor-widget-text-editor\" data-id=\"c6e66b0\" data-element_type=\"widget\" data-e-type=\"widget\" data-widget_type=\"text-editor.default\">\n\t\t\t\t<div class=\"elementor-widget-container\">\n\t\t\t\t\t\t\t\t\t<p>Vi erbjuder den mest aktuella informationen om Japan, skolor och boendealternativ och migrationsregler, samt fortsatt st\u00f6d f\u00f6r att vara s\u00e4kra p\u00e5 att v\u00e5ra elever har all information de beh\u00f6ver f\u00f6r att g\u00f6ra det b\u00e4sta och s\u00e4kraste valet f\u00f6r dem.<\/p>\n\t\t\t\t\t\t\t\t<\/div>\n\t\t\t\t<\/div>\n\t\t\t\t\t<\/div>\n\t\t<\/div>\n\t\t\t\t<div class=\"elementor-column elementor-col-33 elementor-inner-column elementor-element elementor-element-4000a8f webinar-card clickable\" data-id=\"4000a8f\" data-element_type=\"column\" data-e-type=\"column\" data-settings=\"{&quot;background_background&quot;:&quot;classic&quot;}\">\n\t\t\t<div class=\"elementor-widget-wrap elementor-element-populated\">\n\t\t\t\t\t\t<div class=\"elementor-element elementor-element-8f48ca4 elementor-view-default elementor-widget elementor-widget-icon\" data-id=\"8f48ca4\" data-element_type=\"widget\" data-e-type=\"widget\" data-widget_type=\"icon.default\">\n\t\t\t\t<div class=\"elementor-widget-container\">\n\t\t\t\t\t\t\t<div class=\"elementor-icon-wrapper\">\n\t\t\t<div class=\"elementor-icon\">\n\t\t\t<i aria-hidden=\"true\" class=\"fas fa-language\"><\/i>\t\t\t<\/div>\n\t\t<\/div>\n\t\t\t\t\t\t<\/div>\n\t\t\t\t<\/div>\n\t\t\t\t<div class=\"elementor-element elementor-element-0aaeb7e elementor-widget elementor-widget-heading\" data-id=\"0aaeb7e\" data-element_type=\"widget\" data-e-type=\"widget\" data-widget_type=\"heading.default\">\n\t\t\t\t<div class=\"elementor-widget-container\">\n\t\t\t\t\t<h3 class=\"elementor-heading-title elementor-size-default\">M\u00e5ngspr\u00e5kig support<\/h3>\t\t\t\t<\/div>\n\t\t\t\t<\/div>\n\t\t\t\t<div class=\"elementor-element elementor-element-25e1db2 webinar-link elementor-widget elementor-widget-text-editor\" data-id=\"25e1db2\" data-element_type=\"widget\" data-e-type=\"widget\" data-widget_type=\"text-editor.default\">\n\t\t\t\t<div class=\"elementor-widget-container\">\n\t\t\t\t\t\t\t\t\t<p>V\u00e5rt kompetenta och flerspr\u00e5kiga team finns baserade p\u00e5 plats, i Tokyo. De flesta har varit Go! Go! Nihon-studenter sj\u00e4lva, s\u00e5 de f\u00f6rst\u00e5r vad du g\u00e5r igenom.<\/p>\n\t\t\t\t\t\t\t\t<\/div>\n\t\t\t\t<\/div>\n\t\t\t\t\t<\/div>\n\t\t<\/div>\n\t\t\t\t<div class=\"elementor-column elementor-col-33 elementor-inner-column elementor-element elementor-element-3253219 webinar-card clickable\" data-id=\"3253219\" data-element_type=\"column\" data-e-type=\"column\" data-settings=\"{&quot;background_background&quot;:&quot;classic&quot;}\">\n\t\t\t<div class=\"elementor-widget-wrap elementor-element-populated\">\n\t\t\t\t\t\t<div class=\"elementor-element elementor-element-e6f8574 elementor-view-default elementor-widget elementor-widget-icon\" data-id=\"e6f8574\" data-element_type=\"widget\" data-e-type=\"widget\" data-widget_type=\"icon.default\">\n\t\t\t\t<div class=\"elementor-widget-container\">\n\t\t\t\t\t\t\t<div class=\"elementor-icon-wrapper\">\n\t\t\t<div class=\"elementor-icon\">\n\t\t\t<i aria-hidden=\"true\" class=\"far fa-comments\"><\/i>\t\t\t<\/div>\n\t\t<\/div>\n\t\t\t\t\t\t<\/div>\n\t\t\t\t<\/div>\n\t\t\t\t<div class=\"elementor-element elementor-element-3af6000 elementor-widget elementor-widget-heading\" data-id=\"3af6000\" data-element_type=\"widget\" data-e-type=\"widget\" data-widget_type=\"heading.default\">\n\t\t\t\t<div class=\"elementor-widget-container\">\n\t\t\t\t\t<h3 class=\"elementor-heading-title elementor-size-default\">L\u00e4tt online process<\/h3>\t\t\t\t<\/div>\n\t\t\t\t<\/div>\n\t\t\t\t<div class=\"elementor-element elementor-element-89051d3 elementor-widget elementor-widget-text-editor\" data-id=\"89051d3\" data-element_type=\"widget\" data-e-type=\"widget\" data-widget_type=\"text-editor.default\">\n\t\t\t\t<div class=\"elementor-widget-container\">\n\t\t\t\t\t\t\t\t\t<p>V\u00e5r online-plattform \u00e4r ett enkelt och s\u00e4kert s\u00e4tt att ladda upp dokument, kolla inl\u00e4gg, dela information och st\u00e4lla fr\u00e5gor.<\/p>\n\t\t\t\t\t\t\t\t<\/div>\n\t\t\t\t<\/div>\n\t\t\t\t\t<\/div>\n\t\t<\/div>\n\t\t\t\t\t<\/div>\n\t\t<\/section>\n\t\t\t\t<div class=\"elementor-element elementor-element-4e828a7 elementor-align-center elementor-widget elementor-widget-button\" data-id=\"4e828a7\" data-element_type=\"widget\" data-e-type=\"widget\" data-widget_type=\"button.default\">\n\t\t\t\t<div class=\"elementor-widget-container\">\n\t\t\t\t\t\t\t\t\t<div class=\"elementor-button-wrapper\">\n\t\t\t\t\t<a class=\"elementor-button elementor-button-link elementor-size-sm\" href=\"https:\/\/gogonihon.com\/sv\/kontakta\/\">\n\t\t\t\t\t\t<span class=\"elementor-button-content-wrapper\">\n\t\t\t\t\t\t\t\t\t<span class=\"elementor-button-text\">Kontakta oss <\/span>\n\t\t\t\t\t<\/span>\n\t\t\t\t\t<\/a>\n\t\t\t\t<\/div>\n\t\t\t\t\t\t\t\t<\/div>\n\t\t\t\t<\/div>\n\t\t\t\t\t<\/div>\n\t\t<\/div>\n\t\t\t\t\t<\/div>\n\t\t<\/section>\n\t\t\t\t<\/div>\n\t\t","protected":false},"excerpt":{"rendered":"<p>Go! Go! Nihon Vill du veta mer om at bo och studera i Japan? Sedan 2009 har Go! Go! Nihon hj\u00e4lpt \u00f6ver 8000 studenter att komma till Japan. Vi erbjuder gratis support f\u00f6r studentvisum, ans\u00f6kan till spr\u00e5kskola och hj\u00e4lp att hitta boende. V\u00e5rt internationella team kan ge dig de b\u00e4sta r\u00e5den d\u00e5 vi alla har [&hellip;]<\/p>\n","protected":false},"author":6,"featured_media":0,"parent":0,"menu_order":0,"comment_status":"closed","ping_status":"closed","template":"","meta":{"footnotes":""},"class_list":["post-9065","page","type-page","status-publish","hentry"],"_links":{"self":[{"href":"https:\/\/gogonihon.com\/sv\/wp-json\/wp\/v2\/pages\/9065","targetHints":{"allow":["GET"]}}],"collection":[{"href":"https:\/\/gogonihon.com\/sv\/wp-json\/wp\/v2\/pages"}],"about":[{"href":"https:\/\/gogonihon.com\/sv\/wp-json\/wp\/v2\/types\/page"}],"author":[{"embeddable":true,"href":"https:\/\/gogonihon.com\/sv\/wp-json\/wp\/v2\/users\/6"}],"replies":[{"embeddable":true,"href":"https:\/\/gogonihon.com\/sv\/wp-json\/wp\/v2\/comments?post=9065"}],"version-history":[{"count":10,"href":"https:\/\/gogonihon.com\/sv\/wp-json\/wp\/v2\/pages\/9065\/revisions"}],"predecessor-version":[{"id":186380,"href":"https:\/\/gogonihon.com\/sv\/wp-json\/wp\/v2\/pages\/9065\/revisions\/186380"}],"wp:attachment":[{"href":"https:\/\/gogonihon.com\/sv\/wp-json\/wp\/v2\/media?parent=9065"}],"curies":[{"name":"wp","href":"https:\/\/api.w.org\/{rel}","templated":true}]}}