{"id":191851,"date":"2025-09-08T10:17:11","date_gmt":"2025-09-08T01:17:11","guid":{"rendered":"https:\/\/gogonihon.com\/forsakring-japan\/"},"modified":"2025-09-08T10:17:12","modified_gmt":"2025-09-08T01:17:12","slug":"forsakring-japan","status":"publish","type":"page","link":"https:\/\/gogonihon.com\/sv\/forsakring-japan\/","title":{"rendered":"F\u00f6rs\u00e4kring &#8211; Japan"},"content":{"rendered":"\t\t<div data-elementor-type=\"wp-page\" data-elementor-id=\"191851\" class=\"elementor elementor-191851 elementor-133601\" data-elementor-post-type=\"page\">\n\t\t\t\t\t\t<section class=\"elementor-section elementor-top-section elementor-element elementor-element-c2eb77a elementor-section-boxed elementor-section-height-default elementor-section-height-default\" data-id=\"c2eb77a\" data-element_type=\"section\" data-e-type=\"section\" data-settings=\"{&quot;_ob_glider_is_slider&quot;:&quot;no&quot;}\">\n\t\t\t\t\t\t<div class=\"elementor-container elementor-column-gap-default\">\n\t\t\t\t\t<div class=\"elementor-column elementor-col-100 elementor-top-column elementor-element elementor-element-6a1b72a\" data-id=\"6a1b72a\" data-element_type=\"column\" data-e-type=\"column\">\n\t\t\t<div class=\"elementor-widget-wrap elementor-element-populated\">\n\t\t\t\t\t\t<div class=\"elementor-element elementor-element-f5028ab elementor-widget elementor-widget-heading\" data-id=\"f5028ab\" data-element_type=\"widget\" data-e-type=\"widget\" data-widget_type=\"heading.default\">\n\t\t\t\t<div class=\"elementor-widget-container\">\n\t\t\t\t\t<h1 class=\"elementor-heading-title elementor-size-default\">F\u00f6rs\u00e4kring - Japan<\/h1>\t\t\t\t<\/div>\n\t\t\t\t<\/div>\n\t\t\t\t<div class=\"elementor-element elementor-element-24f918b elementor-widget elementor-widget-text-editor\" data-id=\"24f918b\" data-element_type=\"widget\" data-e-type=\"widget\" data-widget_type=\"text-editor.default\">\n\t\t\t\t<div class=\"elementor-widget-container\">\n\t\t\t\t\t\t\t\t\t<p>Vi anv\u00e4nder Envisage Global Insurance f\u00f6r att f\u00f6rs\u00e4kra v\u00e5ra studenter under deras studieresa. Alla detaljer nedan h\u00e4nvisar till Envisage och Tokio Marine HCC-policyn. F\u00f6rs\u00e4kringen t\u00e4cker fr\u00e5n dagen innan kursen s\u00e4tter ig\u00e5ng till och med dagen efter att kursen slutar. Studenter har m\u00f6jlighet att f\u00f6rl\u00e4nga f\u00f6rs\u00e4kringen mot en extra avgift. Observera att detta skydd inte \u00e4r tillg\u00e4ngligt f\u00f6r studenter \u00f6ver 50 \u00e5r. F\u00f6rs\u00e4kringsuppgifter kommer att skickas till studenterna innan de anl\u00e4nder till Japan. Om du \u00e4r os\u00e4ker p\u00e5 n\u00e5gon av detaljerna, v\u00e4nligen kontakta oss.<\/p>\n<p>F\u00f6r ers\u00e4ttningskrav och eventuella fr\u00e5gor om f\u00f6rs\u00e4kringen beh\u00f6ver studenterna p\u00e5 egenhand kontakta f\u00f6rs\u00e4kringsbolaget.<\/p>\n\t\t\t\t\t\t\t\t<\/div>\n\t\t\t\t<\/div>\n\t\t\t\t<div class=\"elementor-element elementor-element-c87a364 elementor-widget elementor-widget-heading\" data-id=\"c87a364\" data-element_type=\"widget\" data-e-type=\"widget\" data-widget_type=\"heading.default\">\n\t\t\t\t<div class=\"elementor-widget-container\">\n\t\t\t\t\t<h2 class=\"elementor-heading-title elementor-size-default\">SJUKF\u00d6RS\u00c4KRINGENS OMFATTNING<\/h2>\t\t\t\t<\/div>\n\t\t\t\t<\/div>\n\t\t<div class=\"elementor-element elementor-element-986c842 e-grid e-con-boxed e-con e-parent\" data-id=\"986c842\" data-element_type=\"container\" data-e-type=\"container\" data-settings=\"{&quot;_ob_glider_is_slider&quot;:&quot;no&quot;}\">\n\t\t\t\t\t<div class=\"e-con-inner\">\n\t\t\t\t<div class=\"elementor-element elementor-element-eb2e4f9 elementor-widget elementor-widget-text-editor\" data-id=\"eb2e4f9\" data-element_type=\"widget\" data-e-type=\"widget\" data-widget_type=\"text-editor.default\">\n\t\t\t\t<div class=\"elementor-widget-container\">\n\t\t\t\t\t\t\t\t\t<table>\r\n<tbody>\r\n<tr style=\"height: 52px;\">\r\n<td style=\"width: 701.914px; height: 52px;\">\r\n<div class=\"layoutArea\">\r\n<div class=\"column\">\r\n\r\nTotal maxgr\u00e4ns och maxgr\u00e4ns per skada\/sjukdom\r\n\r\n<\/div>\r\n<\/div><\/td>\r\n<td style=\"width: 532.086px; height: 52px;\">\r\n<div class=\"layoutArea\">\r\n<div class=\"column\">\r\n\r\n3 000 000 USD\r\n\r\n<\/div>\r\n<\/div><\/td>\r\n<\/tr>\r\n<tr style=\"height: 52px;\">\r\n<td style=\"width: 701.914px; height: 52px;\">\r\n<div class=\"layoutArea\">\r\n<div class=\"column\">\r\n\r\nSj\u00e4lvrisk\r\n\r\n<\/div>\r\n<\/div><\/td>\r\n<td style=\"width: 532.086px; height: 52px;\">\r\n<div class=\"layoutArea\">\r\n<div class=\"column\">0 USD per certifikatperiod<\/div>\r\n<\/div><\/td>\r\n<\/tr>\r\n<tr style=\"height: 72px;\">\r\n<td style=\"width: 701.914px; height: 73px;\">\r\n<div class=\"layoutArea\">\r\n<div class=\"column\">\r\n\r\nMedf\u00f6rs\u00e4kring\r\n\r\n<\/div>\r\n<\/div><\/td>\r\n<td style=\"width: 532.086px; height: 73px;\">\r\n<div class=\"layoutArea\">\r\n<div class=\"column\">Vi betalar 100 % av kostnaderna efter sj\u00e4lvrisken upp till det totala maxbeloppet.<\/div>\r\n<\/div><\/td>\r\n<\/tr>\r\n<tr style=\"height: 52px;\">\r\n<td style=\"width: 701.914px; height: 52px;\">\r\n<div class=\"layoutArea\">\r\n<div class=\"column\">\r\n\r\nSjukhusv\u00e5rd\r\n\r\n<\/div>\r\n<\/div><\/td>\r\n<td style=\"width: 532.086px; height: 52px;\">\r\n<div class=\"layoutArea\">\r\n<div class=\"column\">Genomsnittligt pris f\u00f6r halvprivat rum, inklusive omv\u00e5rdnad.<\/div>\r\n<\/div><\/td>\r\n<\/tr>\r\n<tr style=\"height: 52px;\">\r\n<td style=\"width: 701.914px; height: 52px;\">\r\n<div class=\"layoutArea\">\r\n<div class=\"column\">\r\n\r\nIntensivv\u00e5rd\r\n\r\n<\/div>\r\n<\/div><\/td>\r\n<td style=\"width: 532.086px; height: 52px;\">\r\n<div class=\"layoutArea\">\r\n<div class=\"column\">Upp till det totala maxbeloppet.<\/div>\r\n<\/div><\/td>\r\n<\/tr>\r\n<tr style=\"height: 96px;\">\r\n<td style=\"width: 701.914px; height: 96px;\">\r\n<div class=\"layoutArea\">\r\n<div class=\"column\">\r\n\r\nLokalambulans\r\n\r\n<\/div>\r\n<\/div><\/td>\r\n<td style=\"width: 532.086px; height: 96px;\">\r\n<div class=\"layoutArea\">\r\n<div class=\"column\">Sedvanliga avgifter f\u00f6r sjukdom eller skada. Sjukdomen m\u00e5ste leda till sjukhusvistelse som slutenv\u00e5rd.<\/div>\r\n<\/div><\/td>\r\n<\/tr>\r\n<tr style=\"height: 52px;\">\r\n<td style=\"width: 701.914px; height: 52px;\">\r\n<div class=\"layoutArea\">\r\n<div class=\"column\">\r\n\r\nSjukgymnastik och kiropraktik i \u00f6ppenv\u00e5rd\r\n\r\n<\/div>\r\n<\/div><\/td>\r\n<td style=\"width: 532.086px; height: 52px;\">\r\n<div class=\"layoutArea\">\r\n<div class=\"column\">Upp till 50 USD per dag som mest. M\u00e5ste best\u00e4llas i f\u00f6rv\u00e4g av en l\u00e4kare. Maximalt 1 500 USD per intyg \u2013 omfattas inte av medf\u00f6rs\u00e4kring.<\/div>\r\n<\/div><\/td>\r\n<\/tr>\r\n\r\n<tr style=\"height: 76px;\">\r\n<td style=\"width: 701.914px; height: 76px;\">\r\n<div class=\"layoutArea\">\r\n<div class=\"column\">\r\n\r\nTandv\u00e5rd till f\u00f6ljd av olycka\r\n\r\n<\/div>\r\n<\/div><\/td>\r\n<td style=\"width: 532.086px; height: 76px;\">\r\n<div class=\"layoutArea\">\r\n<div class=\"column\">Upp till 500 USD<\/div>\r\n<\/div><\/td>\r\n<\/tr>\r\n\r\n<tr style=\"height: 76px;\">\r\n<td style=\"width: 701.914px; height: 76px;\">\r\n<div class=\"layoutArea\">\r\n<div class=\"column\">\r\n\r\nAkut tandv\u00e5rd (pl\u00f6tsligt uppkommen sm\u00e4rta)\r\n\r\n<\/div>\r\n<\/div><\/td>\r\n<td style=\"width: 532.086px; height: 76px;\">\r\n<div class=\"layoutArea\">\r\n<div class=\"column\">200 USD<\/div>\r\n<\/div><\/td>\r\n<\/tr>\r\n\r\n<tr style=\"height: 76px;\">\r\n<td style=\"width: 701.914px; height: 76px;\">\r\n<div class=\"layoutArea\">\r\n<div class=\"column\">\r\n\r\nSportskydd\r\n\r\n<\/div>\r\n<\/div><\/td>\r\n<td style=\"width: 532.086px; height: 76px;\">\r\n<div class=\"layoutArea\">\r\n<div class=\"column\">Vanliga, rimliga och sedvanliga avgifter (icke-kontakt och icke-organiserade\/icke-sanktionerade amat\u00f6rsporter eller idrottsaktiviteter som inte p\u00e5 annat s\u00e4tt \u00e4r undantagna h\u00e4r, och som du ut\u00f6var enbart f\u00f6r fritid, rekreation, underh\u00e5llning eller tr\u00e4ningssyfte)<\/div>\r\n<\/div><\/td>\r\n<\/tr>\r\n<tr style=\"height: 76px;\">\r\n<td style=\"width: 701.914px; height: 76px;\">\r\n<div class=\"layoutArea\">\r\n<div class=\"column\">\r\n\r\nPsykisk oh\u00e4lsa\r\n\r\n<\/div>\r\n<\/div><\/td>\r\n<td style=\"width: 532.086px; height: 76px;\">\r\n<div class=\"layoutArea\">\r\n<div class=\"column\">\u00d6ppenv\u00e5rd: Upp till 50 USD per bes\u00f6k \/ 500 USD per intyg.<br\/>\r\nSlutenv\u00e5rd: Upp till 20 000 USD<\/div>\r\n<\/div><\/td>\r\n<\/tr>\r\n\r\n<tr style=\"height: 52px;\">\r\n<td style=\"width: 701.914px; height: 52px;\">\r\n<div class=\"layoutArea\">\r\n<div class=\"column\">\r\n\r\nAlla andra ers\u00e4ttningsber\u00e4ttigande sjukv\u00e5rdskostnader\r\n\r\n<\/div>\r\n<\/div><\/td>\r\n<td style=\"width: 532.086px; height: 52px;\">\r\n<div class=\"layoutArea\">\r\n<div class=\"column\">Upp till det totala maxbeloppet.<\/div>\r\n<\/div><\/td>\r\n<\/tr>\r\n\r\n\r\n<tr style=\"height: 72px;\">\r\n<td style=\"width: 701.914px; height: 72px;\">Evakuering p\u00e5 grund av akut medicinskt tillst\u00e5nd<br\/>\r\n\u2022 Inte f\u00f6rem\u00e5l f\u00f6r sj\u00e4lvrisk eller total maxgr\u00e4ns<\/td>\r\n<td style=\"width: 532.086px; height: 72px;\">Upp till 50 000 USD som livstidsmaximum.<\/td>\r\n<\/tr>\r\n\r\n\r\n\r\n<tr style=\"height: 24px;\">\r\n<td style=\"width: 701.914px; height: 24px;\">Hemtransport av kvarlevor<br\/>\r\n\u2022 Inte f\u00f6rem\u00e5l f\u00f6r sj\u00e4lvrisk eller medf\u00f6rs\u00e4kring \u2022 Denna gr\u00e4ns g\u00e4ller endast f\u00f6r denna f\u00f6rm\u00e5n och ing\u00e5r inte i eller \u00e4r f\u00f6rem\u00e5l f\u00f6r den \u00f6vergripande maximigr\u00e4nsen<\/td>\r\n<td style=\"width: 532.086px; height: 24px;\">Upp till 25 000 USD som livstidsmaximum.<\/td>\r\n<\/tr>\r\n\r\n<tr style=\"height: 48px;\">\r\n<td style=\"width: 701.914px; height: 48px;\">\u00c5terf\u00f6rening i n\u00f6dfall<br\/>\r\n\u2022 Omfattas inte av sj\u00e4lvrisk eller medf\u00f6rs\u00e4kring<\/td>\r\n<td style=\"width: 532.086px; height: 48px;\">Upp till 1 000 USD, med h\u00f6gst 15 dagar, efter en t\u00e4ckt livshotande kroppsskada eller livshotande sjukdom som leder till inl\u00e4ggning p\u00e5 sjukhusets intensivv\u00e5rdsavdelning.<\/td>\r\n<\/tr>\r\n\r\n\r\n\r\n<tr style=\"height: 24px;\">\r\n<td style=\"width: 701.914px; height: 24px;\">Avbrott i resa *<\/td>\r\n<td style=\"width: 532.086px; height: 24px;\">Upp till 1500 USD<\/td>\r\n<\/tr>\r\n\r\n\r\n<tr style=\"height: 24px;\">\r\n<td style=\"width: 701.914px; height: 24px;\">F\u00f6rlorat incheckat bagage *<br\/>\r\nOmfattas inte av sj\u00e4lvrisk<\/td>\r\n<td style=\"width: 532.086px; height: 24px;\">Upp till 250 USD<\/td>\r\n<\/tr>\r\n\r\n\r\n<tr style=\"height: 240px;\">\r\n<td style=\"width: 701.914px; height: 240px;\">Olycksfallsd\u00f6d &#038; invaliditet<br\/>\r\n(Utesluter f\u00f6rlust till f\u00f6ljd av olycka med allm\u00e4nt transportmedel)<br\/>\r\n\u2022 Omfattas inte av sj\u00e4lvrisk, medf\u00f6rs\u00e4kring eller \u00f6vergripande maxgr\u00e4ns<\/td>\r\n<td style=\"width: 532.086px; height: 240px;\">\u00c5lder 18 \u00e5r och \u00e4ldre: Livstidsmaximum \u2013 10 000 \\$<br\/>\r\nUnder 18 \u00e5r: Livstidsmaximum \u2013 5 000 \\$<\/td>\r\n<\/tr>\r\n\r\n\r\n\r\n<tr style=\"height: 148px;\">\r\n<td style=\"width: 701.914px; height: 148px;\">Personligt ansvar **Personligt ansvar<br\/>\r\n\u2022 Omfattas inte av sj\u00e4lvrisk, medf\u00f6rs\u00e4kring eller \u00f6vergripande maxgr\u00e4ns<\/td>\r\n<td style=\"width: 532.086px; height: 148px;\">\r\n<div class=\"layoutArea\">\r\n<div class=\"column\">\r\nLivstidsmaximum \u2013 100 000 USD<br\/>\r\nTredje parts personskada \u2013 Upp till 100 000 USD<br\/>\r\nTredje parts egendomsskada \u2013 Upp till 100 000 USD<br\/>\r\nRelaterad tredje parts egendomsskada \u2013 Upp till 2 500 USD\r\n<\/div>\r\n<\/div><\/td>\r\n<\/tr>\r\n<\/tbody>\r\n<\/table>\t\t\t\t\t\t\t\t<\/div>\n\t\t\t\t<\/div>\n\t\t\t\t\t<\/div>\n\t\t\t\t<\/div>\n\t\t\t\t<div class=\"elementor-element elementor-element-e45c875 elementor-widget elementor-widget-text-editor\" data-id=\"e45c875\" data-element_type=\"widget\" data-e-type=\"widget\" data-widget_type=\"text-editor.default\">\n\t\t\t\t<div class=\"elementor-widget-container\">\n\t\t\t\t\t\t\t\t\t<p><b>Undantag<\/b><\/p>\n<p><\/p>\n<ol>\n<li>Redan existerande tillst\u00e5nd<\/li>\n<li>F\u00f6delsedefekter och medf\u00f6dda sjukdomar. Anses omfatta \u00e4rftliga tillst\u00e5nd.<\/li>\n<li>Graviditet med undantag f\u00f6r vad som omfattas av Komplikationer vid graviditet, enligt definitionen h\u00e4r, alla<br \/>\n        kostnader i samband med graviditet efter den 26:e graviditetsveckan, rutinm\u00e4ssig prenatal v\u00e5rd, f\u00f6rlossning,<br \/>\n        postnatal v\u00e5rd och kostnader f\u00f6r ett barn under 14 dagars \u00e5lder.<\/li>\n<li>Avbrytande av graviditet<\/li>\n<li>Impotens eller sexuell dysfunktion.<\/li>\n<li>Alla sexuellt \u00f6verf\u00f6rbara sjukdomar och tillst\u00e5nd, med undantag f\u00f6r diagnostiska tester som \u00e4r relaterade till<br \/>\n        en t\u00e4ckt skada eller sjukdom.<\/li>\n<li>HIV, AIDS eller ARC, och alla sjukdomar som orsakas av och\/eller \u00e4r relaterade till HIV.<\/li>\n<li>Alla former av cancer\/neoplasi.<\/li>\n<li>Missbruk eller beroende av substanser eller tillst\u00e5nd som kan h\u00e4nf\u00f6ras till missbruk och direkta konsekvenser<br \/>\n        det kan medf\u00f6ra. <\/li>\n<li>Acne, f\u00f6delsem\u00e4rken, hudflikar, sjukdomar i talgk\u00f6rtlar, seborr\u00e9, talgcystor, hypertrofiska och atrofiska<br \/>\n        hudtillst\u00e5nd, nevus.<\/li>\n<li>S\u00f6mnapn\u00e9 eller andra s\u00f6mnst\u00f6rningar.<\/li>\n<li>Viktf\u00f6r\u00e4ndring inklusive men inte begr\u00e4nsat till tandst\u00e4llning och alla former av intestinal bypass-kirurgi.\n    <\/li>\n<li>Avsiktligt sj\u00e4lvf\u00f6rv\u00e5llad skada eller sjukdom och\/eller sj\u00e4lvmord eller f\u00f6rs\u00f6k till sj\u00e4lvmord, oavsett om det \u00e4r<br \/>\n        tillr\u00e4kneligt eller inte.<\/li>\n<li>Skada som helt eller delvis beror p\u00e5 effekterna av berusning eller droger, med undantag f\u00f6r droger som tas i<br \/>\n        enlighet med behandling som ordinerats av en l\u00e4kare och med undantag f\u00f6r droger som ordinerats f\u00f6r behandling av<br \/>\n        substansmissbruk.<\/li>\n<li>Skada som uppkommit vid anv\u00e4ndning av motordrivet fordon, flygplan eller vattenskoter, oavsett om den \u00e4r<br \/>\n        registrerad eller inte, under p\u00e5verkan av alkohol enligt definitionen i lagen i den jurisdiktion d\u00e4r skadan<br \/>\n        intr\u00e4ffar eller med en alkoholhalt p\u00e5 0,08 i blodet (BAC).<\/li>\n<li>Rutinm\u00e4ssiga medicinska unders\u00f6kningar, inklusive men inte begr\u00e4nsat till vaccinationer, immuniseringar, \u00e5rliga<br \/>\n        kontroller, utf\u00e4rdande av l\u00e4karintyg och intyg samt unders\u00f6kningar av l\u00e4mpligheten f\u00f6r anst\u00e4llning eller resa.\n    <\/li>\n<li>Tandv\u00e5rd och behandling av k\u00e4kleden, med undantag f\u00f6r akut tandv\u00e5rd som \u00e4r n\u00f6dv\u00e4ndig f\u00f6r att ers\u00e4tta friska<br \/>\n        naturliga t\u00e4nder som f\u00f6rlorats eller skadats i ett olycksfall som omfattas av f\u00f6rs\u00e4kringen eller f\u00f6r akut<br \/>\n        lindring av akut sm\u00e4rta.<\/li>\n<li>Fr\u00e4mjande eller f\u00f6rhindrande av befruktning, inklusive men inte begr\u00e4nsat till: artificiell insemination,<br \/>\n        behandling av infertilitet, sterilisering eller upph\u00e4vande av sterilisering.<\/li>\n<li>Organ- eller v\u00e4vnadstransplantationer eller relaterade tj\u00e4nster.<\/li>\n<li>\u00d6gonkirurgi, t.ex. korrigerande refrakt\u00e4r kirurgi, n\u00e4r det prim\u00e4ra syftet \u00e4r att korrigera n\u00e4rsynthet,<br \/>\n        \u00f6versynthet eller astigmatism.<\/li>\n<li>Korrigerande hj\u00e4lpmedel och medicinska apparater, inklusive glas\u00f6gon, kontaktlinser, h\u00f6rapparater,<br \/>\n        h\u00f6rselimplantat, \u00f6gonbrytning, synterapi samt alla unders\u00f6kningar eller utprovningar relaterade till dessa<br \/>\n        hj\u00e4lpmedel, tandproteser eller tandapparatur, samt alla syn- och h\u00f6rseltester och unders\u00f6kningar.<\/li>\n<li>Ortoptik och syntr\u00e4ning.<\/li>\n<li>Ortopediska skor, ortopediska receptbelagda hj\u00e4lpmedel f\u00f6r att f\u00e4stas p\u00e5 eller placeras i skor, behandling av<br \/>\n        svaga, anstr\u00e4ngda, platta, instabila eller obalanserade f\u00f6tter, metatarsalgi eller kn\u00f6lar, och behandling av<br \/>\n        liktornar, f\u00f6rh\u00e5rdnader eller t\u00e5naglar.<\/li>\n<li>H\u00e5ravfall, inklusive peruker, h\u00e5rtransplantationer eller l\u00e4kemedel som utlovar h\u00e5rv\u00e4xt, oavsett om de \u00e4r<br \/>\n        f\u00f6rskrivna eller inte.<\/li>\n<li>Tal-, yrkes-, arbets-, biofeedback-, akupunktur-, rekreations-, s\u00f6mn- eller musikterapi, holistisk v\u00e5rd av alla<br \/>\n        slag, massage och kinesioterapi.<\/li>\n<li>Psykometriska tester, intelligens-, kompetens-, beteende- och utbildningstester.<\/li>\n<li>Kosmetiska eller estetiska sk\u00e4l med undantag f\u00f6r rekonstruktiv kirurgi n\u00e4r s\u00e5dan kirurgi \u00e4r direkt relaterad<br \/>\n        till och f\u00f6ljer p\u00e5 en operation som omfattades av f\u00f6rs\u00e4kringen.<\/li>\n<li>F\u00f6r\u00e4ndringar av den fysiska kroppen som \u00e4r avsedda att f\u00f6rb\u00e4ttra det psykologiska, mentala eller k\u00e4nslom\u00e4ssiga<br \/>\n        v\u00e4lbefinnandet, inklusive men inte begr\u00e4nsat till k\u00f6nsbytesoperationer.<\/li>\n<li>Tr\u00e4ningsprogram, oavsett om de f\u00f6reskrivits eller rekommenderats av en l\u00e4kare eller inte.<\/li>\n<li>Uppst\u00e5r till f\u00f6ljd av exponering f\u00f6r icke-medicinsk nukle\u00e4r str\u00e5lning och\/eller radioaktiva material.<\/li>\n<li>Kryokonservering och implantation eller \u00e5terimplantation av levande celler.<\/li>\n<li>Genetisk eller prediktiv testning.<\/li>\n<li>Unders\u00f6kning, experiment eller f\u00f6r forsknings\u00e4ndam\u00e5l.<\/li>\n<li>N\u00e4r du \u00e4r intagen huvudsakligen f\u00f6r att f\u00e5 v\u00e5rd, utbildning eller rehabiliterande v\u00e5rd eller n\u00e5gon medicinsk<br \/>\n        behandling p\u00e5 en inr\u00e4ttning f\u00f6r v\u00e5rd av \u00e4ldre, utom rehabiliterande v\u00e5rd som erh\u00e5llits efter direkt \u00f6verf\u00f6ring<br \/>\n        fr\u00e5n ett akutsjukhus.<\/li>\n<li>Inte medicinskt n\u00f6dv\u00e4ndigt.<\/li>\n<li>Inte administreras av eller under \u00f6verinseende av l\u00e4kare, och produkter som kan k\u00f6pas utan l\u00e4kares ordination.\n    <\/li>\n<li>Tillhandah\u00e5lls av en sl\u00e4kting, familjemedlem eller annan person som vanligtvis bor tillsammans med dig.<\/li>\n<li>Tillhandah\u00e5lls utan kostnad f\u00f6r dig.<\/li>\n<li>Uteblivande fr\u00e5n bokade m\u00f6ten.<\/li>\n<li>Betalbar enligt alla statliga system, inklusive det australiensiska Medicare-systemet.<\/li>\n<li>Avgifter som \u00f6verstiger vad som \u00e4r normalt och sedvanligt.<\/li>\n<li>Kostnader som uppst\u00e5r till f\u00f6ljd av eller intr\u00e4ffar under en lag\u00f6vertr\u00e4delse, inklusive, men inte begr\u00e4nsat<br \/>\n        till, ut\u00f6vande av en olaglig syssels\u00e4ttning eller handling, men exklusive mindre trafikf\u00f6rseelser.<\/li>\n<li>Alla sjukdomar eller skador som uppst\u00e5r till f\u00f6ljd av epidemier, pandemier, folkh\u00e4lsokriser, naturkatastrofer<br \/>\n        eller andra sjukdomsutbrott som kan p\u00e5verka en persons h\u00e4lsa, n\u00e4r n\u00e5got av f\u00f6ljande hade utf\u00e4rdats f\u00f6re ditt<br \/>\n        startdatum f\u00f6r f\u00f6rs\u00e4kringen:<\/p>\n<ul>\n<li>a. United States Centers for Disease Control &#038; Prevention (CDC) hade utf\u00e4rdat en varning\/alert niv\u00e5 3<br \/>\n                eller h\u00f6gre f\u00f6r en plats eller destination, inklusive allm\u00e4nna transportmedel.<\/li>\n<li>b. United States Centers for Disease Control &#038; Prevention hade utf\u00e4rdat en global eller v\u00e4rldsomfattande<br \/>\n                varning\/alert niv\u00e5 3 eller h\u00f6gre. Detta undantag g\u00e4ller n\u00e4r 1) n\u00e5got av ovanst\u00e5ende var i kraft inom 6<br \/>\n                m\u00e5nader omedelbart f\u00f6re ditt startdatum eller 2) inom 10 dagar efter att varningen\/alerten utf\u00e4rdades<br \/>\n                och du inte har l\u00e4mnat landet eller platsen. Detta undantag g\u00e4ller inte kostnader som uppst\u00e5r till f\u00f6ljd<br \/>\n                av COVID-19\/SARS-CoV-2.<\/li>\n<\/ul>\n<\/li>\n<li>Krig, milit\u00e4ra insatser eller under tj\u00e4nstg\u00f6ring som medlem av en polis- eller milit\u00e4rstyrka.<\/li>\n<li>Resor eller boende, f\u00f6rutom enligt best\u00e4mmelserna i avsnitten om lokal ambulans, akut medicinsk evakuering, hemtransport av kvarlevor och akut \u00e5terf\u00f6rening i denna f\u00f6rs\u00e4kring.<\/li>\n<li>Intr\u00e4ffar utanf\u00f6r din certifikatsperiod.<\/li>\n<li>S\u00e4nds till oss f\u00f6r betalning mer \u00e4n 60 dagar efter den sista dagen i certifikatperioden.<\/li>\n<li>N\u00e4r avresan fr\u00e5n hemlandet sker f\u00f6r att f\u00e5 behandling i destinationslandet\/-destinationsl\u00e4nderna.<\/li>\n<li>Komplikationer eller konsekvenser av en behandling eller ett tillst\u00e5nd som inte omfattas av denna f\u00f6rs\u00e4kring.<\/li>\n<li>Ing\u00e5r inte i de ers\u00e4ttningsber\u00e4ttigande kostnader som beskrivs h\u00e4r.<\/li>\n<\/ol>\n<p><\/p>\n<p><b>Observera: denna sida \u00e4r en konsoliderad sammanfattning av planens f\u00f6rm\u00e5ner, det officiella f\u00f6rs\u00e4kringsbrevet finns tillg\u00e4ngligt i studentzonen n\u00e4r du blir deltagare i programmet, och kommer att vara det \u00f6verordnade dokumentet f\u00f6r skadereglering. Vid eventuella avvikelser mellan denna sida och f\u00f6rs\u00e4kringsbrevet kommer f\u00f6rs\u00e4kringsbrevet att ha f\u00f6retr\u00e4de framf\u00f6r denna sida.<\/b><\/p>\n\t\t\t\t\t\t\t\t<\/div>\n\t\t\t\t<\/div>\n\t\t\t\t\t<\/div>\n\t\t<\/div>\n\t\t\t\t\t<\/div>\n\t\t<\/section>\n\t\t\t\t<\/div>\n\t\t","protected":false},"excerpt":{"rendered":"<p>F\u00f6rs\u00e4kring &#8211; Japan Vi anv\u00e4nder Envisage Global Insurance f\u00f6r att f\u00f6rs\u00e4kra v\u00e5ra studenter under deras studieresa. Alla detaljer nedan h\u00e4nvisar till Envisage och Tokio Marine HCC-policyn. F\u00f6rs\u00e4kringen t\u00e4cker fr\u00e5n dagen innan kursen s\u00e4tter ig\u00e5ng till och med dagen efter att kursen slutar. Studenter har m\u00f6jlighet att f\u00f6rl\u00e4nga f\u00f6rs\u00e4kringen mot en extra avgift. Observera att detta [&hellip;]<\/p>\n","protected":false},"author":13,"featured_media":0,"parent":0,"menu_order":0,"comment_status":"closed","ping_status":"closed","template":"","meta":{"footnotes":""},"class_list":["post-191851","page","type-page","status-publish","hentry"],"_links":{"self":[{"href":"https:\/\/gogonihon.com\/sv\/wp-json\/wp\/v2\/pages\/191851","targetHints":{"allow":["GET"]}}],"collection":[{"href":"https:\/\/gogonihon.com\/sv\/wp-json\/wp\/v2\/pages"}],"about":[{"href":"https:\/\/gogonihon.com\/sv\/wp-json\/wp\/v2\/types\/page"}],"author":[{"embeddable":true,"href":"https:\/\/gogonihon.com\/sv\/wp-json\/wp\/v2\/users\/13"}],"replies":[{"embeddable":true,"href":"https:\/\/gogonihon.com\/sv\/wp-json\/wp\/v2\/comments?post=191851"}],"version-history":[{"count":1,"href":"https:\/\/gogonihon.com\/sv\/wp-json\/wp\/v2\/pages\/191851\/revisions"}],"predecessor-version":[{"id":191852,"href":"https:\/\/gogonihon.com\/sv\/wp-json\/wp\/v2\/pages\/191851\/revisions\/191852"}],"wp:attachment":[{"href":"https:\/\/gogonihon.com\/sv\/wp-json\/wp\/v2\/media?parent=191851"}],"curies":[{"name":"wp","href":"https:\/\/api.w.org\/{rel}","templated":true}]}}