{"id":189900,"date":"2025-08-27T13:46:24","date_gmt":"2025-08-27T04:46:24","guid":{"rendered":"https:\/\/gogonihon.com\/studenternas-framgangshistorier\/"},"modified":"2025-08-27T13:46:24","modified_gmt":"2025-08-27T04:46:24","slug":"studenternas-framgangshistorier","status":"publish","type":"page","link":"https:\/\/gogonihon.com\/sv\/studenternas-framgangshistorier\/","title":{"rendered":"Studenternas framg\u00e5ngshistorier"},"content":{"rendered":"\t\t<div data-elementor-type=\"wp-page\" data-elementor-id=\"189900\" class=\"elementor elementor-189900 elementor-179010\" data-elementor-post-type=\"page\">\n\t\t\t\t<section class=\"elementor-element elementor-element-62addc8 e-flex e-con-boxed e-con e-parent\" data-id=\"62addc8\" data-element_type=\"container\" data-e-type=\"container\" data-settings=\"{&quot;_ob_glider_is_slider&quot;:&quot;no&quot;}\">\n\t\t\t\t\t<div class=\"e-con-inner\">\n\t\t<div class=\"elementor-element elementor-element-eaaf1fc e-con-full e-flex e-con e-child\" data-id=\"eaaf1fc\" data-element_type=\"container\" data-e-type=\"container\" data-settings=\"{&quot;_ob_glider_is_slider&quot;:&quot;no&quot;}\">\n\t\t<div class=\"elementor-element elementor-element-242a70e e-con-full e-flex e-con e-child\" data-id=\"242a70e\" data-element_type=\"container\" data-e-type=\"container\" data-settings=\"{&quot;_ob_glider_is_slider&quot;:&quot;no&quot;}\">\n\t\t\t\t<div class=\"elementor-element elementor-element-5f628ca elementor-laptop-align-left elementor-widget elementor-widget-breadcrumbs\" data-id=\"5f628ca\" data-element_type=\"widget\" data-e-type=\"widget\" data-widget_type=\"breadcrumbs.default\">\n\t\t\t\t<div class=\"elementor-widget-container\">\n\t\t\t\t\t<p><span class=\"last\">Home<\/span><\/p>\t\t\t\t<\/div>\n\t\t\t\t<\/div>\n\t\t\t\t<div class=\"elementor-element elementor-element-4fa166b elementor-widget__width-inherit elementor-widget elementor-widget-heading\" data-id=\"4fa166b\" data-element_type=\"widget\" data-e-type=\"widget\" data-widget_type=\"heading.default\">\n\t\t\t\t<div class=\"elementor-widget-container\">\n\t\t\t\t\t<h1 class=\"elementor-heading-title elementor-size-default\">Studenternas framg\u00e5ngshistorier<\/h1>\t\t\t\t<\/div>\n\t\t\t\t<\/div>\n\t\t\t\t<div class=\"elementor-element elementor-element-5cd9565 elementor-widget elementor-widget-spacer\" data-id=\"5cd9565\" data-element_type=\"widget\" data-e-type=\"widget\" data-widget_type=\"spacer.default\">\n\t\t\t\t<div class=\"elementor-widget-container\">\n\t\t\t\t\t\t\t<div class=\"elementor-spacer\">\n\t\t\t<div class=\"elementor-spacer-inner\"><\/div>\n\t\t<\/div>\n\t\t\t\t\t\t<\/div>\n\t\t\t\t<\/div>\n\t\t\t\t<div class=\"elementor-element elementor-element-c75b1c4 elementor-widget__width-inherit elementor-widget elementor-widget-text-editor\" data-id=\"c75b1c4\" data-element_type=\"widget\" data-e-type=\"widget\" id=\"subtitle\" data-widget_type=\"text-editor.default\">\n\t\t\t\t<div class=\"elementor-widget-container\">\n\t\t\t\t\t\t\t\t\t<p>L\u00e4s inspirerande ber\u00e4ttelser om internationella studenter som framg\u00e5ngsrikt har studerat i Japan med st\u00f6d av Go! Go! Nihon. Uppt\u00e4ck hur v\u00e5ra tj\u00e4nster och partnerskolor hj\u00e4lpte studenter att \u00f6vervinna utmaningar och n\u00e5 sina akademiska och kulturella m\u00e5l.<\/p>\n\t\t\t\t\t\t\t\t<\/div>\n\t\t\t\t<\/div>\n\t\t\t\t<\/div>\n\t\t<div class=\"elementor-element elementor-element-5f30086 e-con-full e-flex e-con e-child\" data-id=\"5f30086\" data-element_type=\"container\" data-e-type=\"container\" data-settings=\"{&quot;_ob_glider_is_slider&quot;:&quot;no&quot;}\">\n\t\t\t\t<div class=\"elementor-element elementor-element-f939003 elementor-widget elementor-widget-image\" data-id=\"f939003\" data-element_type=\"widget\" data-e-type=\"widget\" data-widget_type=\"image.default\">\n\t\t\t\t<div class=\"elementor-widget-container\">\n\t\t\t\t\t\t\t\t\t\t\t\t\t\t\t<img fetchpriority=\"high\" decoding=\"async\" width=\"798\" height=\"436\" src=\"https:\/\/gogonihon.com\/wp-content\/uploads\/2024\/11\/blue-shirt-student-in-classroom.jpg\" class=\"attachment-full size-full wp-image-147191\" alt=\"Ragazza con maglione blu che studia in classe\" srcset=\"https:\/\/gogonihon.com\/wp-content\/uploads\/2024\/11\/blue-shirt-student-in-classroom.jpg 798w, https:\/\/gogonihon.com\/wp-content\/uploads\/2024\/11\/blue-shirt-student-in-classroom-300x164.jpg 300w, https:\/\/gogonihon.com\/wp-content\/uploads\/2024\/11\/blue-shirt-student-in-classroom-768x420.jpg 768w\" sizes=\"(max-width: 798px) 100vw, 798px\" \/>\t\t\t\t\t\t\t\t\t\t\t\t\t\t\t<\/div>\n\t\t\t\t<\/div>\n\t\t\t\t<\/div>\n\t\t\t\t<\/div>\n\t\t<div class=\"elementor-element elementor-element-4258293 e-con-full e-flex e-con e-child\" data-id=\"4258293\" data-element_type=\"container\" data-e-type=\"container\" data-settings=\"{&quot;_ob_glider_is_slider&quot;:&quot;no&quot;}\">\n\t\t\t\t<div class=\"elementor-element elementor-element-37cc433 elementor-posts--align-left elementor-grid-3 elementor-grid-tablet-2 elementor-grid-mobile-1 elementor-posts--thumbnail-top elementor-card-shadow-yes elementor-posts__hover-gradient elementor-widget elementor-widget-posts\" data-id=\"37cc433\" data-element_type=\"widget\" data-e-type=\"widget\" data-settings=\"{&quot;cards_row_gap&quot;:{&quot;unit&quot;:&quot;px&quot;,&quot;size&quot;:32,&quot;sizes&quot;:[]},&quot;cards_columns&quot;:&quot;3&quot;,&quot;cards_columns_tablet&quot;:&quot;2&quot;,&quot;cards_columns_mobile&quot;:&quot;1&quot;,&quot;cards_row_gap_laptop&quot;:{&quot;unit&quot;:&quot;px&quot;,&quot;size&quot;:&quot;&quot;,&quot;sizes&quot;:[]},&quot;cards_row_gap_tablet&quot;:{&quot;unit&quot;:&quot;px&quot;,&quot;size&quot;:&quot;&quot;,&quot;sizes&quot;:[]},&quot;cards_row_gap_mobile&quot;:{&quot;unit&quot;:&quot;px&quot;,&quot;size&quot;:&quot;&quot;,&quot;sizes&quot;:[]}}\" data-widget_type=\"posts.cards\">\n\t\t\t\t<div class=\"elementor-widget-container\">\n\t\t\t\t\t\t\t<div class=\"elementor-posts-container elementor-posts elementor-posts--skin-cards elementor-grid\" role=\"list\">\n\t\t\t\t<article class=\"elementor-post elementor-grid-item post-188203 page type-page status-publish has-post-thumbnail hentry\" role=\"listitem\">\n\t\t\t<div class=\"elementor-post__card\">\n\t\t\t\t<a class=\"elementor-post__thumbnail__link\" href=\"https:\/\/gogonihon.com\/sv\/studenternas-framgangshistorier\/hur-en-tva-veckor-lang-studieresa-i-japan-gav-ben-ett-helt-nytt-perspektiv\/\" tabindex=\"-1\" ><div class=\"elementor-post__thumbnail\"><img decoding=\"async\" width=\"768\" height=\"450\" src=\"https:\/\/gogonihon.com\/wp-content\/uploads\/2022\/09\/ben-usa-768x450.png\" class=\"attachment-medium_large size-medium_large wp-image-4767\" alt=\"\" srcset=\"https:\/\/gogonihon.com\/wp-content\/uploads\/2022\/09\/ben-usa-768x450.png 768w, https:\/\/gogonihon.com\/wp-content\/uploads\/2022\/09\/ben-usa-300x176.png 300w, https:\/\/gogonihon.com\/wp-content\/uploads\/2022\/09\/ben-usa-1024x600.png 1024w, https:\/\/gogonihon.com\/wp-content\/uploads\/2022\/09\/ben-usa-1536x900.png 1536w, https:\/\/gogonihon.com\/wp-content\/uploads\/2022\/09\/ben-usa-2048x1199.png 2048w\" sizes=\"(max-width: 768px) 100vw, 768px\" \/><\/div><\/a>\n\t\t\t\t<div class=\"elementor-post__text\">\n\t\t\t\t<h3 class=\"elementor-post__title\">\n\t\t\t<a href=\"https:\/\/gogonihon.com\/sv\/studenternas-framgangshistorier\/hur-en-tva-veckor-lang-studieresa-i-japan-gav-ben-ett-helt-nytt-perspektiv\/\" >\n\t\t\t\tHur en tv\u00e5 veckor l\u00e5ng studieresa i Japan gav Ben ett helt nytt perspektiv\t\t\t<\/a>\n\t\t<\/h3>\n\t\t\t\t<div class=\"elementor-post__excerpt\">\n\t\t\t<p>Uppt\u00e4ck hur en tv\u00e5veckors studieresa till Japan med Go! Go! Nihon kan hj\u00e4lpa dig att byta perspektiv, v\u00e4xa och uppleva en ny kultur!<\/p>\n\t\t<\/div>\n\t\t\t\t\t<div class=\"elementor-post__read-more-wrapper\">\n\t\t\n\t\t<a class=\"elementor-post__read-more\" href=\"https:\/\/gogonihon.com\/sv\/studenternas-framgangshistorier\/hur-en-tva-veckor-lang-studieresa-i-japan-gav-ben-ett-helt-nytt-perspektiv\/\" aria-label=\"L\u00e4s mer om Hur en tv\u00e5 veckor l\u00e5ng studieresa i Japan gav Ben ett helt nytt perspektiv\" tabindex=\"-1\" >\n\t\t\tUppt\u00e4ck mer\t\t<\/a>\n\n\t\t\t\t\t<\/div>\n\t\t\t\t<\/div>\n\t\t\t\t\t<\/div>\n\t\t<\/article>\n\t\t\t\t<article class=\"elementor-post elementor-grid-item post-189917 page type-page status-publish has-post-thumbnail hentry\" role=\"listitem\">\n\t\t\t<div class=\"elementor-post__card\">\n\t\t\t\t<a class=\"elementor-post__thumbnail__link\" href=\"https:\/\/gogonihon.com\/sv\/studenternas-framgangshistorier\/hur-go-go-nihon-stottade-sarahs-studieupplevelse-i-osaka\/\" tabindex=\"-1\" ><div class=\"elementor-post__thumbnail\"><img decoding=\"async\" width=\"768\" height=\"432\" src=\"https:\/\/gogonihon.com\/wp-content\/uploads\/2022\/09\/sarah-sweden-768x432.jpg\" class=\"attachment-medium_large size-medium_large wp-image-4758\" alt=\"Experience Osaka study abroad! Learn about Sarah&#039;s positive journey &amp; how Go! Go! Nihon made her transition smooth &amp; enjoyable.\" srcset=\"https:\/\/gogonihon.com\/wp-content\/uploads\/2022\/09\/sarah-sweden-768x432.jpg 768w, https:\/\/gogonihon.com\/wp-content\/uploads\/2022\/09\/sarah-sweden-300x169.jpg 300w, https:\/\/gogonihon.com\/wp-content\/uploads\/2022\/09\/sarah-sweden-1024x576.jpg 1024w, https:\/\/gogonihon.com\/wp-content\/uploads\/2022\/09\/sarah-sweden.jpg 1280w\" sizes=\"(max-width: 768px) 100vw, 768px\" \/><\/div><\/a>\n\t\t\t\t<div class=\"elementor-post__text\">\n\t\t\t\t<h3 class=\"elementor-post__title\">\n\t\t\t<a href=\"https:\/\/gogonihon.com\/sv\/studenternas-framgangshistorier\/hur-go-go-nihon-stottade-sarahs-studieupplevelse-i-osaka\/\" >\n\t\t\t\tHur Go! Go! Nihon st\u00f6ttade Sarahs studieupplevelse i Osaka\t\t\t<\/a>\n\t\t<\/h3>\n\t\t\t\t<div class=\"elementor-post__excerpt\">\n\t\t\t<p>Studera utomlands i Osaka! Se hur Go! Go! Nihon hj\u00e4lpte Sarah. L\u00e4r dig mer om spr\u00e5kskolor och st\u00f6d f\u00f6r internationella studenter i Japan.<\/p>\n\t\t<\/div>\n\t\t\t\t\t<div class=\"elementor-post__read-more-wrapper\">\n\t\t\n\t\t<a class=\"elementor-post__read-more\" href=\"https:\/\/gogonihon.com\/sv\/studenternas-framgangshistorier\/hur-go-go-nihon-stottade-sarahs-studieupplevelse-i-osaka\/\" aria-label=\"L\u00e4s mer om Hur Go! Go! Nihon st\u00f6ttade Sarahs studieupplevelse i Osaka\" tabindex=\"-1\" >\n\t\t\tUppt\u00e4ck mer\t\t<\/a>\n\n\t\t\t\t\t<\/div>\n\t\t\t\t<\/div>\n\t\t\t\t\t<\/div>\n\t\t<\/article>\n\t\t\t\t<article class=\"elementor-post elementor-grid-item post-190122 page type-page status-publish has-post-thumbnail hentry\" role=\"listitem\">\n\t\t\t<div class=\"elementor-post__card\">\n\t\t\t\t<a class=\"elementor-post__thumbnail__link\" href=\"https:\/\/gogonihon.com\/sv\/studenternas-framgangshistorier\/tva-studenters-resa-for-att-studera-i-japan-under-pandemin\/\" tabindex=\"-1\" ><div class=\"elementor-post__thumbnail\"><img loading=\"lazy\" decoding=\"async\" width=\"768\" height=\"576\" src=\"https:\/\/gogonihon.com\/wp-content\/uploads\/2025\/04\/Overcoming-Covid-19-Challenges-768x576.webp\" class=\"attachment-medium_large size-medium_large wp-image-179348\" alt=\"ead a case study on how Go! Go! Nihon assisted a student with their Japan student visa during the challenging 2020 period.\" srcset=\"https:\/\/gogonihon.com\/wp-content\/uploads\/2025\/04\/Overcoming-Covid-19-Challenges-768x576.webp 768w, https:\/\/gogonihon.com\/wp-content\/uploads\/2025\/04\/Overcoming-Covid-19-Challenges-300x225.webp 300w, https:\/\/gogonihon.com\/wp-content\/uploads\/2025\/04\/Overcoming-Covid-19-Challenges.webp 800w\" sizes=\"(max-width: 768px) 100vw, 768px\" \/><\/div><\/a>\n\t\t\t\t<div class=\"elementor-post__text\">\n\t\t\t\t<h3 class=\"elementor-post__title\">\n\t\t\t<a href=\"https:\/\/gogonihon.com\/sv\/studenternas-framgangshistorier\/tva-studenters-resa-for-att-studera-i-japan-under-pandemin\/\" >\n\t\t\t\tTv\u00e5 studenters resa f\u00f6r att studera i Japan under pandemin\t\t\t<\/a>\n\t\t<\/h3>\n\t\t\t\t<div class=\"elementor-post__excerpt\">\n\t\t\t<p>L\u00e4s om hur Go! Go! Nihon hj\u00e4lpte tv\u00e5 studenter att f\u00f6rverkliga sin dr\u00f6m att studera i Japan trots gr\u00e4nsst\u00e4ngningar och f\u00f6rseningar under Covid-19-pandemin.<\/p>\n\t\t<\/div>\n\t\t\t\t\t<div class=\"elementor-post__read-more-wrapper\">\n\t\t\n\t\t<a class=\"elementor-post__read-more\" href=\"https:\/\/gogonihon.com\/sv\/studenternas-framgangshistorier\/tva-studenters-resa-for-att-studera-i-japan-under-pandemin\/\" aria-label=\"L\u00e4s mer om Tv\u00e5 studenters resa f\u00f6r att studera i Japan under pandemin\" tabindex=\"-1\" >\n\t\t\tUppt\u00e4ck mer\t\t<\/a>\n\n\t\t\t\t\t<\/div>\n\t\t\t\t<\/div>\n\t\t\t\t\t<\/div>\n\t\t<\/article>\n\t\t\t\t<article class=\"elementor-post elementor-grid-item post-197484 page type-page status-publish has-post-thumbnail hentry\" role=\"listitem\">\n\t\t\t<div class=\"elementor-post__card\">\n\t\t\t\t<a class=\"elementor-post__thumbnail__link\" href=\"https:\/\/gogonihon.com\/sv\/studenternas-framgangshistorier\/serenas-transformerande-sprakresa-i-japan\/\" tabindex=\"-1\" ><div class=\"elementor-post__thumbnail\"><img loading=\"lazy\" decoding=\"async\" width=\"768\" height=\"543\" src=\"https:\/\/gogonihon.com\/wp-content\/uploads\/2025\/04\/Serenas-Transformative-Language-Learning-in-Japan-768x543.webp\" class=\"attachment-medium_large size-medium_large wp-image-179503\" alt=\"Serena, an international student, achieved rapid development of practical Japanese speaking skills and a transformative cultural experience through ALA Academy of Language Arts&#039; focus on conversational skills and immersive teaching methods, with the support of Go! Go! Nihon.\" srcset=\"https:\/\/gogonihon.com\/wp-content\/uploads\/2025\/04\/Serenas-Transformative-Language-Learning-in-Japan-768x543.webp 768w, https:\/\/gogonihon.com\/wp-content\/uploads\/2025\/04\/Serenas-Transformative-Language-Learning-in-Japan-300x212.webp 300w, https:\/\/gogonihon.com\/wp-content\/uploads\/2025\/04\/Serenas-Transformative-Language-Learning-in-Japan.webp 800w\" sizes=\"(max-width: 768px) 100vw, 768px\" \/><\/div><\/a>\n\t\t\t\t<div class=\"elementor-post__text\">\n\t\t\t\t<h3 class=\"elementor-post__title\">\n\t\t\t<a href=\"https:\/\/gogonihon.com\/sv\/studenternas-framgangshistorier\/serenas-transformerande-sprakresa-i-japan\/\" >\n\t\t\t\tSerenas transformerande spr\u00e5kresa i Japan\t\t\t<\/a>\n\t\t<\/h3>\n\t\t\t\t<div class=\"elementor-post__excerpt\">\n\t\t\t<p>Driven av en livsl\u00e5ng dr\u00f6m s\u00f6kte Serena hj\u00e4lp fr\u00e5n Go! Go! Nihon f\u00f6r att studera vid ALA Academy of Language Arts och uppleva den japanska kulturen.<\/p>\n\t\t<\/div>\n\t\t\t\t\t<div class=\"elementor-post__read-more-wrapper\">\n\t\t\n\t\t<a class=\"elementor-post__read-more\" href=\"https:\/\/gogonihon.com\/sv\/studenternas-framgangshistorier\/serenas-transformerande-sprakresa-i-japan\/\" aria-label=\"L\u00e4s mer om Serenas transformerande spr\u00e5kresa i Japan\" tabindex=\"-1\" >\n\t\t\tUppt\u00e4ck mer\t\t<\/a>\n\n\t\t\t\t\t<\/div>\n\t\t\t\t<\/div>\n\t\t\t\t\t<\/div>\n\t\t<\/article>\n\t\t\t\t<article class=\"elementor-post elementor-grid-item post-197885 page type-page status-publish has-post-thumbnail hentry\" role=\"listitem\">\n\t\t\t<div class=\"elementor-post__card\">\n\t\t\t\t<a class=\"elementor-post__thumbnail__link\" href=\"https:\/\/gogonihon.com\/sv\/studenternas-framgangshistorier\/det-gemensamma-arbetet-mellan-go-go-nihon-och-shinjuku-japanese-language-institute-sng\/\" tabindex=\"-1\" ><div class=\"elementor-post__thumbnail\"><img loading=\"lazy\" decoding=\"async\" width=\"768\" height=\"420\" src=\"https:\/\/gogonihon.com\/wp-content\/uploads\/2025\/04\/collaborative-roles-of-go-go-nihon-and-sjli-768x420.webp\" class=\"attachment-medium_large size-medium_large wp-image-179560\" alt=\"Get help from a study abroad company in Japan. Go! Go! Nihon ensured Clarissa&#039;s smooth transition to SJLI &amp; Japanese life. Learn more!\" srcset=\"https:\/\/gogonihon.com\/wp-content\/uploads\/2025\/04\/collaborative-roles-of-go-go-nihon-and-sjli-768x420.webp 768w, https:\/\/gogonihon.com\/wp-content\/uploads\/2025\/04\/collaborative-roles-of-go-go-nihon-and-sjli-300x164.webp 300w, https:\/\/gogonihon.com\/wp-content\/uploads\/2025\/04\/collaborative-roles-of-go-go-nihon-and-sjli.webp 800w\" sizes=\"(max-width: 768px) 100vw, 768px\" \/><\/div><\/a>\n\t\t\t\t<div class=\"elementor-post__text\">\n\t\t\t\t<h3 class=\"elementor-post__title\">\n\t\t\t<a href=\"https:\/\/gogonihon.com\/sv\/studenternas-framgangshistorier\/det-gemensamma-arbetet-mellan-go-go-nihon-och-shinjuku-japanese-language-institute-sng\/\" >\n\t\t\t\tDet gemensamma arbetet mellan Go! Go! Nihon och Shinjuku Japanese Language Institute (SNG)\t\t\t<\/a>\n\t\t<\/h3>\n\t\t\t\t<div class=\"elementor-post__excerpt\">\n\t\t\t<p>Upplev Japan som Clarissa gjorde. Go! Go! Nihon, ett f\u00f6retag i Japan som specialiserar sig p\u00e5 utlandsstudier, hj\u00e4lper till med skol- och visumans\u00f6kningar f\u00f6r en fullst\u00e4ndig kulturell f\u00f6rdjupning.<\/p>\n\t\t<\/div>\n\t\t\t\t\t<div class=\"elementor-post__read-more-wrapper\">\n\t\t\n\t\t<a class=\"elementor-post__read-more\" href=\"https:\/\/gogonihon.com\/sv\/studenternas-framgangshistorier\/det-gemensamma-arbetet-mellan-go-go-nihon-och-shinjuku-japanese-language-institute-sng\/\" aria-label=\"L\u00e4s mer om Det gemensamma arbetet mellan Go! Go! Nihon och Shinjuku Japanese Language Institute (SNG)\" tabindex=\"-1\" >\n\t\t\tUppt\u00e4ck mer\t\t<\/a>\n\n\t\t\t\t\t<\/div>\n\t\t\t\t<\/div>\n\t\t\t\t\t<\/div>\n\t\t<\/article>\n\t\t\t\t<article class=\"elementor-post elementor-grid-item post-190256 page type-page status-publish has-post-thumbnail hentry\" role=\"listitem\">\n\t\t\t<div class=\"elementor-post__card\">\n\t\t\t\t<a class=\"elementor-post__thumbnail__link\" href=\"https:\/\/gogonihon.com\/sv\/studenternas-framgangshistorier\/toms-framgangshistoria-med-studier-utomlands-pa-akamonkai\/\" tabindex=\"-1\" ><div class=\"elementor-post__thumbnail\"><img loading=\"lazy\" decoding=\"async\" width=\"768\" height=\"750\" src=\"https:\/\/gogonihon.com\/wp-content\/uploads\/2022\/05\/tom_england-768x750.jpeg\" class=\"attachment-medium_large size-medium_large wp-image-4509\" alt=\"\" srcset=\"https:\/\/gogonihon.com\/wp-content\/uploads\/2022\/05\/tom_england-768x750.jpeg 768w, https:\/\/gogonihon.com\/wp-content\/uploads\/2022\/05\/tom_england-300x293.jpeg 300w, https:\/\/gogonihon.com\/wp-content\/uploads\/2022\/05\/tom_england-1024x1000.jpeg 1024w, https:\/\/gogonihon.com\/wp-content\/uploads\/2022\/05\/tom_england.jpeg 1386w\" sizes=\"(max-width: 768px) 100vw, 768px\" \/><\/div><\/a>\n\t\t\t\t<div class=\"elementor-post__text\">\n\t\t\t\t<h3 class=\"elementor-post__title\">\n\t\t\t<a href=\"https:\/\/gogonihon.com\/sv\/studenternas-framgangshistorier\/toms-framgangshistoria-med-studier-utomlands-pa-akamonkai\/\" >\n\t\t\t\tToms framg\u00e5ngshistoria med studier utomlands p\u00e5 Akamonkai\t\t\t<\/a>\n\t\t<\/h3>\n\t\t\t\t<div class=\"elementor-post__excerpt\">\n\t\t\t<p>Go! Go! Nihon hj\u00e4lper studenter att studera utomlands i Japan. L\u00e4s om hur vi hj\u00e4lpte Tom fr\u00e5n England med hans ans\u00f6kan till Akamonkai Language School.<\/p>\n\t\t<\/div>\n\t\t\t\t\t<div class=\"elementor-post__read-more-wrapper\">\n\t\t\n\t\t<a class=\"elementor-post__read-more\" href=\"https:\/\/gogonihon.com\/sv\/studenternas-framgangshistorier\/toms-framgangshistoria-med-studier-utomlands-pa-akamonkai\/\" aria-label=\"L\u00e4s mer om Toms framg\u00e5ngshistoria med studier utomlands p\u00e5 Akamonkai\" tabindex=\"-1\" >\n\t\t\tUppt\u00e4ck mer\t\t<\/a>\n\n\t\t\t\t\t<\/div>\n\t\t\t\t<\/div>\n\t\t\t\t\t<\/div>\n\t\t<\/article>\n\t\t\t\t<\/div>\n\t\t\n\t\t\t\t\t\t<\/div>\n\t\t\t\t<\/div>\n\t\t\t\t<\/div>\n\t\t\t\t\t<\/div>\n\t\t\t\t<\/section>\n\t\t\t\t<\/div>\n\t\t","protected":false},"excerpt":{"rendered":"<p>Home Studenternas framg\u00e5ngshistorier L\u00e4s inspirerande ber\u00e4ttelser om internationella studenter som framg\u00e5ngsrikt har studerat i Japan med st\u00f6d av Go! Go! Nihon. Uppt\u00e4ck hur v\u00e5ra tj\u00e4nster och partnerskolor hj\u00e4lpte studenter att \u00f6vervinna utmaningar och n\u00e5 sina akademiska och kulturella m\u00e5l.<\/p>\n","protected":false},"author":149,"featured_media":147191,"parent":0,"menu_order":0,"comment_status":"closed","ping_status":"closed","template":"","meta":{"footnotes":""},"class_list":["post-189900","page","type-page","status-publish","has-post-thumbnail","hentry"],"_links":{"self":[{"href":"https:\/\/gogonihon.com\/sv\/wp-json\/wp\/v2\/pages\/189900","targetHints":{"allow":["GET"]}}],"collection":[{"href":"https:\/\/gogonihon.com\/sv\/wp-json\/wp\/v2\/pages"}],"about":[{"href":"https:\/\/gogonihon.com\/sv\/wp-json\/wp\/v2\/types\/page"}],"author":[{"embeddable":true,"href":"https:\/\/gogonihon.com\/sv\/wp-json\/wp\/v2\/users\/149"}],"replies":[{"embeddable":true,"href":"https:\/\/gogonihon.com\/sv\/wp-json\/wp\/v2\/comments?post=189900"}],"version-history":[{"count":1,"href":"https:\/\/gogonihon.com\/sv\/wp-json\/wp\/v2\/pages\/189900\/revisions"}],"predecessor-version":[{"id":189901,"href":"https:\/\/gogonihon.com\/sv\/wp-json\/wp\/v2\/pages\/189900\/revisions\/189901"}],"wp:featuredmedia":[{"embeddable":true,"href":"https:\/\/gogonihon.com\/sv\/wp-json\/wp\/v2\/media\/147191"}],"wp:attachment":[{"href":"https:\/\/gogonihon.com\/sv\/wp-json\/wp\/v2\/media?parent=189900"}],"curies":[{"name":"wp","href":"https:\/\/api.w.org\/{rel}","templated":true}]}}