{"id":19669,"date":"2022-08-26T11:48:03","date_gmt":"2022-08-26T02:48:03","guid":{"rendered":"https:\/\/gogonihon.com\/hiragana-quest-perguntas-frequentes\/"},"modified":"2024-12-16T11:50:39","modified_gmt":"2024-12-16T02:50:39","slug":"hiragana-quest-perguntas-frequentes","status":"publish","type":"page","link":"https:\/\/gogonihon.com\/pt\/hiragana-quest-perguntas-frequentes\/","title":{"rendered":"Hiragana Quest &#8211; Perguntas Frequentes"},"content":{"rendered":"\t\t<div data-elementor-type=\"wp-page\" data-elementor-id=\"19669\" class=\"elementor elementor-19669 elementor-3584\" data-elementor-post-type=\"page\">\n\t\t\t\t\t\t<section class=\"elementor-section elementor-top-section elementor-element elementor-element-41fbffb elementor-section-boxed elementor-section-height-default elementor-section-height-default\" data-id=\"41fbffb\" data-element_type=\"section\" data-e-type=\"section\" data-settings=\"{&quot;_ob_glider_is_slider&quot;:&quot;no&quot;}\">\n\t\t\t\t\t\t<div class=\"elementor-container elementor-column-gap-default\">\n\t\t\t\t\t<div class=\"elementor-column elementor-col-100 elementor-top-column elementor-element elementor-element-701ee75\" data-id=\"701ee75\" data-element_type=\"column\" data-e-type=\"column\">\n\t\t\t<div class=\"elementor-widget-wrap elementor-element-populated\">\n\t\t\t\t\t\t<div class=\"elementor-element elementor-element-60a4422 elementor-widget elementor-widget-image\" data-id=\"60a4422\" data-element_type=\"widget\" data-e-type=\"widget\" data-widget_type=\"image.default\">\n\t\t\t\t<div class=\"elementor-widget-container\">\n\t\t\t\t\t\t\t\t\t\t\t\t\t\t\t<img decoding=\"async\" width=\"150\" height=\"150\" src=\"https:\/\/gogonihon.com\/wp-content\/uploads\/2022\/08\/Hiragana-Quest-App-Icon-300x300-1-150x150.png\" class=\"attachment-thumbnail size-thumbnail wp-image-19670\" alt=\"\" srcset=\"https:\/\/gogonihon.com\/wp-content\/uploads\/2022\/08\/Hiragana-Quest-App-Icon-300x300-1-150x150.png 150w, https:\/\/gogonihon.com\/wp-content\/uploads\/2022\/08\/Hiragana-Quest-App-Icon-300x300-1.png 300w\" sizes=\"(max-width: 150px) 100vw, 150px\" \/>\t\t\t\t\t\t\t\t\t\t\t\t\t\t\t<\/div>\n\t\t\t\t<\/div>\n\t\t\t\t<div class=\"elementor-element elementor-element-5292fb1 elementor-widget elementor-widget-heading\" data-id=\"5292fb1\" data-element_type=\"widget\" data-e-type=\"widget\" data-widget_type=\"heading.default\">\n\t\t\t\t<div class=\"elementor-widget-container\">\n\t\t\t\t\t<h2 class=\"elementor-heading-title elementor-size-default\">Perguntas Frequentes<\/h2>\t\t\t\t<\/div>\n\t\t\t\t<\/div>\n\t\t\t\t<div class=\"elementor-element elementor-element-85a9b54 elementor-widget elementor-widget-heading\" data-id=\"85a9b54\" data-element_type=\"widget\" data-e-type=\"widget\" data-widget_type=\"heading.default\">\n\t\t\t\t<div class=\"elementor-widget-container\">\n\t\t\t\t\t<h1 class=\"elementor-heading-title elementor-size-default\">Hiragana Quest<\/h1>\t\t\t\t<\/div>\n\t\t\t\t<\/div>\n\t\t\t\t<div class=\"elementor-element elementor-element-cd947c3 elementor-widget elementor-widget-text-editor\" data-id=\"cd947c3\" data-element_type=\"widget\" data-e-type=\"widget\" data-widget_type=\"text-editor.default\">\n\t\t\t\t<div class=\"elementor-widget-container\">\n\t\t\t\t\t\t\t\t\t<p>Aprenda a ler, escrever e memorizar o alfabeto japon\u00eas<\/p>\n\t\t\t\t\t\t\t\t<\/div>\n\t\t\t\t<\/div>\n\t\t\t\t\t<\/div>\n\t\t<\/div>\n\t\t\t\t\t<\/div>\n\t\t<\/section>\n\t\t\t\t<section class=\"elementor-section elementor-top-section elementor-element elementor-element-d9f2739 elementor-section-boxed elementor-section-height-default elementor-section-height-default\" data-id=\"d9f2739\" data-element_type=\"section\" data-e-type=\"section\" data-settings=\"{&quot;_ob_glider_is_slider&quot;:&quot;no&quot;}\">\n\t\t\t\t\t\t<div class=\"elementor-container elementor-column-gap-default\">\n\t\t\t\t\t<div class=\"elementor-column elementor-col-100 elementor-top-column elementor-element elementor-element-6db9394\" data-id=\"6db9394\" data-element_type=\"column\" data-e-type=\"column\">\n\t\t\t<div class=\"elementor-widget-wrap elementor-element-populated\">\n\t\t\t\t\t\t<div class=\"elementor-element elementor-element-ee534db elementor-widget elementor-widget-text-editor\" data-id=\"ee534db\" data-element_type=\"widget\" data-e-type=\"widget\" data-widget_type=\"text-editor.default\">\n\t\t\t\t<div class=\"elementor-widget-container\">\n\t\t\t\t\t\t\t\t\t<h5>Eu apaguei meus dados \/ reinstalei o aplicativo \/ troquei de aparelho e agora o aplicativo est\u00e1 pedindo para que eu pague novamente!<\/h5>\n<ol>\n<li>Em primeiro lugar, feche completamente o aplicativo. Verifique se seu aparelho est\u00e1 conectado \u00e0 Internet e se est\u00e1 com a conta do Goole Play \/ Apple App Store que realizou a compra.<\/li>\n<li>Reinicie o aplicativo<\/li>\n<li>Abra o menu (clicando no bot\u00e3o no canto superior direito)<\/li>\n<li>Escolha a op\u00e7\u00e3o \u201cRestaurar compras\u201d<\/li>\n<li>Voc\u00ea ir\u00e1 receber uma mensagem confirmando que sua compra foi restaurada e poder\u00e1 continuar o curso.<\/li>\n<\/ol>\n<h5>Posso transferir minha compra entre aparelhos Apple e Android?<\/h5>\n<p>Sua compra fica vinculada \u00e0 sua conta na App Store\/Google Play. Como essas plataformas s\u00e3o totalmente separadas, infelizmente n\u00e3o \u00e9 poss\u00edvel transferir sua compra. Caso voc\u00ea tenha feito a compra em um aparelho Apple e queira usar o app em um aparelho Android (ou vice-versa), ser\u00e1 preciso realizar uma nova compra.<\/p>\n<h5>N\u00e3o escuto as vozes quando clico no bot\u00e3o de \u201cplay\u201d<\/h5>\n<p>O aplicativo n\u00e3o tem op\u00e7\u00e3o de mudo ou controle de volume. Se voc\u00ea est\u00e1 clicando no bot\u00e3o de \u201cplay\u201d mas n\u00e3o ouve nada, \u00e9 prov\u00e1vel que alguma op\u00e7\u00e3o de seu aparelho esteja causando o problema. Por favor tente aumentar o volume e verifique se o aparelho n\u00e3o est\u00e1 no mudo ou no modo \u201cn\u00e3o disturbe\u201d. Em \u00faltimo caso, tente reiniciar o aparelho.<\/p>\n<h5>Se apagar o aplicativo e instalar novamente depois, poderei continuar de onde parei?<\/h5>\n<p>Caso voc\u00ea apague o aplicativo, perder\u00e1 todo o seu progresso. N\u00e3o ser\u00e1 preciso compr\u00e1-lo novamente (veja acima), mas recomendamos pensar cuidadosamente antes de deletar o aplicativo.<\/p>\n<h5>Posso trocar de aparelho e continuar de onde parei?<\/h5>\n<p>Para isso \u00e9 preciso transferir os dados manualmente de um aparelho para o outro, por exemplo atrav\u00e9s do backup do iOS. Por favor verifique a documenta\u00e7\u00e3o do seu aparelho para ver como fazer isso.<\/p>\n<h5>Onde est\u00e3o os outros caracteres?<\/h5>\n<p>Ao terminar os cursos de hiragana e katakana voc\u00ea ter\u00e1 acesso a uma li\u00e7\u00e3o b\u00f4nus onde ir\u00e1 ver:<\/p>\n<ul>\n<li>Ten-ten (dakuten)<\/li>\n<li>Maru (handakuten)<\/li>\n<li>Chou-on<\/li>\n<li>Chiisai tsu<\/li>\n<li>You-on<\/li>\n<li>Vogais pequenas<\/li>\n<\/ul>\n<p>Como estas regras se aplicam tanto aos hiraganas quanto aos katakanas, \u00e9 natural aprend\u00ea-los apenas depois de entender os dois alfabetos.<\/p>\n<h5>Tenho dificuldade em escrever o caractere X \/ \u00e9 muito f\u00e1cil escrever o caractere Y.<\/h5>\n<p>Como temos usu\u00e1rios de diversos perfis, tentamos criar um equil\u00edbrio entre ensinar a escrita dos caracteres sem que os testes sejam demasiadamente dif\u00edceis.<\/p>\n<p>Se voc\u00ea est\u00e1 tendo muita dificuldade, veja se est\u00e1 escrevendo no tamanho correto e seguindo a ordem do guia. Evite conectar tra\u00e7os ou adicionar voltas que n\u00e3o estejam presentes no guia.<\/p>\n<h5>Eu vi o caractere X escrito de forma diferente<\/h5>\n<p>Sim, isso acontece! Assim como em outros idiomas, existe uma certa diferen\u00e7a dependendo da fonte usada ou da caligrafia da pessoa escrevendo. Por exemplo, durante nosso curso voc\u00ea ir\u00e1 aprender a escreve o hiragana \u201cri\u201d como dois tra\u00e7os separados, enquanto algumas fontes escrevem ele como um tra\u00e7o \u00fanico. O curso usa o formato oficial, mas \u00e9 bom conhecer as diferen\u00e7as.<\/p>\n<h5>Terminei o curso, o que fa\u00e7o agora?<\/h5>\n<p>Parab\u00e9ns! Se quiser continuar a aprender japon\u00eas, conhe\u00e7a mais sobre os <a href=\"https:\/\/gogonihon.com\/pt\/cursos-online\/\" target=\"_blank\" rel=\"noopener\">outros cursos online da Go! Go! Nihon<\/a>.<\/p>\n<h5>Fale conosco<\/h5>\n<p>Caso sua d\u00favida n\u00e3o esteja na lista acima ou voc\u00ea queria nos enviar uma mensagem, por favor prencha o formul\u00e1rio abaixo para falar com o desenvolvedor.<\/p>\n<p>&nbsp;<\/p>\n<p><script>\nvar gform;gform||(document.addEventListener(\"gform_main_scripts_loaded\",function(){gform.scriptsLoaded=!0}),document.addEventListener(\"gform\/theme\/scripts_loaded\",function(){gform.themeScriptsLoaded=!0}),window.addEventListener(\"DOMContentLoaded\",function(){gform.domLoaded=!0}),gform={domLoaded:!1,scriptsLoaded:!1,themeScriptsLoaded:!1,isFormEditor:()=>\"function\"==typeof InitializeEditor,callIfLoaded:function(o){return!(!gform.domLoaded||!gform.scriptsLoaded||!gform.themeScriptsLoaded&&!gform.isFormEditor()||(gform.isFormEditor()&&console.warn(\"The use of gform.initializeOnLoaded() is deprecated in the form editor context and will be removed in Gravity Forms 3.1.\"),o(),0))},initializeOnLoaded:function(o){gform.callIfLoaded(o)||(document.addEventListener(\"gform_main_scripts_loaded\",()=>{gform.scriptsLoaded=!0,gform.callIfLoaded(o)}),document.addEventListener(\"gform\/theme\/scripts_loaded\",()=>{gform.themeScriptsLoaded=!0,gform.callIfLoaded(o)}),window.addEventListener(\"DOMContentLoaded\",()=>{gform.domLoaded=!0,gform.callIfLoaded(o)}))},hooks:{action:{},filter:{}},addAction:function(o,r,e,t){gform.addHook(\"action\",o,r,e,t)},addFilter:function(o,r,e,t){gform.addHook(\"filter\",o,r,e,t)},doAction:function(o){gform.doHook(\"action\",o,arguments)},applyFilters:function(o){return gform.doHook(\"filter\",o,arguments)},removeAction:function(o,r){gform.removeHook(\"action\",o,r)},removeFilter:function(o,r,e){gform.removeHook(\"filter\",o,r,e)},addHook:function(o,r,e,t,n){null==gform.hooks[o][r]&&(gform.hooks[o][r]=[]);var d=gform.hooks[o][r];null==n&&(n=r+\"_\"+d.length),gform.hooks[o][r].push({tag:n,callable:e,priority:t=null==t?10:t})},doHook:function(r,o,e){var t;if(e=Array.prototype.slice.call(e,1),null!=gform.hooks[r][o]&&((o=gform.hooks[r][o]).sort(function(o,r){return o.priority-r.priority}),o.forEach(function(o){\"function\"!=typeof(t=o.callable)&&(t=window[t]),\"action\"==r?t.apply(null,e):e[0]=t.apply(null,e)})),\"filter\"==r)return e[0]},removeHook:function(o,r,t,n){var e;null!=gform.hooks[o][r]&&(e=(e=gform.hooks[o][r]).filter(function(o,r,e){return!!(null!=n&&n!=o.tag||null!=t&&t!=o.priority)}),gform.hooks[o][r]=e)}});\n<\/script>\n\n                <div class='gf_browser_gecko gform_wrapper gform_legacy_markup_wrapper gform-theme--no-framework' data-form-theme='legacy' data-form-index='0' id='gform_wrapper_151' >\n                        <div class='gform_heading'>\n                            <p class='gform_description'><\/p>\n                        <\/div><form method='post' enctype='multipart\/form-data'  id='gform_151'  action='\/pt\/wp-json\/wp\/v2\/pages\/19669' data-formid='151' novalidate>\n                        <div class='gform-body gform_body'><ul id='gform_fields_151' class='gform_fields top_label form_sublabel_below description_below validation_below'><li id=\"field_151_1\" class=\"gfield gfield--type-name gfield_contains_required field_sublabel_below gfield--no-description field_description_below field_validation_below gfield_visibility_visible\"  ><label class='gfield_label gform-field-label gfield_label_before_complex' >Nome completo<span class=\"gfield_required\"><span class=\"gfield_required gfield_required_asterisk\">*<\/span><\/span><\/label><div class='ginput_complex ginput_container ginput_container--name no_prefix has_first_name no_middle_name has_last_name no_suffix gf_name_has_2 ginput_container_name gform-grid-row' id='input_151_1'>\n                            \n                            <span id='input_151_1_3_container' class='name_first gform-grid-col gform-grid-col--size-auto' >\n                                                    <input type='text' name='input_1.3' id='input_151_1_3' value=''   aria-required='true'     \/>\n                                                    <label for='input_151_1_3' class='gform-field-label gform-field-label--type-sub '>Nome<\/label>\n                                                <\/span>\n                            \n                            <span id='input_151_1_6_container' class='name_last gform-grid-col gform-grid-col--size-auto' >\n                                                    <input type='text' name='input_1.6' id='input_151_1_6' value=''   aria-required='true'     \/>\n                                                    <label for='input_151_1_6' class='gform-field-label gform-field-label--type-sub '>Sobrenome<\/label>\n                                                <\/span>\n                            \n                        <\/div><\/li><li id=\"field_151_2\" class=\"gfield gfield--type-radio gfield--type-choice gfield_contains_required field_sublabel_below gfield--no-description field_description_below field_validation_below gfield_visibility_visible\"  ><label class='gfield_label gform-field-label' >Plataforma<span class=\"gfield_required\"><span class=\"gfield_required gfield_required_asterisk\">*<\/span><\/span><\/label><div class='ginput_container ginput_container_radio'><ul class='gfield_radio' id='input_151_2'>\n\t\t\t<li class='gchoice gchoice_151_2_0'>\n\t\t\t\t<input name='input_2' type='radio' value='Android'  id='choice_151_2_0'    \/>\n\t\t\t\t<label for='choice_151_2_0' id='label_151_2_0' class='gform-field-label gform-field-label--type-inline'>Android<\/label>\n\t\t\t<\/li>\n\t\t\t<li class='gchoice gchoice_151_2_1'>\n\t\t\t\t<input name='input_2' type='radio' value='iOS'  id='choice_151_2_1'    \/>\n\t\t\t\t<label for='choice_151_2_1' id='label_151_2_1' class='gform-field-label gform-field-label--type-inline'>iOS<\/label>\n\t\t\t<\/li><\/ul><\/div><\/li><li id=\"field_151_3\" class=\"gfield gfield--type-email gfield_contains_required field_sublabel_below gfield--has-description field_description_below field_validation_below gfield_visibility_visible\"  ><label class='gfield_label gform-field-label' for='input_151_3'>Email<span class=\"gfield_required\"><span class=\"gfield_required gfield_required_asterisk\">*<\/span><\/span><\/label><div class='ginput_container ginput_container_email'>\n                            <input name='input_3' id='input_151_3' type='email' value='' class='medium'    aria-required=\"true\" aria-invalid=\"false\" aria-describedby=\"gfield_description_151_3\" \/>\n                        <\/div><div class='gfield_description' id='gfield_description_151_3'>E-mail usado no Google Play ou Apple AppStore &#8211; necess\u00e1rio para confirmar a conta<\/div><\/li><li id=\"field_151_4\" class=\"gfield gfield--type-textarea gfield_contains_required field_sublabel_below gfield--no-description field_description_below field_validation_below gfield_visibility_visible\"  ><label class='gfield_label gform-field-label' for='input_151_4'>Mensagem<span class=\"gfield_required\"><span class=\"gfield_required gfield_required_asterisk\">*<\/span><\/span><\/label><div class='ginput_container ginput_container_textarea'><textarea name='input_4' id='input_151_4' class='textarea medium'     aria-required=\"true\" aria-invalid=\"false\"   rows='10' cols='50'><\/textarea><\/div><\/li><\/ul><\/div>\n        <div class='gform-footer gform_footer top_label'> <input type='submit' id='gform_submit_button_151' class='gform_button button' onclick='gform.submission.handleButtonClick(this);' data-submission-type='submit' value='Enviar'  \/> \n            <input type='hidden' class='gform_hidden' name='gform_submission_method' data-js='gform_submission_method_151' value='postback' \/>\n            <input type='hidden' class='gform_hidden' name='gform_theme' data-js='gform_theme_151' id='gform_theme_151' value='legacy' \/>\n            <input type='hidden' class='gform_hidden' name='gform_style_settings' data-js='gform_style_settings_151' id='gform_style_settings_151' value='[]' \/>\n            <input type='hidden' class='gform_hidden' name='is_submit_151' value='1' \/>\n            <input type='hidden' class='gform_hidden' name='gform_submit' value='151' \/>\n            \n            <input type='hidden' class='gform_hidden' name='gform_currency' data-currency='JPY' value='d0Z8ZAnh2jOzXtuGt46bRPYa5gO2+VZbbKJdijT0Y0tt4kDrXSgF71czeQOor6JNMaF4zjODwS5\/+qcISN8jps56yZzvVUiSrnYdPWEdLWFEMIg=' \/>\n            <input type='hidden' class='gform_hidden' name='gform_unique_id' value='' \/>\n            <input type='hidden' class='gform_hidden' name='state_151' value='WyJbXSIsImFkNmZlZDZjYWQ1MzZjNDE0ZDc4Yjc4ZmMzNWRhZTFlIl0=' \/>\n            <input type='hidden' autocomplete='off' class='gform_hidden' name='gform_target_page_number_151' id='gform_target_page_number_151' value='0' \/>\n            <input type='hidden' autocomplete='off' class='gform_hidden' name='gform_source_page_number_151' id='gform_source_page_number_151' value='1' \/>\n            <input type='hidden' name='gform_field_values' value='' \/>\n            \n        <\/div>\n                        <\/form>\n                        <\/div><script>\ngform.initializeOnLoaded( function() {gformInitSpinner( 151, 'https:\/\/gogonihon.com\/wp-content\/plugins\/gravityforms\/images\/spinner.svg', true );jQuery('#gform_ajax_frame_151').on('load',function(){var contents = jQuery(this).contents().find('*').html();var is_postback = contents.indexOf('GF_AJAX_POSTBACK') >= 0;if(!is_postback){return;}var form_content = jQuery(this).contents().find('#gform_wrapper_151');var is_confirmation = jQuery(this).contents().find('#gform_confirmation_wrapper_151').length > 0;var is_redirect = contents.indexOf('gformRedirect(){') >= 0;var is_form = form_content.length > 0 && ! is_redirect && ! is_confirmation;var mt = parseInt(jQuery('html').css('margin-top'), 10) + parseInt(jQuery('body').css('margin-top'), 10) + 100;if(is_form){jQuery('#gform_wrapper_151').html(form_content.html());if(form_content.hasClass('gform_validation_error')){jQuery('#gform_wrapper_151').addClass('gform_validation_error');} else {jQuery('#gform_wrapper_151').removeClass('gform_validation_error');}setTimeout( function() { \/* delay the scroll by 50 milliseconds to fix a bug in chrome *\/  }, 50 );if(window['gformInitDatepicker']) {gformInitDatepicker();}if(window['gformInitPriceFields']) {gformInitPriceFields();}var current_page = jQuery('#gform_source_page_number_151').val();gformInitSpinner( 151, 'https:\/\/gogonihon.com\/wp-content\/plugins\/gravityforms\/images\/spinner.svg', true );jQuery(document).trigger('gform_page_loaded', [151, current_page]);window['gf_submitting_151'] = false;}else if(!is_redirect){var confirmation_content = jQuery(this).contents().find('.GF_AJAX_POSTBACK').html();if(!confirmation_content){confirmation_content = contents;}jQuery('#gform_wrapper_151').replaceWith(confirmation_content);jQuery(document).trigger('gform_confirmation_loaded', [151]);window['gf_submitting_151'] = false;wp.a11y.speak(jQuery('#gform_confirmation_message_151').text());}else{jQuery('#gform_151').append(contents);if(window['gformRedirect']) {gformRedirect();}}jQuery(document).trigger(\"gform_pre_post_render\", [{ formId: \"151\", currentPage: \"current_page\", abort: function() { this.preventDefault(); } }]);        if (event && event.defaultPrevented) {                return;        }        const gformWrapperDiv = document.getElementById( \"gform_wrapper_151\" );        if ( gformWrapperDiv ) {            const visibilitySpan = document.createElement( \"span\" );            visibilitySpan.id = \"gform_visibility_test_151\";            gformWrapperDiv.insertAdjacentElement( \"afterend\", visibilitySpan );        }        const visibilityTestDiv = document.getElementById( \"gform_visibility_test_151\" );        let postRenderFired = false;        function triggerPostRender() {            if ( postRenderFired ) {                return;            }            postRenderFired = true;            gform.core.triggerPostRenderEvents( 151, current_page );            if ( visibilityTestDiv ) {                visibilityTestDiv.parentNode.removeChild( visibilityTestDiv );            }        }        function debounce( func, wait, immediate ) {            var timeout;            return function() {                var context = this, args = arguments;                var later = function() {                    timeout = null;                    if ( !immediate ) func.apply( context, args );                };                var callNow = immediate && !timeout;                clearTimeout( timeout );                timeout = setTimeout( later, wait );                if ( callNow ) func.apply( context, args );            };        }        const debouncedTriggerPostRender = debounce( function() {            triggerPostRender();        }, 200 );        if ( visibilityTestDiv && visibilityTestDiv.offsetParent === null ) {            const observer = new MutationObserver( ( mutations ) => {                mutations.forEach( ( mutation ) => {                    if ( mutation.type === 'attributes' && visibilityTestDiv.offsetParent !== null ) {                        debouncedTriggerPostRender();                        observer.disconnect();                    }                });            });            observer.observe( document.body, {                attributes: true,                childList: false,                subtree: true,                attributeFilter: [ 'style', 'class' ],            });        } else {            triggerPostRender();        }    } );} );\n<\/script>\n<\/p>\n\t\t\t\t\t\t\t\t<\/div>\n\t\t\t\t<\/div>\n\t\t\t\t\t<\/div>\n\t\t<\/div>\n\t\t\t\t\t<\/div>\n\t\t<\/section>\n\t\t\t\t<\/div>\n\t\t","protected":false},"excerpt":{"rendered":"<p>Perguntas Frequentes Hiragana Quest Aprenda a ler, escrever e memorizar o alfabeto japon\u00eas Eu apaguei meus dados \/ reinstalei o aplicativo \/ troquei de aparelho e agora o aplicativo est\u00e1 pedindo para que eu pague novamente! Em primeiro lugar, feche completamente o aplicativo. Verifique se seu aparelho est\u00e1 conectado \u00e0 Internet e se est\u00e1 com [&hellip;]<\/p>\n","protected":false},"author":6,"featured_media":0,"parent":0,"menu_order":0,"comment_status":"closed","ping_status":"closed","template":"","meta":{"footnotes":""},"class_list":["post-19669","page","type-page","status-publish","hentry"],"_links":{"self":[{"href":"https:\/\/gogonihon.com\/pt\/wp-json\/wp\/v2\/pages\/19669","targetHints":{"allow":["GET"]}}],"collection":[{"href":"https:\/\/gogonihon.com\/pt\/wp-json\/wp\/v2\/pages"}],"about":[{"href":"https:\/\/gogonihon.com\/pt\/wp-json\/wp\/v2\/types\/page"}],"author":[{"embeddable":true,"href":"https:\/\/gogonihon.com\/pt\/wp-json\/wp\/v2\/users\/6"}],"replies":[{"embeddable":true,"href":"https:\/\/gogonihon.com\/pt\/wp-json\/wp\/v2\/comments?post=19669"}],"version-history":[{"count":7,"href":"https:\/\/gogonihon.com\/pt\/wp-json\/wp\/v2\/pages\/19669\/revisions"}],"predecessor-version":[{"id":150358,"href":"https:\/\/gogonihon.com\/pt\/wp-json\/wp\/v2\/pages\/19669\/revisions\/150358"}],"wp:attachment":[{"href":"https:\/\/gogonihon.com\/pt\/wp-json\/wp\/v2\/media?parent=19669"}],"curies":[{"name":"wp","href":"https:\/\/api.w.org\/{rel}","templated":true}]}}