{"id":191857,"date":"2025-09-08T10:43:00","date_gmt":"2025-09-08T01:43:00","guid":{"rendered":"https:\/\/gogonihon.com\/seguro-japao\/"},"modified":"2025-09-08T10:43:00","modified_gmt":"2025-09-08T01:43:00","slug":"seguro-japao","status":"publish","type":"page","link":"https:\/\/gogonihon.com\/pt\/seguro-japao\/","title":{"rendered":"Seguro \u2013 Jap\u00e3o"},"content":{"rendered":"\t\t<div data-elementor-type=\"wp-page\" data-elementor-id=\"191857\" class=\"elementor elementor-191857 elementor-133601\" data-elementor-post-type=\"page\">\n\t\t\t\t\t\t<section class=\"elementor-section elementor-top-section elementor-element elementor-element-c2eb77a elementor-section-boxed elementor-section-height-default elementor-section-height-default\" data-id=\"c2eb77a\" data-element_type=\"section\" data-e-type=\"section\" data-settings=\"{&quot;_ob_glider_is_slider&quot;:&quot;no&quot;}\">\n\t\t\t\t\t\t<div class=\"elementor-container elementor-column-gap-default\">\n\t\t\t\t\t<div class=\"elementor-column elementor-col-100 elementor-top-column elementor-element elementor-element-6a1b72a\" data-id=\"6a1b72a\" data-element_type=\"column\" data-e-type=\"column\">\n\t\t\t<div class=\"elementor-widget-wrap elementor-element-populated\">\n\t\t\t\t\t\t<div class=\"elementor-element elementor-element-f5028ab elementor-widget elementor-widget-heading\" data-id=\"f5028ab\" data-element_type=\"widget\" data-e-type=\"widget\" data-widget_type=\"heading.default\">\n\t\t\t\t<div class=\"elementor-widget-container\">\n\t\t\t\t\t<h1 class=\"elementor-heading-title elementor-size-default\">Seguro \u2013 Jap\u00e3o<\/h1>\t\t\t\t<\/div>\n\t\t\t\t<\/div>\n\t\t\t\t<div class=\"elementor-element elementor-element-24f918b elementor-widget elementor-widget-text-editor\" data-id=\"24f918b\" data-element_type=\"widget\" data-e-type=\"widget\" data-widget_type=\"text-editor.default\">\n\t\t\t\t<div class=\"elementor-widget-container\">\n\t\t\t\t\t\t\t\t\t<p>Usamos o Envisage Global Insurance para cobrir nossos alunos durante sua viagem de estudos. Todos os detalhes abaixo referem-se \u00e0 ap\u00f3lice da Envisage e da Tokio Marine HCC. O seguro cobre desde um dia antes do in\u00edcio do curso at\u00e9 um dia ap\u00f3s o t\u00e9rmino do curso. Os alunos t\u00eam a op\u00e7\u00e3o de estender a cobertura mediante o pagamento de uma taxa adicional. Observe que esta cobertura n\u00e3o est\u00e1 dispon\u00edvel para estudantes com mais de 50 anos de idade. Os detalhes do seguro ser\u00e3o enviados aos alunos antes da chegada ao Jap\u00e3o. Se tiver d\u00favidas sobre algum dos detalhes, entre em contato conosco.<\/p>\n<p>Para reivindica\u00e7\u00f5es e qualquer d\u00favida relacionada ao seguro, os alunos devem entrar em contato diretamente com a companhia de seguros.<\/p>\n\t\t\t\t\t\t\t\t<\/div>\n\t\t\t\t<\/div>\n\t\t\t\t<div class=\"elementor-element elementor-element-c87a364 elementor-widget elementor-widget-heading\" data-id=\"c87a364\" data-element_type=\"widget\" data-e-type=\"widget\" data-widget_type=\"heading.default\">\n\t\t\t\t<div class=\"elementor-widget-container\">\n\t\t\t\t\t<h2 class=\"elementor-heading-title elementor-size-default\">DETALHES DA COBERTURA DO SEGURO DE SA\u00daDE<\/h2>\t\t\t\t<\/div>\n\t\t\t\t<\/div>\n\t\t<div class=\"elementor-element elementor-element-986c842 e-grid e-con-boxed e-con e-parent\" data-id=\"986c842\" data-element_type=\"container\" data-e-type=\"container\" data-settings=\"{&quot;_ob_glider_is_slider&quot;:&quot;no&quot;}\">\n\t\t\t\t\t<div class=\"e-con-inner\">\n\t\t\t\t<div class=\"elementor-element elementor-element-eb2e4f9 elementor-widget elementor-widget-text-editor\" data-id=\"eb2e4f9\" data-element_type=\"widget\" data-e-type=\"widget\" data-widget_type=\"text-editor.default\">\n\t\t\t\t<div class=\"elementor-widget-container\">\n\t\t\t\t\t\t\t\t\t<table>\r\n<tbody>\r\n<tr style=\"height: 52px;\">\r\n<td style=\"width: 701.914px; height: 52px;\">\r\n<div class=\"layoutArea\">\r\n<div class=\"column\">\r\n\r\nLimite m\u00e1ximo geral e m\u00e1ximo por les\u00e3o\/doen\u00e7a\r\n\r\n<\/div>\r\n<\/div><\/td>\r\n<td style=\"width: 532.086px; height: 52px;\">\r\n<div class=\"layoutArea\">\r\n<div class=\"column\">\r\n\r\nUS$ 3.000.000\r\n\r\n<\/div>\r\n<\/div><\/td>\r\n<\/tr>\r\n<tr style=\"height: 52px;\">\r\n<td style=\"width: 701.914px; height: 52px;\">\r\n<div class=\"layoutArea\">\r\n<div class=\"column\">\r\n\r\nFranquia\r\n\r\n<\/div>\r\n<\/div><\/td>\r\n<td style=\"width: 532.086px; height: 52px;\">\r\n<div class=\"layoutArea\">\r\n<div class=\"column\">US$ 0 por per\u00edodo certificado<\/div>\r\n<\/div><\/td>\r\n<\/tr>\r\n<tr style=\"height: 72px;\">\r\n<td style=\"width: 701.914px; height: 73px;\">\r\n<div class=\"layoutArea\">\r\n<div class=\"column\">\r\n\r\nCo-seguro\r\n\r\n<\/div>\r\n<\/div><\/td>\r\n<td style=\"width: 532.086px; height: 73px;\">\r\n<div class=\"layoutArea\">\r\n<div class=\"column\">Pagaremos 100% das despesas eleg\u00edveis ap\u00f3s a franquia at\u00e9 o limite m\u00e1ximo geral.<\/div>\r\n<\/div><\/td>\r\n<\/tr>\r\n<tr style=\"height: 52px;\">\r\n<td style=\"width: 701.914px; height: 52px;\">\r\n<div class=\"layoutArea\">\r\n<div class=\"column\">\r\n\r\nQuarto e alimenta\u00e7\u00e3o no hospital\r\n\r\n<\/div>\r\n<\/div><\/td>\r\n<td style=\"width: 532.086px; height: 52px;\">\r\n<div class=\"layoutArea\">\r\n<div class=\"column\">Tarifa m\u00e9dia de quarto semiprivado, incluindo servi\u00e7os de enfermagem<\/div>\r\n<\/div><\/td>\r\n<\/tr>\r\n<tr style=\"height: 52px;\">\r\n<td style=\"width: 701.914px; height: 52px;\">\r\n<div class=\"layoutArea\">\r\n<div class=\"column\">\r\n\r\nUnidade de terapia intensiva (UTI)\r\n\r\n<\/div>\r\n<\/div><\/td>\r\n<td style=\"width: 532.086px; height: 52px;\">\r\n<div class=\"layoutArea\">\r\n<div class=\"column\">At\u00e9 o limite m\u00e1ximo total<\/div>\r\n<\/div><\/td>\r\n<\/tr>\r\n<tr style=\"height: 96px;\">\r\n<td style=\"width: 701.914px; height: 96px;\">\r\n<div class=\"layoutArea\">\r\n<div class=\"column\">\r\n\r\nAmbul\u00e2ncia local\r\n\r\n<\/div>\r\n<\/div><\/td>\r\n<td style=\"width: 532.086px; height: 96px;\">\r\n<div class=\"layoutArea\">\r\n<div class=\"column\">Encargos usuais, razo\u00e1veis e costumeiros para doen\u00e7as ou les\u00f5es cobertas. A doen\u00e7a deve resultar em hospitaliza\u00e7\u00e3o como paciente interno.<\/div>\r\n<\/div><\/td>\r\n<\/tr>\r\n<tr style=\"height: 52px;\">\r\n<td style=\"width: 701.914px; height: 52px;\">\r\n<div class=\"layoutArea\">\r\n<div class=\"column\">\r\n\r\nTerapia f\u00edsica ambulatorial e cuidados quiropr\u00e1ticos\r\n\r\n<\/div>\r\n<\/div><\/td>\r\n<td style=\"width: 532.086px; height: 52px;\">\r\n<div class=\"layoutArea\">\r\n<div class=\"column\">At\u00e9 um m\u00e1ximo de US$ 50 por dia. Deve ser solicitado previamente por um m\u00e9dico. Certificado com valor m\u00e1ximo de US$ 1.500 \u2014 n\u00e3o sujeito a coparticipa\u00e7\u00e3o.<\/div>\r\n<\/div><\/td>\r\n<\/tr>\r\n\r\n<tr style=\"height: 76px;\">\r\n<td style=\"width: 701.914px; height: 76px;\">\r\n<div class=\"layoutArea\">\r\n<div class=\"column\">\r\n\r\nAtendimento odontol\u00f3gico devido a acidente\r\n\r\n<\/div>\r\n<\/div><\/td>\r\n<td style=\"width: 532.086px; height: 76px;\">\r\n<div class=\"layoutArea\">\r\n<div class=\"column\">At\u00e9 US$ 500<\/div>\r\n<\/div><\/td>\r\n<\/tr>\r\n\r\n<tr style=\"height: 76px;\">\r\n<td style=\"width: 701.914px; height: 76px;\">\r\n<div class=\"layoutArea\">\r\n<div class=\"column\">\r\n\r\nAtendimento odontol\u00f3gico de emerg\u00eancia (dor aguda)\r\n<\/div>\r\n<\/div><\/td>\r\n<td style=\"width: 532.086px; height: 76px;\">\r\n<div class=\"layoutArea\">\r\n<div class=\"column\">US$ 200<\/div>\r\n<\/div><\/td>\r\n<\/tr>\r\n\r\n<tr style=\"height: 76px;\">\r\n<td style=\"width: 701.914px; height: 76px;\">\r\n<div class=\"layoutArea\">\r\n<div class=\"column\">\r\n\r\nAtividade esportiva\r\n\r\n<\/div>\r\n<\/div><\/td>\r\n<td style=\"width: 532.086px; height: 76px;\">\r\n<div class=\"layoutArea\">\r\n<div class=\"column\">Despesas habituais, razo\u00e1veis e usuais (atividades esportivas ou atl\u00e9ticas amadoras, sem contato f\u00edsico e que n\u00e3o sejam organizadas ou oficialmente sancionadas, desde que n\u00e3o estejam exclu\u00eddas por outras disposi\u00e7\u00f5es deste documento, praticadas exclusivamente para fins de lazer, recrea\u00e7\u00e3o, entretenimento ou condicionamento f\u00edsico).<\/div>\r\n<\/div><\/td>\r\n<\/tr>\r\n<tr style=\"height: 76px;\">\r\n<td style=\"width: 701.914px; height: 76px;\">\r\n<div class=\"layoutArea\">\r\n<div class=\"column\">\r\n\r\nDist\u00farbios de sa\u00fade mental\r\n\r\n<\/div>\r\n<\/div><\/td>\r\n<td style=\"width: 532.086px; height: 76px;\">\r\n<div class=\"layoutArea\">\r\n<div class=\"column\">Ambulat\u00f3rio: at\u00e9 US$ 50 por consulta\/certificado de US$ 500.<br\/>\r\nInterna\u00e7\u00e3o: at\u00e9 US$ 20.000<\/div>\r\n<\/div><\/td>\r\n<\/tr>\r\n\r\n<tr style=\"height: 52px;\">\r\n<td style=\"width: 701.914px; height: 52px;\">\r\n<div class=\"layoutArea\">\r\n<div class=\"column\">\r\n\r\nTodas as outras despesas m\u00e9dicas eleg\u00edveis\r\n\r\n<\/div>\r\n<\/div><\/td>\r\n<td style=\"width: 532.086px; height: 52px;\">\r\n<div class=\"layoutArea\">\r\n<div class=\"column\">At\u00e9 o limite m\u00e1ximo total<\/div>\r\n<\/div><\/td>\r\n<\/tr>\r\n\r\n\r\n<tr style=\"height: 72px;\">\r\n<td style=\"width: 701.914px; height: 72px;\">Evacua\u00e7\u00e3o m\u00e9dica de emerg\u00eancia<br\/>\r\n\u2022 N\u00e3o sujeito \u00e0 franquia ou ao limite m\u00e1ximo geral<\/td>\r\n<td style=\"width: 532.086px; height: 72px;\">At\u00e9 o m\u00e1ximo vital\u00edcio de US$ 50.000.<\/td>\r\n<\/tr>\r\n\r\n<tr style=\"height: 24px;\">\r\n<td style=\"width: 701.914px; height: 24px;\">Repatria\u00e7\u00e3o de restos mortais<br\/>\r\n\u2022 N\u00e3o sujeito \u00e0 franquia ou co-seguro<br\/>\r\n\u2022 Este limite \u00e9 apenas para este benef\u00edcio e n\u00e3o est\u00e1 inclu\u00eddo nem sujeito ao limite m\u00e1ximo geral<\/td>\r\n<td style=\"width: 532.086px; height: 24px;\">At\u00e9 no m\u00e1ximo US$ 25.000 vital\u00edcio<\/td>\r\n<\/tr>\r\n\r\n<tr style=\"height: 48px;\">\r\n<td style=\"width: 701.914px; height: 48px;\">Reuni\u00e3o de emerg\u00eancia<br\/>\r\n\u2022 N\u00e3o sujeito \u00e0 franquia nem a coparticipa\u00e7\u00e3o<\/td>\r\n<td style=\"width: 532.086px; height: 48px;\">At\u00e9 US$ 1.000, sujeito a um m\u00e1ximo de 15 dias ap\u00f3s uma les\u00e3o corporal com risco de vida ou doen\u00e7a com risco de vida coberta que resulte em interna\u00e7\u00e3o em uma unidade de terapia intensiva de um hospital.<\/td>\r\n<\/tr>\r\n\r\n<tr style=\"height: 24px;\">\r\n<td style=\"width: 701.914px; height: 24px;\">Interrup\u00e7\u00e3o da Viagem*<br\/>\r\nN\u00e3o sujeita a franquia nem a coparticipa\u00e7\u00e3o<\/td>\r\n<td style=\"width: 532.086px; height: 24px;\">At\u00e9 US$ 1.500<\/td>\r\n<\/tr>\r\n\r\n<tr style=\"height: 24px;\">\r\n<td style=\"width: 701.914px; height: 24px;\">Bagagem despachada perdida *<br\/>\r\nN\u00e3o sujeito a franquia<\/td>\r\n<td style=\"width: 532.086px; height: 24px;\">At\u00e9 US$ 250<\/td>\r\n<\/tr>\r\n\r\n<tr style=\"height: 240px;\">\r\n<td style=\"width: 701.914px; height: 240px;\">Morte Acidental e Desmembramento (Exclui perdas decorrentes de acidentes em transportadoras comerciais)<br\/>\r\n\u2022 N\u00e3o sujeita a franquia, coparticipa\u00e7\u00e3o ou limite m\u00e1ximo geral<\/td>\r\n<td style=\"width: 532.086px; height: 240px;\">Maiores de 18 anos: Limite m\u00e1ximo vital\u00edcio &#8211; US$ 10.000<br\/>\r\nMenores de 18 anos: Limite m\u00e1ximo vital\u00edcio &#8211; US$ 5.000<\/td>\r\n<\/tr>\r\n\r\n<tr style=\"height: 148px;\">\r\n<td style=\"width: 701.914px; height: 148px;\">Responsabilidade civil **Responsabilidade pessoal<br\/>\r\n\u2022 N\u00e3o sujeito \u00e0 franquia, coparticipa\u00e7\u00e3o ou limite m\u00e1ximo geral<\/td>\r\n<td style=\"width: 532.086px; height: 148px;\">\r\n<div class=\"layoutArea\">\r\n<div class=\"column\">\r\nM\u00e1ximo vital\u00edcio &#8211; US$ 100.000<br\/>\r\nLes\u00f5es a terceiros &#8211; At\u00e9 US$ 100.000<br\/>\r\nBens de terceiros &#8211; At\u00e9 US$ 100.000<br\/>\r\nBens relacionados a terceiros &#8211; At\u00e9 US$ 2.500\r\n<\/div>\r\n<\/div><\/td>\r\n<\/tr>\r\n<\/tbody>\r\n<\/table>\t\t\t\t\t\t\t\t<\/div>\n\t\t\t\t<\/div>\n\t\t\t\t\t<\/div>\n\t\t\t\t<\/div>\n\t\t\t\t<div class=\"elementor-element elementor-element-e45c875 elementor-widget elementor-widget-text-editor\" data-id=\"e45c875\" data-element_type=\"widget\" data-e-type=\"widget\" data-widget_type=\"text-editor.default\">\n\t\t\t\t<div class=\"elementor-widget-container\">\n\t\t\t\t\t\t\t\t\t<p><b>Exce\u00e7\u00f5es<\/b><\/p>\n<p><\/p>\n<ol>\n<li>Condi\u00e7\u00f5es pr\u00e9-existentes<\/li>\n<li>Defici\u00eancia cong\u00eanitas e doen\u00e7as cong\u00eanitas. Defici\u00eancias cong\u00eanitas s\u00e3o consideradas condi\u00e7\u00f5es heredit\u00e1rias.\n    <\/li>\n<li>Gravidez, exceto conforme coberto sob complica\u00e7\u00f5es da gravidez, conforme definido neste documento, todas as<br \/>\n        despesas relacionadas \u00e0 gravidez ap\u00f3s a 26\u00aa semana de gravidez, cuidados pr\u00e9-natais de rotina, parto, cuidados<br \/>\n        p\u00f3s-natais e despesas incorridas por uma crian\u00e7a com menos de 14 dias de idade.<\/li>\n<li>Interrup\u00e7\u00e3o da gravidez<\/li>\n<li>Impot\u00eancia ou disfun\u00e7\u00e3o sexual.<\/li>\n<li>Todas as doen\u00e7as e condi\u00e7\u00f5es sexualmente transmiss\u00edveis, exceto exames diagn\u00f3sticos relacionados a uma les\u00e3o ou<br \/>\n        doen\u00e7a coberta.<\/li>\n<li>HIV, AIDS ou ARC, e todas as doen\u00e7as causadas e\/ou relacionadas ao HIV.<\/li>\n<li>Todas as formas de c\u00e2ncer \/ neoplasia.<\/li>\n<li>Abuso de subst\u00e2ncias ou depend\u00eancia ou condi\u00e7\u00f5es que possam ser atribu\u00eddas ao abuso de subst\u00e2ncias ou<br \/>\n        depend\u00eancias e as consequ\u00eancias diretas disso.<\/li>\n<li>Acne, verrugas, etiquetas cut\u00e2neas, doen\u00e7as das gl\u00e2ndulas seb\u00e1ceas, seborreia, cisto seb\u00e1ceo, condi\u00e7\u00f5es<br \/>\n        hipertr\u00f3ficas e atr\u00f3ficas da pele, nevus.<\/li>\n<li>Apneia do sono ou outros dist\u00farbios do sono.<\/li>\n<li>Obesidade ou modifica\u00e7\u00e3o de peso, incluindo, mas n\u00e3o se limitando a, cirurgia de liga\u00e7\u00e3o dos dentes e todas as<br \/>\n        formas de cirurgia de bypass intestinal.<\/li>\n<li>Les\u00e3o ou doen\u00e7a autoinfligida intencionalmente e\/ou suic\u00eddio ou tentativa de suic\u00eddio, seja em estado s\u00e3o ou<br \/>\n        insano.<\/li>\n<li>Les\u00e3o sofrida devido total ou parcialmente aos efeitos de intoxica\u00e7\u00e3o ou drogas, exceto drogas tomadas de acordo<br \/>\n        com o tratamento prescrito por um m\u00e9dico e exceto drogas prescritas para o tratamento de abuso de subst\u00e2ncias.\n    <\/li>\n<li>Les\u00e3o sofrida ao operar qualquer ve\u00edculo motorizado, aeronave ou embarca\u00e7\u00e3o, registrado ou n\u00e3o, enquanto estiver<br \/>\n        sob a influ\u00eancia de \u00e1lcool, conforme definido pela lei da jurisdi\u00e7\u00e3o onde ocorre a les\u00e3o ou com um conte\u00fado de<br \/>\n        \u00e1lcool no sangue (BAC) de 0,08, o que for menor.<\/li>\n<li>Exames m\u00e9dicos de rotina, incluindo, mas n\u00e3o se limitando a vacinas, imuniza\u00e7\u00f5es, check-ups anuais, emiss\u00e3o de<br \/>\n        certificados m\u00e9dicos e atestados e exames quanto \u00e0 adequa\u00e7\u00e3o para o emprego ou viagem.<\/li>\n<li>Tratamento dent\u00e1rio e tratamento da articula\u00e7\u00e3o temporomandibular, exceto para tratamento dent\u00e1rio de emerg\u00eancia<br \/>\n        necess\u00e1rio para substituir dentes naturais perdidos ou danificados em um acidente ou para o al\u00edvio de emerg\u00eancia<br \/>\n        de in\u00edcio agudo de dor.<\/li>\n<li>Promo\u00e7\u00e3o ou preven\u00e7\u00e3o da concep\u00e7\u00e3o, incluindo, mas n\u00e3o se limitando a insemina\u00e7\u00e3o artificial, tratamento para<br \/>\n        infertilidade, esteriliza\u00e7\u00e3o ou revers\u00e3o de esteriliza\u00e7\u00e3o.<\/li>\n<li>Transplante de \u00f3rg\u00e3os ou tecidos ou servi\u00e7os relacionados.<\/li>\n<li>Cirurgia ocular, como cirurgia refrativa corretiva, quando o objetivo principal \u00e9 corrigir miopia, hipermetropia<br \/>\n        ou astigmatismo.<\/li>\n<li>Dispositivos corretivos e aparelhos m\u00e9dicos, incluindo \u00f3culos, lentes de contato, aparelhos auditivos, implantes<br \/>\n        auditivos, refra\u00e7\u00e3o ocular, terapia visual e qualquer exame ou ajuste relacionado a esses dispositivos,<br \/>\n        dentaduras ou aparelhos dent\u00e1rios, e todos os exames e testes de vis\u00e3o e audi\u00e7\u00e3o.<\/li>\n<li>Ort\u00f3ptica e treinamento ocular visual.<\/li>\n<li>Sapatos ortop\u00e9dicos, dispositivos ortop\u00e9dicos prescritos para serem anexados ou colocados nos sapatos,<br \/>\n        tratamento de p\u00e9s fracos, tensos, planos, inst\u00e1veis ou desequilibrados, metatarsalgia ou joanetes, e tratamento<br \/>\n        de calosidades, calos ou unhas dos p\u00e9s.<\/li>\n<li>Perda de cabelo, incluindo perucas, transplantes capilares ou qualquer medicamento que prometa crescimento<br \/>\n        capilar, seja prescrito ou n\u00e3o.<\/li>\n<li>Terapia de fala, vocacional, ocupacional, biofeedback, acupuntura, recreacional, sono ou m\u00fasica, cuidados<br \/>\n        hol\u00edsticos de qualquer natureza, massagem e cinesioterapia.<\/li>\n<li>Testes psicom\u00e9tricos, de intelig\u00eancia, de compet\u00eancia, comportamentais e educacionais.<\/li>\n<li>Raz\u00f5es cosm\u00e9ticas ou est\u00e9ticas, exceto para cirurgia reconstrutiva quando tal cirurgia estiver diretamente<br \/>\n        relacionada e seguir uma cirurgia que foi coberta aqui.<\/li>\n<li>Modifica\u00e7\u00f5es do corpo destinadas a melhorar o bem-estar psicol\u00f3gico, mental ou emocional, incluindo, mas n\u00e3o se<br \/>\n        limitando a, cirurgia de mudan\u00e7a de sexo.<\/li>\n<li>Programas de exerc\u00edcios, prescritos ou recomendados por um m\u00e9dico.<\/li>\n<li>Incorridos como resultado de exposi\u00e7\u00e3o a radia\u00e7\u00e3o nuclear n\u00e3o m\u00e9dica e\/ou material(is) radioativo(s).<\/li>\n<li>Criopreserva\u00e7\u00e3o e implanta\u00e7\u00e3o ou reimplanta\u00e7\u00e3o de c\u00e9lulas vivas.<\/li>\n<li>Testes gen\u00e9ticos ou preditivos.<\/li>\n<li>Investigacional, experimental ou para fins de pesquisa.<\/li>\n<li>Enquanto confinado principalmente para receber cuidados de cust\u00f3dia, cuidados educativos ou de reabilita\u00e7\u00e3o, ou<br \/>\n        qualquer tratamento m\u00e9dico em qualquer estabelecimento para o cuidado de idosos, exceto cuidados de reabilita\u00e7\u00e3o<br \/>\n        recebidos por transfer\u00eancia direta de um hospital de cuidados agudos.<\/li>\n<li>Medicamento n\u00e3o necess\u00e1rio.<\/li>\n<li>N\u00e3o administrado por ou sob a supervis\u00e3o de um m\u00e9dico, e produtos que podem ser comprados sem prescri\u00e7\u00e3o m\u00e9dica.\n    <\/li>\n<li>Fornecido por um parente, membro da fam\u00edlia ou qualquer pessoa que normalmente resida com voc\u00ea.<\/li>\n<li>Fornecido sem custo para voc\u00ea.<\/li>\n<li>Falha em comparecer a um compromisso agendado.<\/li>\n<li>Pag\u00e1vel sob qualquer sistema governamental, incluindo o sistema Medicare australiano.<\/li>\n<li>Despesas que excedem as usuais, razo\u00e1veis e habituais.<\/li>\n<li>Despesas resultantes ou ocorrendo durante a pr\u00e1tica de uma viola\u00e7\u00e3o da lei, incluindo, sem limita\u00e7\u00e3o, a pr\u00e1tica<br \/>\n        de uma ocupa\u00e7\u00e3o ou ato ilegal, mas excluindo pequenas infra\u00e7\u00f5es de tr\u00e2nsito.<\/li>\n<li>Qualquer doen\u00e7a ou les\u00e3o incorrida como resultado de epidemias, pandemias, emerg\u00eancias de sa\u00fade p\u00fablica,<br \/>\n        desastres naturais ou outras condi\u00e7\u00f5es de surto de doen\u00e7as que possam afetar a sa\u00fade de uma pessoa quando, antes<br \/>\n        da data efetiva de sua ap\u00f3lice, qualquer um dos seguintes foi emitido:<\/p>\n<ul>\n<li>a. Os Centros de Controle e Preven\u00e7\u00e3o de Doen\u00e7as dos EUA emitiram um N\u00edvel de Alerta\/Aviso 3 ou superior<br \/>\n                para um local ou destino, incluindo transportadoras comuns.<\/li>\n<li>b. Os Centros de Controle e Preven\u00e7\u00e3o de Doen\u00e7as dos EUA emitiram um Aviso Global ou Mundial de N\u00edvel 3<br \/>\n                ou superior. Esta exclus\u00e3o \u00e9 aplic\u00e1vel quando 1) qualquer um dos acima estava em vigor dentro de 6 meses<br \/>\n                imediatamente antes de sua data efetiva ou 2) dentro de 10 dias ap\u00f3s a data em que o alerta\/aviso foi<br \/>\n                emitido, voc\u00ea falhou em deixar o pa\u00eds ou local.Esta exclus\u00e3o n\u00e3o se aplica a despesas resultantes de<br \/>\n                COVID-19\/SARS-CoV-2.<\/li>\n<\/ul>\n<\/li>\n<li>Guerra, a\u00e7\u00e3o militar ou enquanto estiver de servi\u00e7o como membro de uma unidade da pol\u00edcia ou for\u00e7a militar.<\/li>\n<li>Viagem ou acomoda\u00e7\u00f5es, exceto conforme previsto nas se\u00e7\u00f5es Ambul\u00e2ncia Local, Evacua\u00e7\u00e3o M\u00e9dica de Emerg\u00eancia,<br \/>\n        Repatria\u00e7\u00e3o de Restos Mortais e Reuni\u00e3o de Emerg\u00eancia deste seguro.<\/li>\n<li>Incorridos fora do per\u00edodo de validade do seu certificado.<\/li>\n<li>Apresentados para pagamento a n\u00f3s mais de 60 dias ap\u00f3s o \u00faltimo dia do per\u00edodo de validade do certificado.<\/li>\n<li>Quando a partida do pa\u00eds de origem \u00e9 para obter tratamento no pa\u00eds ou pa\u00edses de destino.<\/li>\n<li>Complica\u00e7\u00f5es ou consequ\u00eancias de um tratamento ou condi\u00e7\u00e3o n\u00e3o coberta neste documento.<\/li>\n<li>N\u00e3o inclu\u00eddos como Despesas Eleg\u00edveis, conforme descrito aqui.<\/li>\n<\/ol>\n<p><\/p>\n<p><b>Nota: esta p\u00e1gina \u00e9 um resumo consolidado dos benef\u00edcios do plano, o certificado oficial da ap\u00f3lice est\u00e1<br \/>\n        dispon\u00edvel na zona do aluno ap\u00f3s se tornar participante do programa e ser\u00e1 o documento superior para adjudica\u00e7\u00e3o<br \/>\n        de reivindica\u00e7\u00f5es. Qualquer discrep\u00e2ncia entre esta p\u00e1gina e o certificado da ap\u00f3lice, o certificado da ap\u00f3lice<br \/>\n        prevalecer\u00e1 sobre esta p\u00e1gina.<\/b><\/p>\n\t\t\t\t\t\t\t\t<\/div>\n\t\t\t\t<\/div>\n\t\t\t\t\t<\/div>\n\t\t<\/div>\n\t\t\t\t\t<\/div>\n\t\t<\/section>\n\t\t\t\t<\/div>\n\t\t","protected":false},"excerpt":{"rendered":"<p>Seguro \u2013 Jap\u00e3o Usamos o Envisage Global Insurance para cobrir nossos alunos durante sua viagem de estudos. Todos os detalhes abaixo referem-se \u00e0 ap\u00f3lice da Envisage e da Tokio Marine HCC. O seguro cobre desde um dia antes do in\u00edcio do curso at\u00e9 um dia ap\u00f3s o t\u00e9rmino do curso. Os alunos t\u00eam a op\u00e7\u00e3o [&hellip;]<\/p>\n","protected":false},"author":13,"featured_media":0,"parent":0,"menu_order":0,"comment_status":"closed","ping_status":"closed","template":"","meta":{"footnotes":""},"class_list":["post-191857","page","type-page","status-publish","hentry"],"_links":{"self":[{"href":"https:\/\/gogonihon.com\/pt\/wp-json\/wp\/v2\/pages\/191857","targetHints":{"allow":["GET"]}}],"collection":[{"href":"https:\/\/gogonihon.com\/pt\/wp-json\/wp\/v2\/pages"}],"about":[{"href":"https:\/\/gogonihon.com\/pt\/wp-json\/wp\/v2\/types\/page"}],"author":[{"embeddable":true,"href":"https:\/\/gogonihon.com\/pt\/wp-json\/wp\/v2\/users\/13"}],"replies":[{"embeddable":true,"href":"https:\/\/gogonihon.com\/pt\/wp-json\/wp\/v2\/comments?post=191857"}],"version-history":[{"count":1,"href":"https:\/\/gogonihon.com\/pt\/wp-json\/wp\/v2\/pages\/191857\/revisions"}],"predecessor-version":[{"id":191858,"href":"https:\/\/gogonihon.com\/pt\/wp-json\/wp\/v2\/pages\/191857\/revisions\/191858"}],"wp:attachment":[{"href":"https:\/\/gogonihon.com\/pt\/wp-json\/wp\/v2\/media?parent=191857"}],"curies":[{"name":"wp","href":"https:\/\/api.w.org\/{rel}","templated":true}]}}