{"id":146049,"date":"2024-11-19T11:48:35","date_gmt":"2024-11-19T02:48:35","guid":{"rendered":"https:\/\/gogonihon.com\/black-friday-japao-ou-coreia-que-tal-os-dois\/"},"modified":"2025-11-20T12:03:33","modified_gmt":"2025-11-20T03:03:33","slug":"blackfriday2024","status":"publish","type":"page","link":"https:\/\/gogonihon.com\/pt\/blackfriday2024\/","title":{"rendered":"Black Friday &#8211; Jap\u00e3o ou Cor\u00e9ia? Que tal os dois?"},"content":{"rendered":"\t\t<div data-elementor-type=\"wp-page\" data-elementor-id=\"146049\" class=\"elementor elementor-146049 elementor-145001\" data-elementor-post-type=\"page\">\n\t\t\t\t<div class=\"elementor-element elementor-element-e071ca5 e-con-full e-flex e-con e-parent\" data-id=\"e071ca5\" data-element_type=\"container\" data-e-type=\"container\" data-settings=\"{&quot;background_background&quot;:&quot;classic&quot;,&quot;_ob_glider_is_slider&quot;:&quot;no&quot;}\">\n\t\t\t\t<div class=\"elementor-element elementor-element-34d991d elementor-widget elementor-widget-heading\" data-id=\"34d991d\" data-element_type=\"widget\" data-e-type=\"widget\" data-widget_type=\"heading.default\">\n\t\t\t\t<div class=\"elementor-widget-container\">\n\t\t\t\t\t<h1 class=\"elementor-heading-title elementor-size-default\">Black Friday<\/h1>\t\t\t\t<\/div>\n\t\t\t\t<\/div>\n\t\t\t\t<\/div>\n\t\t<div class=\"elementor-element elementor-element-c913b77 e-con-full e-flex e-con e-parent\" data-id=\"c913b77\" data-element_type=\"container\" data-e-type=\"container\" data-settings=\"{&quot;background_background&quot;:&quot;classic&quot;,&quot;_ob_glider_is_slider&quot;:&quot;no&quot;}\">\n\t\t\t\t<div class=\"elementor-element elementor-element-f541bd4 elementor-widget elementor-widget-image\" data-id=\"f541bd4\" data-element_type=\"widget\" data-e-type=\"widget\" data-widget_type=\"image.default\">\n\t\t\t\t<div class=\"elementor-widget-container\">\n\t\t\t\t\t\t\t\t\t\t\t\t\t\t\t<img fetchpriority=\"high\" decoding=\"async\" width=\"800\" height=\"609\" src=\"https:\/\/gogonihon.com\/wp-content\/uploads\/2024\/11\/bf_headerok-1024x779.jpeg\" class=\"attachment-large size-large wp-image-146026\" alt=\"\" srcset=\"https:\/\/gogonihon.com\/wp-content\/uploads\/2024\/11\/bf_headerok-1024x779.jpeg 1024w, https:\/\/gogonihon.com\/wp-content\/uploads\/2024\/11\/bf_headerok-300x228.jpeg 300w, https:\/\/gogonihon.com\/wp-content\/uploads\/2024\/11\/bf_headerok-768x585.jpeg 768w, https:\/\/gogonihon.com\/wp-content\/uploads\/2024\/11\/bf_headerok.jpeg 1080w\" sizes=\"(max-width: 800px) 100vw, 800px\" \/>\t\t\t\t\t\t\t\t\t\t\t\t\t\t\t<\/div>\n\t\t\t\t<\/div>\n\t\t\t\t<\/div>\n\t\t<div class=\"elementor-element elementor-element-a6b5f61 e-flex e-con-boxed e-con e-parent\" data-id=\"a6b5f61\" data-element_type=\"container\" data-e-type=\"container\" data-settings=\"{&quot;_ob_glider_is_slider&quot;:&quot;no&quot;}\">\n\t\t\t\t\t<div class=\"e-con-inner\">\n\t\t\t\t<div class=\"elementor-element elementor-element-d216c4c elementor-widget elementor-widget-text-editor\" data-id=\"d216c4c\" data-element_type=\"widget\" data-e-type=\"widget\" data-widget_type=\"text-editor.default\">\n\t\t\t\t<div class=\"elementor-widget-container\">\n\t\t\t\t\t\t\t\t\t<p>Nesta Black Friday, a <strong>Go! Go! Nihon<\/strong> e a <strong>Go! Go! Hanguk<\/strong> se uniram para oferecer ofertas incr\u00edveis: Aprenda japon\u00eas no Jap\u00e3o, aprenda coreano na Cor\u00e9ia, <strong>ou fa\u00e7a ambos em uma s\u00f3 viagem!<\/strong><\/p>\n\t\t\t\t\t\t\t\t<\/div>\n\t\t\t\t<\/div>\n\t\t\t\t\t<\/div>\n\t\t\t\t<\/div>\n\t\t<div class=\"elementor-element elementor-element-a5d26cc e-flex e-con-boxed e-con e-parent\" data-id=\"a5d26cc\" data-element_type=\"container\" data-e-type=\"container\" data-settings=\"{&quot;_ob_glider_is_slider&quot;:&quot;no&quot;}\">\n\t\t\t\t\t<div class=\"e-con-inner\">\n\t\t\t\t<div class=\"elementor-element elementor-element-12400f6 elementor-widget elementor-widget-heading\" data-id=\"12400f6\" data-element_type=\"widget\" data-e-type=\"widget\" data-widget_type=\"heading.default\">\n\t\t\t\t<div class=\"elementor-widget-container\">\n\t\t\t\t\t<h2 class=\"elementor-heading-title elementor-size-default\">Descontos terminam em<\/h2>\t\t\t\t<\/div>\n\t\t\t\t<\/div>\n\t\t\t\t<div class=\"elementor-element elementor-element-41b74aa elementor-countdown--label-block elementor-widget elementor-widget-countdown\" data-id=\"41b74aa\" data-element_type=\"widget\" data-e-type=\"widget\" data-widget_type=\"countdown.default\">\n\t\t\t\t<div class=\"elementor-widget-container\">\n\t\t\t\t\t\t\t<div class=\"elementor-countdown-wrapper\" data-date=\"1733151540\">\n\t\t\t<div class=\"elementor-countdown-item\"><span class=\"elementor-countdown-digits elementor-countdown-days\"><\/span> <span class=\"elementor-countdown-label\">Dias<\/span><\/div><div class=\"elementor-countdown-item\"><span class=\"elementor-countdown-digits elementor-countdown-hours\"><\/span> <span class=\"elementor-countdown-label\">Horas<\/span><\/div><div class=\"elementor-countdown-item\"><span class=\"elementor-countdown-digits elementor-countdown-minutes\"><\/span> <span class=\"elementor-countdown-label\">Minutos<\/span><\/div>\t\t<\/div>\n\t\t\t\t\t\t<\/div>\n\t\t\t\t<\/div>\n\t\t\t\t<div class=\"elementor-element elementor-element-f511e13 elementor-widget elementor-widget-button\" data-id=\"f511e13\" data-element_type=\"widget\" data-e-type=\"widget\" data-widget_type=\"button.default\">\n\t\t\t\t<div class=\"elementor-widget-container\">\n\t\t\t\t\t\t\t\t\t<div class=\"elementor-button-wrapper\">\n\t\t\t\t\t<a class=\"elementor-button elementor-button-link elementor-size-sm\" href=\"https:\/\/gogonihon.com\/pt\/trips\/\">\n\t\t\t\t\t\t<span class=\"elementor-button-content-wrapper\">\n\t\t\t\t\t\t\t\t\t<span class=\"elementor-button-text\">Esta promo\u00e7\u00e3o acabou, mas ainda temos v\u00e1rias ofertas. Veja nossos pacotes Study Trips aqui!<\/span>\n\t\t\t\t\t<\/span>\n\t\t\t\t\t<\/a>\n\t\t\t\t<\/div>\n\t\t\t\t\t\t\t\t<\/div>\n\t\t\t\t<\/div>\n\t\t\t\t<div class=\"elementor-element elementor-element-62c6f11 elementor-widget elementor-widget-spacer\" data-id=\"62c6f11\" data-element_type=\"widget\" data-e-type=\"widget\" data-widget_type=\"spacer.default\">\n\t\t\t\t<div class=\"elementor-widget-container\">\n\t\t\t\t\t\t\t<div class=\"elementor-spacer\">\n\t\t\t<div class=\"elementor-spacer-inner\"><\/div>\n\t\t<\/div>\n\t\t\t\t\t\t<\/div>\n\t\t\t\t<\/div>\n\t\t\t\t\t<\/div>\n\t\t\t\t<\/div>\n\t\t\t\t<\/div>\n\t\t","protected":false},"excerpt":{"rendered":"<p>Nesta Black Friday, a Go! Go! Nihon e a Go! Go! Hanguk se uniram para oferecer ofertas incr\u00edveis: Aprenda japon\u00eas no Jap\u00e3o, aprenda coreano na Cor\u00e9ia, ou fa\u00e7a ambos em uma s\u00f3 viagem!<\/p>\n","protected":false},"author":53,"featured_media":145447,"parent":0,"menu_order":0,"comment_status":"closed","ping_status":"closed","template":"","meta":{"footnotes":""},"class_list":["post-146049","page","type-page","status-publish","has-post-thumbnail","hentry"],"_links":{"self":[{"href":"https:\/\/gogonihon.com\/pt\/wp-json\/wp\/v2\/pages\/146049","targetHints":{"allow":["GET"]}}],"collection":[{"href":"https:\/\/gogonihon.com\/pt\/wp-json\/wp\/v2\/pages"}],"about":[{"href":"https:\/\/gogonihon.com\/pt\/wp-json\/wp\/v2\/types\/page"}],"author":[{"embeddable":true,"href":"https:\/\/gogonihon.com\/pt\/wp-json\/wp\/v2\/users\/53"}],"replies":[{"embeddable":true,"href":"https:\/\/gogonihon.com\/pt\/wp-json\/wp\/v2\/comments?post=146049"}],"version-history":[{"count":10,"href":"https:\/\/gogonihon.com\/pt\/wp-json\/wp\/v2\/pages\/146049\/revisions"}],"predecessor-version":[{"id":200409,"href":"https:\/\/gogonihon.com\/pt\/wp-json\/wp\/v2\/pages\/146049\/revisions\/200409"}],"wp:featuredmedia":[{"embeddable":true,"href":"https:\/\/gogonihon.com\/pt\/wp-json\/wp\/v2\/media\/145447"}],"wp:attachment":[{"href":"https:\/\/gogonihon.com\/pt\/wp-json\/wp\/v2\/media?parent=146049"}],"curies":[{"name":"wp","href":"https:\/\/api.w.org\/{rel}","templated":true}]}}