{"id":3688,"date":"2022-08-26T11:48:03","date_gmt":"2022-08-26T02:48:03","guid":{"rendered":"https:\/\/gogonihon.com\/hiragana-quest-faq\/"},"modified":"2024-12-16T11:50:38","modified_gmt":"2024-12-16T02:50:38","slug":"hiraganaquestfaq","status":"publish","type":"page","link":"https:\/\/gogonihon.com\/it\/hiraganaquestfaq\/","title":{"rendered":"Hiragana Quest &#8211; FAQ"},"content":{"rendered":"\t\t<div data-elementor-type=\"wp-page\" data-elementor-id=\"3688\" class=\"elementor elementor-3688 elementor-3584\" data-elementor-post-type=\"page\">\n\t\t\t\t\t\t<section class=\"elementor-section elementor-top-section elementor-element elementor-element-41fbffb elementor-section-boxed elementor-section-height-default elementor-section-height-default\" data-id=\"41fbffb\" data-element_type=\"section\" data-e-type=\"section\" data-settings=\"{&quot;_ob_glider_is_slider&quot;:&quot;no&quot;}\">\n\t\t\t\t\t\t<div class=\"elementor-container elementor-column-gap-default\">\n\t\t\t\t\t<div class=\"elementor-column elementor-col-100 elementor-top-column elementor-element elementor-element-701ee75\" data-id=\"701ee75\" data-element_type=\"column\" data-e-type=\"column\">\n\t\t\t<div class=\"elementor-widget-wrap elementor-element-populated\">\n\t\t\t\t\t\t<div class=\"elementor-element elementor-element-60a4422 elementor-widget elementor-widget-image\" data-id=\"60a4422\" data-element_type=\"widget\" data-e-type=\"widget\" data-widget_type=\"image.default\">\n\t\t\t\t<div class=\"elementor-widget-container\">\n\t\t\t\t\t\t\t\t\t\t\t\t\t\t\t<img decoding=\"async\" width=\"150\" height=\"150\" src=\"https:\/\/gogonihon.com\/wp-content\/uploads\/2022\/08\/Hiragana-Quest-App-Icon-300x300-1-150x150.png\" class=\"attachment-thumbnail size-thumbnail wp-image-3601\" alt=\"Hiragana Quest Icon\" srcset=\"https:\/\/gogonihon.com\/wp-content\/uploads\/2022\/08\/Hiragana-Quest-App-Icon-300x300-1-150x150.png 150w, https:\/\/gogonihon.com\/wp-content\/uploads\/2022\/08\/Hiragana-Quest-App-Icon-300x300-1.png 300w\" sizes=\"(max-width: 150px) 100vw, 150px\" \/>\t\t\t\t\t\t\t\t\t\t\t\t\t\t\t<\/div>\n\t\t\t\t<\/div>\n\t\t\t\t<div class=\"elementor-element elementor-element-5292fb1 elementor-widget elementor-widget-heading\" data-id=\"5292fb1\" data-element_type=\"widget\" data-e-type=\"widget\" data-widget_type=\"heading.default\">\n\t\t\t\t<div class=\"elementor-widget-container\">\n\t\t\t\t\t<h2 class=\"elementor-heading-title elementor-size-default\">FAQ<\/h2>\t\t\t\t<\/div>\n\t\t\t\t<\/div>\n\t\t\t\t<div class=\"elementor-element elementor-element-85a9b54 elementor-widget elementor-widget-heading\" data-id=\"85a9b54\" data-element_type=\"widget\" data-e-type=\"widget\" data-widget_type=\"heading.default\">\n\t\t\t\t<div class=\"elementor-widget-container\">\n\t\t\t\t\t<h1 class=\"elementor-heading-title elementor-size-default\">Hiragana Quest<\/h1>\t\t\t\t<\/div>\n\t\t\t\t<\/div>\n\t\t\t\t<div class=\"elementor-element elementor-element-cd947c3 elementor-widget elementor-widget-text-editor\" data-id=\"cd947c3\" data-element_type=\"widget\" data-e-type=\"widget\" data-widget_type=\"text-editor.default\">\n\t\t\t\t<div class=\"elementor-widget-container\">\n\t\t\t\t\t\t\t\t\t<p><strong>Leggi<\/strong>, <strong>scrivi<\/strong> e <strong>memorizza<\/strong> l\u2019alfabeto giapponese<\/p>\n\t\t\t\t\t\t\t\t<\/div>\n\t\t\t\t<\/div>\n\t\t\t\t\t<\/div>\n\t\t<\/div>\n\t\t\t\t\t<\/div>\n\t\t<\/section>\n\t\t\t\t<section class=\"elementor-section elementor-top-section elementor-element elementor-element-d9f2739 elementor-section-boxed elementor-section-height-default elementor-section-height-default\" data-id=\"d9f2739\" data-element_type=\"section\" data-e-type=\"section\" data-settings=\"{&quot;_ob_glider_is_slider&quot;:&quot;no&quot;}\">\n\t\t\t\t\t\t<div class=\"elementor-container elementor-column-gap-default\">\n\t\t\t\t\t<div class=\"elementor-column elementor-col-100 elementor-top-column elementor-element elementor-element-6db9394\" data-id=\"6db9394\" data-element_type=\"column\" data-e-type=\"column\">\n\t\t\t<div class=\"elementor-widget-wrap elementor-element-populated\">\n\t\t\t\t\t\t<div class=\"elementor-element elementor-element-ee534db elementor-widget elementor-widget-text-editor\" data-id=\"ee534db\" data-element_type=\"widget\" data-e-type=\"widget\" data-widget_type=\"text-editor.default\">\n\t\t\t\t<div class=\"elementor-widget-container\">\n\t\t\t\t\t\t\t\t\t<h5>Ho ripristinato i dati\/installato l\u2019app \/ cambiato il dispositivo e mi chiede di acquistare di nuovo il corso!<\/h5>\n<ol>\n<li>Prima di tutto, chiudi l\u2019app completamente.<\/li>\n<li>Assicurati di essere connesso a internet e di aver fatto login nel tuo account Google Play Store\/Apple Store dal quale hai effettuato l\u2019acquisto.<\/li>\n<li>Riavvia l\u2019app.<\/li>\n<li>Apri il Menu (dal tasto in alto a destra).<\/li>\n<li>Clicca sul tasto Riattiva gli acquisti.<\/li>\n<\/ol>\n<p>Riceverai un messaggio di conferma che il tuo acquisto \u00e8 stato ripristinato e che puoi continuare il corso. Se questo non dovesse funzionare significa che il tuo telefono non riconosce pi\u00f9 l\u2019acquisto. Ti consigliamo, quindi, di cancellare l\u2019app solo se sei sicuro di non volerla pi\u00f9 utilizzare.<\/p>\n<h5>Posso trasferire l&#8217;acquisto dell&#8217;app tra dispositivi Apple e Android?<\/h5>\n<p>Il tuo acquisto \u00e8 legato al tuo account Google Play\/App Store. Poich\u00e9 le piattaforme Google e Apple sono completamente separate, l&#8217;acquisto non \u00e8 trasferibile da una piattaforma all&#8217;altra. Se hai effettuato l&#8217;acquisto originale su Google Play e ora vuoi utilizzare l&#8217;applicazione su un dispositivo iOS (e viceversa), dovrai effettuare un nuovo acquisto.<\/p>\n<h5>Non riesco a sentire l\u2019audio quando premo sul tasto play<\/h5>\n<p>Nell\u2019app non ci sono impostazioni che bloccano il volume. Se non riesci a sentire l\u2019audio ci deve essere qualche impostazione sul tuo dispositivo che non te lo permette. Prova ad alzare il volume al massimo, e assicurati che il tuo telefono non sia in modalit\u00e0 silenzioso\/non disturbare, e prova a riavviare il dispositivo, aprendo l\u2019app alla fine.<\/p>\n<h5>Se cancello e installo di nuovo l\u2019app, posso poi riprendere da dove avevo lasciato?<\/h5>\n<p>Se cancelli l\u2019app, perderai i dati salvati e tutti i tuoi progressi. Nella maggior parte dei casi non dovrai acquistarla di nuovo, ma potrai riattivare gli acquisti. A volte, per\u00f2, il tuo telefono potrebbe non riconoscere pi\u00f9 i tuoi precedenti acquisti, quindi ti consigliamo di pensarci bene prima di cancellare l\u2019app.<\/p>\n<h5>Posso cambiare dispositivo e continuare il corso da dove avevo lasciato?<\/h5>\n<p>Questo passaggio richiede una migrazione manuale dei dati dal vecchio dispositivo, come ad esempio un backup dei dati dal tuo vecchio telefono, nel caso di un dispositivo iOS. Ti consigliamo di controllare le impostazioni del tuo dispositivo e del suo sistema operativo. Ricorda che, anche se non potrai salvare i progressi, non dovrai riacquistare il corso.<\/p>\n<h5>Dove sono gli altri caratteri?<\/h5>\n<p>Una volta che avrai completato tutti gli hiragana e katakana, avrai accesso a una Lezione Bonus. In questa lezione parliamo di:<\/p>\n<ul>\n<li>Ten-ten (dakuten)<\/li>\n<li>Maru (handakuten)<\/li>\n<li>Chou-on<\/li>\n<li>Chiisai tsu<\/li>\n<li>You-on<\/li>\n<li>Vocali piccole<\/li>\n<\/ul>\n<p>Poich\u00e9 questi principi sono applicati a entrambi gli alfabeti, \u00e8 pi\u00f9 naturale parlarne alla fine quando li avrai imparati gi\u00e0 tutti.<\/p>\n<h5>Ho difficolt\u00e0 a disegnare il carattere x \/ \u00e8 troppo facile disegnare il carattere y<\/h5>\n<p>Ognuno ha i propri tempi nel memorizzare un carattere rispetto a un altro. Per questo motivo abbiamo cercato di trovare un equilibrio nel livello di difficolt\u00e0, che possa soddisfare le aspettative di tutti, e dare a tutti la possibilit\u00e0 di imparare i caratteri correttamente.<\/p>\n<p>Se hai difficolt\u00e0 nel disegnare il carattere, controlla che l\u2019ordine dei tratti sia giusto, cos\u00ec come la grandezza, e quando cambi direzione col dito cerca di evitare di passare di nuovo su una linea gi\u00e0 disegnata, a meno che non sia richiesto dalla linea guida.<\/p>\n<h5>Ho visto il carattere x scritto diversamente<\/h5>\n<p>Non sbagli! Come tutte le lingue, anche il giapponese ha degli stili diversi in base al font o alla scrittura a mano, per questo a volte i caratteri sembrano scritti diversamente. Nel corso imparerai a scrivere il carattere hiragana \u201cri\u201d in due tratti separati, quando in alcuni font vengono uniti in un unico tratto. Assicurati di imparare il metodo ufficiale, anche se \u00e8 sempre utile conoscerne le variazioni.<\/p>\n<h5>Ho finito il corso, cosa dovrei fare ora?<\/h5>\n<p>Complimenti!<\/p>\n<p>Se vuoi continuare a imparare giapponese dai un\u2019occhiata al corso online di Go! Go! Nihon qui.<\/p>\n<h5>Contattaci<\/h5>\n<p>Se non hai trovato una risposta alla tua domanda nella nostra FAQ, o semplicemente vuoi lasciarci la tua opinione, compila questo modulo per metterti in contatto con noi.<\/p>\n<p>&nbsp;<\/p>\n<p><script>\nvar gform;gform||(document.addEventListener(\"gform_main_scripts_loaded\",function(){gform.scriptsLoaded=!0}),document.addEventListener(\"gform\/theme\/scripts_loaded\",function(){gform.themeScriptsLoaded=!0}),window.addEventListener(\"DOMContentLoaded\",function(){gform.domLoaded=!0}),gform={domLoaded:!1,scriptsLoaded:!1,themeScriptsLoaded:!1,isFormEditor:()=>\"function\"==typeof InitializeEditor,callIfLoaded:function(o){return!(!gform.domLoaded||!gform.scriptsLoaded||!gform.themeScriptsLoaded&&!gform.isFormEditor()||(gform.isFormEditor()&&console.warn(\"The use of gform.initializeOnLoaded() is deprecated in the form editor context and will be removed in Gravity Forms 3.1.\"),o(),0))},initializeOnLoaded:function(o){gform.callIfLoaded(o)||(document.addEventListener(\"gform_main_scripts_loaded\",()=>{gform.scriptsLoaded=!0,gform.callIfLoaded(o)}),document.addEventListener(\"gform\/theme\/scripts_loaded\",()=>{gform.themeScriptsLoaded=!0,gform.callIfLoaded(o)}),window.addEventListener(\"DOMContentLoaded\",()=>{gform.domLoaded=!0,gform.callIfLoaded(o)}))},hooks:{action:{},filter:{}},addAction:function(o,r,e,t){gform.addHook(\"action\",o,r,e,t)},addFilter:function(o,r,e,t){gform.addHook(\"filter\",o,r,e,t)},doAction:function(o){gform.doHook(\"action\",o,arguments)},applyFilters:function(o){return gform.doHook(\"filter\",o,arguments)},removeAction:function(o,r){gform.removeHook(\"action\",o,r)},removeFilter:function(o,r,e){gform.removeHook(\"filter\",o,r,e)},addHook:function(o,r,e,t,n){null==gform.hooks[o][r]&&(gform.hooks[o][r]=[]);var d=gform.hooks[o][r];null==n&&(n=r+\"_\"+d.length),gform.hooks[o][r].push({tag:n,callable:e,priority:t=null==t?10:t})},doHook:function(r,o,e){var t;if(e=Array.prototype.slice.call(e,1),null!=gform.hooks[r][o]&&((o=gform.hooks[r][o]).sort(function(o,r){return o.priority-r.priority}),o.forEach(function(o){\"function\"!=typeof(t=o.callable)&&(t=window[t]),\"action\"==r?t.apply(null,e):e[0]=t.apply(null,e)})),\"filter\"==r)return e[0]},removeHook:function(o,r,t,n){var e;null!=gform.hooks[o][r]&&(e=(e=gform.hooks[o][r]).filter(function(o,r,e){return!!(null!=n&&n!=o.tag||null!=t&&t!=o.priority)}),gform.hooks[o][r]=e)}});\n<\/script>\n\n                <div class='gf_browser_gecko gform_wrapper gravity-theme gform-theme--no-framework' data-form-theme='gravity-theme' data-form-index='0' id='gform_wrapper_120' >\n                        <div class='gform_heading'>\n                            <p class='gform_description'><\/p>\n                        <\/div><form method='post' enctype='multipart\/form-data'  id='gform_120'  action='\/it\/wp-json\/wp\/v2\/pages\/3688' data-formid='120' novalidate>\n                        <div class='gform-body gform_body'><div id='gform_fields_120' class='gform_fields top_label form_sublabel_below description_below validation_below'><fieldset id=\"field_120_1\" class=\"gfield gfield--type-name gfield_contains_required field_sublabel_below gfield--no-description field_description_below field_validation_below gfield_visibility_visible\"  ><legend class='gfield_label gform-field-label gfield_label_before_complex' >Nome<span class=\"gfield_required\"><span class=\"gfield_required gfield_required_text\">(Obbligatorio)<\/span><\/span><\/legend><div class='ginput_complex ginput_container ginput_container--name no_prefix has_first_name no_middle_name has_last_name no_suffix gf_name_has_2 ginput_container_name gform-grid-row' id='input_120_1'>\n                            \n                            <span id='input_120_1_3_container' class='name_first gform-grid-col gform-grid-col--size-auto' >\n                                                    <input type='text' name='input_1.3' id='input_120_1_3' value=''   aria-required='true'     \/>\n                                                    <label for='input_120_1_3' class='gform-field-label gform-field-label--type-sub '>Nome<\/label>\n                                                <\/span>\n                            \n                            <span id='input_120_1_6_container' class='name_last gform-grid-col gform-grid-col--size-auto' >\n                                                    <input type='text' name='input_1.6' id='input_120_1_6' value=''   aria-required='true'     \/>\n                                                    <label for='input_120_1_6' class='gform-field-label gform-field-label--type-sub '>Cognome<\/label>\n                                                <\/span>\n                            \n                        <\/div><\/fieldset><fieldset id=\"field_120_2\" class=\"gfield gfield--type-radio gfield--type-choice gfield_contains_required field_sublabel_below gfield--no-description field_description_below field_validation_below gfield_visibility_visible\"  ><legend class='gfield_label gform-field-label' >Piattaforma<span class=\"gfield_required\"><span class=\"gfield_required gfield_required_text\">(Obbligatorio)<\/span><\/span><\/legend><div class='ginput_container ginput_container_radio'><div class='gfield_radio' id='input_120_2'>\n\t\t\t<div class='gchoice gchoice_120_2_0'>\n\t\t\t\t\t<input class='gfield-choice-input' name='input_2' type='radio' value='Android'  id='choice_120_2_0' onchange='gformToggleRadioOther( this )'    \/>\n\t\t\t\t\t<label for='choice_120_2_0' id='label_120_2_0' class='gform-field-label gform-field-label--type-inline'>Android<\/label>\n\t\t\t<\/div>\n\t\t\t<div class='gchoice gchoice_120_2_1'>\n\t\t\t\t\t<input class='gfield-choice-input' name='input_2' type='radio' value='iOS'  id='choice_120_2_1' onchange='gformToggleRadioOther( this )'    \/>\n\t\t\t\t\t<label for='choice_120_2_1' id='label_120_2_1' class='gform-field-label gform-field-label--type-inline'>iOS<\/label>\n\t\t\t<\/div><\/div><\/div><\/fieldset><div id=\"field_120_3\" class=\"gfield gfield--type-email gfield_contains_required field_sublabel_below gfield--has-description field_description_below field_validation_below gfield_visibility_visible\"  ><label class='gfield_label gform-field-label' for='input_120_3'>Email<span class=\"gfield_required\"><span class=\"gfield_required gfield_required_text\">(Obbligatorio)<\/span><\/span><\/label><div class='ginput_container ginput_container_email'>\n                            <input name='input_3' id='input_120_3' type='email' value='' class='medium'    aria-required=\"true\" aria-invalid=\"false\" aria-describedby=\"gfield_description_120_3\" \/>\n                        <\/div><div class='gfield_description' id='gfield_description_120_3'>Google Play oppure Apple App Store indirizzo email &#8211; richiesto per confermare il tuo account<\/div><\/div><div id=\"field_120_4\" class=\"gfield gfield--type-textarea gfield_contains_required field_sublabel_below gfield--no-description field_description_below field_validation_below gfield_visibility_visible\"  ><label class='gfield_label gform-field-label' for='input_120_4'>Messaggio<span class=\"gfield_required\"><span class=\"gfield_required gfield_required_text\">(Obbligatorio)<\/span><\/span><\/label><div class='ginput_container ginput_container_textarea'><textarea name='input_4' id='input_120_4' class='textarea medium'     aria-required=\"true\" aria-invalid=\"false\"   rows='10' cols='50'><\/textarea><\/div><\/div><\/div><\/div>\n        <div class='gform-footer gform_footer top_label'> <input type='submit' id='gform_submit_button_120' class='gform_button button' onclick='gform.submission.handleButtonClick(this);' data-submission-type='submit' value='Invia'  \/> \n            <input type='hidden' class='gform_hidden' name='gform_submission_method' data-js='gform_submission_method_120' value='postback' \/>\n            <input type='hidden' class='gform_hidden' name='gform_theme' data-js='gform_theme_120' id='gform_theme_120' value='gravity-theme' \/>\n            <input type='hidden' class='gform_hidden' name='gform_style_settings' data-js='gform_style_settings_120' id='gform_style_settings_120' value='[]' \/>\n            <input type='hidden' class='gform_hidden' name='is_submit_120' value='1' \/>\n            <input type='hidden' class='gform_hidden' name='gform_submit' value='120' \/>\n            \n            <input type='hidden' class='gform_hidden' name='gform_currency' data-currency='JPY' value='yB1C9ubdQ+l86OibWMY1jABkLohUcFQqQADK\/aUrajIyR1SXCnSxMSv8Jnu3qxLCSKXAkhaP8nc3avGfIGZOwGETSlRUwJKTG3dg2rMUjLhBYeY=' \/>\n            <input type='hidden' class='gform_hidden' name='gform_unique_id' value='' \/>\n            <input type='hidden' class='gform_hidden' name='state_120' value='WyJbXSIsImFkNmZlZDZjYWQ1MzZjNDE0ZDc4Yjc4ZmMzNWRhZTFlIl0=' \/>\n            <input type='hidden' autocomplete='off' class='gform_hidden' name='gform_target_page_number_120' id='gform_target_page_number_120' value='0' \/>\n            <input type='hidden' autocomplete='off' class='gform_hidden' name='gform_source_page_number_120' id='gform_source_page_number_120' value='1' \/>\n            <input type='hidden' name='gform_field_values' value='' \/>\n            \n        <\/div>\n                        <\/form>\n                        <\/div><script>\ngform.initializeOnLoaded( function() {gformInitSpinner( 120, 'https:\/\/gogonihon.com\/wp-content\/plugins\/gravityforms\/images\/spinner.svg', true );jQuery('#gform_ajax_frame_120').on('load',function(){var contents = jQuery(this).contents().find('*').html();var is_postback = contents.indexOf('GF_AJAX_POSTBACK') >= 0;if(!is_postback){return;}var form_content = jQuery(this).contents().find('#gform_wrapper_120');var is_confirmation = jQuery(this).contents().find('#gform_confirmation_wrapper_120').length > 0;var is_redirect = contents.indexOf('gformRedirect(){') >= 0;var is_form = form_content.length > 0 && ! is_redirect && ! is_confirmation;var mt = parseInt(jQuery('html').css('margin-top'), 10) + parseInt(jQuery('body').css('margin-top'), 10) + 100;if(is_form){jQuery('#gform_wrapper_120').html(form_content.html());if(form_content.hasClass('gform_validation_error')){jQuery('#gform_wrapper_120').addClass('gform_validation_error');} else {jQuery('#gform_wrapper_120').removeClass('gform_validation_error');}setTimeout( function() { \/* delay the scroll by 50 milliseconds to fix a bug in chrome *\/  }, 50 );if(window['gformInitDatepicker']) {gformInitDatepicker();}if(window['gformInitPriceFields']) {gformInitPriceFields();}var current_page = jQuery('#gform_source_page_number_120').val();gformInitSpinner( 120, 'https:\/\/gogonihon.com\/wp-content\/plugins\/gravityforms\/images\/spinner.svg', true );jQuery(document).trigger('gform_page_loaded', [120, current_page]);window['gf_submitting_120'] = false;}else if(!is_redirect){var confirmation_content = jQuery(this).contents().find('.GF_AJAX_POSTBACK').html();if(!confirmation_content){confirmation_content = contents;}jQuery('#gform_wrapper_120').replaceWith(confirmation_content);jQuery(document).trigger('gform_confirmation_loaded', [120]);window['gf_submitting_120'] = false;wp.a11y.speak(jQuery('#gform_confirmation_message_120').text());}else{jQuery('#gform_120').append(contents);if(window['gformRedirect']) {gformRedirect();}}jQuery(document).trigger(\"gform_pre_post_render\", [{ formId: \"120\", currentPage: \"current_page\", abort: function() { this.preventDefault(); } }]);        if (event && event.defaultPrevented) {                return;        }        const gformWrapperDiv = document.getElementById( \"gform_wrapper_120\" );        if ( gformWrapperDiv ) {            const visibilitySpan = document.createElement( \"span\" );            visibilitySpan.id = \"gform_visibility_test_120\";            gformWrapperDiv.insertAdjacentElement( \"afterend\", visibilitySpan );        }        const visibilityTestDiv = document.getElementById( \"gform_visibility_test_120\" );        let postRenderFired = false;        function triggerPostRender() {            if ( postRenderFired ) {                return;            }            postRenderFired = true;            gform.core.triggerPostRenderEvents( 120, current_page );            if ( visibilityTestDiv ) {                visibilityTestDiv.parentNode.removeChild( visibilityTestDiv );            }        }        function debounce( func, wait, immediate ) {            var timeout;            return function() {                var context = this, args = arguments;                var later = function() {                    timeout = null;                    if ( !immediate ) func.apply( context, args );                };                var callNow = immediate && !timeout;                clearTimeout( timeout );                timeout = setTimeout( later, wait );                if ( callNow ) func.apply( context, args );            };        }        const debouncedTriggerPostRender = debounce( function() {            triggerPostRender();        }, 200 );        if ( visibilityTestDiv && visibilityTestDiv.offsetParent === null ) {            const observer = new MutationObserver( ( mutations ) => {                mutations.forEach( ( mutation ) => {                    if ( mutation.type === 'attributes' && visibilityTestDiv.offsetParent !== null ) {                        debouncedTriggerPostRender();                        observer.disconnect();                    }                });            });            observer.observe( document.body, {                attributes: true,                childList: false,                subtree: true,                attributeFilter: [ 'style', 'class' ],            });        } else {            triggerPostRender();        }    } );} );\n<\/script>\n<\/p>\n\t\t\t\t\t\t\t\t<\/div>\n\t\t\t\t<\/div>\n\t\t\t\t\t<\/div>\n\t\t<\/div>\n\t\t\t\t\t<\/div>\n\t\t<\/section>\n\t\t\t\t<\/div>\n\t\t","protected":false},"excerpt":{"rendered":"<p>FAQ Hiragana Quest Leggi, scrivi e memorizza l\u2019alfabeto giapponese Ho ripristinato i dati\/installato l\u2019app \/ cambiato il dispositivo e mi chiede di acquistare di nuovo il corso! Prima di tutto, chiudi l\u2019app completamente. Assicurati di essere connesso a internet e di aver fatto login nel tuo account Google Play Store\/Apple Store dal quale hai effettuato [&hellip;]<\/p>\n","protected":false},"author":6,"featured_media":0,"parent":0,"menu_order":0,"comment_status":"closed","ping_status":"closed","template":"","meta":{"footnotes":""},"class_list":["post-3688","page","type-page","status-publish","hentry"],"_links":{"self":[{"href":"https:\/\/gogonihon.com\/it\/wp-json\/wp\/v2\/pages\/3688","targetHints":{"allow":["GET"]}}],"collection":[{"href":"https:\/\/gogonihon.com\/it\/wp-json\/wp\/v2\/pages"}],"about":[{"href":"https:\/\/gogonihon.com\/it\/wp-json\/wp\/v2\/types\/page"}],"author":[{"embeddable":true,"href":"https:\/\/gogonihon.com\/it\/wp-json\/wp\/v2\/users\/6"}],"replies":[{"embeddable":true,"href":"https:\/\/gogonihon.com\/it\/wp-json\/wp\/v2\/comments?post=3688"}],"version-history":[{"count":0,"href":"https:\/\/gogonihon.com\/it\/wp-json\/wp\/v2\/pages\/3688\/revisions"}],"wp:attachment":[{"href":"https:\/\/gogonihon.com\/it\/wp-json\/wp\/v2\/media?parent=3688"}],"curies":[{"name":"wp","href":"https:\/\/api.w.org\/{rel}","templated":true}]}}