{"id":191849,"date":"2025-09-08T10:09:03","date_gmt":"2025-09-08T01:09:03","guid":{"rendered":"https:\/\/gogonihon.com\/assicurazione-giappone\/"},"modified":"2025-09-08T10:09:04","modified_gmt":"2025-09-08T01:09:04","slug":"assicurazione-giappone","status":"publish","type":"page","link":"https:\/\/gogonihon.com\/it\/assicurazione-giappone\/","title":{"rendered":"Assicurazione &#8211; Giappone"},"content":{"rendered":"\t\t<div data-elementor-type=\"wp-page\" data-elementor-id=\"191849\" class=\"elementor elementor-191849 elementor-133601\" data-elementor-post-type=\"page\">\n\t\t\t\t\t\t<section class=\"elementor-section elementor-top-section elementor-element elementor-element-c2eb77a elementor-section-boxed elementor-section-height-default elementor-section-height-default\" data-id=\"c2eb77a\" data-element_type=\"section\" data-e-type=\"section\" data-settings=\"{&quot;_ob_glider_is_slider&quot;:&quot;no&quot;}\">\n\t\t\t\t\t\t<div class=\"elementor-container elementor-column-gap-default\">\n\t\t\t\t\t<div class=\"elementor-column elementor-col-100 elementor-top-column elementor-element elementor-element-6a1b72a\" data-id=\"6a1b72a\" data-element_type=\"column\" data-e-type=\"column\">\n\t\t\t<div class=\"elementor-widget-wrap elementor-element-populated\">\n\t\t\t\t\t\t<div class=\"elementor-element elementor-element-f5028ab elementor-widget elementor-widget-heading\" data-id=\"f5028ab\" data-element_type=\"widget\" data-e-type=\"widget\" data-widget_type=\"heading.default\">\n\t\t\t\t<div class=\"elementor-widget-container\">\n\t\t\t\t\t<h1 class=\"elementor-heading-title elementor-size-default\">Assicurazione - Giappone<\/h1>\t\t\t\t<\/div>\n\t\t\t\t<\/div>\n\t\t\t\t<div class=\"elementor-element elementor-element-24f918b elementor-widget elementor-widget-text-editor\" data-id=\"24f918b\" data-element_type=\"widget\" data-e-type=\"widget\" data-widget_type=\"text-editor.default\">\n\t\t\t\t<div class=\"elementor-widget-container\">\n\t\t\t\t\t\t\t\t\t<p>Ci affidiamo a Envisage Global Insurance per coprire i nostri studenti durante le vacanze studio. Tutti i dettagli di seguito fanno riferimento alla politica di Envisage e Tokyo Marine HCC. L\u2019assicurazione parte dal giorno prima dell\u2019inizio del corso e si conclude un giorno dopo. Gli studenti possono richiedere l&#8217;estensione della copertura pagando il costo aggiuntivo. Ti preghiamo di notare che questa copertura non \u00e8 disponibile per studenti di 50 anni o pi\u00f9. I dettagli dell\u2019assicurazione vengono spediti agli studenti prima dell\u2019arrivo in Giappone. Se hai domande in merito ai dettagli riportati di seguito, per favore contatta l\u2019agenzia.<br \/>Per richieste di risarcimenti o domande sulla polizza assicurativa, gli studenti dovranno contattare direttamente la compagnia assicurativa. <\/p>\n\t\t\t\t\t\t\t\t<\/div>\n\t\t\t\t<\/div>\n\t\t\t\t<div class=\"elementor-element elementor-element-c87a364 elementor-widget elementor-widget-heading\" data-id=\"c87a364\" data-element_type=\"widget\" data-e-type=\"widget\" data-widget_type=\"heading.default\">\n\t\t\t\t<div class=\"elementor-widget-container\">\n\t\t\t\t\t<h2 class=\"elementor-heading-title elementor-size-default\">DETTAGLI SULLA COPERTURA ASSICURATIVA<\/h2>\t\t\t\t<\/div>\n\t\t\t\t<\/div>\n\t\t<div class=\"elementor-element elementor-element-986c842 e-grid e-con-boxed e-con e-parent\" data-id=\"986c842\" data-element_type=\"container\" data-e-type=\"container\" data-settings=\"{&quot;_ob_glider_is_slider&quot;:&quot;no&quot;}\">\n\t\t\t\t\t<div class=\"e-con-inner\">\n\t\t\t\t<div class=\"elementor-element elementor-element-eb2e4f9 elementor-widget elementor-widget-text-editor\" data-id=\"eb2e4f9\" data-element_type=\"widget\" data-e-type=\"widget\" data-widget_type=\"text-editor.default\">\n\t\t\t\t<div class=\"elementor-widget-container\">\n\t\t\t\t\t\t\t\t\t<table>\r\n<tbody>\r\n<tr style=\"height: 52px;\">\r\n<td style=\"width: 701.914px; height: 52px;\">\r\n<div class=\"layoutArea\">\r\n<div class=\"column\">\r\n\r\nLimite massimo generale e massimale per incidenti\/malattia\r\n\r\n<\/div>\r\n<\/div><\/td>\r\n<td style=\"width: 532.086px; height: 52px;\">\r\n<div class=\"layoutArea\">\r\n<div class=\"column\">\r\n\r\n$3,000,000\r\n\r\n<\/div>\r\n<\/div><\/td>\r\n<\/tr>\r\n<tr style=\"height: 52px;\">\r\n<td style=\"width: 701.914px; height: 52px;\">\r\n<div class=\"layoutArea\">\r\n<div class=\"column\">\r\n\r\nDeducibile\r\n\r\n<\/div>\r\n<\/div><\/td>\r\n<td style=\"width: 532.086px; height: 52px;\">\r\n<div class=\"layoutArea\">\r\n<div class=\"column\">$0 per periodo di validit\u00e0 del certificato<\/div>\r\n<\/div><\/td>\r\n<\/tr>\r\n<tr style=\"height: 72px;\">\r\n<td style=\"width: 701.914px; height: 73px;\">\r\n<div class=\"layoutArea\">\r\n<div class=\"column\">\r\n\r\nCoassicurazione\r\n\r\n<\/div>\r\n<\/div><\/td>\r\n<td style=\"width: 532.086px; height: 73px;\">\r\n<div class=\"layoutArea\">\r\n<div class=\"column\">Pagheremo il 100% delle spese eleggibili dopo la detrazione fino al limite massimo generale.<\/div>\r\n<\/div><\/td>\r\n<\/tr>\r\n<tr style=\"height: 52px;\">\r\n<td style=\"width: 701.914px; height: 52px;\">\r\n<div class=\"layoutArea\">\r\n<div class=\"column\">\r\n\r\nStanza e vitto in ospedale\r\n\r\n<\/div>\r\n<\/div><\/td>\r\n<td style=\"width: 532.086px; height: 52px;\">\r\n<div class=\"layoutArea\">\r\n<div class=\"column\">Tariffa media della stanza semiprivata, compresi i servizi infermieristici <\/div>\r\n<\/div><\/td>\r\n<\/tr>\r\n<tr style=\"height: 52px;\">\r\n<td style=\"width: 701.914px; height: 52px;\">\r\n<div class=\"layoutArea\">\r\n<div class=\"column\">\r\n\r\nUnit\u00e0 di terapia intensit\u00e0\r\n\r\n<\/div>\r\n<\/div><\/td>\r\n<td style=\"width: 532.086px; height: 52px;\">\r\n<div class=\"layoutArea\">\r\n<div class=\"column\">Fino il limite massimo generale<\/div>\r\n<\/div><\/td>\r\n<\/tr>\r\n<tr style=\"height: 96px;\">\r\n<td style=\"width: 701.914px; height: 96px;\">\r\n<div class=\"layoutArea\">\r\n<div class=\"column\">\r\n\r\nAmbulanza locale\r\n\r\n<\/div>\r\n<\/div><\/td>\r\n<td style=\"width: 532.086px; height: 96px;\">\r\n<div class=\"layoutArea\">\r\n<div class=\"column\">Spese usuali, ragionevoli e consuete per malattie o infortuni coperti. La malattia deve comportare un ricovero ospedaliero.<\/div>\r\n<\/div><\/td>\r\n<\/tr>\r\n<tr style=\"height: 52px;\">\r\n<td style=\"width: 701.914px; height: 52px;\">\r\n<div class=\"layoutArea\">\r\n<div class=\"column\">\r\n\r\nFisioterapia ambulatoriale e cure chiropratiche\r\n\r\n<\/div>\r\n<\/div><\/td>\r\n<td style=\"width: 532.086px; height: 52px;\">\r\n<div class=\"layoutArea\">\r\n<div class=\"column\">Fino a un massimo di $50 al giorno. Deve essere ordinato in anticipo da un medico. $1,500 di copertura massima certificata &#8211; non soggetta a coassicurazione<\/div>\r\n<\/div><\/td>\r\n<\/tr>\r\n\r\n<tr style=\"height: 76px;\">\r\n<td style=\"width: 701.914px; height: 76px;\">\r\n<div class=\"layoutArea\">\r\n<div class=\"column\">\r\n\r\nTrattamento dentale per incidente\r\n\r\n<\/div>\r\n<\/div><\/td>\r\n<td style=\"width: 532.086px; height: 76px;\">\r\n<div class=\"layoutArea\">\r\n<div class=\"column\">Fino a $500<\/div>\r\n<\/div><\/td>\r\n<\/tr>\r\n\r\n<tr style=\"height: 76px;\">\r\n<td style=\"width: 701.914px; height: 76px;\">\r\n<div class=\"layoutArea\">\r\n<div class=\"column\">\r\n\r\nEmergenza dentale (insorgenza acuta del dolore)\r\n\r\n<\/div>\r\n<\/div><\/td>\r\n<td style=\"width: 532.086px; height: 76px;\">\r\n<div class=\"layoutArea\">\r\n<div class=\"column\">$200<\/div>\r\n<\/div><\/td>\r\n<\/tr>\r\n\r\n<tr style=\"height: 76px;\">\r\n<td style=\"width: 701.914px; height: 76px;\">\r\n<div class=\"layoutArea\">\r\n<div class=\"column\">\r\n\r\nAttivit\u00e0 sportive\r\n\r\n<\/div>\r\n<\/div><\/td>\r\n<td style=\"width: 532.086px; height: 76px;\">\r\n<div class=\"layoutArea\">\r\n<div class=\"column\">Spese usuali, ragionevoli e consuete (relative ad attivit\u00e0 sportive o atletiche amatoriali, non di contatto e non organizzate\/non autorizzate, non altrimenti escluse nel presente documento, praticate esclusivamente per svago, intrattenimento, tempo libero o finalit\u00e0 di fitness).<\/div>\r\n<\/div><\/td>\r\n<\/tr>\r\n<tr style=\"height: 76px;\">\r\n<td style=\"width: 701.914px; height: 76px;\">\r\n<div class=\"layoutArea\">\r\n<div class=\"column\">\r\n\r\nProblemi di salute mentale\r\n\r\n<\/div>\r\n<\/div><\/td>\r\n<td style=\"width: 532.086px; height: 76px;\">\r\n<div class=\"layoutArea\">\r\n<div class=\"column\">Ambulatoriale: fino a $50 per visita \/ massimo $500 per certificato.<br\/>\r\nRicovero (Inpatient): fino a $20.000.<\/div>\r\n<\/div><\/td>\r\n<\/tr>\r\n\r\n<tr style=\"height: 52px;\">\r\n<td style=\"width: 701.914px; height: 52px;\">\r\n<div class=\"layoutArea\">\r\n<div class=\"column\">\r\n\r\nTutte le altre spese mediche ammissibili\r\n\r\n<\/div>\r\n<\/div><\/td>\r\n<td style=\"width: 532.086px; height: 52px;\">\r\n<div class=\"layoutArea\">\r\n<div class=\"column\">Fino al limite massimo complessivo<\/div>\r\n<\/div><\/td>\r\n<\/tr>\r\n\r\n\r\n<tr style=\"height: 72px;\">\r\n<td style=\"width: 701.914px; height: 72px;\">Evacuazione medica d&#8217;emergenza<br\/>\r\n&#8211; Non soggetto a franchigia o limite massimo complessivo<\/td>\r\n<td style=\"width: 532.086px; height: 72px;\">Fino a un massimo di $50.000 a vita.<\/td>\r\n<\/tr>\r\n\r\n\r\n<tr style=\"height: 24px;\">\r\n<td style=\"width: 701.914px; height: 24px;\">Rimpatrio dei resti<br\/>\r\n&#8211; Non soggetto a Franchigia o Coassicurazione &#8211; Questo limite si riferisce esclusivamente a questa prestazione e non \u00e8 incluso o soggetto al massimale complessivo.<\/td>\r\n<td style=\"width: 532.086px; height: 24px;\">Fino a un massimo di $25.000 a vita.<\/td>\r\n<\/tr>\r\n\r\n<tr style=\"height: 48px;\">\r\n<td style=\"width: 701.914px; height: 48px;\">Riunione di emergenza<br\/>\r\n&#8211; Non soggetto a franchigia<\/td>\r\n<td style=\"width: 532.086px; height: 48px;\">Fino a $1.000, con un massimo di 15 giorni, a seguito di un infortunio corporeo o di una malattia pericolosa per la vita, coperti dalla polizza, che comportino il ricovero in un&#8217;unit\u00e0 di terapia intensiva ospedaliera.<\/td>\r\n<\/tr>\r\n\r\n<tr style=\"height: 24px;\">\r\n<td style=\"width: 701.914px; height: 24px;\">Interruzione del viaggio*<br\/>\r\nNon soggetta a franchigia n\u00e9 a coassicurazione.<\/td>\r\n<td style=\"width: 532.086px; height: 24px;\">Fino a $1,500<\/td>\r\n<\/tr>\r\n\r\n\r\n<tr style=\"height: 24px;\">\r\n<td style=\"width: 701.914px; height: 24px;\">Bagaglio da stiva smarrito *<br\/>\r\nNon soggetta a franchigia<\/td>\r\n<td style=\"width: 532.086px; height: 24px;\">Fino a $250<\/td>\r\n<\/tr>\r\n\r\n\r\n<tr style=\"height: 240px;\">\r\n<td style=\"width: 701.914px; height: 240px;\">Morte accidentale e smembramento<br\/>\r\n(Sono escluse le perdite dovute a incidenti con vettori comuni)<br\/>\r\n&#8211; Non soggetto a franchigia, coassicurazione o a limite massimo complessivo.<\/td>\r\n<td style=\"width: 532.086px; height: 240px;\">Persone di et\u00e0 pari o superiore a 18 anni: massimale complessivo per tutta la durata della copertura \u2013 $10.000<br\/>\r\nPersone di et\u00e0 inferiore a 18 anni: massimale complessivo per tutta la durata della copertura \u2013 $5.000<\/td>\r\n<\/tr>\r\n\r\n\r\n\r\n<tr style=\"height: 148px;\">\r\n<td style=\"width: 701.914px; height: 148px;\">Responsabilit\u00e0 civile  privata**<br\/>\r\n&#8211; Non soggetta a franchigia, coassicurazione o limite massimo complessivot<\/td>\r\n<td style=\"width: 532.086px; height: 148px;\">\r\n<div class=\"layoutArea\">\r\n<div class=\"column\">\r\nMassimale complessivo a vita: $100.000<br\/>\r\nDanni fisici a terzi: fino a $100.000<br\/>\r\nDanni materiali a propriet\u00e0 di terzi: fino a $100.000<br\/>\r\nDanni a propriet\u00e0 di terzi connessi (es. familiari o conviventi): fino a $2.500<br\/>\r\n<\/div>\r\n<\/div><\/td>\r\n<\/tr>\r\n<\/tbody>\r\n<\/table>\t\t\t\t\t\t\t\t<\/div>\n\t\t\t\t<\/div>\n\t\t\t\t\t<\/div>\n\t\t\t\t<\/div>\n\t\t\t\t<div class=\"elementor-element elementor-element-e45c875 elementor-widget elementor-widget-text-editor\" data-id=\"e45c875\" data-element_type=\"widget\" data-e-type=\"widget\" data-widget_type=\"text-editor.default\">\n\t\t\t\t<div class=\"elementor-widget-container\">\n\t\t\t\t\t\t\t\t\t<p><strong>Esclusioni<\/strong><\/p>\n<p><\/p>\n<ol>\n<li>Condizioni preesistenti<\/li>\n<li>Difetti congeniti e malattie congenite. I difetti congeniti includono le condizioni ereditarie.<\/li>\n<li>Gravidanza, ad eccezione di quanto coperto dalla voce Complicanze della gravidanza, come qui definita, tutte le spese relative alla gravidanza dopo la 26a settimana di gravidanza, le cure prenatali di routine, il parto, le cure postnatali e le spese sostenute per un bambino di et\u00e0 inferiore ai 14 giorni.<\/li>\n<li>Interruzione di gravidanza<\/li>\n<li>Impotenza o disfunzione sessuale.<\/li>\n<li>Tutte le malattie e condizioni a trasmissione sessuale, ad eccezione degli esami diagnostici relativi a un infortunio o a una malattia coperti dalla polizza.<\/li>\n<li>HIV, AIDS o ARC e tutte le malattie causate da e\/o correlate all&#8217;HIV.<\/li>\n<li>Tutte le forme di cancro\/neoplasia.<\/li>\n<li>Abuso o dipendenza da sostanze o condizioni che possono essere attribuite all&#8217;abuso o alla dipendenza da sostanze e relative conseguenze dirette.<\/li>\n<li>Acne, nei, macchie cutanee, malattie delle ghiandole sebacee, seborrea, cisti sebacee, condizioni ipertrofiche e atrofiche della pelle, nevo.<\/li>\n<li>Apnea notturna o altri disturbi del sonno.<\/li>\n<li>Obesit\u00e0 o modifica del peso, compresi, ma non solo, gli interventi di cablaggio dei denti e tutte le forme di bypass intestinale.<\/li>\n<li>Lesioni o malattie autoinflitte intenzionalmente e\/o suicidio o tentato suicidio, sia esso sano di mente o folle. suicidio o tentato suicidio, sia esso sano o folle<\/li>\n<li>Gli infortuni subiti sono dovuti in tutto o in parte agli effetti di un&#8217;intossicazione o di sostanze stupefacenti diverse da quelle assunte in conformit\u00e0 al trattamento prescritto da un medico e ad eccezione delle sostanze prescritte per il trattamento dell&#8217;abuso di sostanze.<\/li>\n<li>Lesioni subite durante la guida di veicoli a motore, aeromobili o natanti, immatricolati o meno, mentre si \u00e8 sotto l&#8217;effetto dell&#8217;alcol, come definito dalla legge della giurisdizione in cui si \u00e8 verificato l&#8217;infortunio, o con un tasso alcolemico di 0,08, a seconda di quale sia il valore pi\u00f9 basso.<\/li>\n<li>Visite mediche di routine, tra cui, a titolo esemplificativo, vaccinazioni, immunizzazioni, check-up annuali, rilascio di certificati e attestati medici ed esami per l&#8217;idoneit\u00e0 all&#8217;impiego o ai viaggi.<\/li>\n<li>Cure odontoiatriche e trattamenti dell&#8217;articolazione temporo-mandibolare, ad eccezione delle cure odontoiatriche d&#8217;urgenza necessarie per sostituire i denti naturali sani persi o danneggiati in seguito a un infortunio coperto dalla presente polizza o per alleviare d&#8217;urgenza un dolore acuto.<\/li>\n<li>Promozione o prevenzione del concepimento, compresi, a titolo esemplificativo, inseminazione artificiale, trattamento dell&#8217;infertilit\u00e0, sterilizzazione o inversione della sterilizzazione.<\/li>\n<li>Trapianti di organi o tessuti o servizi correlati.<\/li>\n<li>Interventi di chirurgia oculistica, come la chirurgia correttiva refrattiva, quando lo scopo principale \u00e8 quello di correggere la miopia, l&#8217;ipermetropia o l&#8217;astigmatismo.<\/li>\n<li>Dispositivi correttivi e apparecchi medici, compresi occhiali, lenti a contatto, apparecchi acustici, impianti acustici, refrazione oculare, terapia visiva e qualsiasi esame o applicazione relativi a tali dispositivi, protesi o apparecchi dentali, nonch\u00e9 tutti i test e gli esami della vista e dell&#8217;udito. <\/li>\n<li>Ortottica e training visivo degli occhi.<\/li>\n<li>Scarpe ortopediche, dispositivi ortopedici da applicare o inserire nelle scarpe, trattamento di piedi deboli, affaticati, piatti, instabili o squilibrati, metatarsalgie o calli e trattamento di calli, duroni o unghie dei piedi.<\/li>\n<li>Perdita di capelli, comprese parrucche, trapianti di capelli o qualsiasi farmaco che prometta la crescita dei capelli, prescritto o meno.<\/li>\n<li>Logopedia, terapia professionale, occupazionale, biofeedback, agopuntura, terapia ricreativa, del sonno o musicale, cure olistiche di qualsiasi natura, massaggi e kinesiterapia.<\/li>\n<li>Test psicometrici, di intelligenza, di competenza, comportamentali ed educativi.<\/li>\n<li>Motivi estetici o cosmetici, ad eccezione della chirurgia ricostruttiva quando tale intervento \u00e8 direttamente correlato e successivo a un intervento chirurgico coperto da questa polizza.<\/li>\n<li>Modifiche del corpo fisico volte a migliorare il benessere psicologico, mentale o emotivo, compresi, ma non solo, gli interventi chirurgici per il cambio di sesso.<\/li>\n<li>Programmi di esercizio fisico, prescritti o meno da un medico.<\/li>\n<li>Incidente dovuto all&#8217;esposizione a radiazioni nucleari non mediche e\/o a materiali radioattivi.<\/li>\n<li>Crio-conservazione e impianto o re-impianto di cellule vive.<\/li>\n<li>Test genetici o predittivi.<\/li>\n<li>Sperimentale, sperimentale o a scopo di ricerca.<\/li>\n<li>Mentre \u00e8 confinato principalmente per ricevere cure di custodia, cure educative o riabilitative, o qualsiasi trattamento medico in qualsiasi struttura per la cura degli anziani, ad eccezione delle cure riabilitative ricevute in seguito al trasferimento diretto da un ospedale per acuti.<\/li>\n<li>Non \u00e8 necessario dal punto di vista medico.<\/li>\n<li>Non somministrati da un medico o sotto la sua supervisione e prodotti che possono essere acquistati senza prescrizione medica.<\/li>\n<li>Fornito da un parente, da un familiare o da qualsiasi persona che risieda abitualmente con voi.<\/li>\n<li>Fornito senza alcun costo per l&#8217;utente.<\/li>\n<li>Mancato rispetto di un appuntamento programmato.<\/li>\n<li>Pagabile con qualsiasi sistema governativo, compreso il sistema Medicare australiano.<\/li>\n<li>Addebiti superiori a quelli abituali, ragionevoli e consueti.<\/li>\n<li>Accuse derivanti da o avvenute durante la commissione di una violazione della legge, incluso, senza limitazioni, l&#8217;esercizio di un&#8217;occupazione o di un atto illegale, ma escluse le infrazioni minori al codice della strada.<\/li>\n<li>Qualsiasi malattia o lesione subita a seguito di epidemie, pandemie, emergenze sanitarie, disastri naturali o altre condizioni di epidemia che possono influire sulla salute di una persona quando, prima della data di decorrenza, \u00e8 stato emesso uno dei seguenti documenti:\n<ul>\n<li>a. I Centri statunitensi per il controllo e la prevenzione delle malattie hanno emesso un avviso\/allarme di livello 3 o superiore per una localit\u00e0 o una destinazione, compresi i vettori comuni; oppure<\/li>\n<li>b. I Centri statunitensi per il controllo e la prevenzione delle malattie hanno emesso un&#8217;allerta globale o mondiale di livello 3 o superiore. Questa esclusione si applica quando 1) una qualsiasi delle situazioni di cui sopra era in vigore nei 6 mesi immediatamente precedenti la data di decorrenza dell&#8217;assicurazione o 2) entro i 10 giorni successivi alla data di emissione dell&#8217;allarme\/avviso non si \u00e8 riusciti a lasciare il paese o la localit\u00e0. Questa esclusione non si applica agli addebiti derivanti da<br \/>\nCOVID-19\/SARS-CoV-2.<\/li>\n<\/ul>\n<\/li>\n<li>Guerra, azione militare o durante il servizio come membro di un&#8217;unit\u00e0 di polizia o di una forza militare.<\/li>\n<li>Viaggio o alloggio, ad eccezione di quanto previsto nelle sezioni Ambulanza, Evacuazione medica d&#8217;emergenza, Rimpatrio di salme e Ricongiungimento d&#8217;emergenza della presente assicurazione.<\/li>\n<li>Incidente al di fuori del periodo di validit\u00e0 del certificato.<\/li>\n<li>Presentati per il pagamento pi\u00f9 di 60 giorni dopo l&#8217;ultimo giorno del periodo di validit\u00e0 del certificato.<\/li>\n<li>Quando la partenza dal Paese d&#8217;origine avviene per ottenere un trattamento nel Paese o nei Paesi di destinazione.<\/li>\n<li>Complicazioni o conseguenze di un trattamento o di una condizione non coperti dal presente contratto.<\/li>\n<li>Non sono incluse tra le Spese ammissibili descritte nel presente documento.<\/li>\n<\/ol>\n<p><b>Nota bene: questa pagina \u00e8 un riepilogo consolidato delle prestazioni del piano; il certificato di polizza ufficiale \u00e8 disponibile nell&#8217;area studenti una volta che si diventa partecipanti al programma e sar\u00e0 il documento principale per la gestione delle richieste di rimborso. In caso di discrepanze tra questa pagina e il certificato di polizza, il certificato di polizza avr\u00e0 la precedenza su questa pagina.<\/b><\/p>\n\t\t\t\t\t\t\t\t<\/div>\n\t\t\t\t<\/div>\n\t\t\t\t\t<\/div>\n\t\t<\/div>\n\t\t\t\t\t<\/div>\n\t\t<\/section>\n\t\t\t\t<\/div>\n\t\t","protected":false},"excerpt":{"rendered":"<p>Assicurazione &#8211; Giappone Ci affidiamo a Envisage Global Insurance per coprire i nostri studenti durante le vacanze studio. Tutti i dettagli di seguito fanno riferimento alla politica di Envisage e Tokyo Marine HCC. L\u2019assicurazione parte dal giorno prima dell\u2019inizio del corso e si conclude un giorno dopo. Gli studenti possono richiedere l&#8217;estensione della copertura pagando [&hellip;]<\/p>\n","protected":false},"author":13,"featured_media":0,"parent":0,"menu_order":0,"comment_status":"closed","ping_status":"closed","template":"","meta":{"footnotes":""},"class_list":["post-191849","page","type-page","status-publish","hentry"],"_links":{"self":[{"href":"https:\/\/gogonihon.com\/it\/wp-json\/wp\/v2\/pages\/191849","targetHints":{"allow":["GET"]}}],"collection":[{"href":"https:\/\/gogonihon.com\/it\/wp-json\/wp\/v2\/pages"}],"about":[{"href":"https:\/\/gogonihon.com\/it\/wp-json\/wp\/v2\/types\/page"}],"author":[{"embeddable":true,"href":"https:\/\/gogonihon.com\/it\/wp-json\/wp\/v2\/users\/13"}],"replies":[{"embeddable":true,"href":"https:\/\/gogonihon.com\/it\/wp-json\/wp\/v2\/comments?post=191849"}],"version-history":[{"count":1,"href":"https:\/\/gogonihon.com\/it\/wp-json\/wp\/v2\/pages\/191849\/revisions"}],"predecessor-version":[{"id":191850,"href":"https:\/\/gogonihon.com\/it\/wp-json\/wp\/v2\/pages\/191849\/revisions\/191850"}],"wp:attachment":[{"href":"https:\/\/gogonihon.com\/it\/wp-json\/wp\/v2\/media?parent=191849"}],"curies":[{"name":"wp","href":"https:\/\/api.w.org\/{rel}","templated":true}]}}