{"id":9018,"date":"2022-10-10T13:17:39","date_gmt":"2022-10-10T04:17:39","guid":{"rendered":"https:\/\/gogonihon.com\/ou-devriez-vous-etudier-le-japonais-au-japon\/"},"modified":"2025-08-01T14:48:58","modified_gmt":"2025-08-01T05:48:58","slug":"ou-devriez-vous-etudier-le-japonais-au-japon","status":"publish","type":"page","link":"https:\/\/gogonihon.com\/fr\/ou-devriez-vous-etudier-le-japonais-au-japon\/","title":{"rendered":"O\u00f9 devriez-vous \u00e9tudier le japonais au Japon ?"},"content":{"rendered":"\t\t<div data-elementor-type=\"wp-page\" data-elementor-id=\"9018\" class=\"elementor elementor-9018 elementor-6589\" data-elementor-post-type=\"page\">\n\t\t\t\t<div class=\"elementor-element elementor-element-68e5cec e-flex e-con-boxed e-con e-parent\" data-id=\"68e5cec\" data-element_type=\"container\" data-e-type=\"container\" data-settings=\"{&quot;_ob_glider_is_slider&quot;:&quot;no&quot;}\">\n\t\t\t\t\t<div class=\"e-con-inner\">\n\t\t\t\t<div class=\"elementor-element elementor-element-85150fa elementor-widget__width-initial elementor-widget-mobile__width-inherit elementor-widget elementor-widget-shortcode\" data-id=\"85150fa\" data-element_type=\"widget\" data-e-type=\"widget\" data-widget_type=\"shortcode.default\">\n\t\t\t\t<div class=\"elementor-widget-container\">\n\t\t\t\t\t\t\t<div class=\"elementor-shortcode\">\n\t\t<div id=\"interact-604ad611eace8e00179b7e6b81d5bf517e8597d6bd9955f19c24221b\" style=\"\"><\/div>\n\t\t<script type=\"text\/javascript\">\n\t\t\t(function(){\t\t\t\t\n\t\t\t\twindow.addEventListener(\"load\", function(){\n\t\t\t\t\tvar app_id = \"604ad611eace8e00179b7e6b\";\n\t\t\t\t\tvar ref = \"604ad611eace8e00179b7e6b81d5bf517e8597d6bd9955f19c24221b\";\n\t\t\t\t\tvar w = \"1100\";\n\t\t\t\t\tvar h = \"800\";\n\t\t\t\t\tvar host = \"quiz.tryinteract.com\";\n\t\t\t\t\tvar no_cover = false;\n\t\t\t\t\tvar mobile = false;\n\t\t\t\t\tvar redirect = \"false\";\n\t\t\t\t\tvar params = { \"ref\": ref, \"appId\": app_id, \"width\": w, \"height\": h, \"async\": true, \"host\": host, \"auto_resize\": true, \"mobile\":  mobile, \"no_cover\": no_cover };\n\t\t\t\t\tif(redirect === \"host\") { \n\t\t\t\t\t\tparams.redirect_host = true;\n\t\t\t\t\t}\n\t\t\t\t\twindow[ref] = new InteractApp(); \n\t\t\t\t\twindow[ref].initialize(params); \n\t\t\t\t\twindow[ref].display(); \n\t\t\t\t});\n\t\t\t})(window);\n\t\t<\/script>\n\t<\/div>\n\t\t\t\t\t\t<\/div>\n\t\t\t\t<\/div>\n\t\t\t\t\t<\/div>\n\t\t\t\t<\/div>\n\t\t\t\t<section class=\"elementor-section elementor-top-section elementor-element elementor-element-6251239 elementor-section-boxed elementor-section-height-default elementor-section-height-default\" data-id=\"6251239\" data-element_type=\"section\" data-e-type=\"section\" data-settings=\"{&quot;background_background&quot;:&quot;classic&quot;,&quot;_ob_glider_is_slider&quot;:&quot;no&quot;}\">\n\t\t\t\t\t\t<div class=\"elementor-container elementor-column-gap-no\">\n\t\t\t\t\t<div class=\"elementor-column elementor-col-100 elementor-top-column elementor-element elementor-element-05fa46d\" data-id=\"05fa46d\" data-element_type=\"column\" data-e-type=\"column\">\n\t\t\t<div class=\"elementor-widget-wrap elementor-element-populated\">\n\t\t\t\t\t\t<div class=\"elementor-element elementor-element-ee85492 elementor-widget elementor-widget-heading\" data-id=\"ee85492\" data-element_type=\"widget\" data-e-type=\"widget\" data-widget_type=\"heading.default\">\n\t\t\t\t<div class=\"elementor-widget-container\">\n\t\t\t\t\t<h2 class=\"elementor-heading-title elementor-size-default\">Go! Go! Nihon<\/h2>\t\t\t\t<\/div>\n\t\t\t\t<\/div>\n\t\t\t\t<div class=\"elementor-element elementor-element-6ee62fe elementor-widget elementor-widget-heading\" data-id=\"6ee62fe\" data-element_type=\"widget\" data-e-type=\"widget\" data-widget_type=\"heading.default\">\n\t\t\t\t<div class=\"elementor-widget-container\">\n\t\t\t\t\t<h1 class=\"elementor-heading-title elementor-size-default\">Vous souhaitez obtenir plus d\u2019informations sur la vie et les \u00e9tudes au Japon ?<\/h1>\t\t\t\t<\/div>\n\t\t\t\t<\/div>\n\t\t\t\t<div class=\"elementor-element elementor-element-a69c3cb elementor-widget elementor-widget-text-editor\" data-id=\"a69c3cb\" data-element_type=\"widget\" data-e-type=\"widget\" data-widget_type=\"text-editor.default\">\n\t\t\t\t<div class=\"elementor-widget-container\">\n\t\t\t\t\t\t\t\t\t<p>Depuis 2009, Go! Go! Nihon a aid\u00e9 plus de 8000 \u00e9tudiants \u00e0 venir vivre et \u00e9tudier au Japon. Nous vous aidons gratuitement \u00e0 vous inscrire dans une \u00e9cole de langue, \u00e0 obtenir un visa \u00e9tudiant et \u00e0 trouver un logement. Notre \u00e9quipe internationale bas\u00e9e \u00e0 Tokyo est en mesure de vous prodiguer les meilleurs conseils et services car nous avons tous une exp\u00e9rience de la vie et des \u00e9tudes au Japon.<\/p>\n\t\t\t\t\t\t\t\t<\/div>\n\t\t\t\t<\/div>\n\t\t\t\t<section class=\"elementor-section elementor-inner-section elementor-element elementor-element-c7861c8 elementor-section-boxed elementor-section-height-default elementor-section-height-default\" data-id=\"c7861c8\" data-element_type=\"section\" data-e-type=\"section\" data-settings=\"{&quot;_ob_glider_is_slider&quot;:&quot;no&quot;}\">\n\t\t\t\t\t\t<div class=\"elementor-container elementor-column-gap-default\">\n\t\t\t\t\t<div class=\"elementor-column elementor-col-33 elementor-inner-column elementor-element elementor-element-6eaca48 webinar-card clickable\" data-id=\"6eaca48\" data-element_type=\"column\" data-e-type=\"column\" data-settings=\"{&quot;background_background&quot;:&quot;classic&quot;}\">\n\t\t\t<div class=\"elementor-widget-wrap elementor-element-populated\">\n\t\t\t\t\t\t<div class=\"elementor-element elementor-element-1b620e3 elementor-view-default elementor-widget elementor-widget-icon\" data-id=\"1b620e3\" data-element_type=\"widget\" data-e-type=\"widget\" data-widget_type=\"icon.default\">\n\t\t\t\t<div class=\"elementor-widget-container\">\n\t\t\t\t\t\t\t<div class=\"elementor-icon-wrapper\">\n\t\t\t<div class=\"elementor-icon\">\n\t\t\t<i aria-hidden=\"true\" class=\"fas fa-info\"><\/i>\t\t\t<\/div>\n\t\t<\/div>\n\t\t\t\t\t\t<\/div>\n\t\t\t\t<\/div>\n\t\t\t\t<div class=\"elementor-element elementor-element-c256725 webinar-title elementor-widget elementor-widget-heading\" data-id=\"c256725\" data-element_type=\"widget\" data-e-type=\"widget\" data-widget_type=\"heading.default\">\n\t\t\t\t<div class=\"elementor-widget-container\">\n\t\t\t\t\t<h5 class=\"elementor-heading-title elementor-size-default\">Informations \u00e0 jour<\/h5>\t\t\t\t<\/div>\n\t\t\t\t<\/div>\n\t\t\t\t<div class=\"elementor-element elementor-element-c6e66b0 elementor-widget elementor-widget-text-editor\" data-id=\"c6e66b0\" data-element_type=\"widget\" data-e-type=\"widget\" data-widget_type=\"text-editor.default\">\n\t\t\t\t<div class=\"elementor-widget-container\">\n\t\t\t\t\t\t\t\t\t<p>Nous vous partageons les informations les plus r\u00e9centes et officielles sur le Japon, les \u00e9coles, les logements et r\u00e8gles de l\u2019immigration. Nous offrons un soutien en continu afin que nos \u00e9tudiants disposent de toutes les informations n\u00e9cessaires pour prendre leurs d\u00e9cisions et faire les meilleurs choix pour eux.<\/p>\n\t\t\t\t\t\t\t\t<\/div>\n\t\t\t\t<\/div>\n\t\t\t\t\t<\/div>\n\t\t<\/div>\n\t\t\t\t<div class=\"elementor-column elementor-col-33 elementor-inner-column elementor-element elementor-element-4000a8f webinar-card clickable\" data-id=\"4000a8f\" data-element_type=\"column\" data-e-type=\"column\" data-settings=\"{&quot;background_background&quot;:&quot;classic&quot;}\">\n\t\t\t<div class=\"elementor-widget-wrap elementor-element-populated\">\n\t\t\t\t\t\t<div class=\"elementor-element elementor-element-8f48ca4 elementor-view-default elementor-widget elementor-widget-icon\" data-id=\"8f48ca4\" data-element_type=\"widget\" data-e-type=\"widget\" data-widget_type=\"icon.default\">\n\t\t\t\t<div class=\"elementor-widget-container\">\n\t\t\t\t\t\t\t<div class=\"elementor-icon-wrapper\">\n\t\t\t<div class=\"elementor-icon\">\n\t\t\t<i aria-hidden=\"true\" class=\"fas fa-language\"><\/i>\t\t\t<\/div>\n\t\t<\/div>\n\t\t\t\t\t\t<\/div>\n\t\t\t\t<\/div>\n\t\t\t\t<div class=\"elementor-element elementor-element-0aaeb7e elementor-widget elementor-widget-heading\" data-id=\"0aaeb7e\" data-element_type=\"widget\" data-e-type=\"widget\" data-widget_type=\"heading.default\">\n\t\t\t\t<div class=\"elementor-widget-container\">\n\t\t\t\t\t<h3 class=\"elementor-heading-title elementor-size-default\">Support multilingue<\/h3>\t\t\t\t<\/div>\n\t\t\t\t<\/div>\n\t\t\t\t<div class=\"elementor-element elementor-element-25e1db2 webinar-link elementor-widget elementor-widget-text-editor\" data-id=\"25e1db2\" data-element_type=\"widget\" data-e-type=\"widget\" data-widget_type=\"text-editor.default\">\n\t\t\t\t<div class=\"elementor-widget-container\">\n\t\t\t\t\t\t\t\t\t<p>Nous disposons d\u2019une \u00e9quipe multilingue hautement qualifi\u00e9e et bas\u00e9e \u00e0 Tokyo. Nous pouvons vous aider \u00e0 r\u00e9aliser votre r\u00eave de vivre et \u00e9tudier au Japon en anglais, fran\u00e7ais, allemand, italien, portugais, russe, espagnol ou su\u00e9dois !<\/p>\n\t\t\t\t\t\t\t\t<\/div>\n\t\t\t\t<\/div>\n\t\t\t\t\t<\/div>\n\t\t<\/div>\n\t\t\t\t<div class=\"elementor-column elementor-col-33 elementor-inner-column elementor-element elementor-element-3253219 webinar-card clickable\" data-id=\"3253219\" data-element_type=\"column\" data-e-type=\"column\" data-settings=\"{&quot;background_background&quot;:&quot;classic&quot;}\">\n\t\t\t<div class=\"elementor-widget-wrap elementor-element-populated\">\n\t\t\t\t\t\t<div class=\"elementor-element elementor-element-e6f8574 elementor-view-default elementor-widget elementor-widget-icon\" data-id=\"e6f8574\" data-element_type=\"widget\" data-e-type=\"widget\" data-widget_type=\"icon.default\">\n\t\t\t\t<div class=\"elementor-widget-container\">\n\t\t\t\t\t\t\t<div class=\"elementor-icon-wrapper\">\n\t\t\t<div class=\"elementor-icon\">\n\t\t\t<i aria-hidden=\"true\" class=\"far fa-comments\"><\/i>\t\t\t<\/div>\n\t\t<\/div>\n\t\t\t\t\t\t<\/div>\n\t\t\t\t<\/div>\n\t\t\t\t<div class=\"elementor-element elementor-element-3af6000 elementor-widget elementor-widget-heading\" data-id=\"3af6000\" data-element_type=\"widget\" data-e-type=\"widget\" data-widget_type=\"heading.default\">\n\t\t\t\t<div class=\"elementor-widget-container\">\n\t\t\t\t\t<h3 class=\"elementor-heading-title elementor-size-default\">Soutien aux \u00e9tudiants<\/h3>\t\t\t\t<\/div>\n\t\t\t\t<\/div>\n\t\t\t\t<div class=\"elementor-element elementor-element-89051d3 elementor-widget elementor-widget-text-editor\" data-id=\"89051d3\" data-element_type=\"widget\" data-e-type=\"widget\" data-widget_type=\"text-editor.default\">\n\t\t\t\t<div class=\"elementor-widget-container\">\n\t\t\t\t\t\t\t\t\t<p>Go! Go! Nihon a \u00e9t\u00e9 fond\u00e9 et cr\u00e9\u00e9 par des \u00e9tudiants pour des \u00e9tudiants. Notre \u00e9quipe vous soutiendra et vous conseillera tout au long du processus. Elle vous communiquera toutes les informations dont vous avez besoin pour vivre et \u00e9tudier au Japon et vous prodiguera des conseils sp\u00e9cifiques \u00e0 votre situation.<\/p>\n\t\t\t\t\t\t\t\t<\/div>\n\t\t\t\t<\/div>\n\t\t\t\t\t<\/div>\n\t\t<\/div>\n\t\t\t\t\t<\/div>\n\t\t<\/section>\n\t\t\t\t<div class=\"elementor-element elementor-element-4e828a7 elementor-align-center elementor-widget elementor-widget-button\" data-id=\"4e828a7\" data-element_type=\"widget\" data-e-type=\"widget\" data-widget_type=\"button.default\">\n\t\t\t\t<div class=\"elementor-widget-container\">\n\t\t\t\t\t\t\t\t\t<div class=\"elementor-button-wrapper\">\n\t\t\t\t\t<a class=\"elementor-button elementor-button-link elementor-size-sm\" href=\"https:\/\/gogonihon.com\/fr\/contact\/\">\n\t\t\t\t\t\t<span class=\"elementor-button-content-wrapper\">\n\t\t\t\t\t\t\t\t\t<span class=\"elementor-button-text\">Contactez-nous<\/span>\n\t\t\t\t\t<\/span>\n\t\t\t\t\t<\/a>\n\t\t\t\t<\/div>\n\t\t\t\t\t\t\t\t<\/div>\n\t\t\t\t<\/div>\n\t\t\t\t\t<\/div>\n\t\t<\/div>\n\t\t\t\t\t<\/div>\n\t\t<\/section>\n\t\t\t\t<\/div>\n\t\t","protected":false},"excerpt":{"rendered":"<p>Go! Go! Nihon Vous souhaitez obtenir plus d\u2019informations sur la vie et les \u00e9tudes au Japon ? Depuis 2009, Go! Go! Nihon a aid\u00e9 plus de 8000 \u00e9tudiants \u00e0 venir vivre et \u00e9tudier au Japon. Nous vous aidons gratuitement \u00e0 vous inscrire dans une \u00e9cole de langue, \u00e0 obtenir un visa \u00e9tudiant et \u00e0 trouver [&hellip;]<\/p>\n","protected":false},"author":6,"featured_media":0,"parent":0,"menu_order":0,"comment_status":"closed","ping_status":"closed","template":"","meta":{"footnotes":""},"class_list":["post-9018","page","type-page","status-publish","hentry"],"_links":{"self":[{"href":"https:\/\/gogonihon.com\/fr\/wp-json\/wp\/v2\/pages\/9018","targetHints":{"allow":["GET"]}}],"collection":[{"href":"https:\/\/gogonihon.com\/fr\/wp-json\/wp\/v2\/pages"}],"about":[{"href":"https:\/\/gogonihon.com\/fr\/wp-json\/wp\/v2\/types\/page"}],"author":[{"embeddable":true,"href":"https:\/\/gogonihon.com\/fr\/wp-json\/wp\/v2\/users\/6"}],"replies":[{"embeddable":true,"href":"https:\/\/gogonihon.com\/fr\/wp-json\/wp\/v2\/comments?post=9018"}],"version-history":[{"count":10,"href":"https:\/\/gogonihon.com\/fr\/wp-json\/wp\/v2\/pages\/9018\/revisions"}],"predecessor-version":[{"id":186368,"href":"https:\/\/gogonihon.com\/fr\/wp-json\/wp\/v2\/pages\/9018\/revisions\/186368"}],"wp:attachment":[{"href":"https:\/\/gogonihon.com\/fr\/wp-json\/wp\/v2\/media?parent=9018"}],"curies":[{"name":"wp","href":"https:\/\/api.w.org\/{rel}","templated":true}]}}