{"id":3680,"date":"2022-08-26T11:48:03","date_gmt":"2022-08-26T02:48:03","guid":{"rendered":"https:\/\/gogonihon.com\/hiragana-quest-questions-frequentes-go-go-nihon\/"},"modified":"2024-12-16T11:50:38","modified_gmt":"2024-12-16T02:50:38","slug":"hiragana-quest-questions-frequentes","status":"publish","type":"page","link":"https:\/\/gogonihon.com\/fr\/hiragana-quest-questions-frequentes\/","title":{"rendered":"Hiragana Quest &#8211; Questions Frequentes"},"content":{"rendered":"\t\t<div data-elementor-type=\"wp-page\" data-elementor-id=\"3680\" class=\"elementor elementor-3680 elementor-3584\" data-elementor-post-type=\"page\">\n\t\t\t\t\t\t<section class=\"elementor-section elementor-top-section elementor-element elementor-element-41fbffb elementor-section-boxed elementor-section-height-default elementor-section-height-default\" data-id=\"41fbffb\" data-element_type=\"section\" data-e-type=\"section\" data-settings=\"{&quot;_ob_glider_is_slider&quot;:&quot;no&quot;}\">\n\t\t\t\t\t\t<div class=\"elementor-container elementor-column-gap-default\">\n\t\t\t\t\t<div class=\"elementor-column elementor-col-100 elementor-top-column elementor-element elementor-element-701ee75\" data-id=\"701ee75\" data-element_type=\"column\" data-e-type=\"column\">\n\t\t\t<div class=\"elementor-widget-wrap elementor-element-populated\">\n\t\t\t\t\t\t<div class=\"elementor-element elementor-element-60a4422 elementor-widget elementor-widget-image\" data-id=\"60a4422\" data-element_type=\"widget\" data-e-type=\"widget\" data-widget_type=\"image.default\">\n\t\t\t\t<div class=\"elementor-widget-container\">\n\t\t\t\t\t\t\t\t\t\t\t\t\t\t\t<img decoding=\"async\" width=\"150\" height=\"150\" src=\"https:\/\/gogonihon.com\/wp-content\/uploads\/2022\/08\/Hiragana-Quest-App-Icon-300x300-1-150x150.png\" class=\"attachment-thumbnail size-thumbnail wp-image-3599\" alt=\"Hiragana Quest Icon\" srcset=\"https:\/\/gogonihon.com\/wp-content\/uploads\/2022\/08\/Hiragana-Quest-App-Icon-300x300-1-150x150.png 150w, https:\/\/gogonihon.com\/wp-content\/uploads\/2022\/08\/Hiragana-Quest-App-Icon-300x300-1.png 300w\" sizes=\"(max-width: 150px) 100vw, 150px\" \/>\t\t\t\t\t\t\t\t\t\t\t\t\t\t\t<\/div>\n\t\t\t\t<\/div>\n\t\t\t\t<div class=\"elementor-element elementor-element-5292fb1 elementor-widget elementor-widget-heading\" data-id=\"5292fb1\" data-element_type=\"widget\" data-e-type=\"widget\" data-widget_type=\"heading.default\">\n\t\t\t\t<div class=\"elementor-widget-container\">\n\t\t\t\t\t<h2 class=\"elementor-heading-title elementor-size-default\">FAQs<\/h2>\t\t\t\t<\/div>\n\t\t\t\t<\/div>\n\t\t\t\t<div class=\"elementor-element elementor-element-85a9b54 elementor-widget elementor-widget-heading\" data-id=\"85a9b54\" data-element_type=\"widget\" data-e-type=\"widget\" data-widget_type=\"heading.default\">\n\t\t\t\t<div class=\"elementor-widget-container\">\n\t\t\t\t\t<h1 class=\"elementor-heading-title elementor-size-default\">Hiragana Quest<\/h1>\t\t\t\t<\/div>\n\t\t\t\t<\/div>\n\t\t\t\t<div class=\"elementor-element elementor-element-cd947c3 elementor-widget elementor-widget-text-editor\" data-id=\"cd947c3\" data-element_type=\"widget\" data-e-type=\"widget\" data-widget_type=\"text-editor.default\">\n\t\t\t\t<div class=\"elementor-widget-container\">\n\t\t\t\t\t\t\t\t\t<div id=\"hiragana-quest-icontext\">\n<p>Apprendre \u00e0 lire, \u00e0 \u00e9crire et \u00e0 m\u00e9morise l\u2019alphabet japonais<\/p>\n<\/div>\n\t\t\t\t\t\t\t\t<\/div>\n\t\t\t\t<\/div>\n\t\t\t\t\t<\/div>\n\t\t<\/div>\n\t\t\t\t\t<\/div>\n\t\t<\/section>\n\t\t\t\t<section class=\"elementor-section elementor-top-section elementor-element elementor-element-d9f2739 elementor-section-boxed elementor-section-height-default elementor-section-height-default\" data-id=\"d9f2739\" data-element_type=\"section\" data-e-type=\"section\" data-settings=\"{&quot;_ob_glider_is_slider&quot;:&quot;no&quot;}\">\n\t\t\t\t\t\t<div class=\"elementor-container elementor-column-gap-default\">\n\t\t\t\t\t<div class=\"elementor-column elementor-col-100 elementor-top-column elementor-element elementor-element-6db9394\" data-id=\"6db9394\" data-element_type=\"column\" data-e-type=\"column\">\n\t\t\t<div class=\"elementor-widget-wrap elementor-element-populated\">\n\t\t\t\t\t\t<div class=\"elementor-element elementor-element-ee534db elementor-widget elementor-widget-text-editor\" data-id=\"ee534db\" data-element_type=\"widget\" data-e-type=\"widget\" data-widget_type=\"text-editor.default\">\n\t\t\t\t<div class=\"elementor-widget-container\">\n\t\t\t\t\t\t\t\t\t<h5>J\u2019ai r\u00e9initialis\u00e9 mes donn\u00e9es\/r\u00e9install\u00e9 l\u2019application\/chang\u00e9 d\u2019appareil et on me demande de racheter le cours !<\/h5>\n<p>Tout d\u2019abord, fermez compl\u00e8tement l\u2019application. Assurez-vous d\u2019\u00eatre connect\u00e9 \u00e0 Internet et de vous connecter au compte Google Play Store\/Apple App Store avec lequel vous avez effectu\u00e9 l\u2019achat initial.<\/p>\n<p>Red\u00e9marrez l\u2019application<\/p>\n<p>Ouvrez le menu (accessible par le bouton en haut \u00e0 droite).<\/p>\n<p>Appuyez sur le bouton Restaurer les achats.<\/p>\n<p>Vous devriez recevoir un message confirmant que votre achat a \u00e9t\u00e9 restaur\u00e9 et que vous pouvez maintenant continuer le cours.<\/p>\n<h5>Est-ce que mon achat est transf\u00e9rable entre un appareil Apple et un appareil Android ?<\/h5>\n<p>Votre achat est li\u00e9 \u00e0 votre compte Google Play\/App Store. \u00c9tant donn\u00e9 que les plateformes Google et Apple sont ind\u00e9pendantes, il n&rsquo;est pas possible de transf\u00e9rer votre achat d&rsquo;une plateforme \u00e0 l&rsquo;autre. Si vous avez effectu\u00e9 votre achat sur Google Play et souhaitez maintenant utiliser l&rsquo;application sur un appareil iOS (ou inversement), il vous faudra effectuer un nouvel achat.<\/p>\n<h5>Je n\u2019entends pas les enregistrements audios lorsque j\u2019appuie sur les boutons de lecture.<\/h5>\n<p>Il n\u2019y a pas de r\u00e9glage du volume ou de la sourdine dans l\u2019application elle-m\u00eame. Si vous n\u2019entendez pas les enregistrements vocaux lorsque vous appuyez sur les boutons de lecture, il est fort probable qu\u2019un param\u00e8tre de votre appareil soit \u00e0 l\u2019origine du probl\u00e8me. Essayez d\u2019augmenter le volume au maximum, assurez-vous que les modes silence\/ne pas d\u00e9ranger sont d\u00e9sactiv\u00e9s, et enfin, essayez de mettre votre appareil hors tension et de rouvrir l\u2019application si tout le reste \u00e9choue.<\/p>\n<h5>Si je supprime et r\u00e9installe l\u2019application, pourrai-je continuer l\u00e0 o\u00f9 je me suis arr\u00eat\u00e9 ?<\/h5>\n<p>Si vous supprimez l\u2019application, vous perdrez toutes vos donn\u00e9es de sauvegarde et votre progression. Cependant, vous n\u2019aurez pas \u00e0 racheter le cours (voir ci-dessus). R\u00e9fl\u00e9chissez bien avant de supprimer l\u2019application.<\/p>\n<h5>Puis-je changer d\u2019appareil et reprendre le cours l\u00e0 o\u00f9 je l\u2019ai laiss\u00e9 ?<\/h5>\n<p>Pour cela, il faudra migrer manuellement les donn\u00e9es de votre ancien appareil, par exemple en les restaurant \u00e0 partir d\u2019une sauvegarde de votre ancien appareil dans le cas d\u2019iOS. Veuillez consulter la documentation relative \u00e0 votre appareil et \u00e0 votre syst\u00e8me d\u2019exploitation. Veuillez noter que m\u00eame si vous ne pouvez pas conserver votre progression, vous ne devrez pas racheter le cours (voir ci-dessus).<\/p>\n<h5>O\u00f9 sont les autres caract\u00e8res ?<\/h5>\n<p>Une fois que vous aurez termin\u00e9 les cours d\u2019hiragana et de katakana, vous aurez acc\u00e8s \u00e0 une le\u00e7on bonus. Dans cette le\u00e7on, vous apprendrez :<\/p>\n<p>Ten-ten (dakuten)<\/p>\n<p>Maru (handakuten)<\/p>\n<p>Chou-on<\/p>\n<p>Chiisai tsu<\/p>\n<p>You-on<\/p>\n<p>Petites voyelles<\/p>\n<p>Comme ces principes s\u2019appliquent aux deux jeux de caract\u00e8res, il nous a sembl\u00e9 naturel de les enseigner \u00e0 la toute fin, lorsqu\u2019ils auront le plus de sens pour vous.<\/p>\n<h5>J\u2019ai du mal \u00e0 dessiner le caract\u00e8re x \/ c\u2019est trop facile de dessiner le caract\u00e8re y<\/h5>\n<p>Comme chacun a des attentes et des souhaits diff\u00e9rents en mati\u00e8re de facilit\u00e9 de reconnaissance des caract\u00e8res, nous avons essay\u00e9 de trouver un \u00e9quilibre qui satisferait la plupart des utilisateurs tout en veillant \u00e0 ce que vous appreniez \u00e0 dessiner correctement chaque caract\u00e8re.<\/p>\n<p>Si vous avez des difficult\u00e9s, assurez-vous que vous dessinez chaque trait dans la bonne taille et dans le bon ordre, et lorsque vous changez de direction avec votre doigt, essayez d\u2019\u00e9viter de revenir sur votre ligne si le guide ne vous indique pas de le faire.<\/p>\n<h5>J\u2019ai vu le caract\u00e8re x \u00e9crit diff\u00e9remment<\/h5>\n<p>Vous ne vous trompez pas ! Comme dans toute langue, en fonction de la police\/\u00e9criture, il arrive que les caract\u00e8res apparaissent un peu diff\u00e9remment. Par exemple, dans le cours, vous apprendrez \u00e0 dessiner le hiragana \u00ab ri \u00bb en deux traits s\u00e9par\u00e9s, alors que certaines polices de caract\u00e8res le rendront comme une seule ligne jointive. Soyez assur\u00e9 que la m\u00e9thode officielle vous est enseign\u00e9e, mais il est bon d\u2019\u00eatre conscient des diff\u00e9rences !<\/p>\n<h5>J\u2019ai termin\u00e9 le cours, que dois-je faire ensuite ?<\/h5>\n<p>F\u00e9licitations ! Si vous souhaitez continuer \u00e0 apprendre, pourquoi ne pas consulter les autres \u00a0<a href=\"http:\/\/gogonihon.gogoworld.mysites.io\/online-courses\" rel=\"follow noopener noreferrer\" data-wpel-link=\"internal\" target=\"_blank\">cours en ligne de Go! Go! Nihon ici<\/a><\/p>\n<h5>Contactez nous<\/h5>\n<p>Caso sua d\u00favida n\u00e3o esteja na lista acima ou voc\u00ea queria nos enviar uma mensagem, por favor prencha o formul\u00e1rio abaixo para falar com o desenvolvedor.<\/p>\n<p>&nbsp;<\/p>\n<p><script>\nvar gform;gform||(document.addEventListener(\"gform_main_scripts_loaded\",function(){gform.scriptsLoaded=!0}),document.addEventListener(\"gform\/theme\/scripts_loaded\",function(){gform.themeScriptsLoaded=!0}),window.addEventListener(\"DOMContentLoaded\",function(){gform.domLoaded=!0}),gform={domLoaded:!1,scriptsLoaded:!1,themeScriptsLoaded:!1,isFormEditor:()=>\"function\"==typeof InitializeEditor,callIfLoaded:function(o){return!(!gform.domLoaded||!gform.scriptsLoaded||!gform.themeScriptsLoaded&&!gform.isFormEditor()||(gform.isFormEditor()&&console.warn(\"The use of gform.initializeOnLoaded() is deprecated in the form editor context and will be removed in Gravity Forms 3.1.\"),o(),0))},initializeOnLoaded:function(o){gform.callIfLoaded(o)||(document.addEventListener(\"gform_main_scripts_loaded\",()=>{gform.scriptsLoaded=!0,gform.callIfLoaded(o)}),document.addEventListener(\"gform\/theme\/scripts_loaded\",()=>{gform.themeScriptsLoaded=!0,gform.callIfLoaded(o)}),window.addEventListener(\"DOMContentLoaded\",()=>{gform.domLoaded=!0,gform.callIfLoaded(o)}))},hooks:{action:{},filter:{}},addAction:function(o,r,e,t){gform.addHook(\"action\",o,r,e,t)},addFilter:function(o,r,e,t){gform.addHook(\"filter\",o,r,e,t)},doAction:function(o){gform.doHook(\"action\",o,arguments)},applyFilters:function(o){return gform.doHook(\"filter\",o,arguments)},removeAction:function(o,r){gform.removeHook(\"action\",o,r)},removeFilter:function(o,r,e){gform.removeHook(\"filter\",o,r,e)},addHook:function(o,r,e,t,n){null==gform.hooks[o][r]&&(gform.hooks[o][r]=[]);var d=gform.hooks[o][r];null==n&&(n=r+\"_\"+d.length),gform.hooks[o][r].push({tag:n,callable:e,priority:t=null==t?10:t})},doHook:function(r,o,e){var t;if(e=Array.prototype.slice.call(e,1),null!=gform.hooks[r][o]&&((o=gform.hooks[r][o]).sort(function(o,r){return o.priority-r.priority}),o.forEach(function(o){\"function\"!=typeof(t=o.callable)&&(t=window[t]),\"action\"==r?t.apply(null,e):e[0]=t.apply(null,e)})),\"filter\"==r)return e[0]},removeHook:function(o,r,t,n){var e;null!=gform.hooks[o][r]&&(e=(e=gform.hooks[o][r]).filter(function(o,r,e){return!!(null!=n&&n!=o.tag||null!=t&&t!=o.priority)}),gform.hooks[o][r]=e)}});\n<\/script>\n\n                <div class='gf_browser_gecko gform_wrapper gform_legacy_markup_wrapper gform-theme--no-framework' data-form-theme='legacy' data-form-index='0' id='gform_wrapper_153' >\n                        <div class='gform_heading'>\n                            <p class='gform_description'><\/p>\n                        <\/div><form method='post' enctype='multipart\/form-data'  id='gform_153'  action='\/fr\/wp-json\/wp\/v2\/pages\/3680' data-formid='153' novalidate>\n                        <div class='gform-body gform_body'><ul id='gform_fields_153' class='gform_fields top_label form_sublabel_below description_below validation_below'><li id=\"field_153_1\" class=\"gfield gfield--type-name gfield_contains_required field_sublabel_below gfield--no-description field_description_below field_validation_below gfield_visibility_visible\"  ><label class='gfield_label gform-field-label gfield_label_before_complex' >Nom<span class=\"gfield_required\"><span class=\"gfield_required gfield_required_asterisk\">*<\/span><\/span><\/label><div class='ginput_complex ginput_container ginput_container--name no_prefix has_first_name no_middle_name has_last_name no_suffix gf_name_has_2 ginput_container_name gform-grid-row' id='input_153_1'>\n                            \n                            <span id='input_153_1_3_container' class='name_first gform-grid-col gform-grid-col--size-auto' >\n                                                    <input type='text' name='input_1.3' id='input_153_1_3' value=''   aria-required='true'     \/>\n                                                    <label for='input_153_1_3' class='gform-field-label gform-field-label--type-sub '>Nom<\/label>\n                                                <\/span>\n                            \n                            <span id='input_153_1_6_container' class='name_last gform-grid-col gform-grid-col--size-auto' >\n                                                    <input type='text' name='input_1.6' id='input_153_1_6' value=''   aria-required='true'     \/>\n                                                    <label for='input_153_1_6' class='gform-field-label gform-field-label--type-sub '>Pr\u00e9nom<\/label>\n                                                <\/span>\n                            \n                        <\/div><\/li><li id=\"field_153_2\" class=\"gfield gfield--type-radio gfield--type-choice gfield_contains_required field_sublabel_below gfield--no-description field_description_below field_validation_below gfield_visibility_visible\"  ><label class='gfield_label gform-field-label' >Plateforme<span class=\"gfield_required\"><span class=\"gfield_required gfield_required_asterisk\">*<\/span><\/span><\/label><div class='ginput_container ginput_container_radio'><ul class='gfield_radio' id='input_153_2'>\n\t\t\t<li class='gchoice gchoice_153_2_0'>\n\t\t\t\t<input name='input_2' type='radio' value='Android'  id='choice_153_2_0'    \/>\n\t\t\t\t<label for='choice_153_2_0' id='label_153_2_0' class='gform-field-label gform-field-label--type-inline'>Android<\/label>\n\t\t\t<\/li>\n\t\t\t<li class='gchoice gchoice_153_2_1'>\n\t\t\t\t<input name='input_2' type='radio' value='iOS'  id='choice_153_2_1'    \/>\n\t\t\t\t<label for='choice_153_2_1' id='label_153_2_1' class='gform-field-label gform-field-label--type-inline'>iOS<\/label>\n\t\t\t<\/li><\/ul><\/div><\/li><li id=\"field_153_3\" class=\"gfield gfield--type-email gfield_contains_required field_sublabel_below gfield--has-description field_description_below field_validation_below gfield_visibility_visible\"  ><label class='gfield_label gform-field-label' for='input_153_3'>Adresse \u00e9lectronique<span class=\"gfield_required\"><span class=\"gfield_required gfield_required_asterisk\">*<\/span><\/span><\/label><div class='ginput_container ginput_container_email'>\n                            <input name='input_3' id='input_153_3' type='email' value='' class='medium'    aria-required=\"true\" aria-invalid=\"false\" aria-describedby=\"gfield_description_153_3\" \/>\n                        <\/div><div class='gfield_description' id='gfield_description_153_3'>Compte e-mail associ\u00e9 au Google Play Store ou Apple App Store &#8211; requis pour confirmer le compte<\/div><\/li><li id=\"field_153_4\" class=\"gfield gfield--type-textarea gfield_contains_required field_sublabel_below gfield--no-description field_description_below field_validation_below gfield_visibility_visible\"  ><label class='gfield_label gform-field-label' for='input_153_4'>Message<span class=\"gfield_required\"><span class=\"gfield_required gfield_required_asterisk\">*<\/span><\/span><\/label><div class='ginput_container ginput_container_textarea'><textarea name='input_4' id='input_153_4' class='textarea medium'     aria-required=\"true\" aria-invalid=\"false\"   rows='10' cols='50'><\/textarea><\/div><\/li><\/ul><\/div>\n        <div class='gform-footer gform_footer top_label'> <input type='submit' id='gform_submit_button_153' class='gform_button button' onclick='gform.submission.handleButtonClick(this);' data-submission-type='submit' value='Soumettre'  \/> \n            <input type='hidden' class='gform_hidden' name='gform_submission_method' data-js='gform_submission_method_153' value='postback' \/>\n            <input type='hidden' class='gform_hidden' name='gform_theme' data-js='gform_theme_153' id='gform_theme_153' value='legacy' \/>\n            <input type='hidden' class='gform_hidden' name='gform_style_settings' data-js='gform_style_settings_153' id='gform_style_settings_153' value='[]' \/>\n            <input type='hidden' class='gform_hidden' name='is_submit_153' value='1' \/>\n            <input type='hidden' class='gform_hidden' name='gform_submit' value='153' \/>\n            \n            <input type='hidden' class='gform_hidden' name='gform_currency' data-currency='JPY' value='m6f3kHLqAJ\/3562AXzBrRLes8n+D5\/CdTTaUGN4dkZjYjOmde23uZxQHnYc1g6HqGcQN0lFKdaaGUku+mDIgqQ\/2G27oQ+LqP\/KC97kQtHJ6Fn4=' \/>\n            <input type='hidden' class='gform_hidden' name='gform_unique_id' value='' \/>\n            <input type='hidden' class='gform_hidden' name='state_153' value='WyJbXSIsImFkNmZlZDZjYWQ1MzZjNDE0ZDc4Yjc4ZmMzNWRhZTFlIl0=' \/>\n            <input type='hidden' autocomplete='off' class='gform_hidden' name='gform_target_page_number_153' id='gform_target_page_number_153' value='0' \/>\n            <input type='hidden' autocomplete='off' class='gform_hidden' name='gform_source_page_number_153' id='gform_source_page_number_153' value='1' \/>\n            <input type='hidden' name='gform_field_values' value='' \/>\n            \n        <\/div>\n                        <\/form>\n                        <\/div><script>\ngform.initializeOnLoaded( function() {gformInitSpinner( 153, 'https:\/\/gogonihon.com\/wp-content\/plugins\/gravityforms\/images\/spinner.svg', true );jQuery('#gform_ajax_frame_153').on('load',function(){var contents = jQuery(this).contents().find('*').html();var is_postback = contents.indexOf('GF_AJAX_POSTBACK') >= 0;if(!is_postback){return;}var form_content = jQuery(this).contents().find('#gform_wrapper_153');var is_confirmation = jQuery(this).contents().find('#gform_confirmation_wrapper_153').length > 0;var is_redirect = contents.indexOf('gformRedirect(){') >= 0;var is_form = form_content.length > 0 && ! is_redirect && ! is_confirmation;var mt = parseInt(jQuery('html').css('margin-top'), 10) + parseInt(jQuery('body').css('margin-top'), 10) + 100;if(is_form){jQuery('#gform_wrapper_153').html(form_content.html());if(form_content.hasClass('gform_validation_error')){jQuery('#gform_wrapper_153').addClass('gform_validation_error');} else {jQuery('#gform_wrapper_153').removeClass('gform_validation_error');}setTimeout( function() { \/* delay the scroll by 50 milliseconds to fix a bug in chrome *\/  }, 50 );if(window['gformInitDatepicker']) {gformInitDatepicker();}if(window['gformInitPriceFields']) {gformInitPriceFields();}var current_page = jQuery('#gform_source_page_number_153').val();gformInitSpinner( 153, 'https:\/\/gogonihon.com\/wp-content\/plugins\/gravityforms\/images\/spinner.svg', true );jQuery(document).trigger('gform_page_loaded', [153, current_page]);window['gf_submitting_153'] = false;}else if(!is_redirect){var confirmation_content = jQuery(this).contents().find('.GF_AJAX_POSTBACK').html();if(!confirmation_content){confirmation_content = contents;}jQuery('#gform_wrapper_153').replaceWith(confirmation_content);jQuery(document).trigger('gform_confirmation_loaded', [153]);window['gf_submitting_153'] = false;wp.a11y.speak(jQuery('#gform_confirmation_message_153').text());}else{jQuery('#gform_153').append(contents);if(window['gformRedirect']) {gformRedirect();}}jQuery(document).trigger(\"gform_pre_post_render\", [{ formId: \"153\", currentPage: \"current_page\", abort: function() { this.preventDefault(); } }]);        if (event && event.defaultPrevented) {                return;        }        const gformWrapperDiv = document.getElementById( \"gform_wrapper_153\" );        if ( gformWrapperDiv ) {            const visibilitySpan = document.createElement( \"span\" );            visibilitySpan.id = \"gform_visibility_test_153\";            gformWrapperDiv.insertAdjacentElement( \"afterend\", visibilitySpan );        }        const visibilityTestDiv = document.getElementById( \"gform_visibility_test_153\" );        let postRenderFired = false;        function triggerPostRender() {            if ( postRenderFired ) {                return;            }            postRenderFired = true;            gform.core.triggerPostRenderEvents( 153, current_page );            if ( visibilityTestDiv ) {                visibilityTestDiv.parentNode.removeChild( visibilityTestDiv );            }        }        function debounce( func, wait, immediate ) {            var timeout;            return function() {                var context = this, args = arguments;                var later = function() {                    timeout = null;                    if ( !immediate ) func.apply( context, args );                };                var callNow = immediate && !timeout;                clearTimeout( timeout );                timeout = setTimeout( later, wait );                if ( callNow ) func.apply( context, args );            };        }        const debouncedTriggerPostRender = debounce( function() {            triggerPostRender();        }, 200 );        if ( visibilityTestDiv && visibilityTestDiv.offsetParent === null ) {            const observer = new MutationObserver( ( mutations ) => {                mutations.forEach( ( mutation ) => {                    if ( mutation.type === 'attributes' && visibilityTestDiv.offsetParent !== null ) {                        debouncedTriggerPostRender();                        observer.disconnect();                    }                });            });            observer.observe( document.body, {                attributes: true,                childList: false,                subtree: true,                attributeFilter: [ 'style', 'class' ],            });        } else {            triggerPostRender();        }    } );} );\n<\/script>\n<\/p>\n\t\t\t\t\t\t\t\t<\/div>\n\t\t\t\t<\/div>\n\t\t\t\t\t<\/div>\n\t\t<\/div>\n\t\t\t\t\t<\/div>\n\t\t<\/section>\n\t\t\t\t<\/div>\n\t\t","protected":false},"excerpt":{"rendered":"<p>FAQs Hiragana Quest Apprendre \u00e0 lire, \u00e0 \u00e9crire et \u00e0 m\u00e9morise l\u2019alphabet japonais J\u2019ai r\u00e9initialis\u00e9 mes donn\u00e9es\/r\u00e9install\u00e9 l\u2019application\/chang\u00e9 d\u2019appareil et on me demande de racheter le cours ! Tout d\u2019abord, fermez compl\u00e8tement l\u2019application. Assurez-vous d\u2019\u00eatre connect\u00e9 \u00e0 Internet et de vous connecter au compte Google Play Store\/Apple App Store avec lequel vous avez effectu\u00e9 l\u2019achat [&hellip;]<\/p>\n","protected":false},"author":6,"featured_media":0,"parent":0,"menu_order":0,"comment_status":"closed","ping_status":"closed","template":"","meta":{"footnotes":""},"class_list":["post-3680","page","type-page","status-publish","hentry"],"_links":{"self":[{"href":"https:\/\/gogonihon.com\/fr\/wp-json\/wp\/v2\/pages\/3680","targetHints":{"allow":["GET"]}}],"collection":[{"href":"https:\/\/gogonihon.com\/fr\/wp-json\/wp\/v2\/pages"}],"about":[{"href":"https:\/\/gogonihon.com\/fr\/wp-json\/wp\/v2\/types\/page"}],"author":[{"embeddable":true,"href":"https:\/\/gogonihon.com\/fr\/wp-json\/wp\/v2\/users\/6"}],"replies":[{"embeddable":true,"href":"https:\/\/gogonihon.com\/fr\/wp-json\/wp\/v2\/comments?post=3680"}],"version-history":[{"count":8,"href":"https:\/\/gogonihon.com\/fr\/wp-json\/wp\/v2\/pages\/3680\/revisions"}],"predecessor-version":[{"id":150353,"href":"https:\/\/gogonihon.com\/fr\/wp-json\/wp\/v2\/pages\/3680\/revisions\/150353"}],"wp:attachment":[{"href":"https:\/\/gogonihon.com\/fr\/wp-json\/wp\/v2\/media?parent=3680"}],"curies":[{"name":"wp","href":"https:\/\/api.w.org\/{rel}","templated":true}]}}