{"id":191846,"date":"2025-09-08T09:50:45","date_gmt":"2025-09-08T00:50:45","guid":{"rendered":"https:\/\/gogonihon.com\/assurance-japon\/"},"modified":"2025-09-08T09:50:45","modified_gmt":"2025-09-08T00:50:45","slug":"assurance-japon","status":"publish","type":"page","link":"https:\/\/gogonihon.com\/fr\/assurance-japon\/","title":{"rendered":"Assurance &#8211; Japon"},"content":{"rendered":"\t\t<div data-elementor-type=\"wp-page\" data-elementor-id=\"191846\" class=\"elementor elementor-191846 elementor-133601\" data-elementor-post-type=\"page\">\n\t\t\t\t\t\t<section class=\"elementor-section elementor-top-section elementor-element elementor-element-c2eb77a elementor-section-boxed elementor-section-height-default elementor-section-height-default\" data-id=\"c2eb77a\" data-element_type=\"section\" data-e-type=\"section\" data-settings=\"{&quot;_ob_glider_is_slider&quot;:&quot;no&quot;}\">\n\t\t\t\t\t\t<div class=\"elementor-container elementor-column-gap-default\">\n\t\t\t\t\t<div class=\"elementor-column elementor-col-100 elementor-top-column elementor-element elementor-element-6a1b72a\" data-id=\"6a1b72a\" data-element_type=\"column\" data-e-type=\"column\">\n\t\t\t<div class=\"elementor-widget-wrap elementor-element-populated\">\n\t\t\t\t\t\t<div class=\"elementor-element elementor-element-f5028ab elementor-widget elementor-widget-heading\" data-id=\"f5028ab\" data-element_type=\"widget\" data-e-type=\"widget\" data-widget_type=\"heading.default\">\n\t\t\t\t<div class=\"elementor-widget-container\">\n\t\t\t\t\t<h1 class=\"elementor-heading-title elementor-size-default\">Assurance - Japon<\/h1>\t\t\t\t<\/div>\n\t\t\t\t<\/div>\n\t\t\t\t<div class=\"elementor-element elementor-element-24f918b elementor-widget elementor-widget-text-editor\" data-id=\"24f918b\" data-element_type=\"widget\" data-e-type=\"widget\" data-widget_type=\"text-editor.default\">\n\t\t\t\t<div class=\"elementor-widget-container\">\n\t\t\t\t\t\t\t\t\t<p>Nous utilisons Envisage Global Insurance pour couvrir nos \u00e9tudiants pendant leur voyage d&rsquo;\u00e9tude. Tous les d\u00e9tails ci-dessous se r\u00e9f\u00e8rent \u00e0 la police HCC d&rsquo;Envisage et de Tokio Marine. L&rsquo;assurance couvre la p\u00e9riode allant de la veille du d\u00e9but des cours jusqu&rsquo;au lendemain de la fin des cours. Les \u00e9tudiants ont la possibilit\u00e9 d&rsquo;\u00e9tendre la couverture moyennant des frais suppl\u00e9mentaires. Veuillez noter que cette couverture n&rsquo;est pas disponible pour les \u00e9tudiants de plus de 50 ans. Les d\u00e9tails de l&rsquo;assurance seront envoy\u00e9s aux \u00e9tudiants avant leur arriv\u00e9e au Japon. Si vous n&rsquo;\u00eates pas s\u00fbr des d\u00e9tails, veuillez nous contacter.<\/p>\n<p>Pour les demandes de remboursement et toute question concernant l&rsquo;assurance, les \u00e9tudiants sont tenus de contacter directement la compagnie d&rsquo;assurance.<\/p>\n\t\t\t\t\t\t\t\t<\/div>\n\t\t\t\t<\/div>\n\t\t\t\t<div class=\"elementor-element elementor-element-c87a364 elementor-widget elementor-widget-heading\" data-id=\"c87a364\" data-element_type=\"widget\" data-e-type=\"widget\" data-widget_type=\"heading.default\">\n\t\t\t\t<div class=\"elementor-widget-container\">\n\t\t\t\t\t<h2 class=\"elementor-heading-title elementor-size-default\">D\u00c9TAILS DE LA COUVERTURE D'ASSURANCE MALADIE<\/h2>\t\t\t\t<\/div>\n\t\t\t\t<\/div>\n\t\t<div class=\"elementor-element elementor-element-986c842 e-grid e-con-boxed e-con e-parent\" data-id=\"986c842\" data-element_type=\"container\" data-e-type=\"container\" data-settings=\"{&quot;_ob_glider_is_slider&quot;:&quot;no&quot;}\">\n\t\t\t\t\t<div class=\"e-con-inner\">\n\t\t\t\t<div class=\"elementor-element elementor-element-eb2e4f9 elementor-widget elementor-widget-text-editor\" data-id=\"eb2e4f9\" data-element_type=\"widget\" data-e-type=\"widget\" data-widget_type=\"text-editor.default\">\n\t\t\t\t<div class=\"elementor-widget-container\">\n\t\t\t\t\t\t\t\t\t<table>\r\n<tbody>\r\n<tr style=\"height: 52px;\">\r\n<td style=\"width: 701.914px; height: 52px;\">\r\n<div class=\"layoutArea\">\r\n<div class=\"column\">\r\n\r\nLimite maximale globale et limite maximale par blessure\/maladie\r\n\r\n<\/div>\r\n<\/div><\/td>\r\n<td style=\"width: 532.086px; height: 52px;\">\r\n<div class=\"layoutArea\">\r\n<div class=\"column\">\r\n\r\n3 000 000 $\r\n\r\n<\/div>\r\n<\/div><\/td>\r\n<\/tr>\r\n<tr style=\"height: 52px;\">\r\n<td style=\"width: 701.914px; height: 52px;\">\r\n<div class=\"layoutArea\">\r\n<div class=\"column\">\r\n\r\nFranchise\r\n\r\n<\/div>\r\n<\/div><\/td>\r\n<td style=\"width: 532.086px; height: 52px;\">\r\n<div class=\"layoutArea\">\r\n<div class=\"column\">0 $ par p\u00e9riode de validit\u00e9 du certificat<\/div>\r\n<\/div><\/td>\r\n<\/tr>\r\n<tr style=\"height: 72px;\">\r\n<td style=\"width: 701.914px; height: 73px;\">\r\n<div class=\"layoutArea\">\r\n<div class=\"column\">\r\n\r\nCo-assurance\r\n\r\n<\/div>\r\n<\/div><\/td>\r\n<td style=\"width: 532.086px; height: 73px;\">\r\n<div class=\"layoutArea\">\r\n<div class=\"column\">Nous prenons en charge 100 % des d\u00e9penses admissibles apr\u00e8s la franchise, jusqu&rsquo;\u00e0 concurrence du plafond global.<\/div>\r\n<\/div><\/td>\r\n<\/tr>\r\n<tr style=\"height: 52px;\">\r\n<td style=\"width: 701.914px; height: 52px;\">\r\n<div class=\"layoutArea\">\r\n<div class=\"column\">\r\n\r\nChambre d&rsquo;h\u00f4pital et pension\r\n\r\n<\/div>\r\n<\/div><\/td>\r\n<td style=\"width: 532.086px; height: 52px;\">\r\n<div class=\"layoutArea\">\r\n<div class=\"column\">Tarif moyen d&rsquo;une chambre semi-priv\u00e9e, soins infirmiers compris<\/div>\r\n<\/div><\/td>\r\n<\/tr>\r\n<tr style=\"height: 52px;\">\r\n<td style=\"width: 701.914px; height: 52px;\">\r\n<div class=\"layoutArea\">\r\n<div class=\"column\">\r\n\r\nSoins intensifs\r\n\r\n<\/div>\r\n<\/div><\/td>\r\n<td style=\"width: 532.086px; height: 52px;\">\r\n<div class=\"layoutArea\">\r\n<div class=\"column\">Jusqu&rsquo;\u00e0 la limite maximale globale<\/div>\r\n<\/div><\/td>\r\n<\/tr>\r\n<tr style=\"height: 96px;\">\r\n<td style=\"width: 701.914px; height: 96px;\">\r\n<div class=\"layoutArea\">\r\n<div class=\"column\">\r\n\r\nAmbulance locale\r\n\r\n<\/div>\r\n<\/div><\/td>\r\n<td style=\"width: 532.086px; height: 96px;\">\r\n<div class=\"layoutArea\">\r\n<div class=\"column\">Frais habituels, raisonnables et coutumiers pour une maladie ou une blessure couverte. La maladie doit entra\u00eener une hospitalisation.<\/div>\r\n<\/div><\/td>\r\n<\/tr>\r\n<tr style=\"height: 52px;\">\r\n<td style=\"width: 701.914px; height: 52px;\">\r\n<div class=\"layoutArea\">\r\n<div class=\"column\">\r\n\r\nPhysioth\u00e9rapie et soins chiropratiques ambulatoires\r\n\r\n<\/div>\r\n<\/div><\/td>\r\n<td style=\"width: 532.086px; height: 52px;\">\r\n<div class=\"layoutArea\">\r\n<div class=\"column\">Jusqu\u2019\u00e0 50 $ maximum par jour. Doit \u00eatre prescrit \u00e0 l\u2019avance par un m\u00e9decin. Maximum de 1 500 $ par certificat \u2013 non soumis \u00e0 la coassurance.<\/div>\r\n<\/div><\/td>\r\n<\/tr>\r\n\r\n<tr style=\"height: 76px;\">\r\n<td style=\"width: 701.914px; height: 76px;\">\r\n<div class=\"layoutArea\">\r\n<div class=\"column\">\r\n\r\nTraitement dentaire suite \u00e0 un accident\r\n\r\n<\/div>\r\n<\/div><\/td>\r\n<td style=\"width: 532.086px; height: 76px;\">\r\n<div class=\"layoutArea\">\r\n<div class=\"column\">Jusqu\u2019\u00e0 500 $<\/div>\r\n<\/div><\/td>\r\n<\/tr>\r\n\r\n<tr style=\"height: 76px;\">\r\n<td style=\"width: 701.914px; height: 76px;\">\r\n<div class=\"layoutArea\">\r\n<div class=\"column\">\r\n\r\nSoins dentaires d&rsquo;urgence (douleur aigu\u00eb)\r\n\r\n<\/div>\r\n<\/div><\/td>\r\n<td style=\"width: 532.086px; height: 76px;\">\r\n<div class=\"layoutArea\">\r\n<div class=\"column\">$200<\/div>\r\n<\/div><\/td>\r\n<\/tr>\r\n\r\n<tr style=\"height: 76px;\">\r\n<td style=\"width: 701.914px; height: 76px;\">\r\n<div class=\"layoutArea\">\r\n<div class=\"column\">\r\n\r\nActivit\u00e9s sportives\r\n\r\n<\/div>\r\n<\/div><\/td>\r\n<td style=\"width: 532.086px; height: 76px;\">\r\n<div class=\"layoutArea\">\r\n<div class=\"column\">D\u00e9penses usuelles, raisonnables et habituelles (li\u00e9es \u00e0 des activit\u00e9s sportives ou athl\u00e9tiques amateurs, sans contact et non organis\u00e9es\/non autoris\u00e9es, non autrement exclues dans le pr\u00e9sent document, pratiqu\u00e9es exclusivement \u00e0 des fins de loisir, de divertissement, de temps libre ou de remise en forme).<\/div>\r\n<\/div><\/td>\r\n<\/tr>\r\n<tr style=\"height: 76px;\">\r\n<td style=\"width: 701.914px; height: 76px;\">\r\n<div class=\"layoutArea\">\r\n<div class=\"column\">\r\n\r\nProbl\u00e8mes de sant\u00e9 mentale\r\n\r\n<\/div>\r\n<\/div><\/td>\r\n<td style=\"width: 532.086px; height: 76px;\">\r\n<div class=\"layoutArea\">\r\n<div class=\"column\">En consultation externe : jusqu\u2019\u00e0 50 $ par visite \/ maximum 500 $ par certificat.\r\nHospitalisation (inpatient) : jusqu\u2019\u00e0 20 000 $.<\/div>\r\n<\/div><\/td>\r\n<\/tr>\r\n\r\n<tr style=\"height: 52px;\">\r\n<td style=\"width: 701.914px; height: 52px;\">\r\n<div class=\"layoutArea\">\r\n<div class=\"column\">\r\n\r\nTous les autres frais m\u00e9dicaux admissibles\r\n\r\n<\/div>\r\n<\/div><\/td>\r\n<td style=\"width: 532.086px; height: 52px;\">\r\n<div class=\"layoutArea\">\r\n<div class=\"column\">Jusqu&rsquo;\u00e0 la limite maximale globale<\/div>\r\n<\/div><\/td>\r\n<\/tr>\r\n\r\n\r\n<tr style=\"height: 72px;\">\r\n<td style=\"width: 701.914px; height: 72px;\">\u00c9vacuation m\u00e9dicale d&rsquo;urgence<br\/>\r\n\u2022 Non soumis \u00e0 la franchise ou au plafond global.<\/td>\r\n<td style=\"width: 532.086px; height: 72px;\">Jusqu&rsquo;\u00e0 50 000 $ maximum \u00e0 vie<\/td>\r\n<\/tr>\r\n\r\n\r\n\r\n<tr style=\"height: 24px;\">\r\n<td style=\"width: 701.914px; height: 24px;\">Rapatriement de la d\u00e9pouille<br\/>\r\n\u2022 Non soumis \u00e0 la franchise ou \u00e0 la coassurance<br\/>\r\n\u2022 Cette limite ne s&rsquo;applique qu&rsquo;\u00e0 cette prestation et n&rsquo;est pas incluse dans le plafond global.<\/td>\r\n<td style=\"width: 532.086px; height: 24px;\">Jusqu&rsquo;\u00e0 25 000 $ maximum \u00e0 vie<\/td>\r\n<\/tr>\r\n\r\n<tr style=\"height: 48px;\">\r\n<td style=\"width: 701.914px; height: 48px;\">R\u00e9union d&rsquo;urgence<br\/>\r\n\u2022 Non soumis \u00e0 la franchise<\/td>\r\n<td style=\"width: 532.086px; height: 48px;\">Jusqu\u2019\u00e0 1 000 $, pour un maximum de 15 jours, \u00e0 la suite d\u2019une blessure corporelle ou d\u2019une maladie mettant la vie en danger, couverte par la police, entra\u00eenant une admission en unit\u00e9 de soins intensifs \u00e0 l\u2019h\u00f4pital.<\/td>\r\n<\/tr>\r\n\r\n\r\n\r\n<tr style=\"height: 24px;\">\r\n<td style=\"width: 701.914px; height: 24px;\">Interruption de voyage *<br\/>\r\nNon soumis \u00e0 la franchise ou \u00e0 la coassurance<\/td>\r\n<td style=\"width: 532.086px; height: 24px;\">Jusqu&rsquo;\u00e0 1500 $<\/td>\r\n<\/tr>\r\n\r\n\r\n<tr style=\"height: 24px;\">\r\n<td style=\"width: 701.914px; height: 24px;\">Perte de bagages enregistr\u00e9s *<br\/>\r\nNon soumis \u00e0 la franchise<\/td>\r\n<td style=\"width: 532.086px; height: 24px;\">Jusqu&rsquo;\u00e0 250 $<\/td>\r\n<\/tr>\r\n\r\n\r\n<tr style=\"height: 240px;\">\r\n<td style=\"width: 701.914px; height: 240px;\">D\u00e9c\u00e8s et mutilation accidentels<br\/>\r\n(Exclut les pertes dues \u00e0 un accident de transporteur public)<br\/>\r\n&#8211; Non soumis \u00e0 franchise, coassurance ou plafond total.<\/td>\r\n<td style=\"width: 532.086px; height: 240px;\">Personnes \u00e2g\u00e9es de 18 ans ou plus : plafond total pour toute la dur\u00e9e de la couverture &#8211; 10 000 $<br\/>\r\nPersonnes \u00e2g\u00e9es de moins de 18 ans : plafond total pour toute la dur\u00e9e de la couverture &#8211; 5 000 $<\/td>\r\n<\/tr>\r\n\r\n\r\n<tr style=\"height: 148px;\">\r\n<td style=\"width: 701.914px; height: 148px;\">Responsabilit\u00e9 civile priv\u00e9e<br\/>\r\n\u2022 Non soumise \u00e0 franchise, coassurance ou plafond total<\/td>\r\n<td style=\"width: 532.086px; height: 148px;\">\r\n<div class=\"layoutArea\">\r\n<div class=\"column\">\r\nPlafond \u00e0 vie \u2013 100 000 $<br\/>\r\nBlessures caus\u00e9es \u00e0 des tiers \u2013 Jusqu\u2019\u00e0 100 000 $<br\/>\r\nBiens d\u2019un tiers \u2013 Jusqu\u2019\u00e0 100 000 $<br\/>\r\nBiens li\u00e9s \u00e0 un tiers \u2013 Jusqu\u2019\u00e0 2 500 $\r\n<\/div>\r\n<\/div><\/td>\r\n<\/tr>\r\n<\/tbody>\r\n<\/table>\t\t\t\t\t\t\t\t<\/div>\n\t\t\t\t<\/div>\n\t\t\t\t\t<\/div>\n\t\t\t\t<\/div>\n\t\t\t\t<div class=\"elementor-element elementor-element-e45c875 elementor-widget elementor-widget-text-editor\" data-id=\"e45c875\" data-element_type=\"widget\" data-e-type=\"widget\" data-widget_type=\"text-editor.default\">\n\t\t\t\t<div class=\"elementor-widget-container\">\n\t\t\t\t\t\t\t\t\t<p><\/p>\n<p><strong>Exclusions<\/strong><\/p>\n<p><\/p>\n<ol>\n<li>Affections pr\u00e9existantes<\/li>\n<li>Malformations cong\u00e9nitales et maladies cong\u00e9nitales. Les malformations cong\u00e9nitales sont r\u00e9put\u00e9es inclure les<br \/>\n        maladies h\u00e9r\u00e9ditaires.<\/li>\n<li>Grossesse, \u00e0 l&rsquo;exception de ce qui est couvert au titre des complications de la grossesse, telles que d\u00e9finies<br \/>\n        dans le pr\u00e9sent document, tous les frais li\u00e9s \u00e0 la grossesse apr\u00e8s la 26e semaine de grossesse, aux soins<br \/>\n        pr\u00e9nataux de routine, \u00e0 l&rsquo;accouchement, aux soins postnataux et aux frais encourus par un enfant \u00e2g\u00e9 de moins de<br \/>\n        14 jours.<\/li>\n<li>Interruption de grossesse<\/li>\n<li>Impuissance ou dysfonctionnement sexuel.<\/li>\n<li>Toutes les maladies et affections \u00e0 transmission sexuelle, \u00e0 l\u2019exception des examens diagnostiques li\u00e9s \u00e0 une<br \/>\n        blessure ou \u00e0 une maladie couverte par la police.<\/li>\n<li>Le VIH, le SIDA ou l&rsquo;ARC, et toutes les maladies caus\u00e9es par et\/ou li\u00e9es au VIH.<\/li>\n<li>Toutes les formes de cancer ou de n\u00e9oplasme.<\/li>\n<li>L&rsquo;abus de substances ou la toxicomanie ou les affections qui peuvent \u00eatre attribu\u00e9es \u00e0 l&rsquo;abus de substances ou \u00e0<br \/>\n        la toxicomanie et les cons\u00e9quences directes qui en d\u00e9coulent.<\/li>\n<li>Acn\u00e9, grains de beaut\u00e9, taches cutan\u00e9es, maladies des glandes s\u00e9bac\u00e9es, s\u00e9borrh\u00e9e, kyste s\u00e9bac\u00e9, hypertrophie et<br \/>\n        atrophie de la peau, naevus.<\/li>\n<li>Apn\u00e9e du sommeil ou autres troubles du sommeil.<\/li>\n<li>Ob\u00e9sit\u00e9 ou modification du poids, y compris, mais sans s&rsquo;y limiter, la pose de fils dentaires et toutes les<br \/>\n        formes de chirurgie de d\u00e9rivation intestinale.<\/li>\n<li>Blessure ou maladie auto-inflig\u00e9e intentionnellement et\/ou suicide ou tentative de suicide, que l&rsquo;on soit sain<br \/>\n        d&rsquo;esprit ou non.<\/li>\n<li>Blessures dues en tout ou en partie aux effets d&rsquo;une intoxication ou de drogues autres que celles prises dans le<br \/>\n        cadre d&rsquo;un traitement prescrit par un m\u00e9decin et \u00e0 l&rsquo;exception des drogues prescrites pour le traitement de la<br \/>\n        toxicomanie.<\/li>\n<li>Les blessures subies lors de la conduite d&rsquo;un v\u00e9hicule motoris\u00e9, d&rsquo;un avion ou d&rsquo;un bateau, immatricul\u00e9 ou non,<br \/>\n        sous l&rsquo;influence de l&rsquo;alcool tel que d\u00e9fini par la loi de la juridiction o\u00f9 la blessure s&rsquo;est produite ou avec<br \/>\n        un taux d&rsquo;alcool\u00e9mie de 0,08, le taux le plus bas \u00e9tant retenu.<\/li>\n<li>Examens m\u00e9dicaux de routine, y compris, mais sans s&rsquo;y limiter, les vaccinations, les immunisations, les<br \/>\n        contr\u00f4les annuels, la d\u00e9livrance de certificats m\u00e9dicaux et d&rsquo;attestations, et les examens relatifs \u00e0 l&rsquo;aptitude<br \/>\n        \u00e0 l&#8217;emploi ou au voyage.<\/li>\n<li>Les soins dentaires et le traitement de l&rsquo;articulation temporo-mandibulaire, \u00e0 l&rsquo;exception des soins dentaires<br \/>\n        d&rsquo;urgence n\u00e9cessaires pour remplacer des dents naturelles saines perdues ou endommag\u00e9es lors d&rsquo;un accident<br \/>\n        couvert par la pr\u00e9sente assurance ou pour le soulagement d&rsquo;urgence d&rsquo;une douleur aigu\u00eb.<\/li>\n<li>Promotion ou pr\u00e9vention de la conception, y compris, mais sans s&rsquo;y limiter, l&rsquo;ins\u00e9mination artificielle, le<br \/>\n        traitement de la st\u00e9rilit\u00e9, la st\u00e9rilisation ou l&rsquo;inversion de la st\u00e9rilisation.<\/li>\n<li>Les transplantations d&rsquo;organes ou de tissus ou les services connexes.<\/li>\n<li>Chirurgie oculaire, telle que la chirurgie r\u00e9fractaire corrective, lorsque le but premier est de corriger la<br \/>\n        myopie, l&rsquo;hyperm\u00e9tropie ou l&rsquo;astigmatisme.<\/li>\n<li>Dispositifs correcteurs et appareils m\u00e9dicaux, y compris les lunettes, les lentilles de contact, les proth\u00e8ses<br \/>\n        auditives, les implants auditifs, la r\u00e9fraction oculaire, la th\u00e9rapie visuelle, ainsi que tout examen ou<br \/>\n        ajustement li\u00e9 \u00e0 ces dispositifs, les proth\u00e8ses dentaires ou les appareils dentaires, et tous les tests et<br \/>\n        examens de la vue et de l&rsquo;ou\u00efe.<\/li>\n<li>Orthoptie et \u00e9ducation visuelle des yeux.<\/li>\n<li>Chaussures orthop\u00e9diques, dispositifs orthop\u00e9diques prescrits \u00e0 fixer ou \u00e0 placer dans les chaussures,<br \/>\n        traitement des pieds faibles, tendus, plats, instables ou d\u00e9s\u00e9quilibr\u00e9s, m\u00e9tatarsalgie ou oignons, et traitement<br \/>\n        des cors, des callosit\u00e9s ou des ongles d&rsquo;orteil.<\/li>\n<li>Perte de cheveux, y compris perruques, greffes de cheveux ou tout m\u00e9dicament qui promet la croissance des<br \/>\n        cheveux, qu&rsquo;il soit prescrit ou non.<\/li>\n<li>Orthophonie, th\u00e9rapie professionnelle, biofeedback, acupuncture, th\u00e9rapie r\u00e9cr\u00e9ative, th\u00e9rapie du sommeil ou de<br \/>\n        la musique, soins holistiques de toute nature, massage et kin\u00e9sith\u00e9rapie.<\/li>\n<li>Tests psychom\u00e9triques, d&rsquo;intelligence, de comp\u00e9tence, de comportement et d&rsquo;\u00e9ducation.<\/li>\n<li>Les raisons cosm\u00e9tiques ou esth\u00e9tiques, \u00e0 l&rsquo;exception de la chirurgie reconstructive lorsqu&rsquo;elle est directement<br \/>\n        li\u00e9e et fait suite \u00e0 une intervention chirurgicale couverte par le pr\u00e9sent r\u00e9gime.<\/li>\n<li>Les modifications du corps physique destin\u00e9es \u00e0 am\u00e9liorer le bien-\u00eatre psychologique, mental ou \u00e9motionnel, y<br \/>\n        compris, mais sans s&rsquo;y limiter, la chirurgie de changement de sexe.<\/li>\n<li>Les programmes d&rsquo;exercice, qu&rsquo;ils soient ou non prescrits ou recommand\u00e9s par un m\u00e9decin.<\/li>\n<li>Encourus \u00e0 la suite d&rsquo;une exposition \u00e0 des radiations nucl\u00e9aires non m\u00e9dicales et\/ou \u00e0 des mati\u00e8res<br \/>\n        radioactives.<\/li>\n<li>Cryoconservation et implantation ou r\u00e9implantation de cellules vivantes.<\/li>\n<li>Tests g\u00e9n\u00e9tiques ou pr\u00e9dictifs.<\/li>\n<li>Les traitements exp\u00e9rimentaux ou \u00e0 des fins de recherche.<\/li>\n<li>En cas d&rsquo;hospitalisation principalement pour recevoir des soins de garde, des soins \u00e9ducatifs ou de r\u00e9\u00e9ducation,<br \/>\n        ou tout traitement m\u00e9dical dans un \u00e9tablissement pour personnes \u00e2g\u00e9es, \u00e0 l&rsquo;exception des soins de r\u00e9\u00e9ducation<br \/>\n        re\u00e7us lors d&rsquo;un transfert direct d&rsquo;un h\u00f4pital de soins aigus.<\/li>\n<li>Non m\u00e9dicalement n\u00e9cessaire.<\/li>\n<li>Non administr\u00e9s par ou sous la supervision d&rsquo;un m\u00e9decin, et les produits qui peuvent \u00eatre achet\u00e9s sans<br \/>\n        ordonnance m\u00e9dicale.<\/li>\n<li>Fourni par un parent, un membre de la famille ou toute personne qui r\u00e9side habituellement avec vous.<\/li>\n<li>Fourni sans frais pour vous.<\/li>\n<li>Non-respect d&rsquo;un rendez-vous fix\u00e9.<\/li>\n<li>Payable dans le cadre de tout syst\u00e8me gouvernemental, y compris le syst\u00e8me australien Medicare.<\/li>\n<li>Frais d\u00e9passant les frais habituels, raisonnables et coutumiers.<\/li>\n<li>Les frais r\u00e9sultant d&rsquo;une violation de la loi ou survenant au cours de celle-ci, y compris, mais sans s&rsquo;y<br \/>\n        limiter, l&rsquo;exercice d&rsquo;une activit\u00e9 ou d&rsquo;un acte ill\u00e9gal, \u00e0 l&rsquo;exclusion des infractions mineures au code de la<br \/>\n        route.<\/li>\n<li>Toute maladie ou blessure survenue \u00e0 la suite d\u2019\u00e9pid\u00e9mies, de pand\u00e9mies, d\u2019urgences sanitaires, de catastrophes<br \/>\n        naturelles ou d\u2019autres conditions \u00e9pid\u00e9miques pouvant affecter la sant\u00e9 d\u2019une personne lorsque, avant la date<br \/>\n        d\u2019effet, l\u2019un des documents suivants a \u00e9t\u00e9 \u00e9mis :<\/p>\n<ul>\n<li>a. Les Centers for Disease Control and Prevention (CDC) des \u00c9tats-Unis ont \u00e9mis un avis\/alerte de niveau<br \/>\n                3 ou sup\u00e9rieur pour un lieu ou une destination, y compris les transporteurs communs ; ou<\/li>\n<li>b. Les Centers for Disease Control and Prevention (CDC) des \u00c9tats-Unis ont \u00e9mis une alerte mondiale ou<br \/>\n                internationale de niveau 3 ou sup\u00e9rieur.<\/li>\n<li>Cette exclusion s\u2019applique lorsque :\n<ol>\n<li>l\u2019une quelconque des situations ci-dessus \u00e9tait en vigueur dans les 6 mois pr\u00e9c\u00e9dant<br \/>\n                        imm\u00e9diatement la date d\u2019effet de l\u2019assurance, ou<\/li>\n<li>dans les 10 jours suivant la date d\u2019\u00e9mission de l\u2019avertissement\/alerte, il n\u2019a pas \u00e9t\u00e9 possible<br \/>\n                        de quitter le pays ou le lieu concern\u00e9.Cette exclusion ne s\u2019applique pas aux frais li\u00e9s au<br \/>\n                        COVID-19\/SARS-CoV-2.<\/li>\n<\/ol>\n<p>            <\/li>\n<p>        <\/ul>\n<p>    <\/li>\n<p>    <\/p>\n<li>La guerre, l&rsquo;action militaire ou l&rsquo;exercice des fonctions de membre d&rsquo;une unit\u00e9 de police ou d&rsquo;une unit\u00e9<br \/>\n        militaire.<\/li>\n<p>    <\/p>\n<li>Voyage ou h\u00e9bergement, \u00e0 l&rsquo;exception de ce qui est pr\u00e9vu dans les rubriques Ambulance locale, \u00c9vacuation<br \/>\n        m\u00e9dicale d&rsquo;urgence, Rapatriement de la d\u00e9pouille et R\u00e9union d&rsquo;urgence, de cette assurance<\/li>\n<p>    <\/p>\n<li>Survenu en dehors de la p\u00e9riode de validit\u00e9 de votre certificat<\/li>\n<p>    <\/p>\n<li>Nous sont soumis pour paiement plus de 60 jours apr\u00e8s le dernier jour de la p\u00e9riode de validit\u00e9 du certificat.\n    <\/li>\n<p>    <\/p>\n<li>Lorsque le d\u00e9part du pays d&rsquo;origine a pour but d&rsquo;obtenir un traitement dans le(s) pays de destination.<\/li>\n<p>    <\/p>\n<li>Complications ou cons\u00e9quences d&rsquo;un traitement ou d&rsquo;une affection non couvert(e) par le pr\u00e9sent contrat.<\/li>\n<p>    <\/p>\n<li>Non inclus dans les D\u00e9penses \u00c9ligibles telles que d\u00e9crites dans le pr\u00e9sent document.<\/li>\n<p><\/ol>\n<p><b>Veuillez noter que cette page est un r\u00e9sum\u00e9 consolid\u00e9 des prestations du r\u00e9gime. Le certificat de police officiel est disponible dans l&rsquo;espace \u00e9tudiant une fois que l&rsquo;on devient participant au programme, et sera le document pr\u00e9pond\u00e9rant pour le traitement des demandes de remboursement. En cas de divergence entre cette page et le certificat de police, le certificat de police pr\u00e9vaudra sur cette page.<\/b><\/p>\n\t\t\t\t\t\t\t\t<\/div>\n\t\t\t\t<\/div>\n\t\t\t\t\t<\/div>\n\t\t<\/div>\n\t\t\t\t\t<\/div>\n\t\t<\/section>\n\t\t\t\t<\/div>\n\t\t","protected":false},"excerpt":{"rendered":"<p>Assurance &#8211; Japon Nous utilisons Envisage Global Insurance pour couvrir nos \u00e9tudiants pendant leur voyage d&rsquo;\u00e9tude. Tous les d\u00e9tails ci-dessous se r\u00e9f\u00e8rent \u00e0 la police HCC d&rsquo;Envisage et de Tokio Marine. L&rsquo;assurance couvre la p\u00e9riode allant de la veille du d\u00e9but des cours jusqu&rsquo;au lendemain de la fin des cours. Les \u00e9tudiants ont la possibilit\u00e9 [&hellip;]<\/p>\n","protected":false},"author":13,"featured_media":0,"parent":0,"menu_order":0,"comment_status":"closed","ping_status":"closed","template":"","meta":{"footnotes":""},"class_list":["post-191846","page","type-page","status-publish","hentry"],"_links":{"self":[{"href":"https:\/\/gogonihon.com\/fr\/wp-json\/wp\/v2\/pages\/191846","targetHints":{"allow":["GET"]}}],"collection":[{"href":"https:\/\/gogonihon.com\/fr\/wp-json\/wp\/v2\/pages"}],"about":[{"href":"https:\/\/gogonihon.com\/fr\/wp-json\/wp\/v2\/types\/page"}],"author":[{"embeddable":true,"href":"https:\/\/gogonihon.com\/fr\/wp-json\/wp\/v2\/users\/13"}],"replies":[{"embeddable":true,"href":"https:\/\/gogonihon.com\/fr\/wp-json\/wp\/v2\/comments?post=191846"}],"version-history":[{"count":1,"href":"https:\/\/gogonihon.com\/fr\/wp-json\/wp\/v2\/pages\/191846\/revisions"}],"predecessor-version":[{"id":191847,"href":"https:\/\/gogonihon.com\/fr\/wp-json\/wp\/v2\/pages\/191846\/revisions\/191847"}],"wp:attachment":[{"href":"https:\/\/gogonihon.com\/fr\/wp-json\/wp\/v2\/media?parent=191846"}],"curies":[{"name":"wp","href":"https:\/\/api.w.org\/{rel}","templated":true}]}}