{"id":189892,"date":"2025-08-27T13:36:58","date_gmt":"2025-08-27T04:36:58","guid":{"rendered":"https:\/\/gogonihon.com\/histoires-inspirantes-detudiants\/"},"modified":"2025-08-27T13:37:00","modified_gmt":"2025-08-27T04:37:00","slug":"histoires-inspirantes-detudiants","status":"publish","type":"page","link":"https:\/\/gogonihon.com\/fr\/histoires-inspirantes-detudiants\/","title":{"rendered":"Histoires inspirantes d\u2019\u00e9tudiants"},"content":{"rendered":"\t\t<div data-elementor-type=\"wp-page\" data-elementor-id=\"189892\" class=\"elementor elementor-189892 elementor-179010\" data-elementor-post-type=\"page\">\n\t\t\t\t<section class=\"elementor-element elementor-element-62addc8 e-flex e-con-boxed e-con e-parent\" data-id=\"62addc8\" data-element_type=\"container\" data-e-type=\"container\" data-settings=\"{&quot;_ob_glider_is_slider&quot;:&quot;no&quot;}\">\n\t\t\t\t\t<div class=\"e-con-inner\">\n\t\t<div class=\"elementor-element elementor-element-eaaf1fc e-con-full e-flex e-con e-child\" data-id=\"eaaf1fc\" data-element_type=\"container\" data-e-type=\"container\" data-settings=\"{&quot;_ob_glider_is_slider&quot;:&quot;no&quot;}\">\n\t\t<div class=\"elementor-element elementor-element-242a70e e-con-full e-flex e-con e-child\" data-id=\"242a70e\" data-element_type=\"container\" data-e-type=\"container\" data-settings=\"{&quot;_ob_glider_is_slider&quot;:&quot;no&quot;}\">\n\t\t\t\t<div class=\"elementor-element elementor-element-5f628ca elementor-laptop-align-left elementor-widget elementor-widget-breadcrumbs\" data-id=\"5f628ca\" data-element_type=\"widget\" data-e-type=\"widget\" data-widget_type=\"breadcrumbs.default\">\n\t\t\t\t<div class=\"elementor-widget-container\">\n\t\t\t\t\t<p><span class=\"last\">Home<\/span><\/p>\t\t\t\t<\/div>\n\t\t\t\t<\/div>\n\t\t\t\t<div class=\"elementor-element elementor-element-4fa166b elementor-widget__width-inherit elementor-widget elementor-widget-heading\" data-id=\"4fa166b\" data-element_type=\"widget\" data-e-type=\"widget\" data-widget_type=\"heading.default\">\n\t\t\t\t<div class=\"elementor-widget-container\">\n\t\t\t\t\t<h1 class=\"elementor-heading-title elementor-size-default\">Histoires inspirantes d\u2019\u00e9tudiants<\/h1>\t\t\t\t<\/div>\n\t\t\t\t<\/div>\n\t\t\t\t<div class=\"elementor-element elementor-element-5cd9565 elementor-widget elementor-widget-spacer\" data-id=\"5cd9565\" data-element_type=\"widget\" data-e-type=\"widget\" data-widget_type=\"spacer.default\">\n\t\t\t\t<div class=\"elementor-widget-container\">\n\t\t\t\t\t\t\t<div class=\"elementor-spacer\">\n\t\t\t<div class=\"elementor-spacer-inner\"><\/div>\n\t\t<\/div>\n\t\t\t\t\t\t<\/div>\n\t\t\t\t<\/div>\n\t\t\t\t<div class=\"elementor-element elementor-element-c75b1c4 elementor-widget__width-inherit elementor-widget elementor-widget-text-editor\" data-id=\"c75b1c4\" data-element_type=\"widget\" data-e-type=\"widget\" id=\"subtitle\" data-widget_type=\"text-editor.default\">\n\t\t\t\t<div class=\"elementor-widget-container\">\n\t\t\t\t\t\t\t\t\t<p>Explorez les parcours de nombreux \u00e9tudiants internationaux ayant r\u00e9alis\u00e9 leur r\u00eave d\u2019\u00e9tudier au Japon gr\u00e2ce \u00e0 l\u2019accompagnement de Go! Go! Nihon. D\u00e9couvrez comment nos services et nos \u00e9coles partenaires les ont aid\u00e9s \u00e0 surmonter les obstacles et \u00e0 vivre une immersion culturelle et acad\u00e9mique r\u00e9ussie.<\/p>\n\t\t\t\t\t\t\t\t<\/div>\n\t\t\t\t<\/div>\n\t\t\t\t<\/div>\n\t\t<div class=\"elementor-element elementor-element-5f30086 e-con-full e-flex e-con e-child\" data-id=\"5f30086\" data-element_type=\"container\" data-e-type=\"container\" data-settings=\"{&quot;_ob_glider_is_slider&quot;:&quot;no&quot;}\">\n\t\t\t\t<div class=\"elementor-element elementor-element-f939003 elementor-widget elementor-widget-image\" data-id=\"f939003\" data-element_type=\"widget\" data-e-type=\"widget\" data-widget_type=\"image.default\">\n\t\t\t\t<div class=\"elementor-widget-container\">\n\t\t\t\t\t\t\t\t\t\t\t\t\t\t\t<img fetchpriority=\"high\" decoding=\"async\" width=\"798\" height=\"436\" src=\"https:\/\/gogonihon.com\/wp-content\/uploads\/2024\/11\/blue-shirt-student-in-classroom.jpg\" class=\"attachment-full size-full wp-image-147185\" alt=\"Ragazza con maglione blu che studia in classe\" srcset=\"https:\/\/gogonihon.com\/wp-content\/uploads\/2024\/11\/blue-shirt-student-in-classroom.jpg 798w, https:\/\/gogonihon.com\/wp-content\/uploads\/2024\/11\/blue-shirt-student-in-classroom-300x164.jpg 300w, https:\/\/gogonihon.com\/wp-content\/uploads\/2024\/11\/blue-shirt-student-in-classroom-768x420.jpg 768w\" sizes=\"(max-width: 798px) 100vw, 798px\" \/>\t\t\t\t\t\t\t\t\t\t\t\t\t\t\t<\/div>\n\t\t\t\t<\/div>\n\t\t\t\t<\/div>\n\t\t\t\t<\/div>\n\t\t<div class=\"elementor-element elementor-element-4258293 e-con-full e-flex e-con e-child\" data-id=\"4258293\" data-element_type=\"container\" data-e-type=\"container\" data-settings=\"{&quot;_ob_glider_is_slider&quot;:&quot;no&quot;}\">\n\t\t\t\t<div class=\"elementor-element elementor-element-37cc433 elementor-posts--align-left elementor-grid-3 elementor-grid-tablet-2 elementor-grid-mobile-1 elementor-posts--thumbnail-top elementor-card-shadow-yes elementor-posts__hover-gradient elementor-widget elementor-widget-posts\" data-id=\"37cc433\" data-element_type=\"widget\" data-e-type=\"widget\" data-settings=\"{&quot;cards_row_gap&quot;:{&quot;unit&quot;:&quot;px&quot;,&quot;size&quot;:32,&quot;sizes&quot;:[]},&quot;cards_columns&quot;:&quot;3&quot;,&quot;cards_columns_tablet&quot;:&quot;2&quot;,&quot;cards_columns_mobile&quot;:&quot;1&quot;,&quot;cards_row_gap_laptop&quot;:{&quot;unit&quot;:&quot;px&quot;,&quot;size&quot;:&quot;&quot;,&quot;sizes&quot;:[]},&quot;cards_row_gap_tablet&quot;:{&quot;unit&quot;:&quot;px&quot;,&quot;size&quot;:&quot;&quot;,&quot;sizes&quot;:[]},&quot;cards_row_gap_mobile&quot;:{&quot;unit&quot;:&quot;px&quot;,&quot;size&quot;:&quot;&quot;,&quot;sizes&quot;:[]}}\" data-widget_type=\"posts.cards\">\n\t\t\t\t<div class=\"elementor-widget-container\">\n\t\t\t\t\t\t\t<div class=\"elementor-posts-container elementor-posts elementor-posts--skin-cards elementor-grid\" role=\"list\">\n\t\t\t\t<article class=\"elementor-post elementor-grid-item post-188193 page type-page status-publish has-post-thumbnail hentry\" role=\"listitem\">\n\t\t\t<div class=\"elementor-post__card\">\n\t\t\t\t<a class=\"elementor-post__thumbnail__link\" href=\"https:\/\/gogonihon.com\/fr\/histoires-inspirantes-detudiants\/comment-un-voyage-detudes-de-deux-semaines-au-japon-a-transforme-ben\/\" tabindex=\"-1\" ><div class=\"elementor-post__thumbnail\"><img decoding=\"async\" width=\"768\" height=\"450\" src=\"https:\/\/gogonihon.com\/wp-content\/uploads\/2022\/09\/ben-usa-768x450.png\" class=\"attachment-medium_large size-medium_large wp-image-4761\" alt=\"\" srcset=\"https:\/\/gogonihon.com\/wp-content\/uploads\/2022\/09\/ben-usa-768x450.png 768w, https:\/\/gogonihon.com\/wp-content\/uploads\/2022\/09\/ben-usa-300x176.png 300w, https:\/\/gogonihon.com\/wp-content\/uploads\/2022\/09\/ben-usa-1024x600.png 1024w, https:\/\/gogonihon.com\/wp-content\/uploads\/2022\/09\/ben-usa-1536x900.png 1536w, https:\/\/gogonihon.com\/wp-content\/uploads\/2022\/09\/ben-usa-2048x1199.png 2048w\" sizes=\"(max-width: 768px) 100vw, 768px\" \/><\/div><\/a>\n\t\t\t\t<div class=\"elementor-post__text\">\n\t\t\t\t<h3 class=\"elementor-post__title\">\n\t\t\t<a href=\"https:\/\/gogonihon.com\/fr\/histoires-inspirantes-detudiants\/comment-un-voyage-detudes-de-deux-semaines-au-japon-a-transforme-ben\/\" >\n\t\t\t\tComment un voyage d\u2019\u00e9tudes de deux semaines au Japon a transform\u00e9 Ben\t\t\t<\/a>\n\t\t<\/h3>\n\t\t\t\t<div class=\"elementor-post__excerpt\">\n\t\t\t<p>D\u00e9couvrez comment un s\u00e9jour d\u2019\u00e9tudes de deux semaines au Japon avec Go! Go! Nihon peut transformer votre vision du monde.<\/p>\n\t\t<\/div>\n\t\t\t\t\t<div class=\"elementor-post__read-more-wrapper\">\n\t\t\n\t\t<a class=\"elementor-post__read-more\" href=\"https:\/\/gogonihon.com\/fr\/histoires-inspirantes-detudiants\/comment-un-voyage-detudes-de-deux-semaines-au-japon-a-transforme-ben\/\" aria-label=\"En savoir plus sur Comment un voyage d\u2019\u00e9tudes de deux semaines au Japon a transform\u00e9 Ben\" tabindex=\"-1\" >\n\t\t\tEn savoir plus\t\t<\/a>\n\n\t\t\t\t\t<\/div>\n\t\t\t\t<\/div>\n\t\t\t\t\t<\/div>\n\t\t<\/article>\n\t\t\t\t<article class=\"elementor-post elementor-grid-item post-189887 page type-page status-publish has-post-thumbnail hentry\" role=\"listitem\">\n\t\t\t<div class=\"elementor-post__card\">\n\t\t\t\t<a class=\"elementor-post__thumbnail__link\" href=\"https:\/\/gogonihon.com\/fr\/histoires-inspirantes-detudiants\/etude-de-cas-accompagnement-de-go-go-nihon-dans-les-etudes-de-sarah-a-osaka\/\" tabindex=\"-1\" ><div class=\"elementor-post__thumbnail\"><img decoding=\"async\" width=\"768\" height=\"432\" src=\"https:\/\/gogonihon.com\/wp-content\/uploads\/2022\/09\/sarah-sweden-768x432.jpg\" class=\"attachment-medium_large size-medium_large wp-image-4752\" alt=\"\" srcset=\"https:\/\/gogonihon.com\/wp-content\/uploads\/2022\/09\/sarah-sweden-768x432.jpg 768w, https:\/\/gogonihon.com\/wp-content\/uploads\/2022\/09\/sarah-sweden-300x169.jpg 300w, https:\/\/gogonihon.com\/wp-content\/uploads\/2022\/09\/sarah-sweden-1024x576.jpg 1024w, https:\/\/gogonihon.com\/wp-content\/uploads\/2022\/09\/sarah-sweden.jpg 1280w\" sizes=\"(max-width: 768px) 100vw, 768px\" \/><\/div><\/a>\n\t\t\t\t<div class=\"elementor-post__text\">\n\t\t\t\t<h3 class=\"elementor-post__title\">\n\t\t\t<a href=\"https:\/\/gogonihon.com\/fr\/histoires-inspirantes-detudiants\/etude-de-cas-accompagnement-de-go-go-nihon-dans-les-etudes-de-sarah-a-osaka\/\" >\n\t\t\t\t\u00c9tude de cas \u2013 Accompagnement de Go! Go! Nihon dans les \u00e9tudes de Sarah \u00e0 Osaka\t\t\t<\/a>\n\t\t<\/h3>\n\t\t\t\t<div class=\"elementor-post__excerpt\">\n\t\t\t<p>\u00c9tudier \u00e0 Osaka : d\u00e9couvrez comment Go! Go! Nihon a accompagn\u00e9 Sarah. Infos sur les \u00e9coles de langue et le soutien aux \u00e9tudiants internationaux au Japon.<\/p>\n\t\t<\/div>\n\t\t\t\t\t<div class=\"elementor-post__read-more-wrapper\">\n\t\t\n\t\t<a class=\"elementor-post__read-more\" href=\"https:\/\/gogonihon.com\/fr\/histoires-inspirantes-detudiants\/etude-de-cas-accompagnement-de-go-go-nihon-dans-les-etudes-de-sarah-a-osaka\/\" aria-label=\"En savoir plus sur \u00c9tude de cas \u2013 Accompagnement de Go! Go! Nihon dans les \u00e9tudes de Sarah \u00e0 Osaka\" tabindex=\"-1\" >\n\t\t\tEn savoir plus\t\t<\/a>\n\n\t\t\t\t\t<\/div>\n\t\t\t\t<\/div>\n\t\t\t\t\t<\/div>\n\t\t<\/article>\n\t\t\t\t<article class=\"elementor-post elementor-grid-item post-190094 page type-page status-publish has-post-thumbnail hentry\" role=\"listitem\">\n\t\t\t<div class=\"elementor-post__card\">\n\t\t\t\t<a class=\"elementor-post__thumbnail__link\" href=\"https:\/\/gogonihon.com\/fr\/histoires-inspirantes-detudiants\/deux-etudiants-parviennent-a-etudier-au-japon-malgre-la-pandemie-de-2020\/\" tabindex=\"-1\" ><div class=\"elementor-post__thumbnail\"><img loading=\"lazy\" decoding=\"async\" width=\"768\" height=\"576\" src=\"https:\/\/gogonihon.com\/wp-content\/uploads\/2025\/04\/Overcoming-Covid-19-Challenges-768x576.webp\" class=\"attachment-medium_large size-medium_large wp-image-179342\" alt=\"ead a case study on how Go! Go! Nihon assisted a student with their Japan student visa during the challenging 2020 period.\" srcset=\"https:\/\/gogonihon.com\/wp-content\/uploads\/2025\/04\/Overcoming-Covid-19-Challenges-768x576.webp 768w, https:\/\/gogonihon.com\/wp-content\/uploads\/2025\/04\/Overcoming-Covid-19-Challenges-300x225.webp 300w, https:\/\/gogonihon.com\/wp-content\/uploads\/2025\/04\/Overcoming-Covid-19-Challenges.webp 800w\" sizes=\"(max-width: 768px) 100vw, 768px\" \/><\/div><\/a>\n\t\t\t\t<div class=\"elementor-post__text\">\n\t\t\t\t<h3 class=\"elementor-post__title\">\n\t\t\t<a href=\"https:\/\/gogonihon.com\/fr\/histoires-inspirantes-detudiants\/deux-etudiants-parviennent-a-etudier-au-japon-malgre-la-pandemie-de-2020\/\" >\n\t\t\t\tDeux \u00e9tudiants parviennent \u00e0 \u00e9tudier au Japon malgr\u00e9 la pand\u00e9mie de 2020\t\t\t<\/a>\n\t\t<\/h3>\n\t\t\t\t<div class=\"elementor-post__excerpt\">\n\t\t\t<p>D\u00e9couvrez comment Go! Go! Nihon a aid\u00e9 deux \u00e9tudiants \u00e0 r\u00e9aliser leur r\u00eave d\u2019\u00e9tudier au Japon malgr\u00e9 les retards caus\u00e9s par la pand\u00e9mie de Covid-19.<\/p>\n\t\t<\/div>\n\t\t\t\t\t<div class=\"elementor-post__read-more-wrapper\">\n\t\t\n\t\t<a class=\"elementor-post__read-more\" href=\"https:\/\/gogonihon.com\/fr\/histoires-inspirantes-detudiants\/deux-etudiants-parviennent-a-etudier-au-japon-malgre-la-pandemie-de-2020\/\" aria-label=\"En savoir plus sur Deux \u00e9tudiants parviennent \u00e0 \u00e9tudier au Japon malgr\u00e9 la pand\u00e9mie de 2020\" tabindex=\"-1\" >\n\t\t\tEn savoir plus\t\t<\/a>\n\n\t\t\t\t\t<\/div>\n\t\t\t\t<\/div>\n\t\t\t\t\t<\/div>\n\t\t<\/article>\n\t\t\t\t<article class=\"elementor-post elementor-grid-item post-197265 page type-page status-publish has-post-thumbnail hentry\" role=\"listitem\">\n\t\t\t<div class=\"elementor-post__card\">\n\t\t\t\t<a class=\"elementor-post__thumbnail__link\" href=\"https:\/\/gogonihon.com\/fr\/histoires-inspirantes-detudiants\/le-parcours-inspirant-de-serena-pour-apprendre-le-japonais-au-japon\/\" tabindex=\"-1\" ><div class=\"elementor-post__thumbnail\"><img loading=\"lazy\" decoding=\"async\" width=\"768\" height=\"543\" src=\"https:\/\/gogonihon.com\/wp-content\/uploads\/2025\/04\/Serenas-Transformative-Language-Learning-in-Japan-768x543.webp\" class=\"attachment-medium_large size-medium_large wp-image-179497\" alt=\"Serena, an international student, achieved rapid development of practical Japanese speaking skills and a transformative cultural experience through ALA Academy of Language Arts&#039; focus on conversational skills and immersive teaching methods, with the support of Go! Go! Nihon.\" srcset=\"https:\/\/gogonihon.com\/wp-content\/uploads\/2025\/04\/Serenas-Transformative-Language-Learning-in-Japan-768x543.webp 768w, https:\/\/gogonihon.com\/wp-content\/uploads\/2025\/04\/Serenas-Transformative-Language-Learning-in-Japan-300x212.webp 300w, https:\/\/gogonihon.com\/wp-content\/uploads\/2025\/04\/Serenas-Transformative-Language-Learning-in-Japan.webp 800w\" sizes=\"(max-width: 768px) 100vw, 768px\" \/><\/div><\/a>\n\t\t\t\t<div class=\"elementor-post__text\">\n\t\t\t\t<h3 class=\"elementor-post__title\">\n\t\t\t<a href=\"https:\/\/gogonihon.com\/fr\/histoires-inspirantes-detudiants\/le-parcours-inspirant-de-serena-pour-apprendre-le-japonais-au-japon\/\" >\n\t\t\t\tLe parcours inspirant de Serena pour apprendre le japonais au Japon\t\t\t<\/a>\n\t\t<\/h3>\n\t\t\t\t<div class=\"elementor-post__excerpt\">\n\t\t\t<p>Serena a fait appel \u00e0 Go! Go! Nihon pour \u00e9tudier \u00e0 l\u2019ALA Academy Arts et vivre une immersion culturelle japonaise.<\/p>\n\t\t<\/div>\n\t\t\t\t\t<div class=\"elementor-post__read-more-wrapper\">\n\t\t\n\t\t<a class=\"elementor-post__read-more\" href=\"https:\/\/gogonihon.com\/fr\/histoires-inspirantes-detudiants\/le-parcours-inspirant-de-serena-pour-apprendre-le-japonais-au-japon\/\" aria-label=\"En savoir plus sur Le parcours inspirant de Serena pour apprendre le japonais au Japon\" tabindex=\"-1\" >\n\t\t\tEn savoir plus\t\t<\/a>\n\n\t\t\t\t\t<\/div>\n\t\t\t\t<\/div>\n\t\t\t\t\t<\/div>\n\t\t<\/article>\n\t\t\t\t<article class=\"elementor-post elementor-grid-item post-197872 page type-page status-publish has-post-thumbnail hentry\" role=\"listitem\">\n\t\t\t<div class=\"elementor-post__card\">\n\t\t\t\t<a class=\"elementor-post__thumbnail__link\" href=\"https:\/\/gogonihon.com\/fr\/histoires-inspirantes-detudiants\/le-role-complementaire-de-go-go-nihon-et-de-la-shinjuku-japanese-language-institute-sng\/\" tabindex=\"-1\" ><div class=\"elementor-post__thumbnail\"><img loading=\"lazy\" decoding=\"async\" width=\"768\" height=\"420\" src=\"https:\/\/gogonihon.com\/wp-content\/uploads\/2025\/04\/collaborative-roles-of-go-go-nihon-and-sjli-768x420.webp\" class=\"attachment-medium_large size-medium_large wp-image-179554\" alt=\"Get help from a study abroad company in Japan. Go! Go! Nihon ensured Clarissa&#039;s smooth transition to SJLI &amp; Japanese life. Learn more!\" srcset=\"https:\/\/gogonihon.com\/wp-content\/uploads\/2025\/04\/collaborative-roles-of-go-go-nihon-and-sjli-768x420.webp 768w, https:\/\/gogonihon.com\/wp-content\/uploads\/2025\/04\/collaborative-roles-of-go-go-nihon-and-sjli-300x164.webp 300w, https:\/\/gogonihon.com\/wp-content\/uploads\/2025\/04\/collaborative-roles-of-go-go-nihon-and-sjli.webp 800w\" sizes=\"(max-width: 768px) 100vw, 768px\" \/><\/div><\/a>\n\t\t\t\t<div class=\"elementor-post__text\">\n\t\t\t\t<h3 class=\"elementor-post__title\">\n\t\t\t<a href=\"https:\/\/gogonihon.com\/fr\/histoires-inspirantes-detudiants\/le-role-complementaire-de-go-go-nihon-et-de-la-shinjuku-japanese-language-institute-sng\/\" >\n\t\t\t\tLe r\u00f4le compl\u00e9mentaire de Go! Go! Nihon et de la Shinjuku Japanese Language Institute (SNG)\t\t\t<\/a>\n\t\t<\/h3>\n\t\t\t\t<div class=\"elementor-post__excerpt\">\n\t\t\t<p>Vivez le Japon comme Clarissa. Go! Go! Nihon, agence d\u2019\u00e9tudes au Japon, vous aide dans vos d\u00e9marches scolaires et de visa pour une immersion culturelle r\u00e9ussie.<\/p>\n\t\t<\/div>\n\t\t\t\t\t<div class=\"elementor-post__read-more-wrapper\">\n\t\t\n\t\t<a class=\"elementor-post__read-more\" href=\"https:\/\/gogonihon.com\/fr\/histoires-inspirantes-detudiants\/le-role-complementaire-de-go-go-nihon-et-de-la-shinjuku-japanese-language-institute-sng\/\" aria-label=\"En savoir plus sur Le r\u00f4le compl\u00e9mentaire de Go! Go! Nihon et de la Shinjuku Japanese Language Institute (SNG)\" tabindex=\"-1\" >\n\t\t\tEn savoir plus\t\t<\/a>\n\n\t\t\t\t\t<\/div>\n\t\t\t\t<\/div>\n\t\t\t\t\t<\/div>\n\t\t<\/article>\n\t\t\t\t<article class=\"elementor-post elementor-grid-item post-190252 page type-page status-publish has-post-thumbnail hentry\" role=\"listitem\">\n\t\t\t<div class=\"elementor-post__card\">\n\t\t\t\t<a class=\"elementor-post__thumbnail__link\" href=\"https:\/\/gogonihon.com\/fr\/histoires-inspirantes-detudiants\/etudier-au-japon-lexperience-de-tom-a-akamonkai\/\" tabindex=\"-1\" ><div class=\"elementor-post__thumbnail\"><img loading=\"lazy\" decoding=\"async\" width=\"768\" height=\"750\" src=\"https:\/\/gogonihon.com\/wp-content\/uploads\/2022\/05\/tom_england-768x750.jpeg\" class=\"attachment-medium_large size-medium_large wp-image-4503\" alt=\"\" srcset=\"https:\/\/gogonihon.com\/wp-content\/uploads\/2022\/05\/tom_england-768x750.jpeg 768w, https:\/\/gogonihon.com\/wp-content\/uploads\/2022\/05\/tom_england-300x293.jpeg 300w, https:\/\/gogonihon.com\/wp-content\/uploads\/2022\/05\/tom_england-1024x1000.jpeg 1024w, https:\/\/gogonihon.com\/wp-content\/uploads\/2022\/05\/tom_england.jpeg 1386w\" sizes=\"(max-width: 768px) 100vw, 768px\" \/><\/div><\/a>\n\t\t\t\t<div class=\"elementor-post__text\">\n\t\t\t\t<h3 class=\"elementor-post__title\">\n\t\t\t<a href=\"https:\/\/gogonihon.com\/fr\/histoires-inspirantes-detudiants\/etudier-au-japon-lexperience-de-tom-a-akamonkai\/\" >\n\t\t\t\t\u00c9tudier au Japon : l&rsquo;exp\u00e9rience de Tom \u00e0 Akamonkai\t\t\t<\/a>\n\t\t<\/h3>\n\t\t\t\t<div class=\"elementor-post__excerpt\">\n\t\t\t<p>Go! Go! Nihon vous aide \u00e0 \u00e9tudier au Japon. D\u00e9couvrez comment nous avons accompagn\u00e9 Tom dans sa candidature \u00e0 Akamonkai.<\/p>\n\t\t<\/div>\n\t\t\t\t\t<div class=\"elementor-post__read-more-wrapper\">\n\t\t\n\t\t<a class=\"elementor-post__read-more\" href=\"https:\/\/gogonihon.com\/fr\/histoires-inspirantes-detudiants\/etudier-au-japon-lexperience-de-tom-a-akamonkai\/\" aria-label=\"En savoir plus sur \u00c9tudier au Japon : l&rsquo;exp\u00e9rience de Tom \u00e0 Akamonkai\" tabindex=\"-1\" >\n\t\t\tEn savoir plus\t\t<\/a>\n\n\t\t\t\t\t<\/div>\n\t\t\t\t<\/div>\n\t\t\t\t\t<\/div>\n\t\t<\/article>\n\t\t\t\t<\/div>\n\t\t\n\t\t\t\t\t\t<\/div>\n\t\t\t\t<\/div>\n\t\t\t\t<\/div>\n\t\t\t\t\t<\/div>\n\t\t\t\t<\/section>\n\t\t\t\t<\/div>\n\t\t","protected":false},"excerpt":{"rendered":"<p>Home Histoires inspirantes d\u2019\u00e9tudiants Explorez les parcours de nombreux \u00e9tudiants internationaux ayant r\u00e9alis\u00e9 leur r\u00eave d\u2019\u00e9tudier au Japon gr\u00e2ce \u00e0 l\u2019accompagnement de Go! Go! Nihon. D\u00e9couvrez comment nos services et nos \u00e9coles partenaires les ont aid\u00e9s \u00e0 surmonter les obstacles et \u00e0 vivre une immersion culturelle et acad\u00e9mique r\u00e9ussie.<\/p>\n","protected":false},"author":149,"featured_media":147185,"parent":0,"menu_order":0,"comment_status":"closed","ping_status":"closed","template":"","meta":{"footnotes":""},"class_list":["post-189892","page","type-page","status-publish","has-post-thumbnail","hentry"],"_links":{"self":[{"href":"https:\/\/gogonihon.com\/fr\/wp-json\/wp\/v2\/pages\/189892","targetHints":{"allow":["GET"]}}],"collection":[{"href":"https:\/\/gogonihon.com\/fr\/wp-json\/wp\/v2\/pages"}],"about":[{"href":"https:\/\/gogonihon.com\/fr\/wp-json\/wp\/v2\/types\/page"}],"author":[{"embeddable":true,"href":"https:\/\/gogonihon.com\/fr\/wp-json\/wp\/v2\/users\/149"}],"replies":[{"embeddable":true,"href":"https:\/\/gogonihon.com\/fr\/wp-json\/wp\/v2\/comments?post=189892"}],"version-history":[{"count":1,"href":"https:\/\/gogonihon.com\/fr\/wp-json\/wp\/v2\/pages\/189892\/revisions"}],"predecessor-version":[{"id":189893,"href":"https:\/\/gogonihon.com\/fr\/wp-json\/wp\/v2\/pages\/189892\/revisions\/189893"}],"wp:featuredmedia":[{"embeddable":true,"href":"https:\/\/gogonihon.com\/fr\/wp-json\/wp\/v2\/media\/147185"}],"wp:attachment":[{"href":"https:\/\/gogonihon.com\/fr\/wp-json\/wp\/v2\/media?parent=189892"}],"curies":[{"name":"wp","href":"https:\/\/api.w.org\/{rel}","templated":true}]}}