{"id":9063,"date":"2022-10-10T13:17:39","date_gmt":"2022-10-10T04:17:39","guid":{"rendered":"https:\/\/gogonihon.com\/donde-deberias-estudiar-japones-en-japon\/"},"modified":"2025-08-01T14:51:14","modified_gmt":"2025-08-01T05:51:14","slug":"en-que-ciudad-deperias-aprender-japones-en-japon","status":"publish","type":"page","link":"https:\/\/gogonihon.com\/es\/en-que-ciudad-deperias-aprender-japones-en-japon\/","title":{"rendered":"\u00bfD\u00f3nde deber\u00edas estudiar japon\u00e9s en Jap\u00f3n?"},"content":{"rendered":"\t\t<div data-elementor-type=\"wp-page\" data-elementor-id=\"9063\" class=\"elementor elementor-9063 elementor-6589\" data-elementor-post-type=\"page\">\n\t\t\t\t<div class=\"elementor-element elementor-element-fbe7ebf e-flex e-con-boxed e-con e-parent\" data-id=\"fbe7ebf\" data-element_type=\"container\" data-e-type=\"container\" data-settings=\"{&quot;_ob_glider_is_slider&quot;:&quot;no&quot;}\">\n\t\t\t\t\t<div class=\"e-con-inner\">\n\t\t\t\t<div class=\"elementor-element elementor-element-6d74fc9 elementor-widget__width-initial elementor-widget-mobile__width-inherit elementor-widget elementor-widget-shortcode\" data-id=\"6d74fc9\" data-element_type=\"widget\" data-e-type=\"widget\" data-widget_type=\"shortcode.default\">\n\t\t\t\t<div class=\"elementor-widget-container\">\n\t\t\t\t\t\t\t<div class=\"elementor-shortcode\">\n\t\t<div id=\"interact-604ad606449bb50017bab959cea81bb6259c4a215dbc5b0b7c97d8de\" style=\"\"><\/div>\n\t\t<script type=\"text\/javascript\">\n\t\t\t(function(){\t\t\t\t\n\t\t\t\twindow.addEventListener(\"load\", function(){\n\t\t\t\t\tvar app_id = \"604ad606449bb50017bab959\";\n\t\t\t\t\tvar ref = \"604ad606449bb50017bab959cea81bb6259c4a215dbc5b0b7c97d8de\";\n\t\t\t\t\tvar w = \"1100\";\n\t\t\t\t\tvar h = \"800\";\n\t\t\t\t\tvar host = \"quiz.tryinteract.com\";\n\t\t\t\t\tvar no_cover = false;\n\t\t\t\t\tvar mobile = false;\n\t\t\t\t\tvar redirect = \"false\";\n\t\t\t\t\tvar params = { \"ref\": ref, \"appId\": app_id, \"width\": w, \"height\": h, \"async\": true, \"host\": host, \"auto_resize\": true, \"mobile\":  mobile, \"no_cover\": no_cover };\n\t\t\t\t\tif(redirect === \"host\") { \n\t\t\t\t\t\tparams.redirect_host = true;\n\t\t\t\t\t}\n\t\t\t\t\twindow[ref] = new InteractApp(); \n\t\t\t\t\twindow[ref].initialize(params); \n\t\t\t\t\twindow[ref].display(); \n\t\t\t\t});\n\t\t\t})(window);\n\t\t<\/script>\n\t<\/div>\n\t\t\t\t\t\t<\/div>\n\t\t\t\t<\/div>\n\t\t\t\t\t<\/div>\n\t\t\t\t<\/div>\n\t\t\t\t<section class=\"elementor-section elementor-top-section elementor-element elementor-element-6251239 elementor-section-boxed elementor-section-height-default elementor-section-height-default\" data-id=\"6251239\" data-element_type=\"section\" data-e-type=\"section\" data-settings=\"{&quot;background_background&quot;:&quot;classic&quot;,&quot;_ob_glider_is_slider&quot;:&quot;no&quot;}\">\n\t\t\t\t\t\t<div class=\"elementor-container elementor-column-gap-no\">\n\t\t\t\t\t<div class=\"elementor-column elementor-col-100 elementor-top-column elementor-element elementor-element-05fa46d\" data-id=\"05fa46d\" data-element_type=\"column\" data-e-type=\"column\">\n\t\t\t<div class=\"elementor-widget-wrap elementor-element-populated\">\n\t\t\t\t\t\t<div class=\"elementor-element elementor-element-ee85492 elementor-widget elementor-widget-heading\" data-id=\"ee85492\" data-element_type=\"widget\" data-e-type=\"widget\" data-widget_type=\"heading.default\">\n\t\t\t\t<div class=\"elementor-widget-container\">\n\t\t\t\t\t<h2 class=\"elementor-heading-title elementor-size-default\">Go! Go! Nihon<\/h2>\t\t\t\t<\/div>\n\t\t\t\t<\/div>\n\t\t\t\t<div class=\"elementor-element elementor-element-6ee62fe elementor-widget elementor-widget-heading\" data-id=\"6ee62fe\" data-element_type=\"widget\" data-e-type=\"widget\" data-widget_type=\"heading.default\">\n\t\t\t\t<div class=\"elementor-widget-container\">\n\t\t\t\t\t<h2 class=\"elementor-heading-title elementor-size-default\">Quieres informaci\u00f3n sobre vivir y estudiar en Jap\u00f3n?<\/h2>\t\t\t\t<\/div>\n\t\t\t\t<\/div>\n\t\t\t\t<div class=\"elementor-element elementor-element-a69c3cb elementor-widget elementor-widget-text-editor\" data-id=\"a69c3cb\" data-element_type=\"widget\" data-e-type=\"widget\" data-widget_type=\"text-editor.default\">\n\t\t\t\t<div class=\"elementor-widget-container\">\n\t\t\t\t\t\t\t\t\t<p>Desde 2009, Go! Go! Nihon ha ayudado a m\u00e1s 8000 personas a venir a vivir y estudiar a Jap\u00f3n. Nuestro servicio de atenci\u00f3n gratuito te ayudar\u00e1 a solicitar la inscripci\u00f3n en una escuela de idiomas,conseguir una visa de estudiante y encontrar alojamiento. Nuestro equipo internacional es capaz de aconsejar de la mejor manera posible al tener experiencia de primera mano de haber vivido y estudiado en Jap\u00f3n.<\/p>\n\t\t\t\t\t\t\t\t<\/div>\n\t\t\t\t<\/div>\n\t\t\t\t<section class=\"elementor-section elementor-inner-section elementor-element elementor-element-c7861c8 elementor-section-boxed elementor-section-height-default elementor-section-height-default\" data-id=\"c7861c8\" data-element_type=\"section\" data-e-type=\"section\" data-settings=\"{&quot;_ob_glider_is_slider&quot;:&quot;no&quot;}\">\n\t\t\t\t\t\t<div class=\"elementor-container elementor-column-gap-default\">\n\t\t\t\t\t<div class=\"elementor-column elementor-col-33 elementor-inner-column elementor-element elementor-element-6eaca48 webinar-card clickable\" data-id=\"6eaca48\" data-element_type=\"column\" data-e-type=\"column\" data-settings=\"{&quot;background_background&quot;:&quot;classic&quot;}\">\n\t\t\t<div class=\"elementor-widget-wrap elementor-element-populated\">\n\t\t\t\t\t\t<div class=\"elementor-element elementor-element-1b620e3 elementor-view-default elementor-widget elementor-widget-icon\" data-id=\"1b620e3\" data-element_type=\"widget\" data-e-type=\"widget\" data-widget_type=\"icon.default\">\n\t\t\t\t<div class=\"elementor-widget-container\">\n\t\t\t\t\t\t\t<div class=\"elementor-icon-wrapper\">\n\t\t\t<div class=\"elementor-icon\">\n\t\t\t<i aria-hidden=\"true\" class=\"fas fa-info\"><\/i>\t\t\t<\/div>\n\t\t<\/div>\n\t\t\t\t\t\t<\/div>\n\t\t\t\t<\/div>\n\t\t\t\t<div class=\"elementor-element elementor-element-c256725 webinar-title elementor-widget elementor-widget-heading\" data-id=\"c256725\" data-element_type=\"widget\" data-e-type=\"widget\" data-widget_type=\"heading.default\">\n\t\t\t\t<div class=\"elementor-widget-container\">\n\t\t\t\t\t<h5 class=\"elementor-heading-title elementor-size-default\">Informaci\u00f3n actualizada<\/h5>\t\t\t\t<\/div>\n\t\t\t\t<\/div>\n\t\t\t\t<div class=\"elementor-element elementor-element-c6e66b0 elementor-widget elementor-widget-text-editor\" data-id=\"c6e66b0\" data-element_type=\"widget\" data-e-type=\"widget\" data-widget_type=\"text-editor.default\">\n\t\t\t\t<div class=\"elementor-widget-container\">\n\t\t\t\t\t\t\t\t\t<p>Ofrecemos la informaci\u00f3n m\u00e1s reciente sobre Jap\u00f3n, escuelas, opciones de alojamiento y reglas de inmigraci\u00f3n, a la vez que damos soporte cont\u00ednuo para asegurarnos de que nuestros estudiantes reciben toda la informaci\u00f3n que necesitan para poder decidir con la m\u00e1xima seguridad y de la mejor manera para ellos.<\/p>\n\t\t\t\t\t\t\t\t<\/div>\n\t\t\t\t<\/div>\n\t\t\t\t\t<\/div>\n\t\t<\/div>\n\t\t\t\t<div class=\"elementor-column elementor-col-33 elementor-inner-column elementor-element elementor-element-4000a8f webinar-card clickable\" data-id=\"4000a8f\" data-element_type=\"column\" data-e-type=\"column\" data-settings=\"{&quot;background_background&quot;:&quot;classic&quot;}\">\n\t\t\t<div class=\"elementor-widget-wrap elementor-element-populated\">\n\t\t\t\t\t\t<div class=\"elementor-element elementor-element-8f48ca4 elementor-view-default elementor-widget elementor-widget-icon\" data-id=\"8f48ca4\" data-element_type=\"widget\" data-e-type=\"widget\" data-widget_type=\"icon.default\">\n\t\t\t\t<div class=\"elementor-widget-container\">\n\t\t\t\t\t\t\t<div class=\"elementor-icon-wrapper\">\n\t\t\t<div class=\"elementor-icon\">\n\t\t\t<i aria-hidden=\"true\" class=\"fas fa-language\"><\/i>\t\t\t<\/div>\n\t\t<\/div>\n\t\t\t\t\t\t<\/div>\n\t\t\t\t<\/div>\n\t\t\t\t<div class=\"elementor-element elementor-element-0aaeb7e elementor-widget elementor-widget-heading\" data-id=\"0aaeb7e\" data-element_type=\"widget\" data-e-type=\"widget\" data-widget_type=\"heading.default\">\n\t\t\t\t<div class=\"elementor-widget-container\">\n\t\t\t\t\t<h3 class=\"elementor-heading-title elementor-size-default\">Soporte multiling\u00fce<\/h3>\t\t\t\t<\/div>\n\t\t\t\t<\/div>\n\t\t\t\t<div class=\"elementor-element elementor-element-25e1db2 webinar-link elementor-widget elementor-widget-text-editor\" data-id=\"25e1db2\" data-element_type=\"widget\" data-e-type=\"widget\" data-widget_type=\"text-editor.default\">\n\t\t\t\t<div class=\"elementor-widget-container\">\n\t\t\t\t\t\t\t\t\t<p>Nuestro equipo en Tokio cuenta con un personal multiling\u00fce con un alto conocimiento. \u00a1Te podemos ayudar a cumplir tu sue\u00f1o de vivir y estudiar en Jap\u00f3n en ingl\u00e9s, franc\u00e9s, alem\u00e1n, italiano, portugu\u00e9s, ruso, espa\u00f1ol y sueco!<\/p>\n\t\t\t\t\t\t\t\t<\/div>\n\t\t\t\t<\/div>\n\t\t\t\t\t<\/div>\n\t\t<\/div>\n\t\t\t\t<div class=\"elementor-column elementor-col-33 elementor-inner-column elementor-element elementor-element-3253219 webinar-card clickable\" data-id=\"3253219\" data-element_type=\"column\" data-e-type=\"column\" data-settings=\"{&quot;background_background&quot;:&quot;classic&quot;}\">\n\t\t\t<div class=\"elementor-widget-wrap elementor-element-populated\">\n\t\t\t\t\t\t<div class=\"elementor-element elementor-element-e6f8574 elementor-view-default elementor-widget elementor-widget-icon\" data-id=\"e6f8574\" data-element_type=\"widget\" data-e-type=\"widget\" data-widget_type=\"icon.default\">\n\t\t\t\t<div class=\"elementor-widget-container\">\n\t\t\t\t\t\t\t<div class=\"elementor-icon-wrapper\">\n\t\t\t<div class=\"elementor-icon\">\n\t\t\t<i aria-hidden=\"true\" class=\"far fa-comments\"><\/i>\t\t\t<\/div>\n\t\t<\/div>\n\t\t\t\t\t\t<\/div>\n\t\t\t\t<\/div>\n\t\t\t\t<div class=\"elementor-element elementor-element-3af6000 elementor-widget elementor-widget-heading\" data-id=\"3af6000\" data-element_type=\"widget\" data-e-type=\"widget\" data-widget_type=\"heading.default\">\n\t\t\t\t<div class=\"elementor-widget-container\">\n\t\t\t\t\t<h3 class=\"elementor-heading-title elementor-size-default\">Asistencia a los estudiantes<\/h3>\t\t\t\t<\/div>\n\t\t\t\t<\/div>\n\t\t\t\t<div class=\"elementor-element elementor-element-89051d3 elementor-widget elementor-widget-text-editor\" data-id=\"89051d3\" data-element_type=\"widget\" data-e-type=\"widget\" data-widget_type=\"text-editor.default\">\n\t\t\t\t<div class=\"elementor-widget-container\">\n\t\t\t\t\t\t\t\t\t<div class=\"col-md-4\">\n<div>\n<div class=\"col-md-4\">\n<p>Fundado por estudiantes y creado para estudiantes, nuestro equipo actua como tu soporte y asesor, te ofrece toda la informaci\u00f3n necesaria para vivir y estudiar en Jap\u00f3n y ofrece asesoramiento espec\u00edfico para tu caso.<\/p>\n<\/div>\n<\/div>\n<\/div>\n\t\t\t\t\t\t\t\t<\/div>\n\t\t\t\t<\/div>\n\t\t\t\t\t<\/div>\n\t\t<\/div>\n\t\t\t\t\t<\/div>\n\t\t<\/section>\n\t\t\t\t<div class=\"elementor-element elementor-element-4e828a7 elementor-align-center elementor-widget elementor-widget-button\" data-id=\"4e828a7\" data-element_type=\"widget\" data-e-type=\"widget\" data-widget_type=\"button.default\">\n\t\t\t\t<div class=\"elementor-widget-container\">\n\t\t\t\t\t\t\t\t\t<div class=\"elementor-button-wrapper\">\n\t\t\t\t\t<a class=\"elementor-button elementor-button-link elementor-size-sm\" href=\"https:\/\/gogonihon.com\/es\/contacto\/\">\n\t\t\t\t\t\t<span class=\"elementor-button-content-wrapper\">\n\t\t\t\t\t\t\t\t\t<span class=\"elementor-button-text\">Solicita tu plaza<\/span>\n\t\t\t\t\t<\/span>\n\t\t\t\t\t<\/a>\n\t\t\t\t<\/div>\n\t\t\t\t\t\t\t\t<\/div>\n\t\t\t\t<\/div>\n\t\t\t\t\t<\/div>\n\t\t<\/div>\n\t\t\t\t\t<\/div>\n\t\t<\/section>\n\t\t\t\t<\/div>\n\t\t","protected":false},"excerpt":{"rendered":"<p>Go! Go! Nihon Quieres informaci\u00f3n sobre vivir y estudiar en Jap\u00f3n? Desde 2009, Go! Go! Nihon ha ayudado a m\u00e1s 8000 personas a venir a vivir y estudiar a Jap\u00f3n. Nuestro servicio de atenci\u00f3n gratuito te ayudar\u00e1 a solicitar la inscripci\u00f3n en una escuela de idiomas,conseguir una visa de estudiante y encontrar alojamiento. Nuestro equipo [&hellip;]<\/p>\n","protected":false},"author":6,"featured_media":0,"parent":0,"menu_order":0,"comment_status":"closed","ping_status":"closed","template":"","meta":{"footnotes":""},"class_list":["post-9063","page","type-page","status-publish","hentry"],"_links":{"self":[{"href":"https:\/\/gogonihon.com\/es\/wp-json\/wp\/v2\/pages\/9063","targetHints":{"allow":["GET"]}}],"collection":[{"href":"https:\/\/gogonihon.com\/es\/wp-json\/wp\/v2\/pages"}],"about":[{"href":"https:\/\/gogonihon.com\/es\/wp-json\/wp\/v2\/types\/page"}],"author":[{"embeddable":true,"href":"https:\/\/gogonihon.com\/es\/wp-json\/wp\/v2\/users\/6"}],"replies":[{"embeddable":true,"href":"https:\/\/gogonihon.com\/es\/wp-json\/wp\/v2\/comments?post=9063"}],"version-history":[{"count":0,"href":"https:\/\/gogonihon.com\/es\/wp-json\/wp\/v2\/pages\/9063\/revisions"}],"wp:attachment":[{"href":"https:\/\/gogonihon.com\/es\/wp-json\/wp\/v2\/media?parent=9063"}],"curies":[{"name":"wp","href":"https:\/\/api.w.org\/{rel}","templated":true}]}}