{"id":3696,"date":"2022-08-26T11:48:03","date_gmt":"2022-08-26T02:48:03","guid":{"rendered":"https:\/\/gogonihon.com\/hiragana-quest-preguntas-frecuentes\/"},"modified":"2024-12-16T11:50:38","modified_gmt":"2024-12-16T02:50:38","slug":"hiragana-quest-preguntas-frecuentes","status":"publish","type":"page","link":"https:\/\/gogonihon.com\/es\/hiragana-quest-preguntas-frecuentes\/","title":{"rendered":"Hiragana Quest &#8211; Preguntas Frecuentes"},"content":{"rendered":"\t\t<div data-elementor-type=\"wp-page\" data-elementor-id=\"3696\" class=\"elementor elementor-3696 elementor-3584\" data-elementor-post-type=\"page\">\n\t\t\t\t\t\t<section class=\"elementor-section elementor-top-section elementor-element elementor-element-41fbffb elementor-section-boxed elementor-section-height-default elementor-section-height-default\" data-id=\"41fbffb\" data-element_type=\"section\" data-e-type=\"section\" data-settings=\"{&quot;_ob_glider_is_slider&quot;:&quot;no&quot;}\">\n\t\t\t\t\t\t<div class=\"elementor-container elementor-column-gap-default\">\n\t\t\t\t\t<div class=\"elementor-column elementor-col-100 elementor-top-column elementor-element elementor-element-701ee75\" data-id=\"701ee75\" data-element_type=\"column\" data-e-type=\"column\">\n\t\t\t<div class=\"elementor-widget-wrap elementor-element-populated\">\n\t\t\t\t\t\t<div class=\"elementor-element elementor-element-60a4422 elementor-widget elementor-widget-image\" data-id=\"60a4422\" data-element_type=\"widget\" data-e-type=\"widget\" data-widget_type=\"image.default\">\n\t\t\t\t<div class=\"elementor-widget-container\">\n\t\t\t\t\t\t\t\t\t\t\t\t\t\t\t<img decoding=\"async\" width=\"150\" height=\"150\" src=\"https:\/\/gogonihon.com\/wp-content\/uploads\/2022\/08\/Hiragana-Quest-App-Icon-300x300-1-150x150.png\" class=\"attachment-thumbnail size-thumbnail wp-image-3604\" alt=\"Hiragana Quest Icon\" srcset=\"https:\/\/gogonihon.com\/wp-content\/uploads\/2022\/08\/Hiragana-Quest-App-Icon-300x300-1-150x150.png 150w, https:\/\/gogonihon.com\/wp-content\/uploads\/2022\/08\/Hiragana-Quest-App-Icon-300x300-1.png 300w\" sizes=\"(max-width: 150px) 100vw, 150px\" \/>\t\t\t\t\t\t\t\t\t\t\t\t\t\t\t<\/div>\n\t\t\t\t<\/div>\n\t\t\t\t<div class=\"elementor-element elementor-element-5292fb1 elementor-widget elementor-widget-heading\" data-id=\"5292fb1\" data-element_type=\"widget\" data-e-type=\"widget\" data-widget_type=\"heading.default\">\n\t\t\t\t<div class=\"elementor-widget-container\">\n\t\t\t\t\t<h2 class=\"elementor-heading-title elementor-size-default\">Preguntas frecuentes<\/h2>\t\t\t\t<\/div>\n\t\t\t\t<\/div>\n\t\t\t\t<div class=\"elementor-element elementor-element-85a9b54 elementor-widget elementor-widget-heading\" data-id=\"85a9b54\" data-element_type=\"widget\" data-e-type=\"widget\" data-widget_type=\"heading.default\">\n\t\t\t\t<div class=\"elementor-widget-container\">\n\t\t\t\t\t<h1 class=\"elementor-heading-title elementor-size-default\">Hiragana Quest<\/h1>\t\t\t\t<\/div>\n\t\t\t\t<\/div>\n\t\t\t\t<div class=\"elementor-element elementor-element-cd947c3 elementor-widget elementor-widget-text-editor\" data-id=\"cd947c3\" data-element_type=\"widget\" data-e-type=\"widget\" data-widget_type=\"text-editor.default\">\n\t\t\t\t<div class=\"elementor-widget-container\">\n\t\t\t\t\t\t\t\t\t<p>Aprende a <strong>leer<\/strong>, <strong>escribir<\/strong>, y <strong>recordar<\/strong> el alfabeto japon\u00e9s<\/p>\n\t\t\t\t\t\t\t\t<\/div>\n\t\t\t\t<\/div>\n\t\t\t\t\t<\/div>\n\t\t<\/div>\n\t\t\t\t\t<\/div>\n\t\t<\/section>\n\t\t\t\t<section class=\"elementor-section elementor-top-section elementor-element elementor-element-d9f2739 elementor-section-boxed elementor-section-height-default elementor-section-height-default\" data-id=\"d9f2739\" data-element_type=\"section\" data-e-type=\"section\" data-settings=\"{&quot;_ob_glider_is_slider&quot;:&quot;no&quot;}\">\n\t\t\t\t\t\t<div class=\"elementor-container elementor-column-gap-default\">\n\t\t\t\t\t<div class=\"elementor-column elementor-col-100 elementor-top-column elementor-element elementor-element-6db9394\" data-id=\"6db9394\" data-element_type=\"column\" data-e-type=\"column\">\n\t\t\t<div class=\"elementor-widget-wrap elementor-element-populated\">\n\t\t\t\t\t\t<div class=\"elementor-element elementor-element-ee534db elementor-widget elementor-widget-text-editor\" data-id=\"ee534db\" data-element_type=\"widget\" data-e-type=\"widget\" data-widget_type=\"text-editor.default\">\n\t\t\t\t<div class=\"elementor-widget-container\">\n\t\t\t\t\t\t\t\t\t<h5>He restablecido mis datos\/reinstalado la aplicaci\u00f3n\/cambiado de dispositivo y me pide que vuelva a comprar el curso.<\/h5>\n<ol>\n<li>En primer lugar, cierra la aplicaci\u00f3n por completo.<\/li>\n<li>Aseg\u00farate de estar conectado a Internet y de haber iniciado sesi\u00f3n en la cuenta de Google Play Store\/Apple App Store con la que realizaste la compra original.<\/li>\n<li>Reinicia la aplicaci\u00f3n<\/li>\n<li>Abre el Men\u00fa (al que se accede mediante el bot\u00f3n de la parte superior derecha).<\/li>\n<li>Pulse el bot\u00f3n Restaurar compras.<\/li>\n<\/ol>\n<p>Deber\u00edas recibir un mensaje confirmando que tu compra fue restaurada y que ahora puedes continuar el curso. Por favor, ten en cuenta que hay posibilidades de que no puedas restaurar tus compras una vez que elimines y reinstales la aplicaci\u00f3n, incluso si has seguido los pasos anteriores. Pi\u00e9nsalo bien antes de eliminar la aplicaci\u00f3n.<\/p>\n<h5>\u00bfMi compra es transferible entre dispositivos Apple y Android?<\/h5>\n<p>Tu compra est\u00e1 vinculada a tu cuenta de Google Play\/App Store. Como las plataformas de Google y Apple son completamente independientes, tu compra no es transferible entre plataformas. Si realizaste tu compra original en Google Play y ahora quieres usar la aplicaci\u00f3n en un dispositivo iOS (o viceversa), tendr\u00e1s que realizar una nueva compra.<\/p>\n<h5>No puedo escuchar los clips de voz cuando pulso los botones de reproducci\u00f3n<\/h5>\n<p>No hay ajustes de volumen ni de silencio en la propia aplicaci\u00f3n. Si no oyes los clips de voz al pulsar los botones de reproducci\u00f3n, lo m\u00e1s probable es que haya un ajuste en tu dispositivo que est\u00e9 causando el problema. Intenta subir el volumen al m\u00e1ximo, asegurarte de que los modos de silencio\/no molestar est\u00e1n desactivados y, por \u00faltimo, intenta apagar el dispositivo y volver a abrir la aplicaci\u00f3n si todo lo dem\u00e1s falla.<\/p>\n<h5>Si borro y vuelvo a instalar la aplicaci\u00f3n, \u00bfpodr\u00e9 continuar donde lo dej\u00e9?<\/h5>\n<p>Si borras la aplicaci\u00f3n, perder\u00e1s todos tus datos guardados y tu progreso. Sin embargo, no tendr\u00e1s que volver a comprar el curso (ver arriba). Por favor, pi\u00e9nsalo bien antes de borrar la aplicaci\u00f3n.<\/p>\n<h5>\u00bfPuedo cambiar de dispositivo y continuar el curso donde lo dej\u00e9?<\/h5>\n<p>Para ello ser\u00e1 necesario migrar los datos de tu antiguo dispositivo manualmente, como por ejemplo restaurar desde una copia de seguridad de tu antiguo dispositivo en el caso de iOS. Por favor, consulta la documentaci\u00f3n de su dispositivo y sistema operativo en particular. Ten en cuenta que, aunque no puedas conservar tu progreso, no tendr\u00e1s que volver a comprar el curso (ver m\u00e1s arriba).<\/p>\n<h5>\u00bfD\u00f3nde est\u00e1n los otros caracteres?<\/h5>\n<p>Una vez que hayas completado los cursos de hiragana y katakana, tendr\u00e1s acceso a una lecci\u00f3n extra. En esta lecci\u00f3n se te ense\u00f1ar\u00e1:<\/p>\n<ul>\n<li>Ten-ten (dakuten)<\/li>\n<li>Maru (handakuten)<\/li>\n<li>Chou-on<\/li>\n<li>Chiisai tsu<\/li>\n<li>You-on<\/li>\n<li>Vocales peque\u00f1as<\/li>\n<\/ul>\n<p>Como estos principios se aplican a ambos conjuntos de caracteres, nos pareci\u00f3 lo m\u00e1s natural ense\u00f1arlos al final, cuando tendr\u00e1n m\u00e1s sentido para ti.<\/p>\n<h5>Tengo problemas para dibujar el car\u00e1cter x \/ es demasiado f\u00e1cil dibujar el car\u00e1cter y<\/h5>\n<p>Como todo el mundo tiene diferentes expectativas y deseos en cuanto a la facilidad de reconocimiento de los caracteres, hemos tratado de encontrar un equilibrio que satisfaga a la mayor\u00eda de los usuarios, al tiempo que nos aseguramos de que aprendas a dibujar cada car\u00e1cter correctamente.<\/p>\n<p>Si tienes problemas, por favor, aseg\u00farate de que est\u00e1s dibujando cada trazo en el tama\u00f1o y el orden correctos, y cuando cambies de direcci\u00f3n con el dedo, intenta evitar hacer un bucle sobre tu l\u00ednea si la gu\u00eda no te indica que lo hagas.<\/p>\n<h5>He visto el car\u00e1cter x escrito de forma diferente<\/h5>\n<p>No te equivocas. Como en cualquier idioma, dependiendo del tipo de letra\/escritura, a veces los caracteres aparecer\u00e1n un poco diferentes. Por ejemplo, en el curso aprender\u00e1s a dibujar el hiragana \u00abri\u00bb en dos trazos separados, mientras que algunos tipos de letra lo representan como una sola l\u00ednea unida. Puedes estar seguro de que aqu\u00ed se te ense\u00f1a el m\u00e9todo oficial, pero es bueno que conozcas las diferencias.<\/p>\n<h5>He completado el curso, \u00bfqu\u00e9 debo hacer ahora?<\/h5>\n<p>\u00a1Enhorabuena! Si quieres seguir aprendiendo, echa un vistazo a los otros cursos online de Go! Go! Nihon <a href=\"http:\/\/gogonihon.gogoworld.mysites.io\/online-courses\" rel=\"follow noopener noreferrer\" data-wpel-link=\"internal\" target=\"_blank\">aqu\u00ed<\/a>.<\/p>\n<h5>Contacta con nosotros<\/h5>\n<p>Si no encuentras la respuesta a tu pregunta en nuestras preguntas frecuentes o quieres dejar tu opini\u00f3n, rellena nuestro formulario de contacto para ponerte en contacto con los desarrolladores.<\/p>\n<p>&nbsp;<\/p>\n<p><script>\nvar gform;gform||(document.addEventListener(\"gform_main_scripts_loaded\",function(){gform.scriptsLoaded=!0}),document.addEventListener(\"gform\/theme\/scripts_loaded\",function(){gform.themeScriptsLoaded=!0}),window.addEventListener(\"DOMContentLoaded\",function(){gform.domLoaded=!0}),gform={domLoaded:!1,scriptsLoaded:!1,themeScriptsLoaded:!1,isFormEditor:()=>\"function\"==typeof InitializeEditor,callIfLoaded:function(o){return!(!gform.domLoaded||!gform.scriptsLoaded||!gform.themeScriptsLoaded&&!gform.isFormEditor()||(gform.isFormEditor()&&console.warn(\"The use of gform.initializeOnLoaded() is deprecated in the form editor context and will be removed in Gravity Forms 3.1.\"),o(),0))},initializeOnLoaded:function(o){gform.callIfLoaded(o)||(document.addEventListener(\"gform_main_scripts_loaded\",()=>{gform.scriptsLoaded=!0,gform.callIfLoaded(o)}),document.addEventListener(\"gform\/theme\/scripts_loaded\",()=>{gform.themeScriptsLoaded=!0,gform.callIfLoaded(o)}),window.addEventListener(\"DOMContentLoaded\",()=>{gform.domLoaded=!0,gform.callIfLoaded(o)}))},hooks:{action:{},filter:{}},addAction:function(o,r,e,t){gform.addHook(\"action\",o,r,e,t)},addFilter:function(o,r,e,t){gform.addHook(\"filter\",o,r,e,t)},doAction:function(o){gform.doHook(\"action\",o,arguments)},applyFilters:function(o){return gform.doHook(\"filter\",o,arguments)},removeAction:function(o,r){gform.removeHook(\"action\",o,r)},removeFilter:function(o,r,e){gform.removeHook(\"filter\",o,r,e)},addHook:function(o,r,e,t,n){null==gform.hooks[o][r]&&(gform.hooks[o][r]=[]);var d=gform.hooks[o][r];null==n&&(n=r+\"_\"+d.length),gform.hooks[o][r].push({tag:n,callable:e,priority:t=null==t?10:t})},doHook:function(r,o,e){var t;if(e=Array.prototype.slice.call(e,1),null!=gform.hooks[r][o]&&((o=gform.hooks[r][o]).sort(function(o,r){return o.priority-r.priority}),o.forEach(function(o){\"function\"!=typeof(t=o.callable)&&(t=window[t]),\"action\"==r?t.apply(null,e):e[0]=t.apply(null,e)})),\"filter\"==r)return e[0]},removeHook:function(o,r,t,n){var e;null!=gform.hooks[o][r]&&(e=(e=gform.hooks[o][r]).filter(function(o,r,e){return!!(null!=n&&n!=o.tag||null!=t&&t!=o.priority)}),gform.hooks[o][r]=e)}});\n<\/script>\n\n                <div class='gf_browser_gecko gform_wrapper gform_legacy_markup_wrapper gform-theme--no-framework' data-form-theme='legacy' data-form-index='0' id='gform_wrapper_152' >\n                        <div class='gform_heading'>\n                            <p class='gform_description'><\/p>\n                        <\/div><form method='post' enctype='multipart\/form-data'  id='gform_152'  action='\/es\/wp-json\/wp\/v2\/pages\/3696' data-formid='152' novalidate>\n                        <div class='gform-body gform_body'><ul id='gform_fields_152' class='gform_fields top_label form_sublabel_below description_below validation_below'><li id=\"field_152_1\" class=\"gfield gfield--type-name gfield_contains_required field_sublabel_below gfield--no-description field_description_below field_validation_below gfield_visibility_visible\"  ><label class='gfield_label gform-field-label gfield_label_before_complex' >Nombre completo<span class=\"gfield_required\"><span class=\"gfield_required gfield_required_asterisk\">*<\/span><\/span><\/label><div class='ginput_complex ginput_container ginput_container--name no_prefix has_first_name no_middle_name has_last_name no_suffix gf_name_has_2 ginput_container_name gform-grid-row' id='input_152_1'>\n                            \n                            <span id='input_152_1_3_container' class='name_first gform-grid-col gform-grid-col--size-auto' >\n                                                    <input type='text' name='input_1.3' id='input_152_1_3' value=''   aria-required='true'     \/>\n                                                    <label for='input_152_1_3' class='gform-field-label gform-field-label--type-sub '>Nombre<\/label>\n                                                <\/span>\n                            \n                            <span id='input_152_1_6_container' class='name_last gform-grid-col gform-grid-col--size-auto' >\n                                                    <input type='text' name='input_1.6' id='input_152_1_6' value=''   aria-required='true'     \/>\n                                                    <label for='input_152_1_6' class='gform-field-label gform-field-label--type-sub '>Apellido<\/label>\n                                                <\/span>\n                            \n                        <\/div><\/li><li id=\"field_152_2\" class=\"gfield gfield--type-radio gfield--type-choice gfield_contains_required field_sublabel_below gfield--no-description field_description_below field_validation_below gfield_visibility_visible\"  ><label class='gfield_label gform-field-label' >Plataforma<span class=\"gfield_required\"><span class=\"gfield_required gfield_required_asterisk\">*<\/span><\/span><\/label><div class='ginput_container ginput_container_radio'><ul class='gfield_radio' id='input_152_2'>\n\t\t\t<li class='gchoice gchoice_152_2_0'>\n\t\t\t\t<input name='input_2' type='radio' value='Android'  id='choice_152_2_0'    \/>\n\t\t\t\t<label for='choice_152_2_0' id='label_152_2_0' class='gform-field-label gform-field-label--type-inline'>Android<\/label>\n\t\t\t<\/li>\n\t\t\t<li class='gchoice gchoice_152_2_1'>\n\t\t\t\t<input name='input_2' type='radio' value='iOS'  id='choice_152_2_1'    \/>\n\t\t\t\t<label for='choice_152_2_1' id='label_152_2_1' class='gform-field-label gform-field-label--type-inline'>iOS<\/label>\n\t\t\t<\/li><\/ul><\/div><\/li><li id=\"field_152_3\" class=\"gfield gfield--type-email gfield_contains_required field_sublabel_below gfield--has-description field_description_below field_validation_below gfield_visibility_visible\"  ><label class='gfield_label gform-field-label' for='input_152_3'>Correo electr\u00f3nico<span class=\"gfield_required\"><span class=\"gfield_required gfield_required_asterisk\">*<\/span><\/span><\/label><div class='ginput_container ginput_container_email'>\n                            <input name='input_3' id='input_152_3' type='email' value='' class='medium'    aria-required=\"true\" aria-invalid=\"false\" aria-describedby=\"gfield_description_152_3\" \/>\n                        <\/div><div class='gfield_description' id='gfield_description_152_3'>Cuenta de correo electr\u00f3nico de Google Play o Apple App Store &#8211; necesaria para confirmar la cuenta<\/div><\/li><li id=\"field_152_4\" class=\"gfield gfield--type-textarea gfield_contains_required field_sublabel_below gfield--no-description field_description_below field_validation_below gfield_visibility_visible\"  ><label class='gfield_label gform-field-label' for='input_152_4'>Mensaje<span class=\"gfield_required\"><span class=\"gfield_required gfield_required_asterisk\">*<\/span><\/span><\/label><div class='ginput_container ginput_container_textarea'><textarea name='input_4' id='input_152_4' class='textarea medium'     aria-required=\"true\" aria-invalid=\"false\"   rows='10' cols='50'><\/textarea><\/div><\/li><\/ul><\/div>\n        <div class='gform-footer gform_footer top_label'> <input type='submit' id='gform_submit_button_152' class='gform_button button' onclick='gform.submission.handleButtonClick(this);' data-submission-type='submit' value='Enviar'  \/> \n            <input type='hidden' class='gform_hidden' name='gform_submission_method' data-js='gform_submission_method_152' value='postback' \/>\n            <input type='hidden' class='gform_hidden' name='gform_theme' data-js='gform_theme_152' id='gform_theme_152' value='legacy' \/>\n            <input type='hidden' class='gform_hidden' name='gform_style_settings' data-js='gform_style_settings_152' id='gform_style_settings_152' value='[]' \/>\n            <input type='hidden' class='gform_hidden' name='is_submit_152' value='1' \/>\n            <input type='hidden' class='gform_hidden' name='gform_submit' value='152' \/>\n            \n            <input type='hidden' class='gform_hidden' name='gform_currency' data-currency='JPY' value='hlYYi2cjf31t8XWc+45u6MVAV8V5PHs+1O\/MptmsSB1K3wFsaG+V2ryHOINX5Gd5xq0TOisHO3Lw6vVYsw5VoaVoNXikpqT9eQnWTQEKEBuWAKs=' \/>\n            <input type='hidden' class='gform_hidden' name='gform_unique_id' value='' \/>\n            <input type='hidden' class='gform_hidden' name='state_152' value='WyJbXSIsImFkNmZlZDZjYWQ1MzZjNDE0ZDc4Yjc4ZmMzNWRhZTFlIl0=' \/>\n            <input type='hidden' autocomplete='off' class='gform_hidden' name='gform_target_page_number_152' id='gform_target_page_number_152' value='0' \/>\n            <input type='hidden' autocomplete='off' class='gform_hidden' name='gform_source_page_number_152' id='gform_source_page_number_152' value='1' \/>\n            <input type='hidden' name='gform_field_values' value='' \/>\n            \n        <\/div>\n                        <\/form>\n                        <\/div><script>\ngform.initializeOnLoaded( function() {gformInitSpinner( 152, 'https:\/\/gogonihon.com\/wp-content\/plugins\/gravityforms\/images\/spinner.svg', true );jQuery('#gform_ajax_frame_152').on('load',function(){var contents = jQuery(this).contents().find('*').html();var is_postback = contents.indexOf('GF_AJAX_POSTBACK') >= 0;if(!is_postback){return;}var form_content = jQuery(this).contents().find('#gform_wrapper_152');var is_confirmation = jQuery(this).contents().find('#gform_confirmation_wrapper_152').length > 0;var is_redirect = contents.indexOf('gformRedirect(){') >= 0;var is_form = form_content.length > 0 && ! is_redirect && ! is_confirmation;var mt = parseInt(jQuery('html').css('margin-top'), 10) + parseInt(jQuery('body').css('margin-top'), 10) + 100;if(is_form){jQuery('#gform_wrapper_152').html(form_content.html());if(form_content.hasClass('gform_validation_error')){jQuery('#gform_wrapper_152').addClass('gform_validation_error');} else {jQuery('#gform_wrapper_152').removeClass('gform_validation_error');}setTimeout( function() { \/* delay the scroll by 50 milliseconds to fix a bug in chrome *\/  }, 50 );if(window['gformInitDatepicker']) {gformInitDatepicker();}if(window['gformInitPriceFields']) {gformInitPriceFields();}var current_page = jQuery('#gform_source_page_number_152').val();gformInitSpinner( 152, 'https:\/\/gogonihon.com\/wp-content\/plugins\/gravityforms\/images\/spinner.svg', true );jQuery(document).trigger('gform_page_loaded', [152, current_page]);window['gf_submitting_152'] = false;}else if(!is_redirect){var confirmation_content = jQuery(this).contents().find('.GF_AJAX_POSTBACK').html();if(!confirmation_content){confirmation_content = contents;}jQuery('#gform_wrapper_152').replaceWith(confirmation_content);jQuery(document).trigger('gform_confirmation_loaded', [152]);window['gf_submitting_152'] = false;wp.a11y.speak(jQuery('#gform_confirmation_message_152').text());}else{jQuery('#gform_152').append(contents);if(window['gformRedirect']) {gformRedirect();}}jQuery(document).trigger(\"gform_pre_post_render\", [{ formId: \"152\", currentPage: \"current_page\", abort: function() { this.preventDefault(); } }]);        if (event && event.defaultPrevented) {                return;        }        const gformWrapperDiv = document.getElementById( \"gform_wrapper_152\" );        if ( gformWrapperDiv ) {            const visibilitySpan = document.createElement( \"span\" );            visibilitySpan.id = \"gform_visibility_test_152\";            gformWrapperDiv.insertAdjacentElement( \"afterend\", visibilitySpan );        }        const visibilityTestDiv = document.getElementById( \"gform_visibility_test_152\" );        let postRenderFired = false;        function triggerPostRender() {            if ( postRenderFired ) {                return;            }            postRenderFired = true;            gform.core.triggerPostRenderEvents( 152, current_page );            if ( visibilityTestDiv ) {                visibilityTestDiv.parentNode.removeChild( visibilityTestDiv );            }        }        function debounce( func, wait, immediate ) {            var timeout;            return function() {                var context = this, args = arguments;                var later = function() {                    timeout = null;                    if ( !immediate ) func.apply( context, args );                };                var callNow = immediate && !timeout;                clearTimeout( timeout );                timeout = setTimeout( later, wait );                if ( callNow ) func.apply( context, args );            };        }        const debouncedTriggerPostRender = debounce( function() {            triggerPostRender();        }, 200 );        if ( visibilityTestDiv && visibilityTestDiv.offsetParent === null ) {            const observer = new MutationObserver( ( mutations ) => {                mutations.forEach( ( mutation ) => {                    if ( mutation.type === 'attributes' && visibilityTestDiv.offsetParent !== null ) {                        debouncedTriggerPostRender();                        observer.disconnect();                    }                });            });            observer.observe( document.body, {                attributes: true,                childList: false,                subtree: true,                attributeFilter: [ 'style', 'class' ],            });        } else {            triggerPostRender();        }    } );} );\n<\/script>\n<\/p>\n\t\t\t\t\t\t\t\t<\/div>\n\t\t\t\t<\/div>\n\t\t\t\t\t<\/div>\n\t\t<\/div>\n\t\t\t\t\t<\/div>\n\t\t<\/section>\n\t\t\t\t<\/div>\n\t\t","protected":false},"excerpt":{"rendered":"<p>Preguntas frecuentes Hiragana Quest Aprende a leer, escribir, y recordar el alfabeto japon\u00e9s He restablecido mis datos\/reinstalado la aplicaci\u00f3n\/cambiado de dispositivo y me pide que vuelva a comprar el curso. En primer lugar, cierra la aplicaci\u00f3n por completo. Aseg\u00farate de estar conectado a Internet y de haber iniciado sesi\u00f3n en la cuenta de Google Play [&hellip;]<\/p>\n","protected":false},"author":6,"featured_media":0,"parent":0,"menu_order":0,"comment_status":"closed","ping_status":"closed","template":"","meta":{"footnotes":""},"class_list":["post-3696","page","type-page","status-publish","hentry"],"_links":{"self":[{"href":"https:\/\/gogonihon.com\/es\/wp-json\/wp\/v2\/pages\/3696","targetHints":{"allow":["GET"]}}],"collection":[{"href":"https:\/\/gogonihon.com\/es\/wp-json\/wp\/v2\/pages"}],"about":[{"href":"https:\/\/gogonihon.com\/es\/wp-json\/wp\/v2\/types\/page"}],"author":[{"embeddable":true,"href":"https:\/\/gogonihon.com\/es\/wp-json\/wp\/v2\/users\/6"}],"replies":[{"embeddable":true,"href":"https:\/\/gogonihon.com\/es\/wp-json\/wp\/v2\/comments?post=3696"}],"version-history":[{"count":0,"href":"https:\/\/gogonihon.com\/es\/wp-json\/wp\/v2\/pages\/3696\/revisions"}],"wp:attachment":[{"href":"https:\/\/gogonihon.com\/es\/wp-json\/wp\/v2\/media?parent=3696"}],"curies":[{"name":"wp","href":"https:\/\/api.w.org\/{rel}","templated":true}]}}