{"id":191853,"date":"2025-09-08T10:28:03","date_gmt":"2025-09-08T01:28:03","guid":{"rendered":"https:\/\/gogonihon.com\/seguro-japon\/"},"modified":"2025-09-08T10:28:04","modified_gmt":"2025-09-08T01:28:04","slug":"seguro-japon","status":"publish","type":"page","link":"https:\/\/gogonihon.com\/es\/seguro-japon\/","title":{"rendered":"Seguro \u2013 Jap\u00f3n"},"content":{"rendered":"\t\t<div data-elementor-type=\"wp-page\" data-elementor-id=\"191853\" class=\"elementor elementor-191853 elementor-133601\" data-elementor-post-type=\"page\">\n\t\t\t\t\t\t<section class=\"elementor-section elementor-top-section elementor-element elementor-element-c2eb77a elementor-section-boxed elementor-section-height-default elementor-section-height-default\" data-id=\"c2eb77a\" data-element_type=\"section\" data-e-type=\"section\" data-settings=\"{&quot;_ob_glider_is_slider&quot;:&quot;no&quot;}\">\n\t\t\t\t\t\t<div class=\"elementor-container elementor-column-gap-default\">\n\t\t\t\t\t<div class=\"elementor-column elementor-col-100 elementor-top-column elementor-element elementor-element-6a1b72a\" data-id=\"6a1b72a\" data-element_type=\"column\" data-e-type=\"column\">\n\t\t\t<div class=\"elementor-widget-wrap elementor-element-populated\">\n\t\t\t\t\t\t<div class=\"elementor-element elementor-element-f5028ab elementor-widget elementor-widget-heading\" data-id=\"f5028ab\" data-element_type=\"widget\" data-e-type=\"widget\" data-widget_type=\"heading.default\">\n\t\t\t\t<div class=\"elementor-widget-container\">\n\t\t\t\t\t<h1 class=\"elementor-heading-title elementor-size-default\">Seguro \u2013 Jap\u00f3n<\/h1>\t\t\t\t<\/div>\n\t\t\t\t<\/div>\n\t\t\t\t<div class=\"elementor-element elementor-element-24f918b elementor-widget elementor-widget-text-editor\" data-id=\"24f918b\" data-element_type=\"widget\" data-e-type=\"widget\" data-widget_type=\"text-editor.default\">\n\t\t\t\t<div class=\"elementor-widget-container\">\n\t\t\t\t\t\t\t\t\t<p>Utilizamos Envisage Global Insurance para cubrir a nuestros estudiantes durante su viaje de estudios. Todos los detalles a continuaci\u00f3n se refieren a la p\u00f3liza de Envisage y Tokio Marine HCC. El seguro cubre desde un d\u00eda antes de que comience el curso hasta un d\u00eda despu\u00e9s de que finalice. Los estudiantes tienen la opci\u00f3n de ampliar la cobertura por una tarifa adicional. Ten en cuenta que esta cobertura no est\u00e1 disponible para estudiantes mayores de 50 a\u00f1os. Los detalles del seguro se enviar\u00e1n a los estudiantes antes de llegar a Jap\u00f3n. Si no est\u00e1s seguro de alguno de los detalles ponte en contacto con ellos, por favor.<\/p>\n<p>Para reclamaciones y cualquier pregunta relacionada con el seguro, los estudiantes deben comunicarse directamente con la compa\u00f1\u00eda de seguros.<\/p>\n\t\t\t\t\t\t\t\t<\/div>\n\t\t\t\t<\/div>\n\t\t\t\t<div class=\"elementor-element elementor-element-c87a364 elementor-widget elementor-widget-heading\" data-id=\"c87a364\" data-element_type=\"widget\" data-e-type=\"widget\" data-widget_type=\"heading.default\">\n\t\t\t\t<div class=\"elementor-widget-container\">\n\t\t\t\t\t<h2 class=\"elementor-heading-title elementor-size-default\">DETALLES DE LA COBERTURA DEL SEGURO M\u00c9DICO<\/h2>\t\t\t\t<\/div>\n\t\t\t\t<\/div>\n\t\t<div class=\"elementor-element elementor-element-986c842 e-grid e-con-boxed e-con e-parent\" data-id=\"986c842\" data-element_type=\"container\" data-e-type=\"container\" data-settings=\"{&quot;_ob_glider_is_slider&quot;:&quot;no&quot;}\">\n\t\t\t\t\t<div class=\"e-con-inner\">\n\t\t\t\t<div class=\"elementor-element elementor-element-eb2e4f9 elementor-widget elementor-widget-text-editor\" data-id=\"eb2e4f9\" data-element_type=\"widget\" data-e-type=\"widget\" data-widget_type=\"text-editor.default\">\n\t\t\t\t<div class=\"elementor-widget-container\">\n\t\t\t\t\t\t\t\t\t<table>\r\n<tbody>\r\n<tr style=\"height: 52px;\">\r\n<td style=\"width: 701.914px; height: 52px;\">\r\n<div class=\"layoutArea\">\r\n<div class=\"column\">\r\n\r\nL\u00edmite m\u00e1ximo general y m\u00e1ximo por lesi\u00f3n\/enfermedad\r\n\r\n<\/div>\r\n<\/div><\/td>\r\n<td style=\"width: 532.086px; height: 52px;\">\r\n<div class=\"layoutArea\">\r\n<div class=\"column\">\r\n\r\n$3,000,000\r\n\r\n<\/div>\r\n<\/div><\/td>\r\n<\/tr>\r\n<tr style=\"height: 52px;\">\r\n<td style=\"width: 701.914px; height: 52px;\">\r\n<div class=\"layoutArea\">\r\n<div class=\"column\">\r\n\r\nDeducible\r\n\r\n<\/div>\r\n<\/div><\/td>\r\n<td style=\"width: 532.086px; height: 52px;\">\r\n<div class=\"layoutArea\">\r\n<div class=\"column\">$0 por per\u00edodo del certificado<\/div>\r\n<\/div><\/td>\r\n<\/tr>\r\n<tr style=\"height: 72px;\">\r\n<td style=\"width: 701.914px; height: 73px;\">\r\n<div class=\"layoutArea\">\r\n<div class=\"column\">\r\n\r\nCoseguro\r\n\r\n<\/div>\r\n<\/div><\/td>\r\n<td style=\"width: 532.086px; height: 73px;\">\r\n<div class=\"layoutArea\">\r\n<div class=\"column\">Pagaremos el 100% de los gastos elegibles despu\u00e9s del deducible hasta el l\u00edmite m\u00e1ximo general.<\/div>\r\n<\/div><\/td>\r\n<\/tr>\r\n<tr style=\"height: 52px;\">\r\n<td style=\"width: 701.914px; height: 52px;\">\r\n<div class=\"layoutArea\">\r\n<div class=\"column\">\r\n\r\nAlojamiento y atenci\u00f3n en hospital\r\n\r\n<\/div>\r\n<\/div><\/td>\r\n<td style=\"width: 532.086px; height: 52px;\">\r\n<div class=\"layoutArea\">\r\n<div class=\"column\">Tarifa promedio de habitaci\u00f3n semiprivada, incluidos servicios de enfermer\u00eda<\/div>\r\n<\/div><\/td>\r\n<\/tr>\r\n<tr style=\"height: 52px;\">\r\n<td style=\"width: 701.914px; height: 52px;\">\r\n<div class=\"layoutArea\">\r\n<div class=\"column\">\r\n\r\nUnidad de Cuidados Intensivos\r\n\r\n<\/div>\r\n<\/div><\/td>\r\n<td style=\"width: 532.086px; height: 52px;\">\r\n<div class=\"layoutArea\">\r\n<div class=\"column\">Hasta el l\u00edmite m\u00e1ximo general<\/div>\r\n<\/div><\/td>\r\n<\/tr>\r\n<tr style=\"height: 96px;\">\r\n<td style=\"width: 701.914px; height: 96px;\">\r\n<div class=\"layoutArea\">\r\n<div class=\"column\">\r\n\r\nAmbulancia local\r\n\r\n<\/div>\r\n<\/div><\/td>\r\n<td style=\"width: 532.086px; height: 96px;\">\r\n<div class=\"layoutArea\">\r\n<div class=\"column\">Cargos habituales, razonables y comunes por enfermedades o lesiones cubiertas. La enfermedad debe dar lugar a la hospitalizaci\u00f3n.<\/div>\r\n<\/div><\/td>\r\n<\/tr>\r\n<tr style=\"height: 52px;\">\r\n<td style=\"width: 701.914px; height: 52px;\">\r\n<div class=\"layoutArea\">\r\n<div class=\"column\">\r\n\r\nFisioterapia ambulatoria y atenci\u00f3n quiropr\u00e1ctica\r\n\r\n<\/div>\r\n<\/div><\/td>\r\n<td style=\"width: 532.086px; height: 52px;\">\r\n<div class=\"layoutArea\">\r\n<div class=\"column\">Hasta $50 como m\u00e1ximo por d\u00eda. Debe ser solicitado con anticipaci\u00f3n por un fisioterapeuta.<br\/>\r\nCertificado m\u00e1ximo de $1,500 &#8211; no sujeto a coseguro<\/div>\r\n<\/div><\/td>\r\n<\/tr>\r\n\r\n<tr style=\"height: 76px;\">\r\n<td style=\"width: 701.914px; height: 76px;\">\r\n<div class=\"layoutArea\">\r\n<div class=\"column\">\r\n\r\nTratamiento dental debido a un accidente\r\n\r\n<\/div>\r\n<\/div><\/td>\r\n<td style=\"width: 532.086px; height: 76px;\">\r\n<div class=\"layoutArea\">\r\n<div class=\"column\">Hasta $500<\/div>\r\n<\/div><\/td>\r\n<\/tr>\r\n\r\n<tr style=\"height: 76px;\">\r\n<td style=\"width: 701.914px; height: 76px;\">\r\n<div class=\"layoutArea\">\r\n<div class=\"column\">\r\n\r\nEmergencia dental (inicio agudo del dolor)\r\n<\/div>\r\n<\/div><\/td>\r\n<td style=\"width: 532.086px; height: 76px;\">\r\n<div class=\"layoutArea\">\r\n<div class=\"column\">$200<\/div>\r\n<\/div><\/td>\r\n<\/tr>\r\n\r\n<tr style=\"height: 76px;\">\r\n<td style=\"width: 701.914px; height: 76px;\">\r\n<div class=\"layoutArea\">\r\n<div class=\"column\">\r\n\r\nCobertura deportiva\r\n\r\n<\/div>\r\n<\/div><\/td>\r\n<td style=\"width: 532.086px; height: 76px;\">\r\n<div class=\"layoutArea\">\r\n<div class=\"column\">Gastos habituales, razonables y acostumbrados (deportes o actividades atl\u00e9ticas no profesionales, no organizadas ni sancionadas, que no est\u00e9n excluidas en el presente documento, y que usted practique exclusivamente con fines de ocio, recreativos, de entretenimiento o de acondicionamiento f\u00edsico).<\/div>\r\n<\/div><\/td>\r\n<\/tr>\r\n<tr style=\"height: 76px;\">\r\n<td style=\"width: 701.914px; height: 76px;\">\r\n<div class=\"layoutArea\">\r\n<div class=\"column\">\r\n\r\nTrastornos de salud mental\r\n\r\n<\/div>\r\n<\/div><\/td>\r\n<td style=\"width: 532.086px; height: 76px;\">\r\n<div class=\"layoutArea\">\r\n<div class=\"column\">Pacientes ambulatorios: hasta $50 por visita\/certificado de $500.<br\/>\r\nPacientes hospitalizados: hasta $20,000.<\/div>\r\n<\/div><\/td>\r\n<\/tr>\r\n\r\n<tr style=\"height: 52px;\">\r\n<td style=\"width: 701.914px; height: 52px;\">\r\n<div class=\"layoutArea\">\r\n<div class=\"column\">\r\n\r\nResto de gastos m\u00e9dicos elegibles\r\n\r\n<\/div>\r\n<\/div><\/td>\r\n<td style=\"width: 532.086px; height: 52px;\">\r\n<div class=\"layoutArea\">\r\n<div class=\"column\">Hasta el l\u00edmite m\u00e1ximo general<\/div>\r\n<\/div><\/td>\r\n<\/tr>\r\n\r\n\r\n<tr style=\"height: 72px;\">\r\n<td style=\"width: 701.914px; height: 72px;\">Evacuaci\u00f3n m\u00e9dica de emergencia<br\/>\r\n*No sujeto a deducci\u00f3n ni a l\u00edmite m\u00e1ximo general<\/td>\r\n<td style=\"width: 532.086px; height: 72px;\">Hasta $50,000 m\u00e1ximo de por vida.<\/td>\r\n<\/tr>\r\n\r\n\r\n\r\n<tr style=\"height: 24px;\">\r\n<td style=\"width: 701.914px; height: 24px;\">Repatriaci\u00f3n de los restos<br\/>\r\n\u2022 No est\u00e1 sujeto a deducci\u00f3n ni coseguro<br\/>\r\n\u2022 Este l\u00edmite es solo para este beneficio y no est\u00e1 incluido ni sujeto al l\u00edmite m\u00e1ximo general<\/td>\r\n<td style=\"width: 532.086px; height: 24px;\">Hasta $25,000 m\u00e1ximo de por vida.<\/td>\r\n<\/tr>\r\n\r\n<tr style=\"height: 48px;\">\r\n<td style=\"width: 701.914px; height: 48px;\">Reuni\u00f3n de emergencia<br\/>\r\n\u2022 No sujeto a deducible ni coseguro.<\/td>\r\n<td style=\"width: 532.086px; height: 48px;\">Hasta $1,000 sujeto a un m\u00e1ximo de 15 d\u00edas tras una lesi\u00f3n corporal grave que ponga en peligro la vida o una enfermedad grave que ponga en peligro la vida y que d\u00e9 lugar al ingreso en la unidad de cuidados intensivos de un hospital.<\/td>\r\n<\/tr>\r\n\r\n<tr style=\"height: 24px;\">\r\n<td style=\"width: 701.914px; height: 24px;\">Interrupci\u00f3n del viaje *<br\/>\r\nNo sujeto a deducible ni coseguro.<\/td>\r\n<td style=\"width: 532.086px; height: 24px;\">Hasta $1,500<\/td>\r\n<\/tr>\r\n\r\n<tr style=\"height: 24px;\">\r\n<td style=\"width: 701.914px; height: 24px;\">Equipaje facturado extraviado *<br\/>\r\nNo sujeto a deducible ni coseguro.<\/td>\r\n<td style=\"width: 532.086px; height: 24px;\">Hasta $250<\/td>\r\n<\/tr>\r\n\r\n<tr style=\"height: 240px;\">\r\n<td style=\"width: 701.914px; height: 240px;\">Muerte Accidental y Desmembramiento<br\/>\r\n(excluye p\u00e9rdida por Accidente de Transporte Com\u00fan)<br\/>\r\n\u2022 No sujeto a deducible, coseguro ni l\u00edmite m\u00e1ximo general<\/td>\r\n<td style=\"width: 532.086px; height: 240px;\">Mayores de 18 a\u00f1os: M\u00e1ximo vitalicio: $10,000<br\/>\r\nMenores de 18 a\u00f1os: M\u00e1ximo vitalicio: $5,000<\/td>\r\n<\/tr>\r\n\r\n<tr style=\"height: 148px;\">\r\n<td style=\"width: 701.914px; height: 148px;\">Responsabilidad civil personal **Responsabilidad civil personal<br\/>\r\n\u2022 No sujeto a franquicia, coseguro ni l\u00edmite m\u00e1ximo global.<\/td>\r\n<td style=\"width: 532.086px; height: 148px;\">\r\n<div class=\"layoutArea\">\r\n<div class=\"column\">\r\nM\u00e1ximo de por vida: $100,000<br\/>\r\nLesiones a terceros: hasta $100,000<br\/>\r\nDa\u00f1os a la propiedad de terceros: hasta $100,000<br\/>\r\nDa\u00f1os a la propiedad relacionada con terceros: hasta $2,500<br\/>\r\n<\/div>\r\n<\/div><\/td>\r\n<\/tr>\r\n<\/tbody>\r\n<\/table>\t\t\t\t\t\t\t\t<\/div>\n\t\t\t\t<\/div>\n\t\t\t\t\t<\/div>\n\t\t\t\t<\/div>\n\t\t\t\t<div class=\"elementor-element elementor-element-e45c875 elementor-widget elementor-widget-text-editor\" data-id=\"e45c875\" data-element_type=\"widget\" data-e-type=\"widget\" data-widget_type=\"text-editor.default\">\n\t\t\t\t<div class=\"elementor-widget-container\">\n\t\t\t\t\t\t\t\t\t<p><b>Excepciones<\/b><\/p>\n<p><\/p>\n<ol>\n<li>Condiciones preexistentes<\/li>\n<li>Defectos de nacimiento y enfermedades cong\u00e9nitas. Se considera que los defectos de nacimiento incluyen<br \/>\n        condiciones hereditarias.<\/li>\n<li>Embarazo, excepto lo cubierto por \u00abcomplicaciones del embarazo\u00bb, seg\u00fan se define en el presente, todos los<br \/>\n        cargos relacionados con el embarazo despu\u00e9s de la semana 26 de embarazo, atenci\u00f3n prenatal de rutina, parto,<br \/>\n        atenci\u00f3n posnatal y cargos incurridos por un ni\u00f1o menor de 14 d\u00edas.<\/li>\n<li>Interrupci\u00f3n del embarazo<\/li>\n<li>Impotencia o disfunci\u00f3n sexual.<\/li>\n<li>Todas las enfermedades y afecciones de transmisi\u00f3n sexual, excepto las pruebas diagn\u00f3sticas relacionadas con una<br \/>\n        lesi\u00f3n o enfermedad cubierta.<\/li>\n<li>VIH, SIDA o ARC, y todas las enfermedades causadas por y\/o relacionadas con el VIH.<\/li>\n<li>Todas las formas de c\u00e1ncer\/neoplasia.<\/li>\n<li>Abuso de sustancias o adicci\u00f3n o condiciones que puedan ser atribuidas al abuso de sustancias o adicciones y<br \/>\n        consecuencias directas del mismo.<\/li>\n<li>Acn\u00e9, lunares, marcas en la piel, enfermedades de las gl\u00e1ndulas seb\u00e1ceas, seborrea, quistes seb\u00e1ceos, estados<br \/>\n        hipertr\u00f3ficos y atr\u00f3ficos de la piel, nevus.<\/li>\n<li>Apnea del sue\u00f1o u otros trastornos del sue\u00f1o.<\/li>\n<li>Obesidad o modificaci\u00f3n de peso, incluidos, entre otros, el cableado de los dientes y todas las formas de<br \/>\n        cirug\u00eda de derivaci\u00f3n intestinal.<\/li>\n<li>Lesi\u00f3n o enfermedad autoinfligida intencionalmente y\/o suicidio o intento de suicidio ya sea cuerdo o loco.<\/li>\n<li>Lesi\u00f3n sufrida que se debe total o parcialmente a los efectos de la intoxicaci\u00f3n o de drogas distintas de las<br \/>\n        tomadas de acuerdo con el tratamiento prescrito por un m\u00e9dico y excepto las drogas prescritas para el<br \/>\n        tratamiento del abuso de sustancias.<\/li>\n<li>Lesi\u00f3n sufrida al operar cualquier veh\u00edculo motorizado, aeronave o embarcaci\u00f3n, ya sea registrada o no, bajo la<br \/>\n        influencia del alcohol seg\u00fan lo define la ley de la jurisdicci\u00f3n donde ocurre la lesi\u00f3n o con un contenido de<br \/>\n        alcohol en sangre de .08, lo que sea menor.<\/li>\n<li>Ex\u00e1menes m\u00e9dicos de rutina, incluidos, entre otros, vacunas, inmunizaciones, chequeos anuales, expedici\u00f3n de<br \/>\n        certificados y atestados m\u00e9dicos y ex\u00e1menes de idoneidad para el empleo o los viajes.<\/li>\n<li>Tratamiento dental y tratamiento de la articulaci\u00f3n temporomandibular, excepto el tratamiento dental de<br \/>\n        emergencia necesario para reemplazar dientes naturales sanos perdidos o da\u00f1ados en un accidente cubierto en<br \/>\n        virtud del presente o para el alivio de emergencia de un dolor agudo.<\/li>\n<li>Promoci\u00f3n o prevenci\u00f3n de la concepci\u00f3n, incluidos, entre otros: inseminaci\u00f3n artificial, tratamiento para la<br \/>\n        infertilidad, esterilizaci\u00f3n o reversi\u00f3n de la esterilizaci\u00f3n.<\/li>\n<li>Trasplantes de \u00f3rganos o tejidos o servicios relacionados.<\/li>\n<li>Cirug\u00eda ocular, como la cirug\u00eda refractaria correctiva, cuando el objetivo principal es corregir la miop\u00eda, la<br \/>\n        hipermetrop\u00eda o el astigmatismo.<\/li>\n<li>Dispositivos correctivos y aparatos m\u00e9dicos, incluidos anteojos, lentes de contacto, aud\u00edfonos, implantes<br \/>\n        auditivos, refracci\u00f3n ocular, terapia visual y cualquier examen o ajuste relacionado con estos dispositivos,<br \/>\n        dentaduras postizas o aparatos dentales, y todas las pruebas y ex\u00e1menes de visi\u00f3n y audici\u00f3n.<\/li>\n<li>Ort\u00f3ptica y entrenamiento visual ocular.<\/li>\n<li>Zapatos ortop\u00e9dicos, dispositivos ortop\u00e9dicos recetados para sujetar o colocar en zapatos, tratamiento de pies<br \/>\n        d\u00e9biles, tensos, planos, inestables o desequilibrados, metatarsalgia o juanetes, y tratamiento de callos,<br \/>\n        callosidades o u\u00f1as de los pies.<\/li>\n<li>P\u00e9rdida de cabello, incluidas pelucas, trasplantes de cabello o cualquier medicamento que prometa el crecimiento<br \/>\n        del cabello, ya sea recetado o no.<\/li>\n<li>Fonoaudiolog\u00eda, vocacional, ocupacional, biofeedback, acupuntura, recreativa, del sue\u00f1o o musicoterapia,<br \/>\n        cuidados hol\u00edsticos de cualquier naturaleza, masajes y kinesioterapia.<\/li>\n<li>Pruebas psicom\u00e9tricas, de inteligencia, de competencia, conductuales y educativas.<\/li>\n<li>Razones cosm\u00e9ticas o est\u00e9ticas, excepto cirug\u00eda reconstructiva cuando dicha cirug\u00eda est\u00e9 directamente<br \/>\n        relacionada y sea posterior a una cirug\u00eda cubierta por el presente.<\/li>\n<li>Modificaciones del cuerpo f\u00edsico destinadas a mejorar el bienestar psicol\u00f3gico, mental o emocional, incluidas,<br \/>\n        entre otras, la cirug\u00eda de cambio de sexo.<\/li>\n<li>Programas de ejercicio, ya sean prescritos o recomendados por un m\u00e9dico.<\/li>\n<li>Incurrido como resultado de la exposici\u00f3n a radiaci\u00f3n nuclear no m\u00e9dica y\/o materiales radiactivos.<\/li>\n<li>Crioconservaci\u00f3n e implantaci\u00f3n o reimplantaci\u00f3n de c\u00e9lulas vivas.<\/li>\n<li>Pruebas gen\u00e9ticas o predictivas.<\/li>\n<li>De investigaci\u00f3n, experimentales o con fines de investigaci\u00f3n.<\/li>\n<li>Mientras est\u00e9 confinado principalmente para recibir atenci\u00f3n de custodia, atenci\u00f3n educativa o de<br \/>\n        rehabilitaci\u00f3n, o cualquier tratamiento m\u00e9dico en cualquier establecimiento para el cuidado de personas mayores,<br \/>\n        excepto la atenci\u00f3n de rehabilitaci\u00f3n recibida en el momento del traslado directo desde un hospital de cuidados<br \/>\n        intensivos.<\/li>\n<li>Lo no m\u00e9dicamente necesario.<\/li>\n<li>No administrados por o bajo la supervisi\u00f3n de un m\u00e9dico, y productos que pueden adquirirse sin receta m\u00e9dica.\n    <\/li>\n<li>Proporcionado por un pariente, familiar o cualquier persona que resida habitualmente con usted.<\/li>\n<li>Proporcionado sin costo alguno para usted.<\/li>\n<li>No asistir a una cita programada.<\/li>\n<li>Pagos bajo cualquier sistema gubernamental, incluido el sistema australiano de Medicare.<\/li>\n<li>Cargos que excedan lo habitual, razonable y com\u00fan.<\/li>\n<li>Cargos resultantes o ocurridos durante la comisi\u00f3n de una violaci\u00f3n de la ley, incluidos, entre otros, la<br \/>\n        participaci\u00f3n en una ocupaci\u00f3n o acto ilegal, pero excluyendo infracciones de tr\u00e1nsito menores.<\/li>\n<li>Cualquier enfermedad o lesi\u00f3n incurrida como resultado de epidemias, pandemias, emergencias de salud p\u00fablica,<br \/>\n        desastres naturales u otras condiciones de brote de enfermedades que puedan afectar la salud de una persona<br \/>\n        cuando, antes de su fecha de vigencia, se haya emitido cualquiera de los siguientes:<\/p>\n<ul>\n<li>a. Los Centros para el Control y la Prevenci\u00f3n de Enfermedades de los Estados Unidos hab\u00edan emitido un<br \/>\n                nivel de advertencia\/alerta 3 o superior para un lugar o destino, incluidos los transportistas comunes.\n            <\/li>\n<li>b. Los Centros para el Control y la Prevenci\u00f3n de Enfermedades de los Estados Unidos hab\u00edan emitido una<br \/>\n                advertencia\/alerta mundial de nivel 3 o superior. Esta exclusi\u00f3n se aplica cuando 1) cualquiera de los<br \/>\n                puntos anteriores estuvo en vigor dentro de los 6 meses inmediatamente anteriores a su fecha de vigencia<br \/>\n                o 2) dentro de los 10 d\u00edas posteriores a la fecha en que se emiti\u00f3 la alerta\/advertencia, usted no ha<br \/>\n                salido del pa\u00eds o ubicaci\u00f3n. Esta exclusi\u00f3n no se aplica a los cargos resultantes de<br \/>\n                COVID-19\/SARS-CoV-2.<\/li>\n<\/ul>\n<\/li>\n<li>Guerra, acci\u00f3n militar o mientras est\u00e1 de servicio como miembro de una unidad de la polic\u00eda o de la fuerza<br \/>\n        militar.<\/li>\n<li>Viajes o alojamiento, salvo lo dispuesto en las secciones de este seguro relativas a ambulancia local,<br \/>\n        evacuaci\u00f3n m\u00e9dica de emergencia, repatriaci\u00f3n de restos mortales y reuni\u00f3n de emergencia.<\/li>\n<li>Incurrido fuera del per\u00edodo de su certificado.<\/li>\n<li>Presentado para pago m\u00e1s de 60 d\u00edas despu\u00e9s del \u00faltimo d\u00eda del per\u00edodo del certificado.<\/li>\n<li>Cuando la salida del pa\u00eds de origen sea para obtener tratamiento en el pa\u00eds\/pa\u00edses de destino.<\/li>\n<li>Complicaciones o consecuencias de un tratamiento o condici\u00f3n no cubierta por este documento.<\/li>\n<li>No incluidos como Gastos Elegibles seg\u00fan se describe en este documento.<\/li>\n<\/ol>\n<p><\/p>\n<p><b>Ten en cuenta: esta p\u00e1gina es un resumen consolidado de los beneficios del plan, el certificado oficial de la<br \/>\n        p\u00f3liza est\u00e1 disponible en la zona de estudiantes una vez que te conviertes en participante del programa y ser\u00e1<br \/>\n        el documento prevaleciente para la adjudicaci\u00f3n de reclamos. Si hubiera cualquier discrepancia entre esta p\u00e1gina<br \/>\n        y el certificado de pol\u00edtica, el certificado de pol\u00edtica anular\u00e1 esta p\u00e1gina.<\/b><\/p>\n\t\t\t\t\t\t\t\t<\/div>\n\t\t\t\t<\/div>\n\t\t\t\t\t<\/div>\n\t\t<\/div>\n\t\t\t\t\t<\/div>\n\t\t<\/section>\n\t\t\t\t<\/div>\n\t\t","protected":false},"excerpt":{"rendered":"<p>Seguro \u2013 Jap\u00f3n Utilizamos Envisage Global Insurance para cubrir a nuestros estudiantes durante su viaje de estudios. Todos los detalles a continuaci\u00f3n se refieren a la p\u00f3liza de Envisage y Tokio Marine HCC. El seguro cubre desde un d\u00eda antes de que comience el curso hasta un d\u00eda despu\u00e9s de que finalice. Los estudiantes tienen [&hellip;]<\/p>\n","protected":false},"author":13,"featured_media":0,"parent":0,"menu_order":0,"comment_status":"closed","ping_status":"closed","template":"","meta":{"footnotes":""},"class_list":["post-191853","page","type-page","status-publish","hentry"],"_links":{"self":[{"href":"https:\/\/gogonihon.com\/es\/wp-json\/wp\/v2\/pages\/191853","targetHints":{"allow":["GET"]}}],"collection":[{"href":"https:\/\/gogonihon.com\/es\/wp-json\/wp\/v2\/pages"}],"about":[{"href":"https:\/\/gogonihon.com\/es\/wp-json\/wp\/v2\/types\/page"}],"author":[{"embeddable":true,"href":"https:\/\/gogonihon.com\/es\/wp-json\/wp\/v2\/users\/13"}],"replies":[{"embeddable":true,"href":"https:\/\/gogonihon.com\/es\/wp-json\/wp\/v2\/comments?post=191853"}],"version-history":[{"count":1,"href":"https:\/\/gogonihon.com\/es\/wp-json\/wp\/v2\/pages\/191853\/revisions"}],"predecessor-version":[{"id":191854,"href":"https:\/\/gogonihon.com\/es\/wp-json\/wp\/v2\/pages\/191853\/revisions\/191854"}],"wp:attachment":[{"href":"https:\/\/gogonihon.com\/es\/wp-json\/wp\/v2\/media?parent=191853"}],"curies":[{"name":"wp","href":"https:\/\/api.w.org\/{rel}","templated":true}]}}