{"id":189898,"date":"2025-08-27T13:45:05","date_gmt":"2025-08-27T04:45:05","guid":{"rendered":"https:\/\/gogonihon.com\/historias-exitosas-de-estudiantes\/"},"modified":"2025-08-27T13:45:05","modified_gmt":"2025-08-27T04:45:05","slug":"historias-exitosas-de-estudiantes","status":"publish","type":"page","link":"https:\/\/gogonihon.com\/es\/historias-exitosas-de-estudiantes\/","title":{"rendered":"Historias exitosas de estudiantes"},"content":{"rendered":"\t\t<div data-elementor-type=\"wp-page\" data-elementor-id=\"189898\" class=\"elementor elementor-189898 elementor-179010\" data-elementor-post-type=\"page\">\n\t\t\t\t<section class=\"elementor-element elementor-element-62addc8 e-flex e-con-boxed e-con e-parent\" data-id=\"62addc8\" data-element_type=\"container\" data-e-type=\"container\" data-settings=\"{&quot;_ob_glider_is_slider&quot;:&quot;no&quot;}\">\n\t\t\t\t\t<div class=\"e-con-inner\">\n\t\t<div class=\"elementor-element elementor-element-eaaf1fc e-con-full e-flex e-con e-child\" data-id=\"eaaf1fc\" data-element_type=\"container\" data-e-type=\"container\" data-settings=\"{&quot;_ob_glider_is_slider&quot;:&quot;no&quot;}\">\n\t\t<div class=\"elementor-element elementor-element-242a70e e-con-full e-flex e-con e-child\" data-id=\"242a70e\" data-element_type=\"container\" data-e-type=\"container\" data-settings=\"{&quot;_ob_glider_is_slider&quot;:&quot;no&quot;}\">\n\t\t\t\t<div class=\"elementor-element elementor-element-5f628ca elementor-laptop-align-left elementor-widget elementor-widget-breadcrumbs\" data-id=\"5f628ca\" data-element_type=\"widget\" data-e-type=\"widget\" data-widget_type=\"breadcrumbs.default\">\n\t\t\t\t<div class=\"elementor-widget-container\">\n\t\t\t\t\t<p><span class=\"last\">Home<\/span><\/p>\t\t\t\t<\/div>\n\t\t\t\t<\/div>\n\t\t\t\t<div class=\"elementor-element elementor-element-4fa166b elementor-widget__width-inherit elementor-widget elementor-widget-heading\" data-id=\"4fa166b\" data-element_type=\"widget\" data-e-type=\"widget\" data-widget_type=\"heading.default\">\n\t\t\t\t<div class=\"elementor-widget-container\">\n\t\t\t\t\t<h1 class=\"elementor-heading-title elementor-size-default\">Historias exitosas de estudiantes<\/h1>\t\t\t\t<\/div>\n\t\t\t\t<\/div>\n\t\t\t\t<div class=\"elementor-element elementor-element-5cd9565 elementor-widget elementor-widget-spacer\" data-id=\"5cd9565\" data-element_type=\"widget\" data-e-type=\"widget\" data-widget_type=\"spacer.default\">\n\t\t\t\t<div class=\"elementor-widget-container\">\n\t\t\t\t\t\t\t<div class=\"elementor-spacer\">\n\t\t\t<div class=\"elementor-spacer-inner\"><\/div>\n\t\t<\/div>\n\t\t\t\t\t\t<\/div>\n\t\t\t\t<\/div>\n\t\t\t\t<div class=\"elementor-element elementor-element-c75b1c4 elementor-widget__width-inherit elementor-widget elementor-widget-text-editor\" data-id=\"c75b1c4\" data-element_type=\"widget\" data-e-type=\"widget\" id=\"subtitle\" data-widget_type=\"text-editor.default\">\n\t\t\t\t<div class=\"elementor-widget-container\">\n\t\t\t\t\t\t\t\t\t<p>Lee historias inspiradoras de estudiantes internacionales que estudiaron con \u00e9xito en Jap\u00f3n con el apoyo de Go! Go! Nihon. Descubre c\u00f3mo nuestros servicios y escuelas asociadas ayudaron a los estudiantes a superar desaf\u00edos y alcanzar sus objetivos de inmersi\u00f3n acad\u00e9mica y cultural.<\/p>\n\t\t\t\t\t\t\t\t<\/div>\n\t\t\t\t<\/div>\n\t\t\t\t<\/div>\n\t\t<div class=\"elementor-element elementor-element-5f30086 e-con-full e-flex e-con e-child\" data-id=\"5f30086\" data-element_type=\"container\" data-e-type=\"container\" data-settings=\"{&quot;_ob_glider_is_slider&quot;:&quot;no&quot;}\">\n\t\t\t\t<div class=\"elementor-element elementor-element-f939003 elementor-widget elementor-widget-image\" data-id=\"f939003\" data-element_type=\"widget\" data-e-type=\"widget\" data-widget_type=\"image.default\">\n\t\t\t\t<div class=\"elementor-widget-container\">\n\t\t\t\t\t\t\t\t\t\t\t\t\t\t\t<img fetchpriority=\"high\" decoding=\"async\" width=\"798\" height=\"436\" src=\"https:\/\/gogonihon.com\/wp-content\/uploads\/2024\/11\/blue-shirt-student-in-classroom.jpg\" class=\"attachment-full size-full wp-image-147190\" alt=\"Ragazza con maglione blu che studia in classe\" srcset=\"https:\/\/gogonihon.com\/wp-content\/uploads\/2024\/11\/blue-shirt-student-in-classroom.jpg 798w, https:\/\/gogonihon.com\/wp-content\/uploads\/2024\/11\/blue-shirt-student-in-classroom-300x164.jpg 300w, https:\/\/gogonihon.com\/wp-content\/uploads\/2024\/11\/blue-shirt-student-in-classroom-768x420.jpg 768w\" sizes=\"(max-width: 798px) 100vw, 798px\" \/>\t\t\t\t\t\t\t\t\t\t\t\t\t\t\t<\/div>\n\t\t\t\t<\/div>\n\t\t\t\t<\/div>\n\t\t\t\t<\/div>\n\t\t<div class=\"elementor-element elementor-element-4258293 e-con-full e-flex e-con e-child\" data-id=\"4258293\" data-element_type=\"container\" data-e-type=\"container\" data-settings=\"{&quot;_ob_glider_is_slider&quot;:&quot;no&quot;}\">\n\t\t\t\t<div class=\"elementor-element elementor-element-37cc433 elementor-posts--align-left elementor-grid-3 elementor-grid-tablet-2 elementor-grid-mobile-1 elementor-posts--thumbnail-top elementor-card-shadow-yes elementor-posts__hover-gradient elementor-widget elementor-widget-posts\" data-id=\"37cc433\" data-element_type=\"widget\" data-e-type=\"widget\" data-settings=\"{&quot;cards_row_gap&quot;:{&quot;unit&quot;:&quot;px&quot;,&quot;size&quot;:32,&quot;sizes&quot;:[]},&quot;cards_columns&quot;:&quot;3&quot;,&quot;cards_columns_tablet&quot;:&quot;2&quot;,&quot;cards_columns_mobile&quot;:&quot;1&quot;,&quot;cards_row_gap_laptop&quot;:{&quot;unit&quot;:&quot;px&quot;,&quot;size&quot;:&quot;&quot;,&quot;sizes&quot;:[]},&quot;cards_row_gap_tablet&quot;:{&quot;unit&quot;:&quot;px&quot;,&quot;size&quot;:&quot;&quot;,&quot;sizes&quot;:[]},&quot;cards_row_gap_mobile&quot;:{&quot;unit&quot;:&quot;px&quot;,&quot;size&quot;:&quot;&quot;,&quot;sizes&quot;:[]}}\" data-widget_type=\"posts.cards\">\n\t\t\t\t<div class=\"elementor-widget-container\">\n\t\t\t\t\t\t\t<div class=\"elementor-posts-container elementor-posts elementor-posts--skin-cards elementor-grid\" role=\"list\">\n\t\t\t\t<article class=\"elementor-post elementor-grid-item post-188222 page type-page status-publish has-post-thumbnail hentry\" role=\"listitem\">\n\t\t\t<div class=\"elementor-post__card\">\n\t\t\t\t<a class=\"elementor-post__thumbnail__link\" href=\"https:\/\/gogonihon.com\/es\/historias-exitosas-de-estudiantes\/como-un-viaje-de-estudios-de-dos-semanas-a-japon-le-dio-a-ben-una-perspectiva-completamente-nueva\/\" tabindex=\"-1\" ><div class=\"elementor-post__thumbnail\"><img decoding=\"async\" width=\"768\" height=\"450\" src=\"https:\/\/gogonihon.com\/wp-content\/uploads\/2022\/09\/ben-usa-768x450.png\" class=\"attachment-medium_large size-medium_large wp-image-4766\" alt=\"\" srcset=\"https:\/\/gogonihon.com\/wp-content\/uploads\/2022\/09\/ben-usa-768x450.png 768w, https:\/\/gogonihon.com\/wp-content\/uploads\/2022\/09\/ben-usa-300x176.png 300w, https:\/\/gogonihon.com\/wp-content\/uploads\/2022\/09\/ben-usa-1024x600.png 1024w, https:\/\/gogonihon.com\/wp-content\/uploads\/2022\/09\/ben-usa-1536x900.png 1536w, https:\/\/gogonihon.com\/wp-content\/uploads\/2022\/09\/ben-usa-2048x1199.png 2048w\" sizes=\"(max-width: 768px) 100vw, 768px\" \/><\/div><\/a>\n\t\t\t\t<div class=\"elementor-post__text\">\n\t\t\t\t<h3 class=\"elementor-post__title\">\n\t\t\t<a href=\"https:\/\/gogonihon.com\/es\/historias-exitosas-de-estudiantes\/como-un-viaje-de-estudios-de-dos-semanas-a-japon-le-dio-a-ben-una-perspectiva-completamente-nueva\/\" >\n\t\t\t\tC\u00f3mo un viaje de estudios de dos semanas a Jap\u00f3n le dio a Ben una perspectiva completamente nueva\t\t\t<\/a>\n\t\t<\/h3>\n\t\t\t\t<div class=\"elementor-post__excerpt\">\n\t\t\t<p>Descubre c\u00f3mo estudiar en Jap\u00f3n con el programa de viaje de estudios de dos semanas de Go! Go! Nihon puede ayudarte a cambiar de perspectiva, crecer y experimentar una nueva cultura.<\/p>\n\t\t<\/div>\n\t\t\t\t\t<div class=\"elementor-post__read-more-wrapper\">\n\t\t\n\t\t<a class=\"elementor-post__read-more\" href=\"https:\/\/gogonihon.com\/es\/historias-exitosas-de-estudiantes\/como-un-viaje-de-estudios-de-dos-semanas-a-japon-le-dio-a-ben-una-perspectiva-completamente-nueva\/\" aria-label=\"M\u00e1s informaci\u00f3n sobre C\u00f3mo un viaje de estudios de dos semanas a Jap\u00f3n le dio a Ben una perspectiva completamente nueva\" tabindex=\"-1\" >\n\t\t\tSaber m\u00e1s\t\t<\/a>\n\n\t\t\t\t\t<\/div>\n\t\t\t\t<\/div>\n\t\t\t\t\t<\/div>\n\t\t<\/article>\n\t\t\t\t<article class=\"elementor-post elementor-grid-item post-189912 page type-page status-publish has-post-thumbnail hentry\" role=\"listitem\">\n\t\t\t<div class=\"elementor-post__card\">\n\t\t\t\t<a class=\"elementor-post__thumbnail__link\" href=\"https:\/\/gogonihon.com\/es\/historias-exitosas-de-estudiantes\/como-go-go-nihon-apoyo-la-experiencia-de-estudios-en-el-extranjero-de-sarah-en-osaka\/\" tabindex=\"-1\" ><div class=\"elementor-post__thumbnail\"><img decoding=\"async\" width=\"768\" height=\"432\" src=\"https:\/\/gogonihon.com\/wp-content\/uploads\/2022\/09\/sarah-sweden-768x432.jpg\" class=\"attachment-medium_large size-medium_large wp-image-4757\" alt=\"Experience Osaka study abroad! Learn about Sarah&#039;s positive journey &amp; how Go! Go! Nihon made her transition smooth &amp; enjoyable.\" srcset=\"https:\/\/gogonihon.com\/wp-content\/uploads\/2022\/09\/sarah-sweden-768x432.jpg 768w, https:\/\/gogonihon.com\/wp-content\/uploads\/2022\/09\/sarah-sweden-300x169.jpg 300w, https:\/\/gogonihon.com\/wp-content\/uploads\/2022\/09\/sarah-sweden-1024x576.jpg 1024w, https:\/\/gogonihon.com\/wp-content\/uploads\/2022\/09\/sarah-sweden.jpg 1280w\" sizes=\"(max-width: 768px) 100vw, 768px\" \/><\/div><\/a>\n\t\t\t\t<div class=\"elementor-post__text\">\n\t\t\t\t<h3 class=\"elementor-post__title\">\n\t\t\t<a href=\"https:\/\/gogonihon.com\/es\/historias-exitosas-de-estudiantes\/como-go-go-nihon-apoyo-la-experiencia-de-estudios-en-el-extranjero-de-sarah-en-osaka\/\" >\n\t\t\t\tC\u00f3mo Go! Go! Nihon apoy\u00f3 la experiencia de estudios en el extranjero de Sarah en Osaka\t\t\t<\/a>\n\t\t<\/h3>\n\t\t\t\t<div class=\"elementor-post__excerpt\">\n\t\t\t<p>\u00a1Estudia en Osaka! Descubre c\u00f3mo Go! Go! Nihon ayud\u00f3 a Sarah. Inf\u00f3rmate sobre escuelas de idiomas y apoyo para estudiantes internacionales en Jap\u00f3n.<\/p>\n\t\t<\/div>\n\t\t\t\t\t<div class=\"elementor-post__read-more-wrapper\">\n\t\t\n\t\t<a class=\"elementor-post__read-more\" href=\"https:\/\/gogonihon.com\/es\/historias-exitosas-de-estudiantes\/como-go-go-nihon-apoyo-la-experiencia-de-estudios-en-el-extranjero-de-sarah-en-osaka\/\" aria-label=\"M\u00e1s informaci\u00f3n sobre C\u00f3mo Go! Go! Nihon apoy\u00f3 la experiencia de estudios en el extranjero de Sarah en Osaka\" tabindex=\"-1\" >\n\t\t\tSaber m\u00e1s\t\t<\/a>\n\n\t\t\t\t\t<\/div>\n\t\t\t\t<\/div>\n\t\t\t\t\t<\/div>\n\t\t<\/article>\n\t\t\t\t<article class=\"elementor-post elementor-grid-item post-190119 page type-page status-publish has-post-thumbnail hentry\" role=\"listitem\">\n\t\t\t<div class=\"elementor-post__card\">\n\t\t\t\t<a class=\"elementor-post__thumbnail__link\" href=\"https:\/\/gogonihon.com\/es\/historias-exitosas-de-estudiantes\/dos-estudiantes-estudian-en-japon-durante-la-pandemia\/\" tabindex=\"-1\" ><div class=\"elementor-post__thumbnail\"><img loading=\"lazy\" decoding=\"async\" width=\"768\" height=\"576\" src=\"https:\/\/gogonihon.com\/wp-content\/uploads\/2025\/04\/Overcoming-Covid-19-Challenges-768x576.webp\" class=\"attachment-medium_large size-medium_large wp-image-179347\" alt=\"ead a case study on how Go! Go! Nihon assisted a student with their Japan student visa during the challenging 2020 period.\" srcset=\"https:\/\/gogonihon.com\/wp-content\/uploads\/2025\/04\/Overcoming-Covid-19-Challenges-768x576.webp 768w, https:\/\/gogonihon.com\/wp-content\/uploads\/2025\/04\/Overcoming-Covid-19-Challenges-300x225.webp 300w, https:\/\/gogonihon.com\/wp-content\/uploads\/2025\/04\/Overcoming-Covid-19-Challenges.webp 800w\" sizes=\"(max-width: 768px) 100vw, 768px\" \/><\/div><\/a>\n\t\t\t\t<div class=\"elementor-post__text\">\n\t\t\t\t<h3 class=\"elementor-post__title\">\n\t\t\t<a href=\"https:\/\/gogonihon.com\/es\/historias-exitosas-de-estudiantes\/dos-estudiantes-estudian-en-japon-durante-la-pandemia\/\" >\n\t\t\t\tDos estudiantes estudian en Jap\u00f3n durante la pandemia\t\t\t<\/a>\n\t\t<\/h3>\n\t\t\t\t<div class=\"elementor-post__excerpt\">\n\t\t\t<p>Descubre c\u00f3mo Go! Go! Nihon apoy\u00f3 el sue\u00f1o de dos estudiantes de estudiar en Jap\u00f3n a pesar del cierre de fronteras y los retrasos durante la pandemia de COVID-19.<\/p>\n\t\t<\/div>\n\t\t\t\t\t<div class=\"elementor-post__read-more-wrapper\">\n\t\t\n\t\t<a class=\"elementor-post__read-more\" href=\"https:\/\/gogonihon.com\/es\/historias-exitosas-de-estudiantes\/dos-estudiantes-estudian-en-japon-durante-la-pandemia\/\" aria-label=\"M\u00e1s informaci\u00f3n sobre Dos estudiantes estudian en Jap\u00f3n durante la pandemia\" tabindex=\"-1\" >\n\t\t\tSaber m\u00e1s\t\t<\/a>\n\n\t\t\t\t\t<\/div>\n\t\t\t\t<\/div>\n\t\t\t\t\t<\/div>\n\t\t<\/article>\n\t\t\t\t<article class=\"elementor-post elementor-grid-item post-197480 page type-page status-publish has-post-thumbnail hentry\" role=\"listitem\">\n\t\t\t<div class=\"elementor-post__card\">\n\t\t\t\t<a class=\"elementor-post__thumbnail__link\" href=\"https:\/\/gogonihon.com\/es\/historias-exitosas-de-estudiantes\/el-viaje-transformador-de-serena-hacia-el-aprendizaje-de-idiomas-en-japon\/\" tabindex=\"-1\" ><div class=\"elementor-post__thumbnail\"><img loading=\"lazy\" decoding=\"async\" width=\"768\" height=\"543\" src=\"https:\/\/gogonihon.com\/wp-content\/uploads\/2025\/04\/Serenas-Transformative-Language-Learning-in-Japan-768x543.webp\" class=\"attachment-medium_large size-medium_large wp-image-179502\" alt=\"Serena, an international student, achieved rapid development of practical Japanese speaking skills and a transformative cultural experience through ALA Academy of Language Arts&#039; focus on conversational skills and immersive teaching methods, with the support of Go! Go! Nihon.\" srcset=\"https:\/\/gogonihon.com\/wp-content\/uploads\/2025\/04\/Serenas-Transformative-Language-Learning-in-Japan-768x543.webp 768w, https:\/\/gogonihon.com\/wp-content\/uploads\/2025\/04\/Serenas-Transformative-Language-Learning-in-Japan-300x212.webp 300w, https:\/\/gogonihon.com\/wp-content\/uploads\/2025\/04\/Serenas-Transformative-Language-Learning-in-Japan.webp 800w\" sizes=\"(max-width: 768px) 100vw, 768px\" \/><\/div><\/a>\n\t\t\t\t<div class=\"elementor-post__text\">\n\t\t\t\t<h3 class=\"elementor-post__title\">\n\t\t\t<a href=\"https:\/\/gogonihon.com\/es\/historias-exitosas-de-estudiantes\/el-viaje-transformador-de-serena-hacia-el-aprendizaje-de-idiomas-en-japon\/\" >\n\t\t\t\tEl viaje transformador de Serena hacia el aprendizaje de idiomas en Jap\u00f3n\t\t\t<\/a>\n\t\t<\/h3>\n\t\t\t\t<div class=\"elementor-post__excerpt\">\n\t\t\t<p>Impulsada por el sue\u00f1o de toda su vida, Serena busc\u00f3 la ayuda de Go! Go! Nihon para estudiar en la ALA Academy Arts y experimentar la cultura japonesa.<\/p>\n\t\t<\/div>\n\t\t\t\t\t<div class=\"elementor-post__read-more-wrapper\">\n\t\t\n\t\t<a class=\"elementor-post__read-more\" href=\"https:\/\/gogonihon.com\/es\/historias-exitosas-de-estudiantes\/el-viaje-transformador-de-serena-hacia-el-aprendizaje-de-idiomas-en-japon\/\" aria-label=\"M\u00e1s informaci\u00f3n sobre El viaje transformador de Serena hacia el aprendizaje de idiomas en Jap\u00f3n\" tabindex=\"-1\" >\n\t\t\tSaber m\u00e1s\t\t<\/a>\n\n\t\t\t\t\t<\/div>\n\t\t\t\t<\/div>\n\t\t\t\t\t<\/div>\n\t\t<\/article>\n\t\t\t\t<article class=\"elementor-post elementor-grid-item post-197883 page type-page status-publish has-post-thumbnail hentry\" role=\"listitem\">\n\t\t\t<div class=\"elementor-post__card\">\n\t\t\t\t<a class=\"elementor-post__thumbnail__link\" href=\"https:\/\/gogonihon.com\/es\/historias-exitosas-de-estudiantes\/el-rol-colaborativo-de-go-go-nihon-y-shinjuku-japanese-language-institute-sng\/\" tabindex=\"-1\" ><div class=\"elementor-post__thumbnail\"><img loading=\"lazy\" decoding=\"async\" width=\"768\" height=\"420\" src=\"https:\/\/gogonihon.com\/wp-content\/uploads\/2025\/04\/collaborative-roles-of-go-go-nihon-and-sjli-768x420.webp\" class=\"attachment-medium_large size-medium_large wp-image-179559\" alt=\"Get help from a study abroad company in Japan. Go! Go! Nihon ensured Clarissa&#039;s smooth transition to SJLI &amp; Japanese life. Learn more!\" srcset=\"https:\/\/gogonihon.com\/wp-content\/uploads\/2025\/04\/collaborative-roles-of-go-go-nihon-and-sjli-768x420.webp 768w, https:\/\/gogonihon.com\/wp-content\/uploads\/2025\/04\/collaborative-roles-of-go-go-nihon-and-sjli-300x164.webp 300w, https:\/\/gogonihon.com\/wp-content\/uploads\/2025\/04\/collaborative-roles-of-go-go-nihon-and-sjli.webp 800w\" sizes=\"(max-width: 768px) 100vw, 768px\" \/><\/div><\/a>\n\t\t\t\t<div class=\"elementor-post__text\">\n\t\t\t\t<h3 class=\"elementor-post__title\">\n\t\t\t<a href=\"https:\/\/gogonihon.com\/es\/historias-exitosas-de-estudiantes\/el-rol-colaborativo-de-go-go-nihon-y-shinjuku-japanese-language-institute-sng\/\" >\n\t\t\t\tEl rol colaborativo de Go! Go! Nihon y Shinjuku Japanese Language Institute (SNG)\t\t\t<\/a>\n\t\t<\/h3>\n\t\t\t\t<div class=\"elementor-post__excerpt\">\n\t\t\t<p>Vive Jap\u00f3n como lo hizo Clarissa. Go! Go! Nihon, una empresa de estudios en Jap\u00f3n, te ayuda con las solicitudes de estudios y visados \u200b\u200bpara una inmersi\u00f3n cultural completa.<\/p>\n\t\t<\/div>\n\t\t\t\t\t<div class=\"elementor-post__read-more-wrapper\">\n\t\t\n\t\t<a class=\"elementor-post__read-more\" href=\"https:\/\/gogonihon.com\/es\/historias-exitosas-de-estudiantes\/el-rol-colaborativo-de-go-go-nihon-y-shinjuku-japanese-language-institute-sng\/\" aria-label=\"M\u00e1s informaci\u00f3n sobre El rol colaborativo de Go! Go! Nihon y Shinjuku Japanese Language Institute (SNG)\" tabindex=\"-1\" >\n\t\t\tSaber m\u00e1s\t\t<\/a>\n\n\t\t\t\t\t<\/div>\n\t\t\t\t<\/div>\n\t\t\t\t\t<\/div>\n\t\t<\/article>\n\t\t\t\t<article class=\"elementor-post elementor-grid-item post-190236 page type-page status-publish has-post-thumbnail hentry\" role=\"listitem\">\n\t\t\t<div class=\"elementor-post__card\">\n\t\t\t\t<a class=\"elementor-post__thumbnail__link\" href=\"https:\/\/gogonihon.com\/es\/historias-exitosas-de-estudiantes\/el-exito-de-tom-estudiando-en-akamonkai\/\" tabindex=\"-1\" ><div class=\"elementor-post__thumbnail\"><img loading=\"lazy\" decoding=\"async\" width=\"768\" height=\"750\" src=\"https:\/\/gogonihon.com\/wp-content\/uploads\/2022\/05\/tom_england-768x750.jpeg\" class=\"attachment-medium_large size-medium_large wp-image-4508\" alt=\"\" srcset=\"https:\/\/gogonihon.com\/wp-content\/uploads\/2022\/05\/tom_england-768x750.jpeg 768w, https:\/\/gogonihon.com\/wp-content\/uploads\/2022\/05\/tom_england-300x293.jpeg 300w, https:\/\/gogonihon.com\/wp-content\/uploads\/2022\/05\/tom_england-1024x1000.jpeg 1024w, https:\/\/gogonihon.com\/wp-content\/uploads\/2022\/05\/tom_england.jpeg 1386w\" sizes=\"(max-width: 768px) 100vw, 768px\" \/><\/div><\/a>\n\t\t\t\t<div class=\"elementor-post__text\">\n\t\t\t\t<h3 class=\"elementor-post__title\">\n\t\t\t<a href=\"https:\/\/gogonihon.com\/es\/historias-exitosas-de-estudiantes\/el-exito-de-tom-estudiando-en-akamonkai\/\" >\n\t\t\t\tEl \u00e9xito de Tom estudiando en Akamonkai\t\t\t<\/a>\n\t\t<\/h3>\n\t\t\t\t<div class=\"elementor-post__excerpt\">\n\t\t\t<p>Go! Go! Nihon ayuda a estudiantes a estudiar en Jap\u00f3n. Descubre c\u00f3mo ayudamos a Tom, de Inglaterra, con su solicitud para la escuela de idiomas Akamonkai.<\/p>\n\t\t<\/div>\n\t\t\t\t\t<div class=\"elementor-post__read-more-wrapper\">\n\t\t\n\t\t<a class=\"elementor-post__read-more\" href=\"https:\/\/gogonihon.com\/es\/historias-exitosas-de-estudiantes\/el-exito-de-tom-estudiando-en-akamonkai\/\" aria-label=\"M\u00e1s informaci\u00f3n sobre El \u00e9xito de Tom estudiando en Akamonkai\" tabindex=\"-1\" >\n\t\t\tSaber m\u00e1s\t\t<\/a>\n\n\t\t\t\t\t<\/div>\n\t\t\t\t<\/div>\n\t\t\t\t\t<\/div>\n\t\t<\/article>\n\t\t\t\t<\/div>\n\t\t\n\t\t\t\t\t\t<\/div>\n\t\t\t\t<\/div>\n\t\t\t\t<\/div>\n\t\t\t\t\t<\/div>\n\t\t\t\t<\/section>\n\t\t\t\t<\/div>\n\t\t","protected":false},"excerpt":{"rendered":"<p>Home Historias exitosas de estudiantes Lee historias inspiradoras de estudiantes internacionales que estudiaron con \u00e9xito en Jap\u00f3n con el apoyo de Go! Go! Nihon. Descubre c\u00f3mo nuestros servicios y escuelas asociadas ayudaron a los estudiantes a superar desaf\u00edos y alcanzar sus objetivos de inmersi\u00f3n acad\u00e9mica y cultural.<\/p>\n","protected":false},"author":149,"featured_media":147190,"parent":0,"menu_order":0,"comment_status":"closed","ping_status":"closed","template":"","meta":{"footnotes":""},"class_list":["post-189898","page","type-page","status-publish","has-post-thumbnail","hentry"],"_links":{"self":[{"href":"https:\/\/gogonihon.com\/es\/wp-json\/wp\/v2\/pages\/189898","targetHints":{"allow":["GET"]}}],"collection":[{"href":"https:\/\/gogonihon.com\/es\/wp-json\/wp\/v2\/pages"}],"about":[{"href":"https:\/\/gogonihon.com\/es\/wp-json\/wp\/v2\/types\/page"}],"author":[{"embeddable":true,"href":"https:\/\/gogonihon.com\/es\/wp-json\/wp\/v2\/users\/149"}],"replies":[{"embeddable":true,"href":"https:\/\/gogonihon.com\/es\/wp-json\/wp\/v2\/comments?post=189898"}],"version-history":[{"count":1,"href":"https:\/\/gogonihon.com\/es\/wp-json\/wp\/v2\/pages\/189898\/revisions"}],"predecessor-version":[{"id":189899,"href":"https:\/\/gogonihon.com\/es\/wp-json\/wp\/v2\/pages\/189898\/revisions\/189899"}],"wp:featuredmedia":[{"embeddable":true,"href":"https:\/\/gogonihon.com\/es\/wp-json\/wp\/v2\/media\/147190"}],"wp:attachment":[{"href":"https:\/\/gogonihon.com\/es\/wp-json\/wp\/v2\/media?parent=189898"}],"curies":[{"name":"wp","href":"https:\/\/api.w.org\/{rel}","templated":true}]}}