{"id":9061,"date":"2022-10-10T13:17:39","date_gmt":"2022-10-10T04:17:39","guid":{"rendered":"https:\/\/gogonihon.com\/wo-solltest-du-in-japan-japanisch-lernen\/"},"modified":"2025-08-01T14:49:34","modified_gmt":"2025-08-01T05:49:34","slug":"wo-in-japan-japanisch-lernen","status":"publish","type":"page","link":"https:\/\/gogonihon.com\/de\/wo-in-japan-japanisch-lernen\/","title":{"rendered":"Wo solltest du in Japan Japanisch lernen?"},"content":{"rendered":"\t\t<div data-elementor-type=\"wp-page\" data-elementor-id=\"9061\" class=\"elementor elementor-9061 elementor-6589\" data-elementor-post-type=\"page\">\n\t\t\t\t<div class=\"elementor-element elementor-element-67ba42f e-flex e-con-boxed e-con e-parent\" data-id=\"67ba42f\" data-element_type=\"container\" data-e-type=\"container\" data-settings=\"{&quot;_ob_glider_is_slider&quot;:&quot;no&quot;}\">\n\t\t\t\t\t<div class=\"e-con-inner\">\n\t\t\t\t<div class=\"elementor-element elementor-element-fc6f7d5 elementor-widget__width-initial elementor-widget-mobile__width-inherit elementor-widget elementor-widget-shortcode\" data-id=\"fc6f7d5\" data-element_type=\"widget\" data-e-type=\"widget\" data-widget_type=\"shortcode.default\">\n\t\t\t\t<div class=\"elementor-widget-container\">\n\t\t\t\t\t\t\t<div class=\"elementor-shortcode\">\n\t\t<div id=\"interact-604ad5fa449bb50017bab955816601c04cb526d7c8af6c3bb4bbb95d\" style=\"\"><\/div>\n\t\t<script type=\"text\/javascript\">\n\t\t\t(function(){\t\t\t\t\n\t\t\t\twindow.addEventListener(\"load\", function(){\n\t\t\t\t\tvar app_id = \"604ad5fa449bb50017bab955\";\n\t\t\t\t\tvar ref = \"604ad5fa449bb50017bab955816601c04cb526d7c8af6c3bb4bbb95d\";\n\t\t\t\t\tvar w = \"1100\";\n\t\t\t\t\tvar h = \"800\";\n\t\t\t\t\tvar host = \"quiz.tryinteract.com\";\n\t\t\t\t\tvar no_cover = false;\n\t\t\t\t\tvar mobile = false;\n\t\t\t\t\tvar redirect = \"false\";\n\t\t\t\t\tvar params = { \"ref\": ref, \"appId\": app_id, \"width\": w, \"height\": h, \"async\": true, \"host\": host, \"auto_resize\": true, \"mobile\":  mobile, \"no_cover\": no_cover };\n\t\t\t\t\tif(redirect === \"host\") { \n\t\t\t\t\t\tparams.redirect_host = true;\n\t\t\t\t\t}\n\t\t\t\t\twindow[ref] = new InteractApp(); \n\t\t\t\t\twindow[ref].initialize(params); \n\t\t\t\t\twindow[ref].display(); \n\t\t\t\t});\n\t\t\t})(window);\n\t\t<\/script>\n\t<\/div>\n\t\t\t\t\t\t<\/div>\n\t\t\t\t<\/div>\n\t\t\t\t\t<\/div>\n\t\t\t\t<\/div>\n\t\t\t\t<section class=\"elementor-section elementor-top-section elementor-element elementor-element-6251239 elementor-section-boxed elementor-section-height-default elementor-section-height-default\" data-id=\"6251239\" data-element_type=\"section\" data-e-type=\"section\" data-settings=\"{&quot;background_background&quot;:&quot;classic&quot;,&quot;_ob_glider_is_slider&quot;:&quot;no&quot;}\">\n\t\t\t\t\t\t<div class=\"elementor-container elementor-column-gap-no\">\n\t\t\t\t\t<div class=\"elementor-column elementor-col-100 elementor-top-column elementor-element elementor-element-05fa46d\" data-id=\"05fa46d\" data-element_type=\"column\" data-e-type=\"column\">\n\t\t\t<div class=\"elementor-widget-wrap elementor-element-populated\">\n\t\t\t\t\t\t<div class=\"elementor-element elementor-element-ee85492 elementor-widget elementor-widget-heading\" data-id=\"ee85492\" data-element_type=\"widget\" data-e-type=\"widget\" data-widget_type=\"heading.default\">\n\t\t\t\t<div class=\"elementor-widget-container\">\n\t\t\t\t\t<h2 class=\"elementor-heading-title elementor-size-default\">Go! Go! Nihon<\/h2>\t\t\t\t<\/div>\n\t\t\t\t<\/div>\n\t\t\t\t<div class=\"elementor-element elementor-element-6ee62fe elementor-widget elementor-widget-heading\" data-id=\"6ee62fe\" data-element_type=\"widget\" data-e-type=\"widget\" data-widget_type=\"heading.default\">\n\t\t\t\t<div class=\"elementor-widget-container\">\n\t\t\t\t\t<h2 class=\"elementor-heading-title elementor-size-default\">M\u00f6chtest du mehr Informationen zum Thema Leben und Lernen in Japan?<\/h2>\t\t\t\t<\/div>\n\t\t\t\t<\/div>\n\t\t\t\t<div class=\"elementor-element elementor-element-a69c3cb elementor-widget elementor-widget-text-editor\" data-id=\"a69c3cb\" data-element_type=\"widget\" data-e-type=\"widget\" data-widget_type=\"text-editor.default\">\n\t\t\t\t<div class=\"elementor-widget-container\">\n\t\t\t\t\t\t\t\t\t<p>Seit 2009 hat Go! Go! Nihon mehr als 8000 Menschen geholfen, in Japan zu leben und Japanisch zu lernen. Unser kostenloser Support-Service hilft dir bei der Anmeldung an einer japanischenSprachschule, bei der Beantragung deines Studentenvisums und bei der Suche nach einer Unterkunft. Unser internationales Team kann dir den besten Service bieten, da wir alle den Prozess ebenfalls durchlaufen sind.<\/p>\n\t\t\t\t\t\t\t\t<\/div>\n\t\t\t\t<\/div>\n\t\t\t\t<section class=\"elementor-section elementor-inner-section elementor-element elementor-element-c7861c8 elementor-section-boxed elementor-section-height-default elementor-section-height-default\" data-id=\"c7861c8\" data-element_type=\"section\" data-e-type=\"section\" data-settings=\"{&quot;_ob_glider_is_slider&quot;:&quot;no&quot;}\">\n\t\t\t\t\t\t<div class=\"elementor-container elementor-column-gap-default\">\n\t\t\t\t\t<div class=\"elementor-column elementor-col-33 elementor-inner-column elementor-element elementor-element-6eaca48 webinar-card clickable\" data-id=\"6eaca48\" data-element_type=\"column\" data-e-type=\"column\" data-settings=\"{&quot;background_background&quot;:&quot;classic&quot;}\">\n\t\t\t<div class=\"elementor-widget-wrap elementor-element-populated\">\n\t\t\t\t\t\t<div class=\"elementor-element elementor-element-1b620e3 elementor-view-default elementor-widget elementor-widget-icon\" data-id=\"1b620e3\" data-element_type=\"widget\" data-e-type=\"widget\" data-widget_type=\"icon.default\">\n\t\t\t\t<div class=\"elementor-widget-container\">\n\t\t\t\t\t\t\t<div class=\"elementor-icon-wrapper\">\n\t\t\t<div class=\"elementor-icon\">\n\t\t\t<i aria-hidden=\"true\" class=\"fas fa-info\"><\/i>\t\t\t<\/div>\n\t\t<\/div>\n\t\t\t\t\t\t<\/div>\n\t\t\t\t<\/div>\n\t\t\t\t<div class=\"elementor-element elementor-element-c256725 webinar-title elementor-widget elementor-widget-heading\" data-id=\"c256725\" data-element_type=\"widget\" data-e-type=\"widget\" data-widget_type=\"heading.default\">\n\t\t\t\t<div class=\"elementor-widget-container\">\n\t\t\t\t\t<h5 class=\"elementor-heading-title elementor-size-default\">Neueste Informationen<\/h5>\t\t\t\t<\/div>\n\t\t\t\t<\/div>\n\t\t\t\t<div class=\"elementor-element elementor-element-c6e66b0 elementor-widget elementor-widget-text-editor\" data-id=\"c6e66b0\" data-element_type=\"widget\" data-e-type=\"widget\" data-widget_type=\"text-editor.default\">\n\t\t\t\t<div class=\"elementor-widget-container\">\n\t\t\t\t\t\t\t\t\t<p>Wir bieten die aktuellsten Informationen \u00fcber Japan, Schulen und Unterkunftsm\u00f6glichkeiten sowie Einwanderungsbestimmungen und unterst\u00fctzen dich bei jedem Schritt um sicherzustellen, dass unsere Sch\u00fcler jederzeit \u00fcber alle Informationen verf\u00fcgen, die sie ben\u00f6tigen, um die beste und sicherste Wahl f\u00fcr sie zu treffen.<\/p>\n\t\t\t\t\t\t\t\t<\/div>\n\t\t\t\t<\/div>\n\t\t\t\t\t<\/div>\n\t\t<\/div>\n\t\t\t\t<div class=\"elementor-column elementor-col-33 elementor-inner-column elementor-element elementor-element-4000a8f webinar-card clickable\" data-id=\"4000a8f\" data-element_type=\"column\" data-e-type=\"column\" data-settings=\"{&quot;background_background&quot;:&quot;classic&quot;}\">\n\t\t\t<div class=\"elementor-widget-wrap elementor-element-populated\">\n\t\t\t\t\t\t<div class=\"elementor-element elementor-element-8f48ca4 elementor-view-default elementor-widget elementor-widget-icon\" data-id=\"8f48ca4\" data-element_type=\"widget\" data-e-type=\"widget\" data-widget_type=\"icon.default\">\n\t\t\t\t<div class=\"elementor-widget-container\">\n\t\t\t\t\t\t\t<div class=\"elementor-icon-wrapper\">\n\t\t\t<div class=\"elementor-icon\">\n\t\t\t<i aria-hidden=\"true\" class=\"fas fa-language\"><\/i>\t\t\t<\/div>\n\t\t<\/div>\n\t\t\t\t\t\t<\/div>\n\t\t\t\t<\/div>\n\t\t\t\t<div class=\"elementor-element elementor-element-0aaeb7e elementor-widget elementor-widget-heading\" data-id=\"0aaeb7e\" data-element_type=\"widget\" data-e-type=\"widget\" data-widget_type=\"heading.default\">\n\t\t\t\t<div class=\"elementor-widget-container\">\n\t\t\t\t\t<h3 class=\"elementor-heading-title elementor-size-default\">Mehrsprachige Unterst\u00fctzung <\/h3>\t\t\t\t<\/div>\n\t\t\t\t<\/div>\n\t\t\t\t<div class=\"elementor-element elementor-element-25e1db2 webinar-link elementor-widget elementor-widget-text-editor\" data-id=\"25e1db2\" data-element_type=\"widget\" data-e-type=\"widget\" data-widget_type=\"text-editor.default\">\n\t\t\t\t<div class=\"elementor-widget-container\">\n\t\t\t\t\t\t\t\t\t<p>Wir haben ein Team von hochqualifizierten, mehrsprachigen Mitarbeitern in Tokio. Wir k\u00f6nnen dir auf Englisch, Franz\u00f6sisch, Deutsch, Italienisch, Portugiesisch, Russisch, Spanisch oder Schwedisch helfen, deinen Traum vom Leben und Lernen in Japan zu verwirklichen!<\/p>\n\t\t\t\t\t\t\t\t<\/div>\n\t\t\t\t<\/div>\n\t\t\t\t\t<\/div>\n\t\t<\/div>\n\t\t\t\t<div class=\"elementor-column elementor-col-33 elementor-inner-column elementor-element elementor-element-3253219 webinar-card clickable\" data-id=\"3253219\" data-element_type=\"column\" data-e-type=\"column\" data-settings=\"{&quot;background_background&quot;:&quot;classic&quot;}\">\n\t\t\t<div class=\"elementor-widget-wrap elementor-element-populated\">\n\t\t\t\t\t\t<div class=\"elementor-element elementor-element-e6f8574 elementor-view-default elementor-widget elementor-widget-icon\" data-id=\"e6f8574\" data-element_type=\"widget\" data-e-type=\"widget\" data-widget_type=\"icon.default\">\n\t\t\t\t<div class=\"elementor-widget-container\">\n\t\t\t\t\t\t\t<div class=\"elementor-icon-wrapper\">\n\t\t\t<div class=\"elementor-icon\">\n\t\t\t<i aria-hidden=\"true\" class=\"far fa-comments\"><\/i>\t\t\t<\/div>\n\t\t<\/div>\n\t\t\t\t\t\t<\/div>\n\t\t\t\t<\/div>\n\t\t\t\t<div class=\"elementor-element elementor-element-3af6000 elementor-widget elementor-widget-heading\" data-id=\"3af6000\" data-element_type=\"widget\" data-e-type=\"widget\" data-widget_type=\"heading.default\">\n\t\t\t\t<div class=\"elementor-widget-container\">\n\t\t\t\t\t<h3 class=\"elementor-heading-title elementor-size-default\">Studentenunterst\u00fctzung<\/h3>\t\t\t\t<\/div>\n\t\t\t\t<\/div>\n\t\t\t\t<div class=\"elementor-element elementor-element-89051d3 elementor-widget elementor-widget-text-editor\" data-id=\"89051d3\" data-element_type=\"widget\" data-e-type=\"widget\" data-widget_type=\"text-editor.default\">\n\t\t\t\t<div class=\"elementor-widget-container\">\n\t\t\t\t\t\t\t\t\t<div>\n<div class=\"col-md-4\">\n<p>Unser von Sprachsch\u00fclern gegr\u00fcndetes und f\u00fcr Sprachsch\u00fcler geschaffenes Team steht dir von Anfang bis Ende zur Seite und gibt dir alle Informationen, die du \u00fcber das Leben und Lernen in Japan wissen musst. Wir sind mit allen Prozessen vertraut und k\u00f6nnen dich bei deiner pers\u00f6nlichen Situation bestens beraten.<\/p>\n<\/div>\n<\/div>\n\t\t\t\t\t\t\t\t<\/div>\n\t\t\t\t<\/div>\n\t\t\t\t\t<\/div>\n\t\t<\/div>\n\t\t\t\t\t<\/div>\n\t\t<\/section>\n\t\t\t\t<div class=\"elementor-element elementor-element-4e828a7 elementor-align-center elementor-widget elementor-widget-button\" data-id=\"4e828a7\" data-element_type=\"widget\" data-e-type=\"widget\" data-widget_type=\"button.default\">\n\t\t\t\t<div class=\"elementor-widget-container\">\n\t\t\t\t\t\t\t\t\t<div class=\"elementor-button-wrapper\">\n\t\t\t\t\t<a class=\"elementor-button elementor-button-link elementor-size-sm\" href=\"https:\/\/gogonihon.com\/de\/kontaktiere-uns\/\">\n\t\t\t\t\t\t<span class=\"elementor-button-content-wrapper\">\n\t\t\t\t\t\t\t\t\t<span class=\"elementor-button-text\">Kontaktiere uns<\/span>\n\t\t\t\t\t<\/span>\n\t\t\t\t\t<\/a>\n\t\t\t\t<\/div>\n\t\t\t\t\t\t\t\t<\/div>\n\t\t\t\t<\/div>\n\t\t\t\t\t<\/div>\n\t\t<\/div>\n\t\t\t\t\t<\/div>\n\t\t<\/section>\n\t\t\t\t<\/div>\n\t\t","protected":false},"excerpt":{"rendered":"<p>Go! Go! Nihon M\u00f6chtest du mehr Informationen zum Thema Leben und Lernen in Japan? Seit 2009 hat Go! Go! Nihon mehr als 8000 Menschen geholfen, in Japan zu leben und Japanisch zu lernen. Unser kostenloser Support-Service hilft dir bei der Anmeldung an einer japanischenSprachschule, bei der Beantragung deines Studentenvisums und bei der Suche nach einer [&hellip;]<\/p>\n","protected":false},"author":6,"featured_media":0,"parent":0,"menu_order":0,"comment_status":"closed","ping_status":"closed","template":"","meta":{"footnotes":""},"class_list":["post-9061","page","type-page","status-publish","hentry"],"_links":{"self":[{"href":"https:\/\/gogonihon.com\/de\/wp-json\/wp\/v2\/pages\/9061","targetHints":{"allow":["GET"]}}],"collection":[{"href":"https:\/\/gogonihon.com\/de\/wp-json\/wp\/v2\/pages"}],"about":[{"href":"https:\/\/gogonihon.com\/de\/wp-json\/wp\/v2\/types\/page"}],"author":[{"embeddable":true,"href":"https:\/\/gogonihon.com\/de\/wp-json\/wp\/v2\/users\/6"}],"replies":[{"embeddable":true,"href":"https:\/\/gogonihon.com\/de\/wp-json\/wp\/v2\/comments?post=9061"}],"version-history":[{"count":10,"href":"https:\/\/gogonihon.com\/de\/wp-json\/wp\/v2\/pages\/9061\/revisions"}],"predecessor-version":[{"id":186371,"href":"https:\/\/gogonihon.com\/de\/wp-json\/wp\/v2\/pages\/9061\/revisions\/186371"}],"wp:attachment":[{"href":"https:\/\/gogonihon.com\/de\/wp-json\/wp\/v2\/media?parent=9061"}],"curies":[{"name":"wp","href":"https:\/\/api.w.org\/{rel}","templated":true}]}}