{"id":191855,"date":"2025-09-08T10:35:22","date_gmt":"2025-09-08T01:35:22","guid":{"rendered":"https:\/\/gogonihon.com\/versicherung-japan\/"},"modified":"2025-09-08T10:35:23","modified_gmt":"2025-09-08T01:35:23","slug":"versicherung-japan","status":"publish","type":"page","link":"https:\/\/gogonihon.com\/de\/versicherung-japan\/","title":{"rendered":"Versicherung &#8211; Japan"},"content":{"rendered":"\t\t<div data-elementor-type=\"wp-page\" data-elementor-id=\"191855\" class=\"elementor elementor-191855 elementor-133601\" data-elementor-post-type=\"page\">\n\t\t\t\t\t\t<section class=\"elementor-section elementor-top-section elementor-element elementor-element-c2eb77a elementor-section-boxed elementor-section-height-default elementor-section-height-default\" data-id=\"c2eb77a\" data-element_type=\"section\" data-e-type=\"section\" data-settings=\"{&quot;_ob_glider_is_slider&quot;:&quot;no&quot;}\">\n\t\t\t\t\t\t<div class=\"elementor-container elementor-column-gap-default\">\n\t\t\t\t\t<div class=\"elementor-column elementor-col-100 elementor-top-column elementor-element elementor-element-6a1b72a\" data-id=\"6a1b72a\" data-element_type=\"column\" data-e-type=\"column\">\n\t\t\t<div class=\"elementor-widget-wrap elementor-element-populated\">\n\t\t\t\t\t\t<div class=\"elementor-element elementor-element-f5028ab elementor-widget elementor-widget-heading\" data-id=\"f5028ab\" data-element_type=\"widget\" data-e-type=\"widget\" data-widget_type=\"heading.default\">\n\t\t\t\t<div class=\"elementor-widget-container\">\n\t\t\t\t\t<h1 class=\"elementor-heading-title elementor-size-default\">Versicherung - Japan<\/h1>\t\t\t\t<\/div>\n\t\t\t\t<\/div>\n\t\t\t\t<div class=\"elementor-element elementor-element-24f918b elementor-widget elementor-widget-text-editor\" data-id=\"24f918b\" data-element_type=\"widget\" data-e-type=\"widget\" data-widget_type=\"text-editor.default\">\n\t\t\t\t<div class=\"elementor-widget-container\">\n\t\t\t\t\t\t\t\t\t<p>Wir nutzen Envisage Global Insurance, um unsere Sch\u00fcler w\u00e4hrend ihres Study Trip abzusichern. Alle unten aufgef\u00fchrten Details beziehen sich auf die Envisage- und Tokio Marine HCC-Policen. Die Versicherung gilt ab einem Tag vor Kursbeginn bis einen Tag nach Kursende. Sch\u00fcler haben die M\u00f6glichkeit, den Versicherungsschutz gegen eine zus\u00e4tzliche Geb\u00fchr zu verl\u00e4ngern. Bitte beachte, dass dieser Schutz nicht f\u00fcr Sch\u00fcler \u00fcber 50 Jahre verf\u00fcgbar ist. Die Versicherungsdetails werden den Sch\u00fclern vor ihrer Ankunft in Japan zugesendet. Wenn du dir \u00fcber irgendeine der Details unsicher bist, dann nimm bitte Kontakt auf.<\/p>\n<p>F\u00fcr Anspr\u00fcche und Fragen zur Versicherung m\u00fcssen sich die Sch\u00fcler direkt an die Versicherungsgesellschaft wenden.<\/p>\n\t\t\t\t\t\t\t\t<\/div>\n\t\t\t\t<\/div>\n\t\t\t\t<div class=\"elementor-element elementor-element-c87a364 elementor-widget elementor-widget-heading\" data-id=\"c87a364\" data-element_type=\"widget\" data-e-type=\"widget\" data-widget_type=\"heading.default\">\n\t\t\t\t<div class=\"elementor-widget-container\">\n\t\t\t\t\t<h2 class=\"elementor-heading-title elementor-size-default\">DETAILS ZUR ABDECKUNG DER KRANKENVERSICHERUNG<\/h2>\t\t\t\t<\/div>\n\t\t\t\t<\/div>\n\t\t<div class=\"elementor-element elementor-element-986c842 e-grid e-con-boxed e-con e-parent\" data-id=\"986c842\" data-element_type=\"container\" data-e-type=\"container\" data-settings=\"{&quot;_ob_glider_is_slider&quot;:&quot;no&quot;}\">\n\t\t\t\t\t<div class=\"e-con-inner\">\n\t\t\t\t<div class=\"elementor-element elementor-element-eb2e4f9 elementor-widget elementor-widget-text-editor\" data-id=\"eb2e4f9\" data-element_type=\"widget\" data-e-type=\"widget\" data-widget_type=\"text-editor.default\">\n\t\t\t\t<div class=\"elementor-widget-container\">\n\t\t\t\t\t\t\t\t\t<table>\r\n<tbody>\r\n<tr style=\"height: 52px;\">\r\n<td style=\"width: 701.914px; height: 52px;\">\r\n<div class=\"layoutArea\">\r\n<div class=\"column\">\r\n\r\nGesamtbetrag der H\u00f6chstdeckung und H\u00f6chstbetrag pro Verletzung\/Erkrankung\r\n\r\n<\/div>\r\n<\/div><\/td>\r\n<td style=\"width: 532.086px; height: 52px;\">\r\n<div class=\"layoutArea\">\r\n<div class=\"column\">\r\n\r\n$3.000.000\r\n\r\n<\/div>\r\n<\/div><\/td>\r\n<\/tr>\r\n<tr style=\"height: 52px;\">\r\n<td style=\"width: 701.914px; height: 52px;\">\r\n<div class=\"layoutArea\">\r\n<div class=\"column\">\r\n\r\nSelbstbeteiligung\r\n\r\n<\/div>\r\n<\/div><\/td>\r\n<td style=\"width: 532.086px; height: 52px;\">\r\n<div class=\"layoutArea\">\r\n<div class=\"column\">$0 pro Versicherungszeitraum<\/div>\r\n<\/div><\/td>\r\n<\/tr>\r\n<tr style=\"height: 72px;\">\r\n<td style=\"width: 701.914px; height: 73px;\">\r\n<div class=\"layoutArea\">\r\n<div class=\"column\">\r\n\r\nMitversicherung\r\n\r\n<\/div>\r\n<\/div><\/td>\r\n<td style=\"width: 532.086px; height: 73px;\">\r\n<div class=\"layoutArea\">\r\n<div class=\"column\">Wir \u00fcbernehmen 100% der berechtigten Ausgaben nach der Selbstbeteiligung bis zur Gesamth\u00f6chstgrenze.<\/div>\r\n<\/div><\/td>\r\n<\/tr>\r\n<tr style=\"height: 52px;\">\r\n<td style=\"width: 701.914px; height: 52px;\">\r\n<div class=\"layoutArea\">\r\n<div class=\"column\">\r\n\r\nKrankenhauszimmer &#038; Verpflegung\r\n\r\n<\/div>\r\n<\/div><\/td>\r\n<td style=\"width: 532.086px; height: 52px;\">\r\n<div class=\"layoutArea\">\r\n<div class=\"column\">Durchschnittlicher Preis f\u00fcr ein halbprivates Zimmer, einschlie\u00dflich Pflegedienste<\/div>\r\n<\/div><\/td>\r\n<\/tr>\r\n<tr style=\"height: 52px;\">\r\n<td style=\"width: 701.914px; height: 52px;\">\r\n<div class=\"layoutArea\">\r\n<div class=\"column\">\r\n\r\nIntensivstation\r\n\r\n<\/div>\r\n<\/div><\/td>\r\n<td style=\"width: 532.086px; height: 52px;\">\r\n<div class=\"layoutArea\">\r\n<div class=\"column\">Bis zum Gesamth\u00f6chstbetrag<\/div>\r\n<\/div><\/td>\r\n<\/tr>\r\n<tr style=\"height: 96px;\">\r\n<td style=\"width: 701.914px; height: 96px;\">\r\n<div class=\"layoutArea\">\r\n<div class=\"column\">\r\n\r\nKrankentransport\r\n\r\n<\/div>\r\n<\/div><\/td>\r\n<td style=\"width: 532.086px; height: 96px;\">\r\n<div class=\"layoutArea\">\r\n<div class=\"column\">\u00dcbliche, angemessene und gew\u00f6hnliche Kosten f\u00fcr gedeckte Krankheiten oder Verletzungen. Die Krankheit muss eine Krankenhausaufnahme als station\u00e4rer Patient zur Folge haben.<\/div>\r\n<\/div><\/td>\r\n<\/tr>\r\n<tr style=\"height: 52px;\">\r\n<td style=\"width: 701.914px; height: 52px;\">\r\n<div class=\"layoutArea\">\r\n<div class=\"column\">\r\n\r\nAmbulante Physiotherapie und Chiropraktik\r\n\r\n<\/div>\r\n<\/div><\/td>\r\n<td style=\"width: 532.086px; height: 52px;\">\r\n<div class=\"layoutArea\">\r\n<div class=\"column\">Bis zu maximal $50 pro Tag. Muss vorab von einem Arzt verordnet werden.<br\/>\r\nBis zu $1.500 pro Fall &#8211; unterliegt nicht der Mitversicherung.<\/div>\r\n<\/div><\/td>\r\n<\/tr>\r\n\r\n<tr style=\"height: 76px;\">\r\n<td style=\"width: 701.914px; height: 76px;\">\r\n<div class=\"layoutArea\">\r\n<div class=\"column\">\r\n\r\nZahn\u00e4rztliche Behandlung aufgrund eines Unfalls\r\n\r\n<\/div>\r\n<\/div><\/td>\r\n<td style=\"width: 532.086px; height: 76px;\">\r\n<div class=\"layoutArea\">\r\n<div class=\"column\">Bis zu $500<\/div>\r\n<\/div><\/td>\r\n<\/tr>\r\n\r\n<tr style=\"height: 76px;\">\r\n<td style=\"width: 701.914px; height: 76px;\">\r\n<div class=\"layoutArea\">\r\n<div class=\"column\">\r\n\r\nZahn\u00e4rztlicher Notfall (akuter Schmerz)\r\n<\/div>\r\n<\/div><\/td>\r\n<td style=\"width: 532.086px; height: 76px;\">\r\n<div class=\"layoutArea\">\r\n<div class=\"column\">$200<\/div>\r\n<\/div><\/td>\r\n<\/tr>\r\n\r\n<tr style=\"height: 76px;\">\r\n<td style=\"width: 701.914px; height: 76px;\">\r\n<div class=\"layoutArea\">\r\n<div class=\"column\">\r\n\r\nDeckung f\u00fcr Sport\r\n\r\n<\/div>\r\n<\/div><\/td>\r\n<td style=\"width: 532.086px; height: 76px;\">\r\n<div class=\"layoutArea\">\r\n<div class=\"column\">Gewohnte, angemessene und \u00fcbliche Kosten (kontaktlose und nicht organisierte\/nicht sanktionierte Amateursportarten oder sportliche Aktivit\u00e4ten, die hierin nicht anderweitig ausgeschlossen sind und von dir ausschlie\u00dflich zu Freizeit-, Erholungs-, Unterhaltungs- oder Fitnesszwecken ausge\u00fcbt werden)<\/div>\r\n<\/div><\/td>\r\n<\/tr>\r\n<tr style=\"height: 76px;\">\r\n<td style=\"width: 701.914px; height: 76px;\">\r\n<div class=\"layoutArea\">\r\n<div class=\"column\">\r\n\r\nPsychische Krankheiten\r\n\r\n<\/div>\r\n<\/div><\/td>\r\n<td style=\"width: 532.086px; height: 76px;\">\r\n<div class=\"layoutArea\">\r\n<div class=\"column\">Ambulante Behandlung: Bis zu $50 pro Besuch\/$500 pro Fall.<br\/>\r\nStation\u00e4re Behandlung: Bis zu $20.000<\/div>\r\n<\/div><\/td>\r\n<\/tr>\r\n\r\n<tr style=\"height: 52px;\">\r\n<td style=\"width: 701.914px; height: 52px;\">\r\n<div class=\"layoutArea\">\r\n<div class=\"column\">\r\n\r\nAlle anderen erstattungsf\u00e4higen medizinischen Ausgaben\r\n\r\n<\/div>\r\n<\/div><\/td>\r\n<td style=\"width: 532.086px; height: 52px;\">\r\n<div class=\"layoutArea\">\r\n<div class=\"column\">Bis zur Gesamth\u00f6chstgrenze<\/div>\r\n<\/div><\/td>\r\n<\/tr>\r\n\r\n<tr style=\"height: 72px;\">\r\n<td style=\"width: 701.914px; height: 72px;\">Medizinische Notfallevakuierung<br\/>\r\n\u2022 Unterliegt nicht dem Selbstbehalt oder der Gesamth\u00f6chstgrenze<\/td>\r\n<td style=\"width: 532.086px; height: 72px;\">Bis zu einem Lebenszeith\u00f6chstbetrag von $50.000.<\/td>\r\n<\/tr>\r\n\r\n<tr style=\"height: 24px;\">\r\n<td style=\"width: 701.914px; height: 24px;\">R\u00fcckf\u00fchrung von Leichnam<br\/>\r\n\u2022 Unterliegt nicht der Selbstbeteiligung oder Mitversicherung<br\/>\r\n\u2022 Diese Grenze gilt nur f\u00fcr diesen Vorteil und ist nicht in der Gesamth\u00f6chstgrenze enthalten oder dieser unterlegen<br\/>\r\n\u2022 This limit is for this benefit only and is not included in or subject to the overall maximum limit<\/td>\r\n<td style=\"width: 532.086px; height: 24px;\">Bis zu einem Lebenszeith\u00f6chstbetrag von $25.000<\/td>\r\n<\/tr>\r\n\r\n<tr style=\"height: 48px;\">\r\n<td style=\"width: 701.914px; height: 48px;\">Notfall-Wiedervereinigung<br\/>\r\n\u2022 Unterliegt nicht der Selbstbeteiligung oder Mitversicherung<\/td>\r\n<td style=\"width: 532.086px; height: 48px;\">Bis zu $1.000, maximal 15 Tage, gefolgt von einer abgedeckten lebensgef\u00e4hrdenden Verletzung oder Krankheit, die zu einer Einweisung in eine Intensivstation eines Krankenhauses f\u00fchrt.<\/td>\r\n<\/tr>\r\n\r\n<tr style=\"height: 24px;\">\r\n<td style=\"width: 701.914px; height: 24px;\">Reiseunterbrechung *<br\/>\r\nUnterliegt nicht der Selbstbeteiligung oder Mitversicherung<\/td>\r\n<td style=\"width: 532.086px; height: 24px;\">Bis zu $1.500<\/td>\r\n<\/tr>\r\n\r\n<tr style=\"height: 24px;\">\r\n<td style=\"width: 701.914px; height: 24px;\">Verlorenes aufgegebenes Gep\u00e4ck *<br\/>\r\nUnterliegt nicht der Selbstbeteiligung<\/td>\r\n<td style=\"width: 532.086px; height: 24px;\">Bis zu $250<\/td>\r\n<\/tr>\r\n\r\n<tr style=\"height: 240px;\">\r\n<td style=\"width: 701.914px; height: 240px;\">Unfalltod und Zerst\u00fcckelung (Ausgenommen Unfalltod durch einen allgemeinen Bef\u00f6rderer)<br\/>\r\n\u2022 Unterliegt nicht der Selbstbeteiligung oder der Gesamth\u00f6chstgrenze<\/td>\r\n<td style=\"width: 532.086px; height: 240px;\">Ab 18 Jahren:<br\/>\r\nLebenszeitmaximum \u2013 $10.000<br\/>\r\nUnter 18 Jahren:<br\/>\r\nLebenszeitmaximum \u2013 $5.000 \r\n<\/td>\r\n<\/tr>\r\n\r\n<tr style=\"height: 148px;\">\r\n<td style=\"width: 701.914px; height: 148px;\">Pers\u00f6nliche Haftung **Pers\u00f6nliche Haftung<br\/>\r\n\u2022 Unterliegt nicht der Selbstbeteiligung, Mitversicherung oder der Gesamth\u00f6chstgrenze<\/td>\r\n<td style=\"width: 532.086px; height: 148px;\">\r\n<div class=\"layoutArea\">\r\n<div class=\"column\">\r\nLebenszeitmaximum &#8211; $100.000<br\/>\r\nSch\u00e4den an Dritten &#8211; bis zu $100.000<br\/>\r\nSachsch\u00e4den an Dritten &#8211; bis zu $100.000<br\/>\r\nDamit verbundene Sachsch\u00e4den an Dritten &#8211; bis zu $2.500\r\n<\/div>\r\n<\/div><\/td>\r\n<\/tr>\r\n<\/tbody>\r\n<\/table>\t\t\t\t\t\t\t\t<\/div>\n\t\t\t\t<\/div>\n\t\t\t\t\t<\/div>\n\t\t\t\t<\/div>\n\t\t\t\t<div class=\"elementor-element elementor-element-e45c875 elementor-widget elementor-widget-text-editor\" data-id=\"e45c875\" data-element_type=\"widget\" data-e-type=\"widget\" data-widget_type=\"text-editor.default\">\n\t\t\t\t<div class=\"elementor-widget-container\">\n\t\t\t\t\t\t\t\t\t<p><b>Ausnahmen<\/b><\/p>\n<p><\/p>\n<ol>\n<li>Vorerkrankungen<\/li>\n<li>Geburtsfehler und angeborene Erkrankungen. Geburtsfehler gelten als erblich bedingte Zust\u00e4nde.<\/li>\n<li>Schwangerschaft, mit Ausnahme der durch Schwangerschaftskomplikationen abgedeckten F\u00e4lle, wie hier definiert,<br \/>\n        sowie alle Kosten im Zusammenhang mit Schwangerschaft nach der 26. Schwangerschaftswoche, routinem\u00e4\u00dfiger<br \/>\n        Vorsorge, Geburt, nachgeburtlicher Versorgung und Kosten, die von einem Kind unter 14 Tagen entstanden sind.\n    <\/li>\n<li>Schwangerschaftsabbruch<\/li>\n<li>Impotenz oder sexuelle Dysfunktion.<\/li>\n<li>Alle sexuell \u00fcbertragbaren Krankheiten und Beschwerden mit Ausnahme von diagnostischen Untersuchungen im<br \/>\n        Zusammenhang mit einer versicherten Verletzung oder Krankheit.<\/li>\n<li>HIV, AIDS oder ARC und alle Krankheiten, die durch HIV verursacht werden und\/oder damit in Zusammenhang stehen.\n    <\/li>\n<li>Alle Formen von Krebs\/Neubildung.<\/li>\n<li>Drogenmissbrauch oder Sucht oder Zust\u00e4nde, die auf Drogenmissbrauch oder Sucht zur\u00fcckzuf\u00fchren sind, und deren<br \/>\n        unmittelbare Folgen.<\/li>\n<li>Akne, Muttermale, Hautflecken, Erkrankungen der Talgdr\u00fcsen, Seborrhoe, Talgzysten, hypertrophe und atrophische<br \/>\n        Hautzust\u00e4nde, N\u00e4vus.<\/li>\n<li>Schlafapnoe oder andere Schlafst\u00f6rungen.<\/li>\n<li>\u00dcbergewicht oder Gewichtsver\u00e4nderung, einschlie\u00dflich, aber nicht beschr\u00e4nkt auf Zahnverdrahtungen und alle<br \/>\n        Formen von Darmbypass-Operationen.<\/li>\n<li>Absichtlich selbst zugef\u00fcgte Verletzungen oder Erkrankungen und\/oder Selbstmord oder versuchter Selbstmord, ob<br \/>\n        bei klarem Verstand oder nicht.<\/li>\n<li>Verletzungen, die ganz oder teilweise durch die Auswirkungen von Betrunkenheit oder Drogen verursacht wurden,<br \/>\n        mit Ausnahme von Medikamenten, die gem\u00e4\u00df der Verschreibung eines Arztes eingenommen werden, sowie Drogen, die<br \/>\n        zur Behandlung von Suchtkrankheiten verschrieben wurden.<\/li>\n<li>Verletzungen, die beim F\u00fchren eines motorisierten Fahrzeugs, Flugzeugs oder Wasserfahrzeugs, ob registriert oder<br \/>\n        nicht, unter dem Einfluss von Alkohol entstehen, wie gesetzlich in der Zust\u00e4ndigkeit definiert, oder bei einem<br \/>\n        Blutalkoholgehalt (BAC) von .08, je nachdem, welcher Wert niedriger ist.<\/li>\n<li>Routineuntersuchungen, einschlie\u00dflich, aber nicht beschr\u00e4nkt auf Impfungen, Immunisierungen, j\u00e4hrliche<br \/>\n        Vorsorgeuntersuchungen, die Ausstellung von medizinischen Bescheinigungen und Attesten sowie Untersuchungen zur<br \/>\n        Eignung f\u00fcr eine Besch\u00e4ftigung oder Reise.<\/li>\n<li>Zahnbehandlungen und Behandlungen des Kiefergelenks, mit Ausnahme von Notfallzahnbehandlungen, die notwendig<br \/>\n        sind, um gesunde nat\u00fcrliche Z\u00e4hne, die bei einem hierunter abgedeckten Unfall verloren oder besch\u00e4digt wurden,<br \/>\n        zu ersetzen, oder zur Notfalllinderung bei akutem Schmerz.<\/li>\n<li>F\u00f6rderung oder Verhinderung der Empf\u00e4ngnis, einschlie\u00dflich, aber nicht beschr\u00e4nkt auf: k\u00fcnstliche Befruchtung,<br \/>\n        Behandlung von Unfruchtbarkeit, Sterilisation oder Umkehrung der Sterilisation.<\/li>\n<li>Organ- oder Gewebetransplantationen oder damit verbundene Dienstleistungen.<\/li>\n<li>Augenchirurgie, wie z. B. korrigierende refrakt\u00e4re Chirurgie, wenn der Hauptzweck darin besteht,<br \/>\n        Kurzsichtigkeit, Weitsichtigkeit oder Astigmatismus zu korrigieren.<\/li>\n<li>Korrekturhilfsmittel und medizinische Ger\u00e4te, einschlie\u00dflich Brillen, Kontaktlinsen, H\u00f6rger\u00e4te, H\u00f6rimplantate,<br \/>\n        Augenreflexion, Sehtherapie sowie alle Untersuchungen oder Anpassungen im Zusammenhang mit diesen Ger\u00e4ten,<br \/>\n        Zahnprothesen oder zahnmedizinischen Ger\u00e4ten und allen Seh- und H\u00f6rtests und -untersuchungen.<\/li>\n<li>Orthop\u00e4die und visuelle Augenschulung.<\/li>\n<li>Orthop\u00e4dische Schuhe, verschreibungspflichtige orthop\u00e4dische Ger\u00e4te zum Anbringen oder Einlegen in Schuhe,<br \/>\n        Behandlung schwacher, strapazierter, flacher, instabiler oder unausgeglichener F\u00fc\u00dfe, Mittelfu\u00dfknochen oder<br \/>\n        Ballenzehen sowie Behandlung von H\u00fchneraugen, Schwielen oder Zehenn\u00e4geln.<\/li>\n<li>Haarausfall, einschlie\u00dflich Per\u00fccken, Haartransplantationen oder alle Medikamente, die Haarwachstum versprechen,<br \/>\n        unabh\u00e4ngig davon, ob sie verschrieben werden oder nicht.<\/li>\n<li>Sprachtherapie, berufliche und arbeitsbezogene Therapie, Biofeedback, Akupunktur, Freizeittherapie,<br \/>\n        Schlaftherapie oder Musiktherapie, ganzheitliche Pflege jeglicher Art, Massage und Kinesiotherapie.<\/li>\n<li>Psychometrische, Intelligenz-, Kompetenz-, Verhaltens- und Bildungstests.<\/li>\n<li>Kosmetische oder \u00e4sthetische Gr\u00fcnde, mit Ausnahme von rekonstruktiven Operationen, wenn diese Operationen in<br \/>\n        direktem Zusammenhang mit einer Operation stehen, die hierunter abgedeckt ist, und diese nachfolgen.<\/li>\n<li>Ver\u00e4nderungen des K\u00f6rpers zur Verbesserung des psychischen, mentalen oder emotionalen Wohlbefindens,<br \/>\n        einschlie\u00dflich, aber nicht beschr\u00e4nkt auf Operationen zur Geschlechtsumwandlung.<\/li>\n<li>Trainingsprogramme, unabh\u00e4ngig davon, ob sie von einem Arzt verschrieben oder empfohlen wurden.<\/li>\n<li>Entstanden als Folge der Exposition gegen\u00fcber nichtmedizinischer nuklearer Strahlung und\/oder radioaktivem<br \/>\n        Material.<\/li>\n<li>Kryokonservierung und Implantation oder Reimplantation lebender Zellen.<\/li>\n<li>Genetische oder pr\u00e4diktive Tests.<\/li>\n<li>Untersuchungs-, experimentelle oder Forschungszwecke.<\/li>\n<li>W\u00e4hrend des Aufenthalts, der haupts\u00e4chlich der Erhaltungspflege, der Bildungs- oder Rehabilitationspflege oder<br \/>\n        einer medizinischen Behandlung in einer Einrichtung f\u00fcr die Altenpflege dient, mit Ausnahme der rehabilitativen<br \/>\n        Pflege, die unmittelbar nach der \u00dcberweisung aus einem Akutkrankenhaus erhalten wird.<\/li>\n<li>Medizinisch nicht notwendig.<\/li>\n<li>Nicht von einem Arzt oder unter dessen Aufsicht verabreicht und Produkte, die ohne \u00e4rztliche Verschreibung<br \/>\n        erworben werden k\u00f6nnen.<\/li>\n<li>Von einem Verwandten, einem Familienmitglied oder einer Person, die gew\u00f6hnlich bei dir wohnt, bereitgestellt.\n    <\/li>\n<li>Wird dir kostenlos zur Verf\u00fcgung gestellt.<\/li>\n<li>Nichteinhaltung eines vereinbarten Termins.<\/li>\n<li>Zahlbar im Rahmen jedes staatlichen Systems, einschlie\u00dflich des australischen Medicare-Systems.<\/li>\n<li>Geb\u00fchren, die \u00fcber das \u00dcbliche, Angemessene und Gew\u00f6hnliche hinausgehen.<\/li>\n<li>Anklagen, die sich aus oder w\u00e4hrend der Begehung eines Gesetzesversto\u00dfes ergeben, einschlie\u00dflich, aber nicht<br \/>\n        beschr\u00e4nkt auf die Aus\u00fcbung einer illegalen Besch\u00e4ftigung oder Handlung, jedoch ausgenommen geringf\u00fcgige<br \/>\n        Verkehrsverst\u00f6\u00dfe.<\/li>\n<li>Jede Krankheit oder Verletzung, die infolge von Epidemien, Pandemien, Notf\u00e4llen im Bereich der \u00f6ffentlichen<br \/>\n        Gesundheit, Naturkatastrophen oder anderen Krankheitsausbr\u00fcchen auftritt, die die Gesundheit einer Person<br \/>\n        beeintr\u00e4chtigen k\u00f6nnen, wenn vor deinem Beginn des Versicherungsschutzes eine der folgenden Warnungen<br \/>\n        herausgegeben wurde:<\/p>\n<ul>\n<li>a. Die Zentren f\u00fcr Krankheitskontrolle und -pr\u00e4vention der Vereinigten Staaten (CDC) haben eine<br \/>\n                Warnung\/Alarmstufe 3 oder h\u00f6her f\u00fcr einen Ort oder ein Ziel, einschlie\u00dflich \u00f6ffentlicher Verkehrsmittel,<br \/>\n                herausgegeben<\/li>\n<li>b. Die Zentren f\u00fcr Krankheitskontrolle und -pr\u00e4vention der Vereinigten Staaten (CDC) haben eine globale<br \/>\n                oder weltweite Warnung\/Alarmstufe 3 oder h\u00f6her herausgegeben. Diese Ausschlussregel gilt, wenn 1) eine<br \/>\n                der oben genannten Warnungen innerhalb der 6 Monate unmittelbar vor deinem Beginn des<br \/>\n                Versicherungsschutzes in Kraft war oder 2) du innerhalb von 10 Tagen nach Ausstellung der<br \/>\n                Warnung\/Alarmstufe das Land oder den Ort nicht verlassen hast. Dieser Ausschluss gilt nicht f\u00fcr Kosten,<br \/>\n                die durch COVID-19\/SARS-CoV-2 entstehen.<\/li>\n<\/ul>\n<\/li>\n<li>Krieg, milit\u00e4rischer Einsatz oder im Dienst als Mitglied einer Polizei- oder Milit\u00e4reinheit.<\/li>\n<li>Reise- oder Unterkunftskosten, mit Ausnahme der in den Abschnitten Lokale Notfallambulanz, Notfallmedizinische<br \/>\n        Evakuierung, R\u00fcckf\u00fchrung von Leichnam und Notfallwiedervereinigung dieser Versicherung vorgesehenen Leistungen.\n    <\/li>\n<li>Angefallen au\u00dferhalb deines Versicherungszeitraum.<\/li>\n<li>Mehr als 60 Tage nach dem letzten Tag des Versicherungszeitraums zur Zahlung vorgelegt.<\/li>\n<li>Bei der Abreise aus dem Heimatland erfolgt die Behandlung im Zielland\/in den Ziell\u00e4ndern.<\/li>\n<li>Komplikationen oder Folgen einer Behandlung oder Erkrankung, die nicht hierunter abgedeckt ist.<\/li>\n<li>Nicht als f\u00f6rderf\u00e4hige Ausgaben im Sinne der Beschreibung hierin enthalten.<\/li>\n<\/ol>\n<p><\/p>\n<p><b>Bitte beachten: Diese Seite ist eine zusammenfassende \u00dcbersicht der Planleistungen. Das offizielle<br \/>\n        Versicherungszertifikat ist im Sch\u00fclerbereich verf\u00fcgbar, sobald du Teilnehmer des Programms geworden bist, und<br \/>\n        wird das ma\u00dfgebliche Dokument f\u00fcr die Bearbeitung von Anspr\u00fcchen sein. Etwaige Unterschiede zwischen dieser<br \/>\n        Seite und dem Versicherungszertifikat werden durch das Versicherungszertifikat ersetzt.<\/b><\/p>\n\t\t\t\t\t\t\t\t<\/div>\n\t\t\t\t<\/div>\n\t\t\t\t\t<\/div>\n\t\t<\/div>\n\t\t\t\t\t<\/div>\n\t\t<\/section>\n\t\t\t\t<\/div>\n\t\t","protected":false},"excerpt":{"rendered":"<p>Versicherung &#8211; Japan Wir nutzen Envisage Global Insurance, um unsere Sch\u00fcler w\u00e4hrend ihres Study Trip abzusichern. Alle unten aufgef\u00fchrten Details beziehen sich auf die Envisage- und Tokio Marine HCC-Policen. Die Versicherung gilt ab einem Tag vor Kursbeginn bis einen Tag nach Kursende. Sch\u00fcler haben die M\u00f6glichkeit, den Versicherungsschutz gegen eine zus\u00e4tzliche Geb\u00fchr zu verl\u00e4ngern. Bitte [&hellip;]<\/p>\n","protected":false},"author":13,"featured_media":0,"parent":0,"menu_order":0,"comment_status":"closed","ping_status":"closed","template":"","meta":{"footnotes":""},"class_list":["post-191855","page","type-page","status-publish","hentry"],"_links":{"self":[{"href":"https:\/\/gogonihon.com\/de\/wp-json\/wp\/v2\/pages\/191855","targetHints":{"allow":["GET"]}}],"collection":[{"href":"https:\/\/gogonihon.com\/de\/wp-json\/wp\/v2\/pages"}],"about":[{"href":"https:\/\/gogonihon.com\/de\/wp-json\/wp\/v2\/types\/page"}],"author":[{"embeddable":true,"href":"https:\/\/gogonihon.com\/de\/wp-json\/wp\/v2\/users\/13"}],"replies":[{"embeddable":true,"href":"https:\/\/gogonihon.com\/de\/wp-json\/wp\/v2\/comments?post=191855"}],"version-history":[{"count":1,"href":"https:\/\/gogonihon.com\/de\/wp-json\/wp\/v2\/pages\/191855\/revisions"}],"predecessor-version":[{"id":191856,"href":"https:\/\/gogonihon.com\/de\/wp-json\/wp\/v2\/pages\/191855\/revisions\/191856"}],"wp:attachment":[{"href":"https:\/\/gogonihon.com\/de\/wp-json\/wp\/v2\/media?parent=191855"}],"curies":[{"name":"wp","href":"https:\/\/api.w.org\/{rel}","templated":true}]}}