{"id":189970,"date":"2025-08-27T17:30:22","date_gmt":"2025-08-27T08:30:22","guid":{"rendered":"https:\/\/gogonihon.com\/erfolgsgeschichten-von-schuelern\/"},"modified":"2025-08-27T17:30:27","modified_gmt":"2025-08-27T08:30:27","slug":"erfolgsgeschichten-von-schuelern","status":"publish","type":"page","link":"https:\/\/gogonihon.com\/de\/erfolgsgeschichten-von-schuelern\/","title":{"rendered":"Erfolgsgeschichten von Sch\u00fclern"},"content":{"rendered":"\t\t<div data-elementor-type=\"wp-page\" data-elementor-id=\"189970\" class=\"elementor elementor-189970 elementor-179010\" data-elementor-post-type=\"page\">\n\t\t\t\t<section class=\"elementor-element elementor-element-62addc8 e-flex e-con-boxed e-con e-parent\" data-id=\"62addc8\" data-element_type=\"container\" data-e-type=\"container\" data-settings=\"{&quot;_ob_glider_is_slider&quot;:&quot;no&quot;}\">\n\t\t\t\t\t<div class=\"e-con-inner\">\n\t\t<div class=\"elementor-element elementor-element-eaaf1fc e-con-full e-flex e-con e-child\" data-id=\"eaaf1fc\" data-element_type=\"container\" data-e-type=\"container\" data-settings=\"{&quot;_ob_glider_is_slider&quot;:&quot;no&quot;}\">\n\t\t<div class=\"elementor-element elementor-element-242a70e e-con-full e-flex e-con e-child\" data-id=\"242a70e\" data-element_type=\"container\" data-e-type=\"container\" data-settings=\"{&quot;_ob_glider_is_slider&quot;:&quot;no&quot;}\">\n\t\t\t\t<div class=\"elementor-element elementor-element-5f628ca elementor-laptop-align-left elementor-widget elementor-widget-breadcrumbs\" data-id=\"5f628ca\" data-element_type=\"widget\" data-e-type=\"widget\" data-widget_type=\"breadcrumbs.default\">\n\t\t\t\t<div class=\"elementor-widget-container\">\n\t\t\t\t\t<p><span class=\"last\">Home<\/span><\/p>\t\t\t\t<\/div>\n\t\t\t\t<\/div>\n\t\t\t\t<div class=\"elementor-element elementor-element-4fa166b elementor-widget__width-inherit elementor-widget elementor-widget-heading\" data-id=\"4fa166b\" data-element_type=\"widget\" data-e-type=\"widget\" data-widget_type=\"heading.default\">\n\t\t\t\t<div class=\"elementor-widget-container\">\n\t\t\t\t\t<h1 class=\"elementor-heading-title elementor-size-default\">Erfolgsgeschichten von Sch\u00fclern<\/h1>\t\t\t\t<\/div>\n\t\t\t\t<\/div>\n\t\t\t\t<div class=\"elementor-element elementor-element-5cd9565 elementor-widget elementor-widget-spacer\" data-id=\"5cd9565\" data-element_type=\"widget\" data-e-type=\"widget\" data-widget_type=\"spacer.default\">\n\t\t\t\t<div class=\"elementor-widget-container\">\n\t\t\t\t\t\t\t<div class=\"elementor-spacer\">\n\t\t\t<div class=\"elementor-spacer-inner\"><\/div>\n\t\t<\/div>\n\t\t\t\t\t\t<\/div>\n\t\t\t\t<\/div>\n\t\t\t\t<div class=\"elementor-element elementor-element-c75b1c4 elementor-widget__width-inherit elementor-widget elementor-widget-text-editor\" data-id=\"c75b1c4\" data-element_type=\"widget\" data-e-type=\"widget\" id=\"subtitle\" data-widget_type=\"text-editor.default\">\n\t\t\t\t<div class=\"elementor-widget-container\">\n\t\t\t\t\t\t\t\t\t<p>Lies die inspirierenden Geschichten von internationalen Sch\u00fclern, die mit Unterst\u00fctzung von Go! Go! Nihon erfolgreich eine Schule in Japan besucht haben. Erfahre, wie unsere Dienstleistungen und Partnerschulen den Sch\u00fclern geholfen haben, Herausforderungen zu meistern und ihre akademischen und kulturellen Ziele zu erreichen.<\/p>\n\t\t\t\t\t\t\t\t<\/div>\n\t\t\t\t<\/div>\n\t\t\t\t<\/div>\n\t\t<div class=\"elementor-element elementor-element-5f30086 e-con-full e-flex e-con e-child\" data-id=\"5f30086\" data-element_type=\"container\" data-e-type=\"container\" data-settings=\"{&quot;_ob_glider_is_slider&quot;:&quot;no&quot;}\">\n\t\t\t\t<div class=\"elementor-element elementor-element-f939003 elementor-widget elementor-widget-image\" data-id=\"f939003\" data-element_type=\"widget\" data-e-type=\"widget\" data-widget_type=\"image.default\">\n\t\t\t\t<div class=\"elementor-widget-container\">\n\t\t\t\t\t\t\t\t\t\t\t\t\t\t\t<img fetchpriority=\"high\" decoding=\"async\" width=\"798\" height=\"436\" src=\"https:\/\/gogonihon.com\/wp-content\/uploads\/2024\/11\/blue-shirt-student-in-classroom.jpg\" class=\"attachment-full size-full wp-image-147186\" alt=\"Ragazza con maglione blu che studia in classe\" srcset=\"https:\/\/gogonihon.com\/wp-content\/uploads\/2024\/11\/blue-shirt-student-in-classroom.jpg 798w, https:\/\/gogonihon.com\/wp-content\/uploads\/2024\/11\/blue-shirt-student-in-classroom-300x164.jpg 300w, https:\/\/gogonihon.com\/wp-content\/uploads\/2024\/11\/blue-shirt-student-in-classroom-768x420.jpg 768w\" sizes=\"(max-width: 798px) 100vw, 798px\" \/>\t\t\t\t\t\t\t\t\t\t\t\t\t\t\t<\/div>\n\t\t\t\t<\/div>\n\t\t\t\t<\/div>\n\t\t\t\t<\/div>\n\t\t<div class=\"elementor-element elementor-element-4258293 e-con-full e-flex e-con e-child\" data-id=\"4258293\" data-element_type=\"container\" data-e-type=\"container\" data-settings=\"{&quot;_ob_glider_is_slider&quot;:&quot;no&quot;}\">\n\t\t\t\t<div class=\"elementor-element elementor-element-37cc433 elementor-posts--align-left elementor-grid-3 elementor-grid-tablet-2 elementor-grid-mobile-1 elementor-posts--thumbnail-top elementor-card-shadow-yes elementor-posts__hover-gradient elementor-widget elementor-widget-posts\" data-id=\"37cc433\" data-element_type=\"widget\" data-e-type=\"widget\" data-settings=\"{&quot;cards_row_gap&quot;:{&quot;unit&quot;:&quot;px&quot;,&quot;size&quot;:32,&quot;sizes&quot;:[]},&quot;cards_columns&quot;:&quot;3&quot;,&quot;cards_columns_tablet&quot;:&quot;2&quot;,&quot;cards_columns_mobile&quot;:&quot;1&quot;,&quot;cards_row_gap_laptop&quot;:{&quot;unit&quot;:&quot;px&quot;,&quot;size&quot;:&quot;&quot;,&quot;sizes&quot;:[]},&quot;cards_row_gap_tablet&quot;:{&quot;unit&quot;:&quot;px&quot;,&quot;size&quot;:&quot;&quot;,&quot;sizes&quot;:[]},&quot;cards_row_gap_mobile&quot;:{&quot;unit&quot;:&quot;px&quot;,&quot;size&quot;:&quot;&quot;,&quot;sizes&quot;:[]}}\" data-widget_type=\"posts.cards\">\n\t\t\t\t<div class=\"elementor-widget-container\">\n\t\t\t\t\t\t\t<div class=\"elementor-posts-container elementor-posts elementor-posts--skin-cards elementor-grid\" role=\"list\">\n\t\t\t\t<article class=\"elementor-post elementor-grid-item post-188197 page type-page status-publish has-post-thumbnail hentry\" role=\"listitem\">\n\t\t\t<div class=\"elementor-post__card\">\n\t\t\t\t<a class=\"elementor-post__thumbnail__link\" href=\"https:\/\/gogonihon.com\/de\/erfolgsgeschichten-von-schuelern\/wie-ein-zweiwoechiger-study-trip-in-japan-ben-eine-neue-perspektive-eroeffnet-hat\/\" tabindex=\"-1\" ><div class=\"elementor-post__thumbnail\"><img decoding=\"async\" width=\"768\" height=\"450\" src=\"https:\/\/gogonihon.com\/wp-content\/uploads\/2022\/09\/ben-usa-768x450.png\" class=\"attachment-medium_large size-medium_large wp-image-4762\" alt=\"\" srcset=\"https:\/\/gogonihon.com\/wp-content\/uploads\/2022\/09\/ben-usa-768x450.png 768w, https:\/\/gogonihon.com\/wp-content\/uploads\/2022\/09\/ben-usa-300x176.png 300w, https:\/\/gogonihon.com\/wp-content\/uploads\/2022\/09\/ben-usa-1024x600.png 1024w, https:\/\/gogonihon.com\/wp-content\/uploads\/2022\/09\/ben-usa-1536x900.png 1536w, https:\/\/gogonihon.com\/wp-content\/uploads\/2022\/09\/ben-usa-2048x1199.png 2048w\" sizes=\"(max-width: 768px) 100vw, 768px\" \/><\/div><\/a>\n\t\t\t\t<div class=\"elementor-post__text\">\n\t\t\t\t<h3 class=\"elementor-post__title\">\n\t\t\t<a href=\"https:\/\/gogonihon.com\/de\/erfolgsgeschichten-von-schuelern\/wie-ein-zweiwoechiger-study-trip-in-japan-ben-eine-neue-perspektive-eroeffnet-hat\/\" >\n\t\t\t\tWie ein zweiw\u00f6chiger Study Trip in Japan Ben eine neue Perspektive er\u00f6ffnet hat\t\t\t<\/a>\n\t\t<\/h3>\n\t\t\t\t<div class=\"elementor-post__excerpt\">\n\t\t\t<p>Entdecke, wie Go! Go! Nihon\u2019s zweiw\u00f6chige Study Trips deine Perspektive \u00e4ndern k\u00f6nnen und dir dabei helfen, eine neue Kultur kennenzulernen.<\/p>\n\t\t<\/div>\n\t\t\t\t\t<div class=\"elementor-post__read-more-wrapper\">\n\t\t\n\t\t<a class=\"elementor-post__read-more\" href=\"https:\/\/gogonihon.com\/de\/erfolgsgeschichten-von-schuelern\/wie-ein-zweiwoechiger-study-trip-in-japan-ben-eine-neue-perspektive-eroeffnet-hat\/\" aria-label=\"Mehr \u00fcber Wie ein zweiw\u00f6chiger Study Trip in Japan Ben eine neue Perspektive er\u00f6ffnet hat\" tabindex=\"-1\" >\n\t\t\tEntdecke mehr\t\t<\/a>\n\n\t\t\t\t\t<\/div>\n\t\t\t\t<\/div>\n\t\t\t\t\t<\/div>\n\t\t<\/article>\n\t\t\t\t<article class=\"elementor-post elementor-grid-item post-189923 page type-page status-publish has-post-thumbnail hentry\" role=\"listitem\">\n\t\t\t<div class=\"elementor-post__card\">\n\t\t\t\t<a class=\"elementor-post__thumbnail__link\" href=\"https:\/\/gogonihon.com\/de\/erfolgsgeschichten-von-schuelern\/wie-go-go-nihon-sarah-dabei-unterstuetzt-hat-eine-sprachschule-in-osaka-zu-besuchen\/\" tabindex=\"-1\" ><div class=\"elementor-post__thumbnail\"><img decoding=\"async\" width=\"768\" height=\"432\" src=\"https:\/\/gogonihon.com\/wp-content\/uploads\/2022\/09\/sarah-sweden-768x432.jpg\" class=\"attachment-medium_large size-medium_large wp-image-4753\" alt=\"Experience Osaka study abroad! Learn about Sarah&#039;s positive journey &amp; how Go! Go! Nihon made her transition smooth &amp; enjoyable.\" srcset=\"https:\/\/gogonihon.com\/wp-content\/uploads\/2022\/09\/sarah-sweden-768x432.jpg 768w, https:\/\/gogonihon.com\/wp-content\/uploads\/2022\/09\/sarah-sweden-300x169.jpg 300w, https:\/\/gogonihon.com\/wp-content\/uploads\/2022\/09\/sarah-sweden-1024x576.jpg 1024w, https:\/\/gogonihon.com\/wp-content\/uploads\/2022\/09\/sarah-sweden.jpg 1280w\" sizes=\"(max-width: 768px) 100vw, 768px\" \/><\/div><\/a>\n\t\t\t\t<div class=\"elementor-post__text\">\n\t\t\t\t<h3 class=\"elementor-post__title\">\n\t\t\t<a href=\"https:\/\/gogonihon.com\/de\/erfolgsgeschichten-von-schuelern\/wie-go-go-nihon-sarah-dabei-unterstuetzt-hat-eine-sprachschule-in-osaka-zu-besuchen\/\" >\n\t\t\t\tWie Go! Go! Nihon Sarah dabei unterst\u00fctzt hat, eine Sprachschule in Osaka zu besuchen\t\t\t<\/a>\n\t\t<\/h3>\n\t\t\t\t<div class=\"elementor-post__excerpt\">\n\t\t\t<p>Besuche eine Schule in Osaka! Schau dir an, wie Go! Go! Nihon Sarah geholfen hat. Lerne \u00fcber Sprachschulen und Support f\u00fcr Sch\u00fcler in Japan.<\/p>\n\t\t<\/div>\n\t\t\t\t\t<div class=\"elementor-post__read-more-wrapper\">\n\t\t\n\t\t<a class=\"elementor-post__read-more\" href=\"https:\/\/gogonihon.com\/de\/erfolgsgeschichten-von-schuelern\/wie-go-go-nihon-sarah-dabei-unterstuetzt-hat-eine-sprachschule-in-osaka-zu-besuchen\/\" aria-label=\"Mehr \u00fcber Wie Go! Go! Nihon Sarah dabei unterst\u00fctzt hat, eine Sprachschule in Osaka zu besuchen\" tabindex=\"-1\" >\n\t\t\tEntdecke mehr\t\t<\/a>\n\n\t\t\t\t\t<\/div>\n\t\t\t\t<\/div>\n\t\t\t\t\t<\/div>\n\t\t<\/article>\n\t\t\t\t<article class=\"elementor-post elementor-grid-item post-190107 page type-page status-publish has-post-thumbnail hentry\" role=\"listitem\">\n\t\t\t<div class=\"elementor-post__card\">\n\t\t\t\t<a class=\"elementor-post__thumbnail__link\" href=\"https:\/\/gogonihon.com\/de\/erfolgsgeschichten-von-schuelern\/die-reise-von-zwei-schuelern-nach-japan-waehrend-der-pandemie\/\" tabindex=\"-1\" ><div class=\"elementor-post__thumbnail\"><img loading=\"lazy\" decoding=\"async\" width=\"768\" height=\"576\" src=\"https:\/\/gogonihon.com\/wp-content\/uploads\/2025\/04\/Overcoming-Covid-19-Challenges-768x576.webp\" class=\"attachment-medium_large size-medium_large wp-image-179343\" alt=\"ead a case study on how Go! Go! Nihon assisted a student with their Japan student visa during the challenging 2020 period.\" srcset=\"https:\/\/gogonihon.com\/wp-content\/uploads\/2025\/04\/Overcoming-Covid-19-Challenges-768x576.webp 768w, https:\/\/gogonihon.com\/wp-content\/uploads\/2025\/04\/Overcoming-Covid-19-Challenges-300x225.webp 300w, https:\/\/gogonihon.com\/wp-content\/uploads\/2025\/04\/Overcoming-Covid-19-Challenges.webp 800w\" sizes=\"(max-width: 768px) 100vw, 768px\" \/><\/div><\/a>\n\t\t\t\t<div class=\"elementor-post__text\">\n\t\t\t\t<h3 class=\"elementor-post__title\">\n\t\t\t<a href=\"https:\/\/gogonihon.com\/de\/erfolgsgeschichten-von-schuelern\/die-reise-von-zwei-schuelern-nach-japan-waehrend-der-pandemie\/\" >\n\t\t\t\tDie Reise von zwei Sch\u00fclern nach Japan w\u00e4hrend der Pandemie\t\t\t<\/a>\n\t\t<\/h3>\n\t\t\t\t<div class=\"elementor-post__excerpt\">\n\t\t\t<p>Erfahre, wie Go! Go! Nihon zwei Sch\u00fclern dabei geholfen hat, den Traum vom Schulbesuch in Japan w\u00e4hrend der Covid-19-Pandemie zu verwirklichen.<\/p>\n\t\t<\/div>\n\t\t\t\t\t<div class=\"elementor-post__read-more-wrapper\">\n\t\t\n\t\t<a class=\"elementor-post__read-more\" href=\"https:\/\/gogonihon.com\/de\/erfolgsgeschichten-von-schuelern\/die-reise-von-zwei-schuelern-nach-japan-waehrend-der-pandemie\/\" aria-label=\"Mehr \u00fcber Die Reise von zwei Sch\u00fclern nach Japan w\u00e4hrend der Pandemie\" tabindex=\"-1\" >\n\t\t\tEntdecke mehr\t\t<\/a>\n\n\t\t\t\t\t<\/div>\n\t\t\t\t<\/div>\n\t\t\t\t\t<\/div>\n\t\t<\/article>\n\t\t\t\t<article class=\"elementor-post elementor-grid-item post-197448 page type-page status-publish has-post-thumbnail hentry\" role=\"listitem\">\n\t\t\t<div class=\"elementor-post__card\">\n\t\t\t\t<a class=\"elementor-post__thumbnail__link\" href=\"https:\/\/gogonihon.com\/de\/erfolgsgeschichten-von-schuelern\/transformative-erfahrung-beim-japanischlernen-in-japan\/\" tabindex=\"-1\" ><div class=\"elementor-post__thumbnail\"><img loading=\"lazy\" decoding=\"async\" width=\"768\" height=\"543\" src=\"https:\/\/gogonihon.com\/wp-content\/uploads\/2025\/04\/Serenas-Transformative-Language-Learning-in-Japan-768x543.webp\" class=\"attachment-medium_large size-medium_large wp-image-179498\" alt=\"Serena, an international student, achieved rapid development of practical Japanese speaking skills and a transformative cultural experience through ALA Academy of Language Arts&#039; focus on conversational skills and immersive teaching methods, with the support of Go! Go! Nihon.\" srcset=\"https:\/\/gogonihon.com\/wp-content\/uploads\/2025\/04\/Serenas-Transformative-Language-Learning-in-Japan-768x543.webp 768w, https:\/\/gogonihon.com\/wp-content\/uploads\/2025\/04\/Serenas-Transformative-Language-Learning-in-Japan-300x212.webp 300w, https:\/\/gogonihon.com\/wp-content\/uploads\/2025\/04\/Serenas-Transformative-Language-Learning-in-Japan.webp 800w\" sizes=\"(max-width: 768px) 100vw, 768px\" \/><\/div><\/a>\n\t\t\t\t<div class=\"elementor-post__text\">\n\t\t\t\t<h3 class=\"elementor-post__title\">\n\t\t\t<a href=\"https:\/\/gogonihon.com\/de\/erfolgsgeschichten-von-schuelern\/transformative-erfahrung-beim-japanischlernen-in-japan\/\" >\n\t\t\t\tTransformative Erfahrung beim Japanischlernen in Japan\t\t\t<\/a>\n\t\t<\/h3>\n\t\t\t\t<div class=\"elementor-post__excerpt\">\n\t\t\t<p>Serena hat Go! Go! Nihon um Hilfe gebeten, ihren lebenslangen Traum zu erf\u00fcllen und hat an der ALA Japanisch gelernt.<\/p>\n\t\t<\/div>\n\t\t\t\t\t<div class=\"elementor-post__read-more-wrapper\">\n\t\t\n\t\t<a class=\"elementor-post__read-more\" href=\"https:\/\/gogonihon.com\/de\/erfolgsgeschichten-von-schuelern\/transformative-erfahrung-beim-japanischlernen-in-japan\/\" aria-label=\"Mehr \u00fcber Transformative Erfahrung beim Japanischlernen in Japan\" tabindex=\"-1\" >\n\t\t\tEntdecke mehr\t\t<\/a>\n\n\t\t\t\t\t<\/div>\n\t\t\t\t<\/div>\n\t\t\t\t\t<\/div>\n\t\t<\/article>\n\t\t\t\t<article class=\"elementor-post elementor-grid-item post-197875 page type-page status-publish has-post-thumbnail hentry\" role=\"listitem\">\n\t\t\t<div class=\"elementor-post__card\">\n\t\t\t\t<a class=\"elementor-post__thumbnail__link\" href=\"https:\/\/gogonihon.com\/de\/erfolgsgeschichten-von-schuelern\/die-zusammenarbeit-von-go-go-nihon-und-dem-shinjuku-japanese-language-institute-sng\/\" tabindex=\"-1\" ><div class=\"elementor-post__thumbnail\"><img loading=\"lazy\" decoding=\"async\" width=\"768\" height=\"420\" src=\"https:\/\/gogonihon.com\/wp-content\/uploads\/2025\/04\/collaborative-roles-of-go-go-nihon-and-sjli-768x420.webp\" class=\"attachment-medium_large size-medium_large wp-image-179555\" alt=\"Get help from a study abroad company in Japan. Go! Go! Nihon ensured Clarissa&#039;s smooth transition to SJLI &amp; Japanese life. Learn more!\" srcset=\"https:\/\/gogonihon.com\/wp-content\/uploads\/2025\/04\/collaborative-roles-of-go-go-nihon-and-sjli-768x420.webp 768w, https:\/\/gogonihon.com\/wp-content\/uploads\/2025\/04\/collaborative-roles-of-go-go-nihon-and-sjli-300x164.webp 300w, https:\/\/gogonihon.com\/wp-content\/uploads\/2025\/04\/collaborative-roles-of-go-go-nihon-and-sjli.webp 800w\" sizes=\"(max-width: 768px) 100vw, 768px\" \/><\/div><\/a>\n\t\t\t\t<div class=\"elementor-post__text\">\n\t\t\t\t<h3 class=\"elementor-post__title\">\n\t\t\t<a href=\"https:\/\/gogonihon.com\/de\/erfolgsgeschichten-von-schuelern\/die-zusammenarbeit-von-go-go-nihon-und-dem-shinjuku-japanese-language-institute-sng\/\" >\n\t\t\t\tDie Zusammenarbeit von Go! Go! Nihon und dem Shinjuku Japanese Language Institute (SNG)\t\t\t<\/a>\n\t\t<\/h3>\n\t\t\t\t<div class=\"elementor-post__excerpt\">\n\t\t\t<p>Erlebe Japan, wie Clarissa es getan hat. Ein Unternehmen f\u00fcr Auslandsaufenthalte, wie Go! Go! Nihon hilft bei allen Schritten des Prozesses.<\/p>\n\t\t<\/div>\n\t\t\t\t\t<div class=\"elementor-post__read-more-wrapper\">\n\t\t\n\t\t<a class=\"elementor-post__read-more\" href=\"https:\/\/gogonihon.com\/de\/erfolgsgeschichten-von-schuelern\/die-zusammenarbeit-von-go-go-nihon-und-dem-shinjuku-japanese-language-institute-sng\/\" aria-label=\"Mehr \u00fcber Die Zusammenarbeit von Go! Go! Nihon und dem Shinjuku Japanese Language Institute (SNG)\" tabindex=\"-1\" >\n\t\t\tEntdecke mehr\t\t<\/a>\n\n\t\t\t\t\t<\/div>\n\t\t\t\t<\/div>\n\t\t\t\t\t<\/div>\n\t\t<\/article>\n\t\t\t\t<article class=\"elementor-post elementor-grid-item post-190240 page type-page status-publish has-post-thumbnail hentry\" role=\"listitem\">\n\t\t\t<div class=\"elementor-post__card\">\n\t\t\t\t<a class=\"elementor-post__thumbnail__link\" href=\"https:\/\/gogonihon.com\/de\/erfolgsgeschichten-von-schuelern\/toms-erfolg-bei-der-sprachschule-akamonkai\/\" tabindex=\"-1\" ><div class=\"elementor-post__thumbnail\"><img loading=\"lazy\" decoding=\"async\" width=\"768\" height=\"750\" src=\"https:\/\/gogonihon.com\/wp-content\/uploads\/2022\/05\/tom_england-768x750.jpeg\" class=\"attachment-medium_large size-medium_large wp-image-4504\" alt=\"\" srcset=\"https:\/\/gogonihon.com\/wp-content\/uploads\/2022\/05\/tom_england-768x750.jpeg 768w, https:\/\/gogonihon.com\/wp-content\/uploads\/2022\/05\/tom_england-300x293.jpeg 300w, https:\/\/gogonihon.com\/wp-content\/uploads\/2022\/05\/tom_england-1024x1000.jpeg 1024w, https:\/\/gogonihon.com\/wp-content\/uploads\/2022\/05\/tom_england.jpeg 1386w\" sizes=\"(max-width: 768px) 100vw, 768px\" \/><\/div><\/a>\n\t\t\t\t<div class=\"elementor-post__text\">\n\t\t\t\t<h3 class=\"elementor-post__title\">\n\t\t\t<a href=\"https:\/\/gogonihon.com\/de\/erfolgsgeschichten-von-schuelern\/toms-erfolg-bei-der-sprachschule-akamonkai\/\" >\n\t\t\t\tTom&#8217;s Erfolg bei der Sprachschule Akamonkai\t\t\t<\/a>\n\t\t<\/h3>\n\t\t\t\t<div class=\"elementor-post__excerpt\">\n\t\t\t<p>Go! Go! Nihon hilft Sch\u00fclern beim Schulbesuch in Japan. Erfahre, wie wir Tom bei der Bewerbung f\u00fcr die Akamonkai Language School geholfen haben.<\/p>\n\t\t<\/div>\n\t\t\t\t\t<div class=\"elementor-post__read-more-wrapper\">\n\t\t\n\t\t<a class=\"elementor-post__read-more\" href=\"https:\/\/gogonihon.com\/de\/erfolgsgeschichten-von-schuelern\/toms-erfolg-bei-der-sprachschule-akamonkai\/\" aria-label=\"Mehr \u00fcber Tom&#8217;s Erfolg bei der Sprachschule Akamonkai\" tabindex=\"-1\" >\n\t\t\tEntdecke mehr\t\t<\/a>\n\n\t\t\t\t\t<\/div>\n\t\t\t\t<\/div>\n\t\t\t\t\t<\/div>\n\t\t<\/article>\n\t\t\t\t<\/div>\n\t\t\n\t\t\t\t\t\t<\/div>\n\t\t\t\t<\/div>\n\t\t\t\t<\/div>\n\t\t\t\t\t<\/div>\n\t\t\t\t<\/section>\n\t\t\t\t<\/div>\n\t\t","protected":false},"excerpt":{"rendered":"<p>Home Erfolgsgeschichten von Sch\u00fclern Lies die inspirierenden Geschichten von internationalen Sch\u00fclern, die mit Unterst\u00fctzung von Go! Go! Nihon erfolgreich eine Schule in Japan besucht haben. Erfahre, wie unsere Dienstleistungen und Partnerschulen den Sch\u00fclern geholfen haben, Herausforderungen zu meistern und ihre akademischen und kulturellen Ziele zu erreichen.<\/p>\n","protected":false},"author":149,"featured_media":147186,"parent":0,"menu_order":0,"comment_status":"closed","ping_status":"closed","template":"","meta":{"footnotes":""},"class_list":["post-189970","page","type-page","status-publish","has-post-thumbnail","hentry"],"_links":{"self":[{"href":"https:\/\/gogonihon.com\/de\/wp-json\/wp\/v2\/pages\/189970","targetHints":{"allow":["GET"]}}],"collection":[{"href":"https:\/\/gogonihon.com\/de\/wp-json\/wp\/v2\/pages"}],"about":[{"href":"https:\/\/gogonihon.com\/de\/wp-json\/wp\/v2\/types\/page"}],"author":[{"embeddable":true,"href":"https:\/\/gogonihon.com\/de\/wp-json\/wp\/v2\/users\/149"}],"replies":[{"embeddable":true,"href":"https:\/\/gogonihon.com\/de\/wp-json\/wp\/v2\/comments?post=189970"}],"version-history":[{"count":1,"href":"https:\/\/gogonihon.com\/de\/wp-json\/wp\/v2\/pages\/189970\/revisions"}],"predecessor-version":[{"id":189971,"href":"https:\/\/gogonihon.com\/de\/wp-json\/wp\/v2\/pages\/189970\/revisions\/189971"}],"wp:featuredmedia":[{"embeddable":true,"href":"https:\/\/gogonihon.com\/de\/wp-json\/wp\/v2\/media\/147186"}],"wp:attachment":[{"href":"https:\/\/gogonihon.com\/de\/wp-json\/wp\/v2\/media?parent=189970"}],"curies":[{"name":"wp","href":"https:\/\/api.w.org\/{rel}","templated":true}]}}